{"id":685,"date":"2023-09-10T13:19:13","date_gmt":"2023-09-10T13:19:13","guid":{"rendered":"https:\/\/bqeye.com\/?page_id=685"},"modified":"2023-11-07T14:39:54","modified_gmt":"2023-11-07T14:39:54","slug":"contact-us","status":"publish","type":"page","link":"https:\/\/bqeye.com\/ro\/contact-us\/","title":{"rendered":"Contacta\u0163i-ne"},"content":{"rendered":"<p>Apreciem feedback-ul dvs. \u0219i suntem aici pentru a v\u0103 ajuta. Dac\u0103 dori\u021bi s\u0103 urm\u0103ri\u021bi starea pachetului dumneavoastr\u0103, v\u0103 rug\u0103m s\u0103 vizita\u021bi site-ul nostru dedicat urm\u0103ririi pachetului la adresa\u00a0<strong><a href=\"https:\/\/724track.com\/\" target=\"_blank\" rel=\"noopener\">https:\/\/724track.com<\/a><\/strong>. Aceast\u0103 platform\u0103 v\u0103 permite s\u0103 introduce\u021bi adresa de e-mail \u0219i num\u0103rul de urm\u0103rire pentru a verifica starea pachetului dumneavoastr\u0103. Uneori, numerele de urm\u0103rire ale pachetelor noastre pot fi marcate ca fiind de marketing \u0219i pot ajunge \u00een dosarele de spam sau de gunoi.<\/p>\n<p>Pentru \u00eentreb\u0103ri legate de comenzi zilnice, servicii post-v\u00e2nzare sau orice asisten\u021b\u0103 general\u0103, v\u0103 rug\u0103m s\u0103 ne contacta\u021bi prin e-mail la adresa\u00a0<strong><a href=\"mailto:service@bqeye.com\" target=\"_blank\" rel=\"noopener\">service@bqeye.com<\/a>.<\/strong><\/p>\n<p>Dac\u0103 ave\u021bi \u00eentreb\u0103ri cu privire la colabor\u0103ri cu influenceri sau oportunit\u0103\u021bi de parteneriat, v\u0103 rug\u0103m s\u0103 ne contacta\u021bi la adresa de e-mail <strong><a href=\"mailto:cop@bqeye.com\" target=\"_blank\" rel=\"noopener\">ins@bqeye.com<\/a>.<\/strong><\/p>\n<p>Ne str\u0103duim s\u0103 r\u0103spundem la toate solicit\u0103rile \u00een termen de 24-48 de ore. V\u0103 mul\u021bumim c\u0103 ne-a\u021bi contactat!<\/p>","protected":false},"excerpt":{"rendered":"<p>We value your feedback and are here to assist you. If you would like to track your package status, please visit our dedicated package tracking site at\u00a0https:\/\/724track.com. This platform allows you to input your email and tracking number to check the status of your package. Sometimes, our package tracking numbers may be flagged as marketing [&#8230;]\n","protected":false},"author":1,"featured_media":0,"parent":0,"menu_order":0,"comment_status":"closed","ping_status":"closed","template":"","meta":{"footnotes":""},"class_list":["post-685","page","type-page","status-publish","hentry"],"_links":{"self":[{"href":"https:\/\/bqeye.com\/ro\/wp-json\/wp\/v2\/pages\/685","targetHints":{"allow":["GET"]}}],"collection":[{"href":"https:\/\/bqeye.com\/ro\/wp-json\/wp\/v2\/pages"}],"about":[{"href":"https:\/\/bqeye.com\/ro\/wp-json\/wp\/v2\/types\/page"}],"author":[{"embeddable":true,"href":"https:\/\/bqeye.com\/ro\/wp-json\/wp\/v2\/users\/1"}],"replies":[{"embeddable":true,"href":"https:\/\/bqeye.com\/ro\/wp-json\/wp\/v2\/comments?post=685"}],"version-history":[{"count":0,"href":"https:\/\/bqeye.com\/ro\/wp-json\/wp\/v2\/pages\/685\/revisions"}],"wp:attachment":[{"href":"https:\/\/bqeye.com\/ro\/wp-json\/wp\/v2\/media?parent=685"}],"curies":[{"name":"wp","href":"https:\/\/api.w.org\/{rel}","templated":true}]}}