{"id":1001,"date":"2023-09-12T11:56:58","date_gmt":"2023-09-12T11:56:58","guid":{"rendered":"https:\/\/bqeye.com\/?post_type=product&#038;p=1001"},"modified":"2024-04-18T02:21:32","modified_gmt":"2024-04-18T02:21:32","slug":"bqeye-magnificent-antarctic-blue-colored-contact-lenses","status":"publish","type":"product","link":"https:\/\/bqeye.com\/ro\/bqeye-magnificent-antarctic-blue-colored-contact-lenses\/","title":{"rendered":"Lentile de contact colorate BQeye Magnificent Antarctic Blue"},"content":{"rendered":"<p>Trezi\u021bi ochii str\u0103lucind de misticism glacial prin intermediul lentilelor de contact colorate BQeye's Magnificent Antarctic Blue. Medley-ul nostru cerulean de periwinkle, azur \u0219i cobalt dezv\u0103luie sferele vii cu splendoare de iarn\u0103.<\/p>\n<p>Dincolo de simplul albastru, Magnificent aprinde nuan\u021be de indigo \u0219i safir - priviri de aurore care danseaz\u0103 printre stelele nop\u021bii polare. Aceste lentile de contact colorate specializate pun \u00een valoare frumuse\u021bea natural\u0103 din interiorul v\u0103lului lor str\u0103lucitor \u0219i \u00eenghe\u021bat.<\/p>\n<p>Confec\u021bionat de artizani cu experien\u021b\u0103 \u00een magia polar\u0103, Magnificent se mi\u0219c\u0103 la fel de sigur \u0219i de rapid ca ghe\u021barii care se pr\u0103bu\u0219esc. Umiditatea HEMA men\u021bine aceste sfere ceruleane cristaline, fie c\u0103 exploreaz\u0103 bra\u021bele \u00eenghe\u021bate, fie c\u0103 prosper\u0103 \u00een mijlocul celei mai dure frumuse\u021bi a naturii. Acum secretele ghe\u021bii pot ie\u0219i la iveal\u0103, dac\u0103 ai ochii s\u0103 vezi cu adev\u0103rat.<\/p>\n<p>L\u0103sa\u021bi Magnificent s\u0103 amplifice farmecul fermec\u0103tor cu culori vii. Precizia BQeye asigur\u0103 o netezime ca de unt pentru a eviden\u021bia magnetismul p\u0103trunz\u0103tor, fie c\u0103 \u00eenflore\u0219ti \u00een mijlocul m\u0103re\u021biei glaciare sau observi cu o concentrare glacial\u0103. Noi pove\u0219ti de minun\u0103\u021bii hibernale str\u0103lucesc acum.<\/p>\n<p>Trezi\u021bi-v\u0103 cea mai adev\u0103rat\u0103 natur\u0103 cu lentile la fel de rezistente \u0219i multifa\u021betate ca ghea\u021ba \u00eens\u0103\u0219i. Este timpul s\u0103 descoperi\u021bi ochii care sc\u00e2nteiaz\u0103 cu posibilit\u0103\u021bi infinite, \u00eentrez\u0103rit\u0103 prin v\u0103lul azuriu fermec\u0103tor al lui Magnificent. C\u0103l\u0103toria ta \u00een priveli\u0219tile glaciare nesf\u00e2r\u0219ite ale vie\u021bii abia a \u00eenceput.<\/p>","protected":false},"excerpt":{"rendered":"<p>Awaken eyes aglow with icy mystique via BQeye&#8217;s Magnificent Antarctic Blue colored contact lenses. Our cerulean medley of periwinkle, azure and cobalt unveils orbs alive with wintry splendor. Beyond mere blue, Magnificent ignites undertones of indigo and sapphire &#8211; glimpses of auroras dancing amid polar night&#8217;s stars. These specialized colored contact lenses enhance natural beauty [&#8230;]\n","protected":false},"featured_media":1008,"comment_status":"open","ping_status":"closed","template":"","meta":[],"product_brand":[],"product_cat":[207,91,75,96,98],"product_tag":[],"class_list":{"0":"post-1001","1":"product","2":"type-product","3":"status-publish","4":"has-post-thumbnail","6":"product_cat-magnificent","7":"product_cat-14-2-mm","8":"product_cat-blue-contact-lenses","9":"product_cat-non-prescription","10":"product_cat-yearly-disposable","12":"first","13":"instock","14":"sale","15":"shipping-taxable","16":"purchasable","17":"product-type-variable","18":"has-default-attributes"},"_links":{"self":[{"href":"https:\/\/bqeye.com\/ro\/wp-json\/wp\/v2\/product\/1001","targetHints":{"allow":["GET"]}}],"collection":[{"href":"https:\/\/bqeye.com\/ro\/wp-json\/wp\/v2\/product"}],"about":[{"href":"https:\/\/bqeye.com\/ro\/wp-json\/wp\/v2\/types\/product"}],"replies":[{"embeddable":true,"href":"https:\/\/bqeye.com\/ro\/wp-json\/wp\/v2\/comments?post=1001"}],"wp:featuredmedia":[{"embeddable":true,"href":"https:\/\/bqeye.com\/ro\/wp-json\/wp\/v2\/media\/1008"}],"wp:attachment":[{"href":"https:\/\/bqeye.com\/ro\/wp-json\/wp\/v2\/media?parent=1001"}],"wp:term":[{"taxonomy":"product_brand","embeddable":true,"href":"https:\/\/bqeye.com\/ro\/wp-json\/wp\/v2\/product_brand?post=1001"},{"taxonomy":"product_cat","embeddable":true,"href":"https:\/\/bqeye.com\/ro\/wp-json\/wp\/v2\/product_cat?post=1001"},{"taxonomy":"product_tag","embeddable":true,"href":"https:\/\/bqeye.com\/ro\/wp-json\/wp\/v2\/product_tag?post=1001"}],"curies":[{"name":"wp","href":"https:\/\/api.w.org\/{rel}","templated":true}]}}