{"id":1009,"date":"2023-09-12T12:01:00","date_gmt":"2023-09-12T12:01:00","guid":{"rendered":"https:\/\/bqeye.com\/?post_type=product&#038;p=1009"},"modified":"2024-04-18T02:21:28","modified_gmt":"2024-04-18T02:21:28","slug":"bqeye-magnificent-grey-colored-contact-lenses","status":"publish","type":"product","link":"https:\/\/bqeye.com\/ro\/bqeye-magnificent-grey-colored-contact-lenses\/","title":{"rendered":"Lentile de contact colorate gri magnific BQeye"},"content":{"rendered":"<p>Trezi\u021bi ochii care intrig\u0103 cu lentilele de contact colorate BQeye's Magnificent Grey. Amestecul nostru o\u021belit de c\u0103rbune, fum \u0219i cenu\u0219\u0103 dezv\u0103luie sfere care str\u0103lucesc cu o complexitate subtil\u0103.<\/p>\n<p>Dincolo de simplul gri, Magnificul aprinde indicii de argint \u0219i staniu - pete care se \u00eentrez\u0103resc \u00een o\u021belul martelat. Aceste lentile de contact colorate specializate pun \u00een valoare frumuse\u021bea natural\u0103 din interiorul v\u0103lului lor industrial rece.<\/p>\n<p>Forjate de artizani ai me\u0219te\u0219ugului inovator al lentilelor, Magnificent se mi\u0219c\u0103 cu gra\u021bie sigur\u0103, fie \u00een s\u0103lile de consiliu, fie studiind nisipul urban. Fluidul HEMA men\u021bine aceste sfere de o\u021bel elegante, fie c\u0103 este vorba de zile avangardiste sau de nop\u021bi \u00eentunecate \u0219i romantice. Acum pot ie\u0219i la iveal\u0103 profunzimi ascunse, dac\u0103 doar observa\u021bi.<\/p>\n<p>L\u0103sa\u021bi Magnificent s\u0103 amplifice farmecul magnetic cu misterul modern. Precizia BQeye asigur\u0103 un confort neted pentru a eviden\u021bia farmecul intuitiv, fie c\u0103 este vorba de un aventurier lucid sau de o str\u0103pungere t\u0103cut\u0103 a tuturor preconcep\u021biilor. Noi pove\u0219ti de mister urban str\u0103lucesc acum.<\/p>\n<p>Trezi\u021bi-v\u0103 adev\u0103ratele viziuni cu lentile la fel de multifa\u021betate ca \u0219i lumea modern\u0103. E timpul s\u0103 descoperi\u021bi ochii care str\u0103lucesc de posibilit\u0103\u021bi \u00eentrez\u0103rit\u0103 prin v\u0103lul gri seduc\u0103tor al lui Magnificent. Unde te va duce c\u0103l\u0103toria ta de reinventare? Totul trebuie s\u0103 fie v\u0103zut \u00eenc\u0103.<\/p>","protected":false},"excerpt":{"rendered":"<p>Awaken eyes that intrigue with BQeye&#8217;s Magnificent Grey colored contact lenses. Our steely m\u00e9lange of charcoal, smoke and ash unveils orbs that gleam with subtle complexity. Beyond mere grey, Magnificent ignites hints of silver and pewter &#8211; flecks glimpsed within hammered steel. These specialized colored contact lenses enhance natural beauty from within their cool industrial [&#8230;]\n","protected":false},"featured_media":1017,"comment_status":"open","ping_status":"closed","template":"","meta":[],"product_brand":[],"product_cat":[207,91,81,96,98],"product_tag":[],"class_list":{"0":"post-1009","1":"product","2":"type-product","3":"status-publish","4":"has-post-thumbnail","6":"product_cat-magnificent","7":"product_cat-14-2-mm","8":"product_cat-grey-contact-lenses","9":"product_cat-non-prescription","10":"product_cat-yearly-disposable","12":"first","13":"instock","14":"sale","15":"shipping-taxable","16":"purchasable","17":"product-type-variable","18":"has-default-attributes"},"_links":{"self":[{"href":"https:\/\/bqeye.com\/ro\/wp-json\/wp\/v2\/product\/1009","targetHints":{"allow":["GET"]}}],"collection":[{"href":"https:\/\/bqeye.com\/ro\/wp-json\/wp\/v2\/product"}],"about":[{"href":"https:\/\/bqeye.com\/ro\/wp-json\/wp\/v2\/types\/product"}],"replies":[{"embeddable":true,"href":"https:\/\/bqeye.com\/ro\/wp-json\/wp\/v2\/comments?post=1009"}],"wp:featuredmedia":[{"embeddable":true,"href":"https:\/\/bqeye.com\/ro\/wp-json\/wp\/v2\/media\/1017"}],"wp:attachment":[{"href":"https:\/\/bqeye.com\/ro\/wp-json\/wp\/v2\/media?parent=1009"}],"wp:term":[{"taxonomy":"product_brand","embeddable":true,"href":"https:\/\/bqeye.com\/ro\/wp-json\/wp\/v2\/product_brand?post=1009"},{"taxonomy":"product_cat","embeddable":true,"href":"https:\/\/bqeye.com\/ro\/wp-json\/wp\/v2\/product_cat?post=1009"},{"taxonomy":"product_tag","embeddable":true,"href":"https:\/\/bqeye.com\/ro\/wp-json\/wp\/v2\/product_tag?post=1009"}],"curies":[{"name":"wp","href":"https:\/\/api.w.org\/{rel}","templated":true}]}}