{"id":1018,"date":"2023-09-12T12:15:57","date_gmt":"2023-09-12T12:15:57","guid":{"rendered":"https:\/\/bqeye.com\/?post_type=product&#038;p=1018"},"modified":"2024-04-18T02:21:25","modified_gmt":"2024-04-18T02:21:25","slug":"bqeye-magnificent-black-colored-contact-lenses","status":"publish","type":"product","link":"https:\/\/bqeye.com\/ro\/bqeye-magnificent-black-colored-contact-lenses\/","title":{"rendered":"Lentile de contact de culoare neagr\u0103 magnific\u0103 BQeye"},"content":{"rendered":"<p>\u00cembun\u0103t\u0103\u021bi\u021bi ochii care fascineaz\u0103 cu lentilele de contact colorate BQeye's Magnificent Black. Fuziunea noastr\u0103 cu cerneal\u0103 de cobalt, onix \u0219i abanos dezv\u0103luie sfere care \u00eei atrag pe to\u021bi \u00eentr-o contemplare mai profund\u0103.<\/p>\n<p>Dincolo de negrul pur \u0219i simplu, Magnificent aprinde str\u0103luciri subtile de safir \u0219i miezul nop\u021bii - priviri \u00een v\u0103lul seduc\u0103tor al umbrei. Aceste lentile de contact colorate specializate pun \u00een valoare frumuse\u021bea natural\u0103 din interiorul v\u0103lului lor obscur mistificator.<\/p>\n<p>F\u0103urit de artizani p\u0103trun\u0219i de o realizare \u00eembun\u0103t\u0103\u021bit\u0103, Magnificul se mi\u0219c\u0103 cu o discre\u021bie sigur\u0103, fie c\u0103 \u00eei observ\u0103 pe ceilal\u021bi, fie c\u0103 rumeg\u0103 \u00een particular. Fluidul HEMA men\u021bine aceste sfere opace netede, indiferent dac\u0103 lumina sau str\u0103lucirea electric\u0103 a lui Luna. Acum pot ap\u0103rea fa\u021bete ascunse, dac\u0103 prive\u0219ti \u00een lini\u0219te \u00een interior.<\/p>\n<p>L\u0103sa\u021bi Magnificul s\u0103 amplifice intriga cu o profunzime insondabil\u0103. Precizia BQeye asigur\u0103 confortul pentru a pune \u00een eviden\u021b\u0103 intui\u021bia, fie c\u0103 p\u0103trunde pe toate suprafe\u021bele, fie c\u0103 este voalat \u00een tainele nop\u021bii. Noi mistere ale atrac\u021biei retinei str\u0103lucesc acum.<\/p>\n<p>Trezi\u021bi o viziune perspicace prin lentile la fel de multifa\u021betate ca \u0219i umbra \u00eens\u0103\u0219i. Este timpul s\u0103 g\u0103sim ochi care s\u0103 atrag\u0103 totul mai ad\u00e2nc \u00een\u0103untru, \u00eentrez\u0103rit prin v\u0103lul negru seduc\u0103tor al Magnificului. Unde te va conduce iluminarea ta interioar\u0103? Totul r\u0103m\u00e2ne voalat \u00een\u0103untru, a\u0219tept\u00e2nd s\u0103 fie v\u0103zut.<\/p>","protected":false},"excerpt":{"rendered":"<p>Enhance eyes that mesmerize with BQeye&#8217;s Magnificent Black colored contact lenses. Our inky fusion of cobalt, onyx and ebony unveils orbs that draw all into deeper contemplation. Beyond mere black, Magnificent ignites subtle glints of sapphire and midnight &#8211; glimpses within shadow&#8217;s alluring veil. These specialized colored contact lenses enhance natural beauty from within their [&#8230;]\n","protected":false},"featured_media":1025,"comment_status":"open","ping_status":"closed","template":"","meta":[],"product_brand":[],"product_cat":[207,91,73,96,98],"product_tag":[],"class_list":{"0":"post-1018","1":"product","2":"type-product","3":"status-publish","4":"has-post-thumbnail","6":"product_cat-magnificent","7":"product_cat-14-2-mm","8":"product_cat-black-contact-lenses","9":"product_cat-non-prescription","10":"product_cat-yearly-disposable","12":"first","13":"instock","14":"sale","15":"shipping-taxable","16":"purchasable","17":"product-type-variable","18":"has-default-attributes"},"_links":{"self":[{"href":"https:\/\/bqeye.com\/ro\/wp-json\/wp\/v2\/product\/1018","targetHints":{"allow":["GET"]}}],"collection":[{"href":"https:\/\/bqeye.com\/ro\/wp-json\/wp\/v2\/product"}],"about":[{"href":"https:\/\/bqeye.com\/ro\/wp-json\/wp\/v2\/types\/product"}],"replies":[{"embeddable":true,"href":"https:\/\/bqeye.com\/ro\/wp-json\/wp\/v2\/comments?post=1018"}],"wp:featuredmedia":[{"embeddable":true,"href":"https:\/\/bqeye.com\/ro\/wp-json\/wp\/v2\/media\/1025"}],"wp:attachment":[{"href":"https:\/\/bqeye.com\/ro\/wp-json\/wp\/v2\/media?parent=1018"}],"wp:term":[{"taxonomy":"product_brand","embeddable":true,"href":"https:\/\/bqeye.com\/ro\/wp-json\/wp\/v2\/product_brand?post=1018"},{"taxonomy":"product_cat","embeddable":true,"href":"https:\/\/bqeye.com\/ro\/wp-json\/wp\/v2\/product_cat?post=1018"},{"taxonomy":"product_tag","embeddable":true,"href":"https:\/\/bqeye.com\/ro\/wp-json\/wp\/v2\/product_tag?post=1018"}],"curies":[{"name":"wp","href":"https:\/\/api.w.org\/{rel}","templated":true}]}}