{"id":1035,"date":"2023-09-18T02:44:42","date_gmt":"2023-09-18T02:44:42","guid":{"rendered":"https:\/\/bqeye.com\/?post_type=product&#038;p=1035"},"modified":"2024-04-18T02:21:22","modified_gmt":"2024-04-18T02:21:22","slug":"bqeye-stunna-girl-khaki-colored-contact-lenses","status":"publish","type":"product","link":"https:\/\/bqeye.com\/ro\/bqeye-stunna-girl-khaki-colored-contact-lenses\/","title":{"rendered":"Lentile de contact colorate BQeye Stunna Girl Kaki"},"content":{"rendered":"<div>Ofer\u0103 inspira\u021bie stilistic\u0103 serioas\u0103 \u00een rolul reginei albinelor cu ochii inspira\u021bi de nuan\u021ba kaki caracteristic\u0103 BQeye. Realizate exclusiv pentru fashionista \u00een mi\u0219care, aceste lentile de contact de culoare neutr\u0103 canalizeaz\u0103 o estetic\u0103 chic f\u0103r\u0103 efort.<\/div>\n<div><\/div>\n<div>Amestecul nostru p\u0103m\u00e2ntesc de bronz \u0219i nude treze\u0219te ochii cu o sc\u00e2nteie proasp\u0103t\u0103, minimalist\u0103. Lentilele circulare \u0219i pigmen\u021bii delica\u021bi permit o gam\u0103 de expresii, de la senzual la dulce. Materialul HEMA men\u021bine pleoapele luxuriante toat\u0103 ziua.<\/div>\n<div><\/div>\n<div>Fie c\u0103 v\u0103 potrivi\u021bi cu o \u021binut\u0103 monocrom\u0103, fie c\u0103 v\u0103 inspira\u021bi din Y2K, aceste lentile versatile v\u0103 sincronizeaz\u0103 viziunea cu flerul de fat\u0103 cool al lui Stunna Girl. Durabile, dar sub\u021biri pentru falsuri flutur\u00e2nde \u0219i look-uri de linie.<\/div>\n<div><\/div>\n<div>Canalizeaz\u0103-\u021bi fata interioar\u0103 It Girl prin ochii la fel de versatili \u0219i \u00een tendin\u021be ca \u0219i know-how-ul vestimentar al Stunna. Completeaz\u0103 orice leitmotiv cu privirea ei semn\u0103tur\u0103 kaki, o variant\u0103 neutr\u0103 care este \u00eentotdeauna de partea ta.<\/div>\n<div><\/div>\n<div>De\u021bin\u0103-\u021bi stilul caracteristic ca o regin\u0103 cu aceste nuan\u021be BQeye. Comanda\u021bi-le pe ale dvs. acum pentru a r\u0103m\u00e2ne \u00een fruntea curbei \u00een confort.<\/div>","protected":false},"excerpt":{"rendered":"<p>Serve up serious style inspo as the trendsetting queen bee with eyes inspired by BQeye&#8217;s signature khaki hue. Crafted exclusively for the fashionista on-the-go, these neutral colored contact lenses channel an effortlessly chic aesthetic. Our earthy blend of tan and nude awakens eyes with a fresh, minimalist spark. Circle lenses and delicate pigments allow a [&#8230;]\n","protected":false},"featured_media":1043,"comment_status":"open","ping_status":"closed","template":"","meta":[],"product_brand":[],"product_cat":[104,91,84,96,98],"product_tag":[],"class_list":{"0":"post-1035","1":"product","2":"type-product","3":"status-publish","4":"has-post-thumbnail","6":"product_cat-stunna-girl","7":"product_cat-14-2-mm","8":"product_cat-hazel-contact-lenses","9":"product_cat-non-prescription","10":"product_cat-yearly-disposable","12":"first","13":"instock","14":"sale","15":"shipping-taxable","16":"purchasable","17":"product-type-variable","18":"has-default-attributes"},"_links":{"self":[{"href":"https:\/\/bqeye.com\/ro\/wp-json\/wp\/v2\/product\/1035","targetHints":{"allow":["GET"]}}],"collection":[{"href":"https:\/\/bqeye.com\/ro\/wp-json\/wp\/v2\/product"}],"about":[{"href":"https:\/\/bqeye.com\/ro\/wp-json\/wp\/v2\/types\/product"}],"replies":[{"embeddable":true,"href":"https:\/\/bqeye.com\/ro\/wp-json\/wp\/v2\/comments?post=1035"}],"wp:featuredmedia":[{"embeddable":true,"href":"https:\/\/bqeye.com\/ro\/wp-json\/wp\/v2\/media\/1043"}],"wp:attachment":[{"href":"https:\/\/bqeye.com\/ro\/wp-json\/wp\/v2\/media?parent=1035"}],"wp:term":[{"taxonomy":"product_brand","embeddable":true,"href":"https:\/\/bqeye.com\/ro\/wp-json\/wp\/v2\/product_brand?post=1035"},{"taxonomy":"product_cat","embeddable":true,"href":"https:\/\/bqeye.com\/ro\/wp-json\/wp\/v2\/product_cat?post=1035"},{"taxonomy":"product_tag","embeddable":true,"href":"https:\/\/bqeye.com\/ro\/wp-json\/wp\/v2\/product_tag?post=1035"}],"curies":[{"name":"wp","href":"https:\/\/api.w.org\/{rel}","templated":true}]}}