{"id":1044,"date":"2023-09-18T03:03:14","date_gmt":"2023-09-18T03:03:14","guid":{"rendered":"https:\/\/bqeye.com\/?post_type=product&#038;p=1044"},"modified":"2024-04-18T02:21:14","modified_gmt":"2024-04-18T02:21:14","slug":"bqeye-stunna-girl-grey-colored-contact-lenses","status":"publish","type":"product","link":"https:\/\/bqeye.com\/ro\/bqeye-stunna-girl-grey-colored-contact-lenses\/","title":{"rendered":"Lentile de contact colorate BQeye Stunna Girl Gri"},"content":{"rendered":"<p>Canalizeaz\u0103-\u021bi trendsetterul interior cu lentilele de contact colorate Stunna Girl Grey de la BQeye. Fiind lentilele de contact preferate de c\u0103tre influencerii \u00een pas cu moda, aceste lentile de contact gri cool v\u0103 permit s\u0103 canaliza\u021bi o sofisticare urban\u0103 \u00eentr-o nuan\u021b\u0103 versatil\u0103.<\/p>\n<p>Amestecul nostru antracit de c\u0103rbune \u0219i fum v\u0103 treze\u0219te ochii cu o sc\u00e2nteie stoic\u0103. Av\u00e2nd lentile circulare \u0219i pigmen\u021bi subtili, pute\u021bi ob\u021bine priviri de la \u00eenfl\u0103c\u0103rare la obraznic. Confec\u021bionate din material Hydraforte, aceste lentile de contact colorate v\u0103 men\u021bin o senza\u021bie de lux pe pleoape pe tot parcursul zilei.<\/p>\n<p>Fie c\u0103 v\u0103 asorta\u021bi cu un ansamblu complet negru sau c\u0103 amesteca\u021bi tendin\u021bele Y2K, lentilele de contact colorate Stunna Girl Grey se sincronizeaz\u0103 perfect cu viziunea dvs. despre stilul de strad\u0103. Durabile, dar delicate, acestea sunt perfecte pentru falsuri dramatice \u0219i pentru look-uri cu linii grafice.<\/p>\n<p>Canalizeaz\u0103-\u021bi fata interioar\u0103 prin ochi la fel de versatili \u0219i \u00een tendin\u021be ca \u0219i expertiza stilistic\u0103 a influencerului Stunna. Completeaz\u0103 orice estetic\u0103 cu privirea ei gri omonim\u0103 - o \u00eentors\u0103tur\u0103 neutr\u0103 cu o margine care este \u00eentotdeauna la mod\u0103.<\/p>\n<p>De\u021bine\u021bi semn\u0103tura dvs. la fel ca regina albin\u0103 cu nuan\u021bele de firm\u0103 BQeye. Comanda\u021bi ast\u0103zi lentilele de contact colorate Stunna Girl Grey Grey pentru a fi cu un pas \u00eenaintea tendin\u021belor \u00een confort de lung\u0103 durat\u0103.<\/p>","protected":false},"excerpt":{"rendered":"<p>Channel your inner trendsetter with BQeye&#8217;s signature Stunna Girl Grey Colored Contact Lenses. As the go-to lenses for fashion-forward influencers, these cool gray contacts allow you to channel an urban sophistication in a versatile hue. Our anthracite blend of charcoal and smoke awakens your eyes with a stoic spark. Featuring circle lenses and subtle pigments, [&#8230;]\n","protected":false},"featured_media":1051,"comment_status":"open","ping_status":"closed","template":"","meta":[],"product_brand":[],"product_cat":[104,91,81,96,98],"product_tag":[],"class_list":{"0":"post-1044","1":"product","2":"type-product","3":"status-publish","4":"has-post-thumbnail","6":"product_cat-stunna-girl","7":"product_cat-14-2-mm","8":"product_cat-grey-contact-lenses","9":"product_cat-non-prescription","10":"product_cat-yearly-disposable","12":"first","13":"instock","14":"sale","15":"shipping-taxable","16":"purchasable","17":"product-type-variable","18":"has-default-attributes"},"_links":{"self":[{"href":"https:\/\/bqeye.com\/ro\/wp-json\/wp\/v2\/product\/1044","targetHints":{"allow":["GET"]}}],"collection":[{"href":"https:\/\/bqeye.com\/ro\/wp-json\/wp\/v2\/product"}],"about":[{"href":"https:\/\/bqeye.com\/ro\/wp-json\/wp\/v2\/types\/product"}],"replies":[{"embeddable":true,"href":"https:\/\/bqeye.com\/ro\/wp-json\/wp\/v2\/comments?post=1044"}],"wp:featuredmedia":[{"embeddable":true,"href":"https:\/\/bqeye.com\/ro\/wp-json\/wp\/v2\/media\/1051"}],"wp:attachment":[{"href":"https:\/\/bqeye.com\/ro\/wp-json\/wp\/v2\/media?parent=1044"}],"wp:term":[{"taxonomy":"product_brand","embeddable":true,"href":"https:\/\/bqeye.com\/ro\/wp-json\/wp\/v2\/product_brand?post=1044"},{"taxonomy":"product_cat","embeddable":true,"href":"https:\/\/bqeye.com\/ro\/wp-json\/wp\/v2\/product_cat?post=1044"},{"taxonomy":"product_tag","embeddable":true,"href":"https:\/\/bqeye.com\/ro\/wp-json\/wp\/v2\/product_tag?post=1044"}],"curies":[{"name":"wp","href":"https:\/\/api.w.org\/{rel}","templated":true}]}}