{"id":1053,"date":"2023-09-18T03:32:05","date_gmt":"2023-09-18T03:32:05","guid":{"rendered":"https:\/\/bqeye.com\/?post_type=product&#038;p=1053"},"modified":"2024-04-18T02:21:10","modified_gmt":"2024-04-18T02:21:10","slug":"bqeye-stunna-girl-brown-colored-contact-lenses","status":"publish","type":"product","link":"https:\/\/bqeye.com\/ro\/bqeye-stunna-girl-brown-colored-contact-lenses\/","title":{"rendered":"Lentile de contact colorate maro BQeye Stunna Girl"},"content":{"rendered":"<p>Ad\u0103uga\u021bi o not\u0103 cald\u0103 la aspectul dvs. de zi cu zi cu lentilele de contact colorate Stunna Girl Brown de la BQeye. Fiind lentilele preferate pentru un farmec cu \u00eentre\u021binere redus\u0103, aceste nuan\u021be versatile de culoarea aluni\u021b\u0103 v\u0103 permit s\u0103 radia\u021bi de frumuse\u021be cu u\u0219urin\u021b\u0103.<\/p>\n<p>Amestecul nostru p\u0103m\u00e2ntesc de caramel \u0219i stejar v\u0103 treze\u0219te ochii cu o str\u0103lucire puternic\u0103. Echipat cu lentile circulare \u0219i pigmen\u021bi subtili, pute\u021bi ob\u021bine expresii de la senzualitate la dulcea\u021b\u0103. Confec\u021bionate din Hydraforte, aceste lentile de contact colorate men\u021bin hidratarea pleoapei pe tot parcursul zilei.<\/p>\n<p>Potrivindu-se perfect cu toate esteticile, de la monocromii neutre la culori puternice, lentilele de contact colorate Stunna Girl Brown Brown v\u0103 completeaz\u0103 confortabil look-ul. Subtilitatea lor imperceptibil\u0103 este ideal\u0103 pentru stilurile minimaliste, naturale.<\/p>\n<p>Canaliza\u021bi farmecul f\u0103r\u0103 efort prin ochi la fel de versatili \u0219i u\u0219or de purtat ca \u0219i sim\u021bul vestimentar zilnic al Stunnei. Completa\u021bi orice atmosfer\u0103 cu nuan\u021ba ei omonim\u0103 de maro cald - o variant\u0103 accesibil\u0103 a tendin\u021belor f\u0103cute s\u0103 dureze.<\/p>\n<p>De\u021bine\u021bi str\u0103lucirea dvs. de zi cu zi, la fel ca regina, cu aceste lentile de contact BQeye iconice. Comanda\u021bi acum pentru o frumuse\u021be f\u0103r\u0103 complica\u021bii, de la zi la noapte. #NoMakeupMakeup<\/p>","protected":false},"excerpt":{"rendered":"<p>Add a warm pop to your everyday look with BQeye&#8217;s signature Stunna Girl Brown Colored Contact Lenses. As the go-to lenses for low-maintenance glam, these versatile hazel shades allow you to radiate beauty with ease. Our earthy blend of caramel and oak awakens your eyes with a hearty glow. Equipped with circle lenses and subtle [&#8230;]\n","protected":false},"featured_media":1059,"comment_status":"open","ping_status":"closed","template":"","meta":[],"product_brand":[],"product_cat":[104,91,80,96,98],"product_tag":[],"class_list":{"0":"post-1053","1":"product","2":"type-product","3":"status-publish","4":"has-post-thumbnail","6":"product_cat-stunna-girl","7":"product_cat-14-2-mm","8":"product_cat-brown-contact-lenses","9":"product_cat-non-prescription","10":"product_cat-yearly-disposable","12":"first","13":"instock","14":"sale","15":"shipping-taxable","16":"purchasable","17":"product-type-variable","18":"has-default-attributes"},"_links":{"self":[{"href":"https:\/\/bqeye.com\/ro\/wp-json\/wp\/v2\/product\/1053","targetHints":{"allow":["GET"]}}],"collection":[{"href":"https:\/\/bqeye.com\/ro\/wp-json\/wp\/v2\/product"}],"about":[{"href":"https:\/\/bqeye.com\/ro\/wp-json\/wp\/v2\/types\/product"}],"replies":[{"embeddable":true,"href":"https:\/\/bqeye.com\/ro\/wp-json\/wp\/v2\/comments?post=1053"}],"wp:featuredmedia":[{"embeddable":true,"href":"https:\/\/bqeye.com\/ro\/wp-json\/wp\/v2\/media\/1059"}],"wp:attachment":[{"href":"https:\/\/bqeye.com\/ro\/wp-json\/wp\/v2\/media?parent=1053"}],"wp:term":[{"taxonomy":"product_brand","embeddable":true,"href":"https:\/\/bqeye.com\/ro\/wp-json\/wp\/v2\/product_brand?post=1053"},{"taxonomy":"product_cat","embeddable":true,"href":"https:\/\/bqeye.com\/ro\/wp-json\/wp\/v2\/product_cat?post=1053"},{"taxonomy":"product_tag","embeddable":true,"href":"https:\/\/bqeye.com\/ro\/wp-json\/wp\/v2\/product_tag?post=1053"}],"curies":[{"name":"wp","href":"https:\/\/api.w.org\/{rel}","templated":true}]}}