{"id":1061,"date":"2023-09-18T03:36:17","date_gmt":"2023-09-18T03:36:17","guid":{"rendered":"https:\/\/bqeye.com\/?post_type=product&#038;p=1061"},"modified":"2024-04-18T02:21:07","modified_gmt":"2024-04-18T02:21:07","slug":"bqeye-stunna-girl-blue-colored-contact-lenses","status":"publish","type":"product","link":"https:\/\/bqeye.com\/ro\/bqeye-stunna-girl-blue-colored-contact-lenses\/","title":{"rendered":"Lentile de contact colorate BQeye Stunna Girl Albastru"},"content":{"rendered":"<p>Aprinde\u021bi-v\u0103 garderoba pentru vremea cald\u0103 cu lentilele de contact colorate Stunna Girl Blue Blue de la BQeye. Realizate pentru a str\u0103luci f\u0103r\u0103 anotimpuri, aceste lentile de culoare azurie aprins\u0103 ofer\u0103 o explozie de culoare plin\u0103 de via\u021b\u0103.<\/p>\n<p>Amestecul nostru tropical de albastru \u0219i azur treze\u0219te ochii cu un impuls revigorant. Echipat cu tehnologie ultra-curb\u0103 \u0219i pigmen\u021bi excep\u021bionali, etaleaz\u0103 un fler puternic de p\u0103un sau un farmec de fat\u0103. Materialul Hydraforte r\u0103sfa\u021b\u0103 pleoapele pe toat\u0103 durata verii.<\/p>\n<p>Fie c\u0103 accentueaz\u0103 uni sau imprimeuri vii, lentilele de contact colorate albastre Stunna Girl Blue \u00eembun\u0103t\u0103\u021besc f\u0103r\u0103 probleme orice look cu un stil de coast\u0103 lipsit de griji. Lentilele lor u\u0219oare se dezvolt\u0103 bine \u00een climatul de coast\u0103.<\/p>\n<p>Canalizeaz\u0103 pofta Stunnei pentru stilul vibrant al sta\u021biunii prin ochi la fel de proaspe\u021bi \u0219i \u00eendr\u0103zne\u021bi ca \u0219i garderoba ei pentru vremea cald\u0103. Define\u0219te vibra\u021biile de var\u0103 ale fetelor fierbin\u021bi cu privirea ei oceanic\u0103, semnat\u0103 de ea - cea mai bun\u0103 culoare complementar\u0103.<\/p>\n<p>De\u021bine\u021bi str\u0103lucirea f\u0103r\u0103 anotimpuri ca regina tendin\u021belor cu aceste lentile BQeye. Comanda\u021bi acum pentru a canaliza energia vibrant\u0103 \u0219i \u00eensorit\u0103 365 de zile pe an. #SummerStateofMind<\/p>","protected":false},"excerpt":{"rendered":"<p>Ignite your warm-weather wardrobe with BQeye&#8217;s signature Stunna Girl Blue Colored Contact Lenses. Crafted for seasonless sizzle, these vivid azure lenses lend vivacious pops of color. Our tropical teal and azure blend awakens eyes with a refreshing surge. Outfitted with ultra-curve technology and exceptional pigments, flaunt powerful peacock flair or girlish charm. Hydraforte material pampers [&#8230;]\n","protected":false},"featured_media":1067,"comment_status":"open","ping_status":"closed","template":"","meta":[],"product_brand":[],"product_cat":[104,91,75,96,98],"product_tag":[],"class_list":{"0":"post-1061","1":"product","2":"type-product","3":"status-publish","4":"has-post-thumbnail","6":"product_cat-stunna-girl","7":"product_cat-14-2-mm","8":"product_cat-blue-contact-lenses","9":"product_cat-non-prescription","10":"product_cat-yearly-disposable","12":"first","13":"instock","14":"sale","15":"shipping-taxable","16":"purchasable","17":"product-type-variable","18":"has-default-attributes"},"_links":{"self":[{"href":"https:\/\/bqeye.com\/ro\/wp-json\/wp\/v2\/product\/1061","targetHints":{"allow":["GET"]}}],"collection":[{"href":"https:\/\/bqeye.com\/ro\/wp-json\/wp\/v2\/product"}],"about":[{"href":"https:\/\/bqeye.com\/ro\/wp-json\/wp\/v2\/types\/product"}],"replies":[{"embeddable":true,"href":"https:\/\/bqeye.com\/ro\/wp-json\/wp\/v2\/comments?post=1061"}],"wp:featuredmedia":[{"embeddable":true,"href":"https:\/\/bqeye.com\/ro\/wp-json\/wp\/v2\/media\/1067"}],"wp:attachment":[{"href":"https:\/\/bqeye.com\/ro\/wp-json\/wp\/v2\/media?parent=1061"}],"wp:term":[{"taxonomy":"product_brand","embeddable":true,"href":"https:\/\/bqeye.com\/ro\/wp-json\/wp\/v2\/product_brand?post=1061"},{"taxonomy":"product_cat","embeddable":true,"href":"https:\/\/bqeye.com\/ro\/wp-json\/wp\/v2\/product_cat?post=1061"},{"taxonomy":"product_tag","embeddable":true,"href":"https:\/\/bqeye.com\/ro\/wp-json\/wp\/v2\/product_tag?post=1061"}],"curies":[{"name":"wp","href":"https:\/\/api.w.org\/{rel}","templated":true}]}}