{"id":1202,"date":"2023-12-08T15:40:09","date_gmt":"2023-12-08T15:40:09","guid":{"rendered":"https:\/\/bqeye.com\/?post_type=product&#038;p=1202"},"modified":"2024-04-18T02:21:03","modified_gmt":"2024-04-18T02:21:03","slug":"1-day-crystal-series-clear-contacts","status":"publish","type":"product","link":"https:\/\/bqeye.com\/ro\/1-day-crystal-series-clear-contacts\/","title":{"rendered":"1 ZIUA Crystal Series Contacte clare - 10PCs"},"content":{"rendered":"<p>Experimenta\u021bi confortul suprem \u0219i claritatea vizual\u0103 cu lentilele de contact transparente 1 DAY Crystal Series. Aceste lentile de contact transparente \u0219i respirabile sunt concepute pentru a v\u0103 oferi o senza\u021bie de confort \u0219i naturale\u021be pe tot parcursul zilei. Fie c\u0103 sunte\u021bi un purt\u0103tor experimentat de lentile de contact sau sunte\u021bi nou \u00een lumea corec\u021biei vederii, lentilele noastre de contact transparente sunt alegerea perfect\u0103 pentru o experien\u021b\u0103 f\u0103r\u0103 probleme \u0219i f\u0103r\u0103 complica\u021bii.<\/p>\n<p>Confortul este primordial atunci c\u00e2nd vine vorba de lentilele de contact, iar lentilele noastre Clear Contacts exceleaz\u0103 \u00een acest aspect. Confec\u021bionate cu o tehnologie avansat\u0103 de blocare a umidit\u0103\u021bii, acestea asigur\u0103 faptul c\u0103 ochii t\u0103i r\u0103m\u00e2n hidrata\u021bi \u0219i proaspe\u021bi, chiar \u0219i \u00een timpul orelor lungi de purtare. Materialele de \u00eenalt\u0103 calitate utilizate \u00een produc\u021bia lor permit un flux maxim de oxigen, reduc\u00e2nd usc\u0103ciunea \u0219i iritarea.<\/p>\n<p>Cu lentilele noastre de contact transparente Crystal Series, v\u0103 pute\u021bi lua adio de la inconvenientele legate de cur\u0103\u021barea \u0219i depozitarea lentilelor. Aceste lentile de contact de unic\u0103 folosin\u021b\u0103 zilnic\u0103 ofer\u0103 cea mai mare comoditate, permi\u021b\u00e2ndu-v\u0103 s\u0103 le arunca\u021bi pur \u0219i simplu la sf\u00e2r\u0219itul zilei \u0219i s\u0103 \u00eencepe\u021bi de la zero \u00een diminea\u021ba urm\u0103toare. Nu mai trebuie s\u0103 v\u0103 face\u021bi griji cu privire la \u00eentre\u021binerea lentilelor sau s\u0103 transporta\u021bi cutii de lentile voluminoase!<\/p>\n<p>Lentilele de contact transparente Crystal Series asigur\u0103 o acuitate vizual\u0103 excep\u021bional\u0103, oferind o vedere clar\u0103 \u0219i clar\u0103 pe tot parcursul zilei. Fie c\u0103 lucra\u021bi la calculator, v\u0103 bucura\u021bi de activit\u0103\u021bi \u00een aer liber sau pur \u0219i simplu v\u0103 continua\u021bi rutina zilnic\u0103, aceste lentile asigur\u0103 o performan\u021b\u0103 vizual\u0103 optim\u0103 \u00een diferite condi\u021bii de iluminare.<\/p>\n<p>Concepute cu g\u00e2ndul la s\u0103n\u0103tatea ochilor dumneavoastr\u0103, lentilele noastre de contact transparente au o suprafa\u021b\u0103 neted\u0103 \u0219i ultra-sub\u021bire care minimizeaz\u0103 frecarea \u0219i reduce riscul de disconfort sau ro\u0219ea\u021b\u0103. De asemenea, sunt dotate cu protec\u021bie UV, protej\u00e2ndu-v\u0103 ochii de razele solare d\u0103un\u0103toare.<\/p>\n<p>Pe scurt, lentilele de contact transparente 1 DAY Crystal Series ofer\u0103:<\/p>\n<ol>\n<li>Confort de neegalat: Tehnologie de blocare a umezelii \u0219i respirabilitate superioar\u0103 pentru un confort pe tot parcursul zilei.<\/li>\n<li>Comoditate: Lentile de unic\u0103 folosin\u021b\u0103 zilnic\u0103 pentru o experien\u021b\u0103 f\u0103r\u0103 complica\u021bii.<\/li>\n<li>Claritate vizual\u0103 excep\u021bional\u0103: Vedere clar\u0103 \u0219i clar\u0103 \u00een diferite medii.<\/li>\n<li>S\u0103n\u0103tatea ochilor: Suprafa\u021b\u0103 neted\u0103 \u0219i sub\u021bire, care minimizeaz\u0103 frecarea \u0219i ofer\u0103 protec\u021bie UV.<\/li>\n<\/ol>\n<p>Alege\u021bi lentilele noastre de contact transparente 1 DAY Crystal Series pentru o experien\u021b\u0103 confortabil\u0103, convenabil\u0103 \u0219i vizual\u0103 uimitoare. Redescoperi\u021bi bucuria unei viziuni clare \u0219i confortabile la fiecare clipire.<\/p>","protected":false},"excerpt":{"rendered":"<ul>\n<li>Lentile per cutie: 10<\/li>\n<li>Program de \u00eenlocuire: 1 zi<\/li>\n<li>Con\u021binut de ap\u0103: 38%<\/li>\n<\/ul>","protected":false},"featured_media":1203,"comment_status":"open","ping_status":"closed","template":"","meta":[],"product_brand":[],"product_cat":[128,91,100,96,95],"product_tag":[352],"class_list":{"0":"post-1202","1":"product","2":"type-product","3":"status-publish","4":"has-post-thumbnail","6":"product_cat-clear-lenses","7":"product_cat-14-2-mm","8":"product_cat-daily-disposable","9":"product_cat-non-prescription","10":"product_cat-prescription","11":"product_tag-clear-contacts","13":"first","14":"instock","15":"sale","16":"shipping-taxable","17":"purchasable","18":"product-type-variable","19":"has-default-attributes"},"_links":{"self":[{"href":"https:\/\/bqeye.com\/ro\/wp-json\/wp\/v2\/product\/1202","targetHints":{"allow":["GET"]}}],"collection":[{"href":"https:\/\/bqeye.com\/ro\/wp-json\/wp\/v2\/product"}],"about":[{"href":"https:\/\/bqeye.com\/ro\/wp-json\/wp\/v2\/types\/product"}],"replies":[{"embeddable":true,"href":"https:\/\/bqeye.com\/ro\/wp-json\/wp\/v2\/comments?post=1202"}],"wp:featuredmedia":[{"embeddable":true,"href":"https:\/\/bqeye.com\/ro\/wp-json\/wp\/v2\/media\/1203"}],"wp:attachment":[{"href":"https:\/\/bqeye.com\/ro\/wp-json\/wp\/v2\/media?parent=1202"}],"wp:term":[{"taxonomy":"product_brand","embeddable":true,"href":"https:\/\/bqeye.com\/ro\/wp-json\/wp\/v2\/product_brand?post=1202"},{"taxonomy":"product_cat","embeddable":true,"href":"https:\/\/bqeye.com\/ro\/wp-json\/wp\/v2\/product_cat?post=1202"},{"taxonomy":"product_tag","embeddable":true,"href":"https:\/\/bqeye.com\/ro\/wp-json\/wp\/v2\/product_tag?post=1202"}],"curies":[{"name":"wp","href":"https:\/\/api.w.org\/{rel}","templated":true}]}}