{"id":1212,"date":"2023-12-09T12:49:00","date_gmt":"2023-12-09T12:49:00","guid":{"rendered":"https:\/\/bqeye.com\/?post_type=product&#038;p=1212"},"modified":"2024-04-18T02:21:00","modified_gmt":"2024-04-18T02:21:00","slug":"ebony-bean-brown-colored-contact-lenses","status":"publish","type":"product","link":"https:\/\/bqeye.com\/ro\/ebony-bean-brown-colored-contact-lenses\/","title":{"rendered":"Lentile de contact colorate Ebony Bean Brown"},"content":{"rendered":"<p>Cau\u021bi s\u0103-\u021bi \u00eembun\u0103t\u0103\u021be\u0219ti culoarea natural\u0103 a ochilor \u0219i s\u0103 faci o declara\u021bie de mod\u0103 \u00eendr\u0103znea\u021b\u0103? Nu c\u0103uta\u021bi mai departe de lentilele de contact colorate Ebony Bean Brown de la BQEYE! Lentilele noastre de contact colorate premium sunt concepute pentru a v\u0103 transforma privirea \u0219i pentru a v\u0103 oferi \u00eencrederea necesar\u0103 pentru a ie\u0219i \u00een eviden\u021b\u0103 din mul\u021bime.<\/p>\n<p>Realizate cu materiale de cea mai \u00eenalt\u0103 calitate, lentilele noastre de contact colorate Ebony Bean Brown ofer\u0103 un confort \u0219i o claritate excep\u021bionale. Indiferent dac\u0103 ave\u021bi ochii deschi\u0219i sau \u00eentuneca\u021bi, aceste lentile sunt concepute pentru a se \u00eembina perfect, cre\u00e2nd un efect uimitor \u0219i natural. Cu o nuan\u021b\u0103 bogat\u0103 de maro \u0219i o nuan\u021b\u0103 subtil\u0103 de abanos, aceste lentile adaug\u0103 profunzime \u0219i dimensiune ochilor dumneavoastr\u0103, atr\u0103g\u00e2nd instantaneu aten\u021bia.<\/p>\n<p>BQEYE \u00een\u021belege importan\u021ba siguran\u021bei \u0219i a igienei atunci c\u00e2nd vine vorba de lentilele de contact. De aceea, lentilele noastre de contact colorate Ebony Bean Brown sunt confec\u021bionate cu cea mai mare grij\u0103 \u0219i precizie. Acestea sunt aprobate de FDA \u0219i sunt realizate cu un material respirabil care permite un flux optim de oxigen, asigur\u00e2ndu-v\u0103 c\u0103 ochii dvs. r\u0103m\u00e2n proaspe\u021bi \u0219i s\u0103n\u0103to\u0219i pe tot parcursul zilei.<\/p>\n<p>Lentilele noastre de contact colorate nu sunt doar estetice; ele sunt, de asemenea, incredibil de convenabile. Cu un design de unic\u0103 folosin\u021b\u0103 lunar\u0103, v\u0103 pute\u021bi bucura de o pereche nou\u0103 de lentile \u00een fiecare lun\u0103, f\u0103r\u0103 a v\u0103 mai chinui cu cur\u0103\u021barea \u0219i depozitarea. Fiecare cutie de lentile de contact colorate Ebony Bean Brown con\u021bine dou\u0103 lentile, oferindu-v\u0103 un set complet pentru ambii ochi.<\/p>\n<p>Ie\u0219i\u021bi \u00een eviden\u021b\u0103 din mul\u021bime \u0219i exprima\u021bi-v\u0103 stilul unic cu lentilele de contact colorate Ebony Bean Brown de la BQEYE. Fie c\u0103 participa\u021bi la un eveniment special, merge\u021bi la o \u00eent\u00e2lnire sau pur \u0219i simplu dori\u021bi s\u0103 v\u0103 schimba\u021bi look-ul de zi cu zi, aceste lentile sunt accesoriul perfect pentru a v\u0103 ridica stilul.<\/p>\n<p>Comanda\u021bi ast\u0103zi perechea de lentile de contact colorate Ebony Bean Brown de la BQEYE's Ebony Bean \u0219i experimenta\u021bi magia lentilelor de contact colorate. Transform\u0103-\u021bi ochii, transform\u0103-\u021bi stilul!<\/p>","protected":false},"excerpt":{"rendered":"<p>Are you looking to enhance your natural eye color and make a bold fashion statement? Look no further than BQEYE&#8217;s Ebony Bean Brown Colored Contact Lenses! Our premium colored contact lenses are designed to transform your look and give you the confidence to stand out from the crowd. Made with the highest quality materials, our [&#8230;]\n","protected":false},"featured_media":1216,"comment_status":"open","ping_status":"closed","template":"","meta":[],"product_brand":[],"product_cat":[101,91,80,100,96,95],"product_tag":[],"class_list":{"0":"post-1212","1":"product","2":"type-product","3":"status-publish","4":"has-post-thumbnail","6":"product_cat-natural-contacts","7":"product_cat-14-2-mm","8":"product_cat-brown-contact-lenses","9":"product_cat-daily-disposable","10":"product_cat-non-prescription","11":"product_cat-prescription","13":"first","14":"instock","15":"sale","16":"shipping-taxable","17":"purchasable","18":"product-type-variable","19":"has-default-attributes"},"_links":{"self":[{"href":"https:\/\/bqeye.com\/ro\/wp-json\/wp\/v2\/product\/1212","targetHints":{"allow":["GET"]}}],"collection":[{"href":"https:\/\/bqeye.com\/ro\/wp-json\/wp\/v2\/product"}],"about":[{"href":"https:\/\/bqeye.com\/ro\/wp-json\/wp\/v2\/types\/product"}],"replies":[{"embeddable":true,"href":"https:\/\/bqeye.com\/ro\/wp-json\/wp\/v2\/comments?post=1212"}],"wp:featuredmedia":[{"embeddable":true,"href":"https:\/\/bqeye.com\/ro\/wp-json\/wp\/v2\/media\/1216"}],"wp:attachment":[{"href":"https:\/\/bqeye.com\/ro\/wp-json\/wp\/v2\/media?parent=1212"}],"wp:term":[{"taxonomy":"product_brand","embeddable":true,"href":"https:\/\/bqeye.com\/ro\/wp-json\/wp\/v2\/product_brand?post=1212"},{"taxonomy":"product_cat","embeddable":true,"href":"https:\/\/bqeye.com\/ro\/wp-json\/wp\/v2\/product_cat?post=1212"},{"taxonomy":"product_tag","embeddable":true,"href":"https:\/\/bqeye.com\/ro\/wp-json\/wp\/v2\/product_tag?post=1212"}],"curies":[{"name":"wp","href":"https:\/\/api.w.org\/{rel}","templated":true}]}}