{"id":1217,"date":"2023-12-09T13:09:56","date_gmt":"2023-12-09T13:09:56","guid":{"rendered":"https:\/\/bqeye.com\/?post_type=product&#038;p=1217"},"modified":"2024-04-18T02:20:57","modified_gmt":"2024-04-18T02:20:57","slug":"oolong-tea-brown-colored-contacts","status":"publish","type":"product","link":"https:\/\/bqeye.com\/ro\/oolong-tea-brown-colored-contacts\/","title":{"rendered":"Lentile de contact colorate Oolong Tea Brown"},"content":{"rendered":"<p>Descoper\u0103-\u021bi artistul interior - Un nou mod de a vedea frumuse\u021bea cu lentilele de contact colorate BQEYE<\/p>\n<p>Cu to\u021bii avem \u00een noi un artist care t\u00e2nje\u0219te s\u0103 se exprime. Pentru mul\u021bi, culoarea ochilor este o modalitate simpl\u0103, dar de impact, de a ne pune \u00een valoare spiritul creativ. V\u0103 prezent\u0103m cea mai recent\u0103 inova\u021bie de la BQEYE pentru a v\u0103 alimenta muza interioar\u0103 - Oolong Tea Brown Colored Contacts.<\/p>\n<p>Denumite dup\u0103 nuan\u021ba delicat\u0103 a ceaiului oolong proasp\u0103t preparat, aceste lentile trezesc c\u0103ldura \u0219i profunzimea din privirea dumneavoastr\u0103. Confec\u021bionate cu cea mai mare grij\u0103, folosind doar materiale hipoalergenice premium, acestea \u00eembin\u0103 confortul cu expresia de sine.<\/p>\n<p>Pune\u021bi-i \u0219i descoperi\u021bi un nou mod de a vedea frumuse\u021bea - \u00een voi \u0219i \u00een lumea din jurul vostru. Nuan\u021ba subtil\u0103 de maro aduce pete de culoare pe irisul dumneavoastr\u0103, f\u0103c\u00e2nd ca fiecare privire s\u0103 fie ca o oper\u0103 de art\u0103 privat\u0103. Mai presus de toate, acestea permit personalit\u0103\u021bii \u0219i energiei tale naturale s\u0103 str\u0103luceasc\u0103 pentru ca sinele t\u0103u autentic s\u0103 ias\u0103 la iveal\u0103.<\/p>\n<p>Exprima\u021bi-v\u0103 individualitatea, p\u0103str\u00e2nd \u00een acela\u0219i timp ochii ferici\u021bi \u0219i s\u0103n\u0103to\u0219i, datorit\u0103 tehnologiei inovatoare a lentilelor permeabile la oxigen. La un pre\u021b accesibil \u0219i u\u0219or de comandat online \u0219i de primit \u00een \u00eentreaga lume, BQEYE face ca bucuria descoperirii de sine s\u0103 fie accesibil\u0103 tuturor.<\/p>\n<p>Elibera\u021bi artistul din interior \u0219i vede\u021bi-v\u0103 adev\u0103rata frumuse\u021be reflectat\u0103 \u00een ochii celorlal\u021bi. BQEYE Oolong Tea Oolong Tea Brown Colored Contacts - aprinde creativitatea, pereche dup\u0103 pereche. \u00cencepe\u021bi c\u0103l\u0103toria dvs. la BQEYE.com ast\u0103zi!<\/p>","protected":false},"excerpt":{"rendered":"<p>Discovering Your Inner Artist &#8211; A New Way to See Beauty with BQEYE Colored Contacts We all have an artist inside longing to express themselves. For many, eye color is a simple yet impactful way to showcase our creative spirit. Introducing BQEYE&#8217;s latest innovation to fuel your inner muse &#8211; Oolong Tea Brown Colored Contacts. [&#8230;]\n","protected":false},"featured_media":1219,"comment_status":"open","ping_status":"closed","template":"","meta":[],"product_brand":[],"product_cat":[101,91,80,100,96,95],"product_tag":[],"class_list":{"0":"post-1217","1":"product","2":"type-product","3":"status-publish","4":"has-post-thumbnail","6":"product_cat-natural-contacts","7":"product_cat-14-2-mm","8":"product_cat-brown-contact-lenses","9":"product_cat-daily-disposable","10":"product_cat-non-prescription","11":"product_cat-prescription","13":"first","14":"instock","15":"sale","16":"shipping-taxable","17":"purchasable","18":"product-type-variable","19":"has-default-attributes"},"_links":{"self":[{"href":"https:\/\/bqeye.com\/ro\/wp-json\/wp\/v2\/product\/1217","targetHints":{"allow":["GET"]}}],"collection":[{"href":"https:\/\/bqeye.com\/ro\/wp-json\/wp\/v2\/product"}],"about":[{"href":"https:\/\/bqeye.com\/ro\/wp-json\/wp\/v2\/types\/product"}],"replies":[{"embeddable":true,"href":"https:\/\/bqeye.com\/ro\/wp-json\/wp\/v2\/comments?post=1217"}],"wp:featuredmedia":[{"embeddable":true,"href":"https:\/\/bqeye.com\/ro\/wp-json\/wp\/v2\/media\/1219"}],"wp:attachment":[{"href":"https:\/\/bqeye.com\/ro\/wp-json\/wp\/v2\/media?parent=1217"}],"wp:term":[{"taxonomy":"product_brand","embeddable":true,"href":"https:\/\/bqeye.com\/ro\/wp-json\/wp\/v2\/product_brand?post=1217"},{"taxonomy":"product_cat","embeddable":true,"href":"https:\/\/bqeye.com\/ro\/wp-json\/wp\/v2\/product_cat?post=1217"},{"taxonomy":"product_tag","embeddable":true,"href":"https:\/\/bqeye.com\/ro\/wp-json\/wp\/v2\/product_tag?post=1217"}],"curies":[{"name":"wp","href":"https:\/\/api.w.org\/{rel}","templated":true}]}}