{"id":1220,"date":"2023-12-09T15:02:13","date_gmt":"2023-12-09T15:02:13","guid":{"rendered":"https:\/\/bqeye.com\/?post_type=product&#038;p=1220"},"modified":"2024-04-18T02:20:53","modified_gmt":"2024-04-18T02:20:53","slug":"midnight-mirage-black-colored-contacts","status":"publish","type":"product","link":"https:\/\/bqeye.com\/ro\/midnight-mirage-black-colored-contacts\/","title":{"rendered":"Lentile de contact colorate Midnight Mirage Black"},"content":{"rendered":"<p>Privind \u00een spatele v\u0103lului: O c\u0103l\u0103torie de auto-descoperire cu lentile de contact colorate de la BQEYE<\/p>\n<p>Cu to\u021bii avem straturi interioare care cer cu disperare s\u0103 fie dezv\u0103luite. Pentru mul\u021bi, lentilele de contact colorate sunt o poart\u0103 de acces nu numai pentru a v\u0103 exprima stilul \u0219i creativitatea, ci \u0219i pentru a descoperi fa\u021bete neexploatate ale fiin\u021bei noastre. La BQEYE, credem c\u0103 lentilele de contact unicat colorate \u0219i expresia ar trebui s\u0103 fie accesibile tuturor. Cu aceast\u0103 viziune, dezv\u0103luim cu m\u00e2ndrie cea mai recent\u0103 inova\u021bie a noastr\u0103 - Midnight Mirage Black Colored Contacts.<\/p>\n<p>Numite dup\u0103 farmecul nop\u021bii, aceste lentile \u00eembrac\u0103 ochii \u00eentr-o nuan\u021b\u0103 \u00eentunecat\u0103, profund\u0103, care treze\u0219te intriga din interior. Confec\u021bionate de artizani cu cea mai mare grij\u0103, folosind doar materiale hipoalergenice premium, confortul \u00eent\u00e2lne\u0219te mistica. Pune\u021bi-le pentru a privi \u00een spatele v\u0103lului \u00eentr-o lume dincolo de ceea ce se vede la prima vedere.<\/p>\n<p>Nuan\u021ba neagr\u0103 de cerneal\u0103 aduce un aer de seduc\u021bie \u0219i pericol, o privire \u00eentr-o parte a ta despre care nu \u0219tiai c\u0103 exist\u0103. Dar acestea nu sunt ni\u0219te \"lentile de contact colorate\" obi\u0219nuite. \u00cen ad\u00e2ncurile lor \u00eentunecate se afl\u0103 o lume ascuns\u0103 care abia a\u0219teapt\u0103 s\u0103 fie explorat\u0103. Privi\u021bi mai atent \u0219i pete de albastru miezul nop\u021bii, violet \u0219i gri ies la iveal\u0103 ca ni\u0219te stele care prind via\u021b\u0103 dup\u0103 amurg.<\/p>\n<p>Este un peisaj \u00een care s\u0103 te pierzi, permi\u021b\u00e2nd ca adev\u0103ratul t\u0103u caracter s\u0103 str\u0103luceasc\u0103 sub umbra nop\u021bii. Privirea ta devine o fereastr\u0103 nu doar c\u0103tre sufletele celorlal\u021bi, ci \u0219i c\u0103tre teritorii din interiorul propriei tale fiin\u021be la care p\u00e2n\u0103 acum doar visai. Exist\u0103 o libertate, o eliberare, \u00een a face lumin\u0103 pe aceste t\u0103r\u00e2muri demult ascunse.<\/p>\n<p>Confortul \u0219i grija au fost prioritare \u00een crearea unor lentile care s\u0103 permit\u0103 dezv\u0103luirea de sine, nu s\u0103 o \u00eempiedice. Materialele hipoalergenice \u0219i tehnologia inovatoare men\u021bin ochii ferici\u021bi \u0219i s\u0103n\u0103to\u0219i pe tot parcursul c\u0103l\u0103toriei tale interioare. La un pre\u021b accesibil \u0219i accesibil \u00een \u00eentreaga lume, BQEYE face ca dezv\u0103luirea sinelui t\u0103u autentic s\u0103 fie la \u00eendem\u00e2na tuturor celor care caut\u0103 \"lentile de contact colorate\".<\/p>\n<p>Cufunda\u021bi-v\u0103 \u00een Midnight Mirage. Las\u0103 lentilele s\u0103 te \u00eenv\u0103luie \u00een mister, \u00een timp ce \u00ee\u021bi ghideaz\u0103 sufletul spre noi \u00een\u021belegeri luminoase despre cine e\u0219ti. Lentile de contact colorate negre BQEYE - dezl\u0103n\u021buie intriga din interior, o privire hipnotizant\u0103 la un moment dat. \u00cencepe\u021bi explorarea \u00een ad\u00e2ncurile adev\u0103ratei dvs. naturi la BQEYE.com \u00een aceast\u0103 sear\u0103. Descoperirea vie\u021bii tale te a\u0219teapt\u0103 \u00een spatele v\u0103lului.<\/p>","protected":false},"excerpt":{"rendered":"<p>Peering Behind the Veil: A Journey of Self-Discovery with Colored Contacts from BQEYE We all have layers within crying out to be revealed. For so many, colored contacts are a gateway not only to expressing your style and creativity, but to untapped facets of our being. At BQEYE, we believe uniquely colored contacts and expression [&#8230;]\n","protected":false},"featured_media":1222,"comment_status":"open","ping_status":"closed","template":"","meta":[],"product_brand":[],"product_cat":[101,91,73,100,96,95],"product_tag":[],"class_list":{"0":"post-1220","1":"product","2":"type-product","3":"status-publish","4":"has-post-thumbnail","6":"product_cat-natural-contacts","7":"product_cat-14-2-mm","8":"product_cat-black-contact-lenses","9":"product_cat-daily-disposable","10":"product_cat-non-prescription","11":"product_cat-prescription","13":"first","14":"instock","15":"sale","16":"shipping-taxable","17":"purchasable","18":"product-type-variable","19":"has-default-attributes"},"_links":{"self":[{"href":"https:\/\/bqeye.com\/ro\/wp-json\/wp\/v2\/product\/1220","targetHints":{"allow":["GET"]}}],"collection":[{"href":"https:\/\/bqeye.com\/ro\/wp-json\/wp\/v2\/product"}],"about":[{"href":"https:\/\/bqeye.com\/ro\/wp-json\/wp\/v2\/types\/product"}],"replies":[{"embeddable":true,"href":"https:\/\/bqeye.com\/ro\/wp-json\/wp\/v2\/comments?post=1220"}],"wp:featuredmedia":[{"embeddable":true,"href":"https:\/\/bqeye.com\/ro\/wp-json\/wp\/v2\/media\/1222"}],"wp:attachment":[{"href":"https:\/\/bqeye.com\/ro\/wp-json\/wp\/v2\/media?parent=1220"}],"wp:term":[{"taxonomy":"product_brand","embeddable":true,"href":"https:\/\/bqeye.com\/ro\/wp-json\/wp\/v2\/product_brand?post=1220"},{"taxonomy":"product_cat","embeddable":true,"href":"https:\/\/bqeye.com\/ro\/wp-json\/wp\/v2\/product_cat?post=1220"},{"taxonomy":"product_tag","embeddable":true,"href":"https:\/\/bqeye.com\/ro\/wp-json\/wp\/v2\/product_tag?post=1220"}],"curies":[{"name":"wp","href":"https:\/\/api.w.org\/{rel}","templated":true}]}}