{"id":1223,"date":"2023-12-09T15:17:37","date_gmt":"2023-12-09T15:17:37","guid":{"rendered":"https:\/\/bqeye.com\/?post_type=product&#038;p=1223"},"modified":"2024-04-18T02:20:50","modified_gmt":"2024-04-18T02:20:50","slug":"hollywood-gray-contact-lenses","status":"publish","type":"product","link":"https:\/\/bqeye.com\/ro\/hollywood-gray-contact-lenses\/","title":{"rendered":"Lentile de contact Hollywood Gray"},"content":{"rendered":"<p>\"C\u0103uta\u021bi o modalitate subtil\u0103 de a v\u0103 schimba look-ul f\u0103r\u0103 a exagera? Salut\u0103-\u021bi noile tale BFFs - Hollywood Gray Contact Lenses by BQEYE.<\/p>\n<p>Aceste lentile gri moale sunt ca un filtru de lumin\u0103 pentru ochii dumneavoastr\u0103. Ele vor \u00eembun\u0103t\u0103\u021bi subtil culoarea irisului dumneavoastr\u0103 f\u0103r\u0103 a fi o schimbare prea drastic\u0103. Pune\u021bi-le \u0219i observa\u021bi cum ochii dvs. cap\u0103t\u0103 o nuan\u021b\u0103 fumurie, de vis. S-au dus zilele culorilor super str\u0103lucitoare care strig\u0103 \"Port lentile de contact!\". Hollywood Grays se amestec\u0103 direct \u00een culoarea natural\u0103 a ochilor t\u0103i pentru o transformare abia perceptibil\u0103.<\/p>\n<p>Nuan\u021ba gri moale adaug\u0103 profunzime \u0219i dimensiune pentru a scoate \u00een eviden\u021b\u0103 pete de culoare pe care nu \u0219tiai c\u0103 se ascund \u00een ochii t\u0103i. Albastrul, verdele \u0219i albastrele vor c\u0103p\u0103ta o calitate misterioas\u0103, care \u00eei va face pe oameni s\u0103 se \u00eentrebe dac\u0103 v\u0103d cu adev\u0103rat o schimbare de culoare sau dac\u0103 este doar un truc al luminii. Chiar \u0219i ochii c\u0103prui cap\u0103t\u0103 o dimensiune frumoas\u0103 \u0219i intrig\u0103 cu Hollywood Grays.<\/p>\n<p>Dup\u0103 cum sugereaz\u0103 \u0219i numele, aceste lentile de contact gri sunt perfecte pentru a ob\u021bine acel look glam r\u00e2vnit de la Hollywood, f\u0103r\u0103 complica\u021bii legate de vopsire sau extensii. Pune\u021bi-le \u0219i ve\u021bi fi gata instantaneu pentru covorul ro\u0219u, f\u0103r\u0103 a petrece ore \u00eentregi la coafur\u0103 \u0219i machiaj. \u00cembun\u0103t\u0103\u021birea subtil\u0103 face ca ochii s\u0103 ias\u0103 cu adev\u0103rat \u00een eviden\u021b\u0103 \u0219i \u00een fa\u021ba camerei de filmat, a\u0219a c\u0103 vei fi \u00eenc\u00e2ntat\u0103 de felul \u00een care vor ie\u0219i fotografiile.<\/p>\n<p>Hollywood Grays de BQEYE sunt realizate din materialul nostru ultra-confortabil Hydraclear pentru o lentil\u0103 practic invizibil\u0103. Ve\u021bi uita c\u0103 le purta\u021bi! Hydraclear este respirabil \u0219i se mi\u0219c\u0103 odat\u0103 cu ochiul t\u0103u, astfel \u00eenc\u00e2t s\u0103 nu experimentezi acea senza\u021bie enervant\u0103 de \"lentil\u0103 de contact\". Spune\u021bi adio \u0219i ochilor usca\u021bi - materialul este conceput pentru a men\u021bine o umiditate adecvat\u0103 la suprafa\u021ba ochiului pentru a evita disconfortul.<\/p>\n<p>\u00cen calitate de lider global \u00een domeniul lentilelor de culoare \u0219i de mod\u0103, BQEYE pune calitatea \u0219i siguran\u021ba pe primul loc \u00een fiecare produs. Lentilele Hollywood Grays sunt supuse unor teste riguroase pentru a \u00eendeplini sau a dep\u0103\u0219i toate standardele FDA pentru biocompatibilitate \u0219i transmisibilitate a oxigenului. V\u0103 pute\u021bi sim\u021bi bine \u00een leg\u0103tur\u0103 cu materialele care v\u0103 ating ochii \u00een fiecare zi. \u0218i cu un ciclu de \u00eenlocuire de 14 zile, v\u0103 va pl\u0103cea c\u00e2t de mult dureaz\u0103 fiecare pereche \u00eenainte de a fi timpul s\u0103 o schimba\u021bi pentru un set nou \u0219i proasp\u0103t.<\/p>\n<p>Fie c\u0103 sunte\u021bi \u00een c\u0103utarea unei \u00eembun\u0103t\u0103\u021biri subtile pentru fiecare zi, fie c\u0103 dori\u021bi s\u0103 experimenta\u021bi un nou look sau ave\u021bi nevoie de lentile de contact care s\u0103 fie fotografiate frumos, Hollywood Gray by BQEYE v\u0103 acoper\u0103. Comanda\u021bi-i pe ai vo\u0219tri ast\u0103zi, f\u0103r\u0103 riscuri, cu garan\u021bia noastr\u0103 de satisfac\u021bie 100%. \u00cencerca\u021bi-le acas\u0103 \u0219i vede\u021bi cum v\u0103 transform\u0103 subtil ochii f\u0103r\u0103 a v\u0103 domina frumuse\u021bea natural\u0103. Suntem \u00eencrez\u0103tori c\u0103 te vei \u00eendr\u0103gosti de noii t\u0103i ochi gri prefera\u021bi!\"<\/p>","protected":false},"excerpt":{"rendered":"<p>&#8220;Looking for a subtle way to change up your look without going over the top? Say hello to your new BFFs &#8211; Hollywood Gray Contact Lenses by BQEYE. These soft gray lenses are like a light filter for your eyes. They&#8217;ll subtly enhance the color of your iris without being too drastic of a change. [&#8230;]\n","protected":false},"featured_media":1225,"comment_status":"open","ping_status":"closed","template":"","meta":[],"product_brand":[],"product_cat":[101,91,100,81,96,95],"product_tag":[],"class_list":{"0":"post-1223","1":"product","2":"type-product","3":"status-publish","4":"has-post-thumbnail","6":"product_cat-natural-contacts","7":"product_cat-14-2-mm","8":"product_cat-daily-disposable","9":"product_cat-grey-contact-lenses","10":"product_cat-non-prescription","11":"product_cat-prescription","13":"first","14":"instock","15":"sale","16":"shipping-taxable","17":"purchasable","18":"product-type-variable","19":"has-default-attributes"},"_links":{"self":[{"href":"https:\/\/bqeye.com\/ro\/wp-json\/wp\/v2\/product\/1223","targetHints":{"allow":["GET"]}}],"collection":[{"href":"https:\/\/bqeye.com\/ro\/wp-json\/wp\/v2\/product"}],"about":[{"href":"https:\/\/bqeye.com\/ro\/wp-json\/wp\/v2\/types\/product"}],"replies":[{"embeddable":true,"href":"https:\/\/bqeye.com\/ro\/wp-json\/wp\/v2\/comments?post=1223"}],"wp:featuredmedia":[{"embeddable":true,"href":"https:\/\/bqeye.com\/ro\/wp-json\/wp\/v2\/media\/1225"}],"wp:attachment":[{"href":"https:\/\/bqeye.com\/ro\/wp-json\/wp\/v2\/media?parent=1223"}],"wp:term":[{"taxonomy":"product_brand","embeddable":true,"href":"https:\/\/bqeye.com\/ro\/wp-json\/wp\/v2\/product_brand?post=1223"},{"taxonomy":"product_cat","embeddable":true,"href":"https:\/\/bqeye.com\/ro\/wp-json\/wp\/v2\/product_cat?post=1223"},{"taxonomy":"product_tag","embeddable":true,"href":"https:\/\/bqeye.com\/ro\/wp-json\/wp\/v2\/product_tag?post=1223"}],"curies":[{"name":"wp","href":"https:\/\/api.w.org\/{rel}","templated":true}]}}