{"id":1226,"date":"2023-12-09T15:24:46","date_gmt":"2023-12-09T15:24:46","guid":{"rendered":"https:\/\/bqeye.com\/?post_type=product&#038;p=1226"},"modified":"2024-04-18T02:20:47","modified_gmt":"2024-04-18T02:20:47","slug":"hollywood-brown-contact-lenses","status":"publish","type":"product","link":"https:\/\/bqeye.com\/ro\/hollywood-brown-contact-lenses\/","title":{"rendered":"Lentile de contact Hollywood Brown"},"content":{"rendered":"<p>\"E\u0219ti gata s\u0103 \u00ee\u021bi \u00eenc\u0103lze\u0219ti look-ul cu o not\u0103 de intrig\u0103? V\u0103 prezent\u0103m lentilele de contact Hollywood Brown de la BQEYE.<\/p>\n<p>Aceste lentile maro moale confer\u0103 ochilor o dimensiune \u0219i o profunzime frumoase, f\u0103r\u0103 a fi de mare \u00eentre\u021binere. Pune\u021bi-le \u0219i observa\u021bi cum irisul dvs. cap\u0103t\u0103 o nuan\u021b\u0103 bogat\u0103 de ciocolat\u0103, care face ca ochii s\u0103 ias\u0103 \u00een eviden\u021b\u0103. S-au dus zilele ochilor unidimensionali - lentilele Hollywood Browns \u00eembun\u0103t\u0103\u021besc orice culoare natural\u0103 pe care o ave\u021bi cu pete \u0219i straturi de maro cald pentru ochi care cer o a doua privire.<\/p>\n<p>Nuan\u021ba subtil\u0103 de maro scoate \u00een eviden\u021b\u0103 nuan\u021bele ascunse de auriu, verde \u0219i alune pe care nu \u0219tiai c\u0103 le ascundeau ochii t\u0103i. Albastrul \u0219i griul vor c\u0103p\u0103ta o calitate p\u0103m\u00e2ntie, de cafea cu lapte, care \u00eei va face pe oameni s\u0103 se \u00eentrebe care este culoarea \"real\u0103\" a ochilor dumneavoastr\u0103. Chiar \u0219i maronii profunzi primesc o defini\u021bie sexy \u0219i dimensional\u0103 de la Hollywood Browns.<\/p>\n<p>Dup\u0103 cum sugereaz\u0103 \u0219i numele, aceste lentile de contact maro sunt perfecte pentru a ob\u021bine acel look relaxat de la Hollywood pe care \u00eel invidiem cu to\u021bii. Pune\u021bi-le \u0219i ve\u021bi fi instantaneu preg\u0103tit\u0103 pentru camera de filmat \u0219i pentru covorul ro\u0219u, f\u0103r\u0103 s\u0103 sta\u021bi ore \u00eentregi pe scaunul de \u00eenfrumuse\u021bare. \u00cembun\u0103t\u0103\u021birea aspectului natural face ca ochii s\u0103 ias\u0103 cu adev\u0103rat \u00een eviden\u021b\u0103 \u0219i pe film, a\u0219a c\u0103 \u00ee\u021bi va pl\u0103cea la nebunie cum ies fotografiile, fie c\u0103 e vorba de social media sau de o sear\u0103 \u00een ora\u0219.<\/p>\n<p>Hollywood Browns by BQEYE sunt confec\u021biona\u021bi din materialul nostru ultra-confortabil Hydraclear, care se simte ca \u0219i cum nu ai purta nimic. Vei uita c\u0103 \u00eei ai \u00een\u0103untru! Hydraclear este respirabil \u0219i se mi\u0219c\u0103 cu fluxul natural al ochiului t\u0103u, astfel \u00eenc\u00e2t s\u0103 evi\u021bi senza\u021bia enervant\u0103 a lentilelor de contact. De asemenea, spune\u021bi adio ochilor usca\u021bi \u0219i irita\u021bi - materialul este conceput pentru a v\u0103 men\u021bine ochii hidrata\u021bi \u00een mod adecvat pe tot parcursul zilei.<\/p>\n<p>\u00cen calitate de lider mondial \u00een domeniul lentilelor cu schimbare de culoare, BQEYE pune calitatea, siguran\u021ba \u0219i confortul pe primul loc \u00een fiecare produs. Whispering Smoke este supus unor teste extinse pentru a \u00eendeplini sau dep\u0103\u0219i toate standardele FDA pentru biocompatibilitatea materialelor \u0219i permeabilitatea la oxigen. V\u0103 pute\u021bi sim\u021bi bine \u00een leg\u0103tur\u0103 cu ceea ce v\u0103 atinge ochii \u00een fiecare zi. \u0218i cu programul lor de \u00eenlocuire recomandat de 14 zile, v\u0103 va pl\u0103cea c\u00e2t de mult dureaz\u0103 fiecare pereche \u00eenainte de a fi timpul pentru un set nou \u0219i proasp\u0103t.<\/p>\n<p>Fie c\u0103 dori\u021bi s\u0103 v\u0103 \u00eenc\u0103lzi\u021bi privirea \u00een fiecare zi, s\u0103 experimenta\u021bi cu ceva nou sau ave\u021bi nevoie de lentile de contact care s\u0103 se fotografieze frumos, Hollywood Brown v\u0103 acoper\u0103. Comanda\u021bi-i pe ai vo\u0219tri f\u0103r\u0103 riscuri ast\u0103zi, cu garan\u021bia noastr\u0103 de satisfac\u021bie 100%. Vede\u021bi cum v\u0103 transform\u0103 subtil ochii f\u0103r\u0103 s\u0103 v\u0103 cople\u0219easc\u0103 aspectul natural - credem c\u0103 v\u0103 ve\u021bi \u00eendr\u0103gosti iremediabil de noua dvs. nuan\u021b\u0103 preferat\u0103 de maro!\"<\/p>","protected":false},"excerpt":{"rendered":"<p>&#8220;Ready to warm up your look with a hint of intrigue? Introducing Hollywood Brown Contact Lenses by BQEYE. These soft brown lenses give eyes beautiful dimension and depth without being high maintenance. Slip them in and watch as your iris takes on a rich, chocolatey tone that makes peepers really pop. Gone are the days [&#8230;]\n","protected":false},"featured_media":1228,"comment_status":"open","ping_status":"closed","template":"","meta":[],"product_brand":[],"product_cat":[101,91,80,100,96,95],"product_tag":[],"class_list":{"0":"post-1226","1":"product","2":"type-product","3":"status-publish","4":"has-post-thumbnail","6":"product_cat-natural-contacts","7":"product_cat-14-2-mm","8":"product_cat-brown-contact-lenses","9":"product_cat-daily-disposable","10":"product_cat-non-prescription","11":"product_cat-prescription","13":"first","14":"instock","15":"sale","16":"shipping-taxable","17":"purchasable","18":"product-type-variable","19":"has-default-attributes"},"_links":{"self":[{"href":"https:\/\/bqeye.com\/ro\/wp-json\/wp\/v2\/product\/1226","targetHints":{"allow":["GET"]}}],"collection":[{"href":"https:\/\/bqeye.com\/ro\/wp-json\/wp\/v2\/product"}],"about":[{"href":"https:\/\/bqeye.com\/ro\/wp-json\/wp\/v2\/types\/product"}],"replies":[{"embeddable":true,"href":"https:\/\/bqeye.com\/ro\/wp-json\/wp\/v2\/comments?post=1226"}],"wp:featuredmedia":[{"embeddable":true,"href":"https:\/\/bqeye.com\/ro\/wp-json\/wp\/v2\/media\/1228"}],"wp:attachment":[{"href":"https:\/\/bqeye.com\/ro\/wp-json\/wp\/v2\/media?parent=1226"}],"wp:term":[{"taxonomy":"product_brand","embeddable":true,"href":"https:\/\/bqeye.com\/ro\/wp-json\/wp\/v2\/product_brand?post=1226"},{"taxonomy":"product_cat","embeddable":true,"href":"https:\/\/bqeye.com\/ro\/wp-json\/wp\/v2\/product_cat?post=1226"},{"taxonomy":"product_tag","embeddable":true,"href":"https:\/\/bqeye.com\/ro\/wp-json\/wp\/v2\/product_tag?post=1226"}],"curies":[{"name":"wp","href":"https:\/\/api.w.org\/{rel}","templated":true}]}}