{"id":1229,"date":"2023-12-09T15:32:57","date_gmt":"2023-12-09T15:32:57","guid":{"rendered":"https:\/\/bqeye.com\/?post_type=product&#038;p=1229"},"modified":"2024-04-18T02:20:44","modified_gmt":"2024-04-18T02:20:44","slug":"tangerine-brown-contact-lenses","status":"publish","type":"product","link":"https:\/\/bqeye.com\/ro\/tangerine-brown-contact-lenses\/","title":{"rendered":"Lentile de contact Tangerine Brown"},"content":{"rendered":"<p>\"Condimenta\u021bi-v\u0103 look-ul cu o explozie de soare - saluta\u021bi lentilele de contact Tangerine Brown de la BQEYE.<\/p>\n<p>Aceste lentile maro vibrante \u00eembin\u0103 nuan\u021be calde de mandarine \u00een irisul t\u0103u pentru un aspect care nu este deloc plictisitor. Pune\u021bi-le \u0219i privi\u021bi cum ochii dvs. se lumineaz\u0103 cu pete de maro auriu care fac ca ochii s\u0103 ias\u0103 \u00een eviden\u021b\u0103 f\u0103r\u0103 s\u0103 v\u0103 cople\u0219easc\u0103 frumuse\u021bea natural\u0103. Au disp\u0103rut ochii mu\u021bi, unidimensionali - Tangerine Browns pune \u00een valoare orice culoare ai avea cu o dimensiune vie de maro auriu.<\/p>\n<p>Nuan\u021ba \u00eensorit\u0103 de mandarine scoate \u00een eviden\u021b\u0103 tonurile ascunse de auriu \u0219i m\u0103sliniu despre care nu \u0219tiai c\u0103 exist\u0103 \u00een ochii t\u0103i. Albastrul \u0219i verdele vor c\u0103p\u0103ta un aer de citrice, care \u00eei va face pe oameni s\u0103 se mire. Chiar \u0219i maronii profunzi cap\u0103t\u0103 o defini\u021bie sexy, s\u0103rutat\u0103 de soare de la Tangerine Browns.<\/p>\n<p>Dup\u0103 cum sugereaz\u0103 \u0219i numele, aceste lentile de contact cu infuzie de mandarine sunt perfecte pentru a canaliza acel aer lipsit de griji al fetelor din California pe care le invidiem cu to\u021bii. Arunc\u0103-le \u0219i e\u0219ti instantaneu preg\u0103tit\u0103 pentru \u00eent\u00e2lniri la brunch, zile de plaj\u0103 sau ie\u0219iri \u00een ora\u0219, f\u0103r\u0103 s\u0103 faci ore \u00eentregi de farmec. \u00cembun\u0103t\u0103\u021birea natural\u0103 face ca ochii s\u0103 ias\u0103 cu adev\u0103rat \u00een eviden\u021b\u0103 \u0219i \u00een fotografii, a\u0219a c\u0103 \u00ee\u021bi va pl\u0103cea la nebunie cum ies pozele, fie c\u0103 sunt pentru \"gram sau pentru profilul t\u0103u de Tinder.<\/p>\n<p>Whispering Smoke de BQEYE este confec\u021bionat din materialul nostru ultra-confortabil Hydraclear, care se simte ca \u0219i cum nu ai purta nimic. Vei uita c\u0103 \u00eei ai \u00een\u0103untru! Hydraclear este respirabil \u0219i se mi\u0219c\u0103 cu fluxul natural al ochiului t\u0103u, astfel \u00eenc\u00e2t s\u0103 evi\u021bi irita\u021biile sau usc\u0103ciunea. Spune\u021bi adio \u0219i ochilor obosi\u021bi - materialul este conceput pentru a v\u0103 men\u021bine ochii hidrata\u021bi \u00een mod adecvat pe tot parcursul zilei.<\/p>\n<p>\u00cen calitate de lider mondial \u00een domeniul lentilelor cu schimbare de culoare, BQEYE pune calitatea, siguran\u021ba \u0219i confortul pe primul loc \u00een fiecare produs. Whispering Smoke este supus unor teste extinse pentru a \u00eendeplini sau dep\u0103\u0219i toate standardele FDA pentru biocompatibilitatea materialelor \u0219i permeabilitatea la oxigen. V\u0103 pute\u021bi sim\u021bi bine \u00een leg\u0103tur\u0103 cu ceea ce v\u0103 atinge ochii \u00een fiecare zi. \u0218i cu programul lor de \u00eenlocuire recomandat de 14 zile, v\u0103 va pl\u0103cea c\u00e2t de mult dureaz\u0103 fiecare pereche \u00eenainte de a fi timpul pentru un set nou \u0219i proasp\u0103t.<\/p>\n<p>Fie c\u0103 dori\u021bi s\u0103 canaliza\u021bi razele soarelui \u00een fiecare zi, s\u0103 experimenta\u021bi ceva nou sau ave\u021bi nevoie de lentile de contact care s\u0103 fac\u0103 ochii s\u0103 ias\u0103 \u00een eviden\u021b\u0103 \u00een fotografii, Tangerine Brown v\u0103 acoper\u0103. Comanda\u021bi-i pe ai vo\u0219tri f\u0103r\u0103 riscuri ast\u0103zi, completat\u0103 cu garan\u021bia noastr\u0103 de satisfac\u021bie 100%. Vede\u021bi cum v\u0103 transform\u0103 subtil ochii cu o explozie de vibra\u021bie \u00eensorit\u0103 - credem c\u0103 v\u0103 ve\u021bi \u00eendr\u0103gosti iremediabil de noua dvs. nuan\u021b\u0103 preferat\u0103!\"<\/p>","protected":false},"excerpt":{"rendered":"<p>&#8220;Spice up your look with a burst of sunshine &#8211; say hello to Tangerine Brown Contact Lenses by BQEYE. These vibrant brown lenses blend warm undertones of tangerine into your iris for a look that&#8217;s anything but boring. Slip them in and watch as your eyes light up with flecks of golden brown that make [&#8230;]\n","protected":false},"featured_media":1231,"comment_status":"open","ping_status":"closed","template":"","meta":[],"product_brand":[],"product_cat":[101,91,80,100,96,95],"product_tag":[],"class_list":{"0":"post-1229","1":"product","2":"type-product","3":"status-publish","4":"has-post-thumbnail","6":"product_cat-natural-contacts","7":"product_cat-14-2-mm","8":"product_cat-brown-contact-lenses","9":"product_cat-daily-disposable","10":"product_cat-non-prescription","11":"product_cat-prescription","13":"first","14":"instock","15":"sale","16":"shipping-taxable","17":"purchasable","18":"product-type-variable","19":"has-default-attributes"},"_links":{"self":[{"href":"https:\/\/bqeye.com\/ro\/wp-json\/wp\/v2\/product\/1229","targetHints":{"allow":["GET"]}}],"collection":[{"href":"https:\/\/bqeye.com\/ro\/wp-json\/wp\/v2\/product"}],"about":[{"href":"https:\/\/bqeye.com\/ro\/wp-json\/wp\/v2\/types\/product"}],"replies":[{"embeddable":true,"href":"https:\/\/bqeye.com\/ro\/wp-json\/wp\/v2\/comments?post=1229"}],"wp:featuredmedia":[{"embeddable":true,"href":"https:\/\/bqeye.com\/ro\/wp-json\/wp\/v2\/media\/1231"}],"wp:attachment":[{"href":"https:\/\/bqeye.com\/ro\/wp-json\/wp\/v2\/media?parent=1229"}],"wp:term":[{"taxonomy":"product_brand","embeddable":true,"href":"https:\/\/bqeye.com\/ro\/wp-json\/wp\/v2\/product_brand?post=1229"},{"taxonomy":"product_cat","embeddable":true,"href":"https:\/\/bqeye.com\/ro\/wp-json\/wp\/v2\/product_cat?post=1229"},{"taxonomy":"product_tag","embeddable":true,"href":"https:\/\/bqeye.com\/ro\/wp-json\/wp\/v2\/product_tag?post=1229"}],"curies":[{"name":"wp","href":"https:\/\/api.w.org\/{rel}","templated":true}]}}