{"id":1232,"date":"2023-12-09T15:35:21","date_gmt":"2023-12-09T15:35:21","guid":{"rendered":"https:\/\/bqeye.com\/?post_type=product&#038;p=1232"},"modified":"2024-04-18T02:20:40","modified_gmt":"2024-04-18T02:20:40","slug":"whispering-smoke-grey-contact-lenses","status":"publish","type":"product","link":"https:\/\/bqeye.com\/ro\/whispering-smoke-grey-contact-lenses\/","title":{"rendered":"Lentile de contact Whispering Smoke Grey"},"content":{"rendered":"<p>\"Ad\u0103uga\u021bi o not\u0103 de mister la look-ul dvs. cu lentilele de contact Whispering Smoke Grey de la BQEYE.<\/p>\n<p>Aceste lentile gri fumuriu moale confer\u0103 ochilor o dimensiune \u0219i o profunzime frumoase, f\u0103r\u0103 a fi exagerate. Pune\u021bi-le \u0219i observa\u021bi cum irisul dvs. cap\u0103t\u0103 un fir eteric de gri deschis, care face ca ochii s\u0103 se aprind\u0103 cu adev\u0103rat. Au disp\u0103rut ochii cu o singur\u0103 not\u0103 - Whispering Smoke \u00eembun\u0103t\u0103\u021be\u0219te orice culoare natural\u0103 pe care o ave\u021bi cu pete \u0219i straturi de gri cenu\u0219iu pentru ochi care intrig\u0103 din cealalt\u0103 parte a camerei.<\/p>\n<p>Nuan\u021ba subtil\u0103 de fum scoate \u00een eviden\u021b\u0103 tonurile ascunse de albastru, verde \u0219i alune pe care nu \u0219tiai c\u0103 le ascundeau ochii t\u0103i. Albastrul \u0219i griul vor c\u0103p\u0103ta o calitate de alt\u0103 lume, asem\u0103n\u0103toare norilor, care \u00eei va face pe oameni s\u0103 se \u00eentrebe care este culoarea \"real\u0103\" a ochilor dvs. Chiar \u0219i maronii profunzi primesc o defini\u021bie sexy \u0219i misterioas\u0103 de la Whispering Smoke.<\/p>\n<p>Dup\u0103 cum sugereaz\u0103 \u0219i numele, aceste lentile de contact gri fumuriu sunt perfecte pentru a ob\u021bine acel look nordic noir evaziv pe care \u00eel invidiem cu to\u021bii. Pune\u021bi-le \u0219i ve\u021bi fi gata instantaneu s\u0103 juca\u021bi rolul principalului personaj misterios \u0219i enigmatic, f\u0103r\u0103 s\u0103 sta\u021bi ore \u00eentregi pe scaunul de machiaj. \u00cembun\u0103t\u0103\u021birea aspectului natural face ca ochii s\u0103 ias\u0103 cu adev\u0103rat \u00een eviden\u021b\u0103 \u0219i \u00een fa\u021ba camerei de filmat, a\u0219a c\u0103 \u00ee\u021bi va pl\u0103cea cum vor ie\u0219i fotografiile, fie c\u0103 e vorba de portofoliul t\u0103u de actorie sau de o sear\u0103 \u00een ora\u0219.<\/p>\n<p>Whispering Smoke de BQEYE este confec\u021bionat din materialul nostru ultra-confortabil Hydraclear, care se simte ca \u0219i cum nu ai purta nimic. Vei uita c\u0103 \u00eei ai \u00een\u0103untru! Hydraclear este respirabil \u0219i se mi\u0219c\u0103 cu fluxul natural al ochiului t\u0103u, astfel \u00eenc\u00e2t s\u0103 evi\u021bi irita\u021biile sau usc\u0103ciunea. Spune\u021bi adio \u0219i ochilor obosi\u021bi - materialul este conceput pentru a v\u0103 men\u021bine ochii hidrata\u021bi \u00een mod adecvat pe tot parcursul zilei.<\/p>\n<p>\u00cen calitate de lider mondial \u00een domeniul lentilelor cu schimbare de culoare, BQEYE pune calitatea, siguran\u021ba \u0219i confortul pe primul loc \u00een fiecare produs. Whispering Smoke este supus unor teste extinse pentru a \u00eendeplini sau dep\u0103\u0219i toate standardele FDA pentru biocompatibilitatea materialelor \u0219i permeabilitatea la oxigen. V\u0103 pute\u021bi sim\u021bi bine \u00een leg\u0103tur\u0103 cu ceea ce v\u0103 atinge ochii \u00een fiecare zi. \u0218i cu programul lor de \u00eenlocuire recomandat de 14 zile, v\u0103 va pl\u0103cea c\u00e2t de mult dureaz\u0103 fiecare pereche \u00eenainte de a fi timpul pentru un set nou \u0219i proasp\u0103t.<\/p>\n<p>Fie c\u0103 dori\u021bi s\u0103 ad\u0103uga\u021bi un aer de mister \u00een fiecare zi, s\u0103 experimenta\u021bi ceva nou sau ave\u021bi nevoie de lentile de contact care s\u0103 fac\u0103 ochii s\u0103 se aprind\u0103 cu adev\u0103rat, Whispering Smoke Grey v\u0103 acoper\u0103. Comanda\u021bi-le pe ale dvs. ast\u0103zi, f\u0103r\u0103 riscuri, completate cu garan\u021bia noastr\u0103 de satisfac\u021bie 100%. Vede\u021bi cum v\u0103 transform\u0103 subtil ochii cu \u0219uvi\u021be de intrig\u0103 cenu\u0219ie - credem c\u0103 ve\u021bi c\u0103dea sub vraja lor!\"<\/p>","protected":false},"excerpt":{"rendered":"<p>&#8220;Add a touch of mystery to your look with Whispering Smoke Grey Contact Lenses from BQEYE. These soft smoke grey lenses give eyes beautiful dimension and depth without being over-the-top. Slip them in and watch as your iris takes on an ethereal wisp of pale grey that makes peepers really smoulder. Gone are one-note eyes [&#8230;]\n","protected":false},"featured_media":1234,"comment_status":"open","ping_status":"closed","template":"","meta":[],"product_brand":[],"product_cat":[101,92,100,81,96,95],"product_tag":[],"class_list":{"0":"post-1232","1":"product","2":"type-product","3":"status-publish","4":"has-post-thumbnail","6":"product_cat-natural-contacts","7":"product_cat-14-5-mm","8":"product_cat-daily-disposable","9":"product_cat-grey-contact-lenses","10":"product_cat-non-prescription","11":"product_cat-prescription","13":"first","14":"instock","15":"sale","16":"shipping-taxable","17":"purchasable","18":"product-type-variable","19":"has-default-attributes"},"_links":{"self":[{"href":"https:\/\/bqeye.com\/ro\/wp-json\/wp\/v2\/product\/1232","targetHints":{"allow":["GET"]}}],"collection":[{"href":"https:\/\/bqeye.com\/ro\/wp-json\/wp\/v2\/product"}],"about":[{"href":"https:\/\/bqeye.com\/ro\/wp-json\/wp\/v2\/types\/product"}],"replies":[{"embeddable":true,"href":"https:\/\/bqeye.com\/ro\/wp-json\/wp\/v2\/comments?post=1232"}],"wp:featuredmedia":[{"embeddable":true,"href":"https:\/\/bqeye.com\/ro\/wp-json\/wp\/v2\/media\/1234"}],"wp:attachment":[{"href":"https:\/\/bqeye.com\/ro\/wp-json\/wp\/v2\/media?parent=1232"}],"wp:term":[{"taxonomy":"product_brand","embeddable":true,"href":"https:\/\/bqeye.com\/ro\/wp-json\/wp\/v2\/product_brand?post=1232"},{"taxonomy":"product_cat","embeddable":true,"href":"https:\/\/bqeye.com\/ro\/wp-json\/wp\/v2\/product_cat?post=1232"},{"taxonomy":"product_tag","embeddable":true,"href":"https:\/\/bqeye.com\/ro\/wp-json\/wp\/v2\/product_tag?post=1232"}],"curies":[{"name":"wp","href":"https:\/\/api.w.org\/{rel}","templated":true}]}}