{"id":1235,"date":"2023-12-09T15:40:37","date_gmt":"2023-12-09T15:40:37","guid":{"rendered":"https:\/\/bqeye.com\/?post_type=product&#038;p=1235"},"modified":"2024-04-18T02:20:37","modified_gmt":"2024-04-18T02:20:37","slug":"glass-candy-brown-contact-lenses","status":"publish","type":"product","link":"https:\/\/bqeye.com\/ro\/glass-candy-brown-contact-lenses\/","title":{"rendered":"Lentile de contact din sticl\u0103 Candy Brown"},"content":{"rendered":"<p>\"Cau\u021bi s\u0103 adaugi o not\u0103 de magie la look-ul t\u0103u de zi cu zi? V\u0103 prezent\u0103m lentilele de contact Glass Candy Brown de la BQEYE.<\/p>\n<p>Aceste lentile de contact maro capricioase \u00eembin\u0103 \u00een irisul t\u0103u note subtile de roz pastelat moale \u0219i ment\u0103 pentru un aspect care nu este deloc obi\u0219nuit. Pune\u021bi-le \u0219i privi\u021bi cum ochii dvs. se lumineaz\u0103 cu pete magice de vat\u0103 de zah\u0103r maro. Au disp\u0103rut ochii c\u0103prui plictisitori \u0219i unidimensionali - Glass Candy Browns \u00eei pun \u00een valoare cu o defini\u021bie dimensional\u0103 plin\u0103 de via\u021b\u0103.<\/p>\n<p>Tonurile pastelate dulci scot \u00een eviden\u021b\u0103 nuan\u021bele ascunse de auriu \u0219i verde, ad\u0103ug\u00e2nd o not\u0103 juc\u0103u\u0219\u0103, ca de a\u021b\u0103 de z\u00e2n\u0103. Albastrul \u0219i alunele cap\u0103t\u0103 o str\u0103lucire fermec\u0103toare, de culoarea bomboanelor. Chiar \u0219i maronii profunzi cap\u0103t\u0103 o explozie magic\u0103, colorat\u0103, f\u0103r\u0103 a fi exagerat\u0103.<\/p>\n<p>Confec\u021bionate din material Hydraclear ultra-confortabil, ve\u021bi uita c\u0103 purta\u021bi lentile de contact maro! Hydraclear se mi\u0219c\u0103 natural cu ochii t\u0103i pentru a evita uscarea sau iritarea, men\u021bin\u00e2nd ochii hidrata\u021bi corespunz\u0103tor toat\u0103 ziua.<\/p>\n<p>\u00cen calitate de lider mondial \u00een domeniul lentilelor de contact maro, BQEYE asigur\u0103 calitate, siguran\u021b\u0103 \u0219i confort. Lentilele Glass Candy Browns sunt supuse unor teste extinse de biocompatibilitate \u0219i permeabilitate la oxigen pentru a \u00eendeplini sau dep\u0103\u0219i standardele FDA. V\u0103 pute\u021bi sim\u021bi bine \u00een leg\u0103tur\u0103 cu ceea ce v\u0103 atinge ochii zilnic.<\/p>\n<p>Fie c\u0103 ad\u0103uga\u021bi fantezie \u00een fiecare zi, fie c\u0103 experimenta\u021bi cu culori sau c\u0103 da\u021bi via\u021b\u0103 viselor magice \u00een fotografii, lentilele de contact Glass Candy Brown v\u0103 acoper\u0103. Comanda\u021bi-le pe ale dvs. ast\u0103zi, f\u0103r\u0103 riscuri, pentru o garan\u021bie de satisfac\u021bie 100%. Vede\u021bi cum transform\u0103 subtil ochii cu explozii de minun\u0103\u021bie pastelat\u0103 - suntem \u00eencrez\u0103tori c\u0103 v\u0103 ve\u021bi \u00eendr\u0103gosti de noua dvs. nuan\u021b\u0103 preferat\u0103 de lentile de contact maro!<\/p>\n<p>Vre\u021bi s\u0103 ie\u0219i\u021bi \u00een eviden\u021b\u0103 din mul\u021bime? Candy Browns din sticl\u0103 sunt perfecte \u0219i pentru ocazii speciale. Captureaz\u0103-\u021bi spiridu\u0219ul interior la urm\u0103torul festival sau petrecere costumat\u0103. \u00cembun\u0103t\u0103\u021birea cu aspect natural face ca ochii s\u0103 str\u0103luceasc\u0103 \u00een fotografii.<\/p>\n<p>Face\u021bi c\u0103utarea lentilelor de contact maro distractiv\u0103 cu BQEYE. Selec\u021bia noastr\u0103 de nuan\u021be unice, precum Glass Candy, aduce culoare \u0219i magie \u00een fiecare zi. Comand\u0103-le pe ale tale ast\u0103zi pentru a r\u0103sp\u00e2ndi bucurie \u00een acest sezon \u0219i dincolo de el!\"<\/p>","protected":false},"excerpt":{"rendered":"<p>&#8220;Looking to add a touch of magic to your everyday look? Introducing Glass Candy Brown Contact Lenses from BQEYE. These whimsical brown contact lenses blend subtle hints of soft pastel pink and mint into your iris for a look that&#8217;s anything but ordinary. Slip them in and watch as your eyes light up with magical [&#8230;]\n","protected":false},"featured_media":1237,"comment_status":"open","ping_status":"closed","template":"","meta":[],"product_brand":[],"product_cat":[101,91,80,100,96,95],"product_tag":[],"class_list":{"0":"post-1235","1":"product","2":"type-product","3":"status-publish","4":"has-post-thumbnail","6":"product_cat-natural-contacts","7":"product_cat-14-2-mm","8":"product_cat-brown-contact-lenses","9":"product_cat-daily-disposable","10":"product_cat-non-prescription","11":"product_cat-prescription","13":"first","14":"instock","15":"sale","16":"shipping-taxable","17":"purchasable","18":"product-type-variable","19":"has-default-attributes"},"_links":{"self":[{"href":"https:\/\/bqeye.com\/ro\/wp-json\/wp\/v2\/product\/1235","targetHints":{"allow":["GET"]}}],"collection":[{"href":"https:\/\/bqeye.com\/ro\/wp-json\/wp\/v2\/product"}],"about":[{"href":"https:\/\/bqeye.com\/ro\/wp-json\/wp\/v2\/types\/product"}],"replies":[{"embeddable":true,"href":"https:\/\/bqeye.com\/ro\/wp-json\/wp\/v2\/comments?post=1235"}],"wp:featuredmedia":[{"embeddable":true,"href":"https:\/\/bqeye.com\/ro\/wp-json\/wp\/v2\/media\/1237"}],"wp:attachment":[{"href":"https:\/\/bqeye.com\/ro\/wp-json\/wp\/v2\/media?parent=1235"}],"wp:term":[{"taxonomy":"product_brand","embeddable":true,"href":"https:\/\/bqeye.com\/ro\/wp-json\/wp\/v2\/product_brand?post=1235"},{"taxonomy":"product_cat","embeddable":true,"href":"https:\/\/bqeye.com\/ro\/wp-json\/wp\/v2\/product_cat?post=1235"},{"taxonomy":"product_tag","embeddable":true,"href":"https:\/\/bqeye.com\/ro\/wp-json\/wp\/v2\/product_tag?post=1235"}],"curies":[{"name":"wp","href":"https:\/\/api.w.org\/{rel}","templated":true}]}}