{"id":1238,"date":"2023-12-09T15:51:03","date_gmt":"2023-12-09T15:51:03","guid":{"rendered":"https:\/\/bqeye.com\/?post_type=product&#038;p=1238"},"modified":"2024-04-18T02:20:33","modified_gmt":"2024-04-18T02:20:33","slug":"black-pearl-contact-lenses","status":"publish","type":"product","link":"https:\/\/bqeye.com\/ro\/black-pearl-contact-lenses\/","title":{"rendered":"Lentile de contact Black Pearl"},"content":{"rendered":"<p>Lentile de contact cu perle negre hipnotizante<\/p>\n<p>Ad\u0103uga\u021bi o not\u0103 de intrig\u0103 la look-ul dvs. cu lentilele de contact BQEYE Black Pearl. Infuzate cu nuan\u021be irizate, aceste lentile ofer\u0103 ochilor o profunzime captivant\u0103, cum nu s-a mai \u00eent\u00e2mplat p\u00e2n\u0103 acum.<\/p>\n<p>Pune\u021bi Black Pearls \u0219i privi\u021bi cum irisul dvs. cap\u0103t\u0103 o nuan\u021b\u0103 hipnotizant\u0103 de miezul nop\u021bii, pres\u0103rat\u0103 cu pete de cerneal\u0103 str\u0103lucitoare. Au disp\u0103rut ochii plictisitori \u0219i unidimensionali - Black Pearls \u00eei confer\u0103 o dimensiune mistic\u0103.<\/p>\n<p>Baza corbului scoate \u00een eviden\u021b\u0103 culorile ascunse a\u0219a cum nu s-a mai v\u0103zut p\u00e2n\u0103 acum. Albastrul str\u0103luce\u0219te cu o str\u0103lucire oceanic\u0103, \u00een timp ce verdele cap\u0103t\u0103 o sc\u00e2nteie de smarald. Chiar \u0219i ochii c\u0103prui sunt transforma\u021bi cu o calitate seduc\u0103toare, asem\u0103n\u0103toare unei pietre pre\u021bioase.<\/p>\n<p>Confec\u021bionate din material Hydraclear ultra-confortabil, ve\u021bi uita c\u0103 purta\u021bi lentile de contact! Hydraclear se mi\u0219c\u0103 f\u0103r\u0103 efort, astfel \u00eenc\u00e2t ochii r\u0103m\u00e2n hidrata\u021bi toat\u0103 ziua, f\u0103r\u0103 irita\u021bii.<\/p>\n<p>Fie c\u0103 ave\u021bi nevoie de un look deosebit pentru serile \u00een ora\u0219 sau pentru covoarele ro\u0219ii, Black Pearls v\u0103 acoper\u0103. \u00cembun\u0103t\u0103\u021birea subtil\u0103 face ca ochii s\u0103 ias\u0103 cu adev\u0103rat \u00een eviden\u021b\u0103 \u0219i \u00een fotografii.<\/p>\n<p>\u00cen calitate de lider \u00een domeniul lentilelor inovatoare, BQEYE se asigur\u0103 c\u0103 lentilele de contact Black Pearls \u00eendeplinesc cele mai \u00eenalte standarde de siguran\u021b\u0103 ale FDA. Formula lor de ultim\u0103 genera\u021bie adaug\u0103 intrig\u0103 f\u0103r\u0103 a compromite confortul.<\/p>\n<p>\u00cembr\u0103ca\u021bi Black Pearls \u0219i ob\u021bine\u021bi o privire hipnotizant\u0103 care cere aten\u021bie. Comanda\u021bi-i pe ai dvs. ast\u0103zi pentru o \u00eencercare f\u0103r\u0103 riscuri. Vede\u021bi cum transform\u0103 subtil ochii \u00een bijuterii captivante - \u0219tim c\u0103 ve\u021bi c\u0103dea sub vraja lor!<\/p>\n<p>Face\u021bi distrac\u021bia de navigare cu gama de nuan\u021be unice de la BQEYE. Black Pearls \u0219i multe altele aduc noi dimensiuni de culoare \u00een via\u021ba ta. Comanda\u021bi f\u0103r\u0103 riscuri pentru a v\u0103 g\u0103si perechea perfect\u0103.<\/p>","protected":false},"excerpt":{"rendered":"<p>Mesmerizing Black Pearl Contact Lenses Add a touch of intrigue to your look with BQEYE&#8217;s Black Pearl contacts. Infused with iridescent undertones, these lenses give eyes captivating depth unlike anything before. Slip Black Pearls on and watch as your iris takes on a mesmerizing midnight hue dotted with flecks of shimmering ink. Gone are dull, [&#8230;]\n","protected":false},"featured_media":1240,"comment_status":"open","ping_status":"closed","template":"","meta":[],"product_brand":[],"product_cat":[101,91,73,100,96,95],"product_tag":[],"class_list":{"0":"post-1238","1":"product","2":"type-product","3":"status-publish","4":"has-post-thumbnail","6":"product_cat-natural-contacts","7":"product_cat-14-2-mm","8":"product_cat-black-contact-lenses","9":"product_cat-daily-disposable","10":"product_cat-non-prescription","11":"product_cat-prescription","13":"first","14":"instock","15":"sale","16":"shipping-taxable","17":"purchasable","18":"product-type-variable","19":"has-default-attributes"},"_links":{"self":[{"href":"https:\/\/bqeye.com\/ro\/wp-json\/wp\/v2\/product\/1238","targetHints":{"allow":["GET"]}}],"collection":[{"href":"https:\/\/bqeye.com\/ro\/wp-json\/wp\/v2\/product"}],"about":[{"href":"https:\/\/bqeye.com\/ro\/wp-json\/wp\/v2\/types\/product"}],"replies":[{"embeddable":true,"href":"https:\/\/bqeye.com\/ro\/wp-json\/wp\/v2\/comments?post=1238"}],"wp:featuredmedia":[{"embeddable":true,"href":"https:\/\/bqeye.com\/ro\/wp-json\/wp\/v2\/media\/1240"}],"wp:attachment":[{"href":"https:\/\/bqeye.com\/ro\/wp-json\/wp\/v2\/media?parent=1238"}],"wp:term":[{"taxonomy":"product_brand","embeddable":true,"href":"https:\/\/bqeye.com\/ro\/wp-json\/wp\/v2\/product_brand?post=1238"},{"taxonomy":"product_cat","embeddable":true,"href":"https:\/\/bqeye.com\/ro\/wp-json\/wp\/v2\/product_cat?post=1238"},{"taxonomy":"product_tag","embeddable":true,"href":"https:\/\/bqeye.com\/ro\/wp-json\/wp\/v2\/product_tag?post=1238"}],"curies":[{"name":"wp","href":"https:\/\/api.w.org\/{rel}","templated":true}]}}