{"id":1241,"date":"2023-12-09T15:59:36","date_gmt":"2023-12-09T15:59:36","guid":{"rendered":"https:\/\/bqeye.com\/?post_type=product&#038;p=1241"},"modified":"2024-04-18T02:20:30","modified_gmt":"2024-04-18T02:20:30","slug":"elf-ring-black-contact-lenses","status":"publish","type":"product","link":"https:\/\/bqeye.com\/ro\/elf-ring-black-contact-lenses\/","title":{"rendered":"Lentile de contact Elf Ring Black"},"content":{"rendered":"<p>Fermec\u0103-\u021bi ochii cu lentilele de contact Elf Ring Black<\/p>\n<p>Ad\u0103uga\u021bi o not\u0103 de mister magic la look-ul dvs. cu inelul Elf Ring Black Contacts de la BQEYE. Infuzate cu halouri irizate, aceste lentile confer\u0103 ochilor o str\u0103lucire din alt\u0103 lume, cum nu s-a mai \u00eent\u00e2mplat p\u00e2n\u0103 acum.<\/p>\n<p>Pune\u021bi-v\u0103 inelele Elf Rings \u0219i privi\u021bi cum irisul dvs. cap\u0103t\u0103 o nuan\u021b\u0103 \u00eennegrit\u0103 hipnotizant\u0103, \u00eenconjurat\u0103 de inele str\u0103lucitoare de culoare. Au disp\u0103rut ochii plictisitori \u0219i obi\u0219nui\u021bi - Elf Rings \u00eei sporesc cu intriga elfilor.<\/p>\n<p>Baza corbului scoate \u00een eviden\u021b\u0103 culorile ascunse \u00een inelele care danseaz\u0103 \u00een jurul pupilei tale. Albastrul str\u0103luce\u0219te cu o str\u0103lucire de ghea\u021b\u0103, \u00een timp ce verdele str\u0103luce\u0219te ca aurora boreal\u0103. Chiar \u0219i ochii c\u0103prui cap\u0103t\u0103 o calitate fermec\u0103toare, mistic\u0103.<\/p>\n<p>Confec\u021bionate din material Hydraclear ultra-confortabil, ve\u021bi uita c\u0103 purta\u021bi lentile de contact! Hydraclear se mi\u0219c\u0103 f\u0103r\u0103 efort, astfel \u00eenc\u00e2t ochii r\u0103m\u00e2n hidrata\u021bi toat\u0103 ziua, f\u0103r\u0103 irita\u021bii.<\/p>\n<p>Fie c\u0103 ave\u021bi nevoie de un look deosebit pentru petreceri de costume sau t\u00e2rguri renascentiste, Elf Rings v\u0103 acoper\u0103. Accentuarea subtil\u0103 face ca culorile ochilor t\u0103i s\u0103 ias\u0103 cu adev\u0103rat \u00een eviden\u021b\u0103.<\/p>\n<p>\u00cen calitate de lider \u00een domeniul lentilelor inovatoare, BQEYE se asigur\u0103 c\u0103 inelele Elf Rings \u00eendeplinesc cele mai \u00eenalte standarde de siguran\u021b\u0103 ale FDA. Formula lor de ultim\u0103 genera\u021bie adaug\u0103 magie de z\u00e2n\u0103 f\u0103r\u0103 a compromite confortul.<\/p>\n<p>Pune\u021bi-v\u0103 inelele Elf Rings \u0219i ob\u021bine\u021bi o privire fermec\u0103toare care \u00eei va face pe oameni s\u0103 se \u00eentrebe dac\u0103 sunte\u021bi cu adev\u0103rat om. Comanda\u021bi-l pe al dvs. ast\u0103zi pentru o \u00eencercare f\u0103r\u0103 riscuri. Vede\u021bi cum transform\u0103 subtil ochii \u00een portaluri c\u0103tre fantastic - \u0219tim c\u0103 ve\u021bi fi vr\u0103ji\u021bi!<\/p>\n<p>Face\u021bi distrac\u021bia de navigare cu gama de nuan\u021be unice de la BQEYE. Inelele Elf \u0219i multe altele aduc noi dimensiuni de culoare \u00een via\u021ba ta. Comanda\u021bi f\u0103r\u0103 riscuri pentru a v\u0103 g\u0103si perechea perfect\u0103.<\/p>","protected":false},"excerpt":{"rendered":"<p>Enchant Your Eyes with Elf Ring Black Contact Lenses Add a touch of magical mystery to your look with BQEYE&#8217;s Elf Ring Black contacts. Infused with iridescent halos, these lenses give eyes an otherworldly glow unlike anything before. Slip Elf Rings on and watch as your iris takes on a mesmerizing blackened hue encircled with [&#8230;]\n","protected":false},"featured_media":1243,"comment_status":"open","ping_status":"closed","template":"","meta":[],"product_brand":[],"product_cat":[101,90,73,100,96,95],"product_tag":[],"class_list":{"0":"post-1241","1":"product","2":"type-product","3":"status-publish","4":"has-post-thumbnail","6":"product_cat-natural-contacts","7":"product_cat-14-0-mm","8":"product_cat-black-contact-lenses","9":"product_cat-daily-disposable","10":"product_cat-non-prescription","11":"product_cat-prescription","13":"first","14":"instock","15":"sale","16":"shipping-taxable","17":"purchasable","18":"product-type-variable","19":"has-default-attributes"},"_links":{"self":[{"href":"https:\/\/bqeye.com\/ro\/wp-json\/wp\/v2\/product\/1241","targetHints":{"allow":["GET"]}}],"collection":[{"href":"https:\/\/bqeye.com\/ro\/wp-json\/wp\/v2\/product"}],"about":[{"href":"https:\/\/bqeye.com\/ro\/wp-json\/wp\/v2\/types\/product"}],"replies":[{"embeddable":true,"href":"https:\/\/bqeye.com\/ro\/wp-json\/wp\/v2\/comments?post=1241"}],"wp:featuredmedia":[{"embeddable":true,"href":"https:\/\/bqeye.com\/ro\/wp-json\/wp\/v2\/media\/1243"}],"wp:attachment":[{"href":"https:\/\/bqeye.com\/ro\/wp-json\/wp\/v2\/media?parent=1241"}],"wp:term":[{"taxonomy":"product_brand","embeddable":true,"href":"https:\/\/bqeye.com\/ro\/wp-json\/wp\/v2\/product_brand?post=1241"},{"taxonomy":"product_cat","embeddable":true,"href":"https:\/\/bqeye.com\/ro\/wp-json\/wp\/v2\/product_cat?post=1241"},{"taxonomy":"product_tag","embeddable":true,"href":"https:\/\/bqeye.com\/ro\/wp-json\/wp\/v2\/product_tag?post=1241"}],"curies":[{"name":"wp","href":"https:\/\/api.w.org\/{rel}","templated":true}]}}