{"id":1246,"date":"2023-12-09T16:06:22","date_gmt":"2023-12-09T16:06:22","guid":{"rendered":"https:\/\/bqeye.com\/?post_type=product&#038;p=1246"},"modified":"2024-04-18T02:20:27","modified_gmt":"2024-04-18T02:20:27","slug":"crystal-blue-mirage-contact-lenses","status":"publish","type":"product","link":"https:\/\/bqeye.com\/ro\/crystal-blue-mirage-contact-lenses\/","title":{"rendered":"Lentile de contact Crystal Blue Mirage"},"content":{"rendered":"<p>Scufund\u0103-\u021bi ochii cu lentilele de contact Crystal Blue Mirage<\/p>\n<p>Transport\u0103-\u021bi look-ul cu lentilele de contact BQEYE Crystal Blue Mirage. Confec\u021bionate cu fulgi de cristal multidimensionali, aceste lentile dau via\u021b\u0103 ochilor ca nicio alt\u0103 lentil\u0103 de contact p\u00e2n\u0103 acum.<\/p>\n<p>Pune\u021bi-v\u0103 Mirages \u0219i privi\u021bi cum irisul v\u0103 este \u00eenv\u0103luit \u00eentr-un abis albastru hipnotizant, pres\u0103rat cu fragmente str\u0103lucitoare de lumin\u0103. Au disp\u0103rut lentilele de contact obi\u0219nuite - Mirages v\u0103 scufund\u0103 cu o profunzime mistic\u0103.<\/p>\n<p>Baza de safir te atrage \u00een timp ce petele de cristal danseaz\u0103 \u00een jurul t\u0103u, ad\u0103ug\u00e2nd o mi\u0219care eteric\u0103. Albastrul str\u0103luce\u0219te cu o luminozitate din alt\u0103 lume, \u00een timp ce verdele str\u0103luce\u0219te ca o bijuterie. Chiar \u0219i ochii c\u0103prui cap\u0103t\u0103 calit\u0103\u021bi magice, asem\u0103n\u0103toare pietrelor pre\u021bioase.<\/p>\n<p>Confec\u021bionate din material Hydraclear ultra-confortabil, ve\u021bi uita c\u0103 purta\u021bi lentile de contact! Hydraclear se mi\u0219c\u0103 perfect pentru a men\u021bine ochii hidrata\u021bi f\u0103r\u0103 irita\u021bii, astfel \u00eenc\u00e2t iluzia s\u0103 nu fie niciodat\u0103 \u00eentrerupt\u0103.<\/p>\n<p>Fie c\u0103 ave\u021bi nevoie de un look deosebit pentru evenimente sau cosplay, lentilele de contact Crystal Blue Mirage v\u0103 transport\u0103 pe un nou t\u0103r\u00e2m. \u00cembun\u0103t\u0103\u021birea subtil\u0103 scoate \u00een eviden\u021b\u0103 dimensiunile ascunse ale culorilor care captiveaz\u0103 cu adev\u0103rat \u0219i \u00een fotografii.<\/p>\n<p>\u00cen calitate de lider \u00een domeniul lentilelor de contact inovatoare, BQEYE se asigur\u0103 c\u0103 Mirages respect\u0103 cele mai \u00eenalte standarde de siguran\u021b\u0103 ale FDA. Formula lor de cristal de ultim\u0103 genera\u021bie adaug\u0103 minun\u0103\u021bie f\u0103r\u0103 a compromite confortul.<\/p>\n<p>\u00cembr\u0103ca\u021bi Mirages \u0219i pierde\u021bi-v\u0103 \u00een ochii care v\u0103 uimesc. Comanda\u021bi-le pe ale dvs. ast\u0103zi pentru o \u00eencercare f\u0103r\u0103 riscuri a acestor lentile de contact. Vede\u021bi cum transform\u0103 privirea \u00een portaluri str\u0103lucitoare c\u0103tre o lume de dincolo.<\/p>\n<p>Face\u021bi distrac\u021bia de navigare distractiv\u0103 cu gama de lentile de contact BQEYE de alt\u0103 lume. Crystal Blue Mirages deblocheaz\u0103 noi modalit\u0103\u021bi de a v\u0103 \u00eembun\u0103t\u0103\u021bi privirea. Comanda\u021bi f\u0103r\u0103 riscuri pentru a g\u0103si aspectul care v\u0103 atrage.<\/p>","protected":false},"excerpt":{"rendered":"<p>Immerse Your Eyes with Crystal Blue Mirage Contact Lenses Transport your look with BQEYE&#8217;s Crystal Blue Mirage contact lenses. Crafted with multidimensional crystal flakes, these lenses make eyes come alive like no other contact lenses before. Slip Mirages on and watch as your iris is enveloped in a mesmerizing blue abyss flecked with glittering fragments [&#8230;]\n","protected":false},"featured_media":1248,"comment_status":"open","ping_status":"closed","template":"","meta":[],"product_brand":[],"product_cat":[101,91,75,100,96,95],"product_tag":[],"class_list":{"0":"post-1246","1":"product","2":"type-product","3":"status-publish","4":"has-post-thumbnail","6":"product_cat-natural-contacts","7":"product_cat-14-2-mm","8":"product_cat-blue-contact-lenses","9":"product_cat-daily-disposable","10":"product_cat-non-prescription","11":"product_cat-prescription","13":"first","14":"instock","15":"sale","16":"shipping-taxable","17":"purchasable","18":"product-type-variable","19":"has-default-attributes"},"_links":{"self":[{"href":"https:\/\/bqeye.com\/ro\/wp-json\/wp\/v2\/product\/1246","targetHints":{"allow":["GET"]}}],"collection":[{"href":"https:\/\/bqeye.com\/ro\/wp-json\/wp\/v2\/product"}],"about":[{"href":"https:\/\/bqeye.com\/ro\/wp-json\/wp\/v2\/types\/product"}],"replies":[{"embeddable":true,"href":"https:\/\/bqeye.com\/ro\/wp-json\/wp\/v2\/comments?post=1246"}],"wp:featuredmedia":[{"embeddable":true,"href":"https:\/\/bqeye.com\/ro\/wp-json\/wp\/v2\/media\/1248"}],"wp:attachment":[{"href":"https:\/\/bqeye.com\/ro\/wp-json\/wp\/v2\/media?parent=1246"}],"wp:term":[{"taxonomy":"product_brand","embeddable":true,"href":"https:\/\/bqeye.com\/ro\/wp-json\/wp\/v2\/product_brand?post=1246"},{"taxonomy":"product_cat","embeddable":true,"href":"https:\/\/bqeye.com\/ro\/wp-json\/wp\/v2\/product_cat?post=1246"},{"taxonomy":"product_tag","embeddable":true,"href":"https:\/\/bqeye.com\/ro\/wp-json\/wp\/v2\/product_tag?post=1246"}],"curies":[{"name":"wp","href":"https:\/\/api.w.org\/{rel}","templated":true}]}}