{"id":1249,"date":"2023-12-09T16:16:12","date_gmt":"2023-12-09T16:16:12","guid":{"rendered":"https:\/\/bqeye.com\/?post_type=product&#038;p=1249"},"modified":"2024-04-18T02:20:23","modified_gmt":"2024-04-18T02:20:23","slug":"shining-star-brown-contact-lenses","status":"publish","type":"product","link":"https:\/\/bqeye.com\/ro\/shining-star-brown-contact-lenses\/","title":{"rendered":"Lentile de contact Shining Star Brown"},"content":{"rendered":"<p>Scoate\u021bi \u00een eviden\u021b\u0103 stelele cu lentilele de contact maro str\u0103lucitoare<\/p>\n<p>Ad\u0103uga\u021bi un strop de praf de stele la look-ul dvs. cu lentilele de contact BQEYE's Shining Star Brown. Infuzate cu paiete str\u0103lucitoare de aur, aceste lentile fac ochii s\u0103 str\u0103luceasc\u0103 mai mult dec\u00e2t orice alte lentile de contact.<\/p>\n<p>Pune\u021bi Stars \u0219i privi\u021bi cum irisul dvs. str\u0103luce\u0219te cu o nuan\u021b\u0103 radiant\u0103 de chihlimbar, pres\u0103rat\u0103 cu pete de lumin\u0103. Spune\u021bi adio lentilelor de contact plictisitoare - Stars lumineaz\u0103 ochii cu o minune cereasc\u0103.<\/p>\n<p>Baza maro auriu atrage aten\u021bia, \u00een timp ce paietele sclipitoare pun \u00een valoare culorile ascunse din jurul pupilei. Albastrul str\u0103luce\u0219te ca cerul nop\u021bii, \u00een timp ce verdele str\u0103luce\u0219te la fel de tare ca stelele. Chiar \u0219i ochii c\u0103prui cap\u0103t\u0103 o str\u0103lucire luminoas\u0103, cosmic\u0103, diferit\u0103 de orice alte lentile de contact.<\/p>\n<p>Confec\u021bionate din material Hydraclear ultra-confortabil, ve\u021bi uita c\u0103 purta\u021bi lentile de contact! Hydraclear se mi\u0219c\u0103 perfect pentru a men\u021bine ochii hidrata\u021bi f\u0103r\u0103 irita\u021bii, astfel \u00eenc\u00e2t spectacolul de lumin\u0103 s\u0103 dureze toat\u0103 ziua.<\/p>\n<p>Fie c\u0103 ave\u021bi nevoie de un look deosebit pentru seri sau evenimente speciale, Shining Stars v\u0103 acoper\u0103 mai bine dec\u00e2t orice alte lentile de contact de pe pia\u021b\u0103. \u00cembun\u0103t\u0103\u021birea subtil\u0103 face ca culorile s\u0103 str\u0103luceasc\u0103 cu adev\u0103rat \u0219i \u00een fotografii.<\/p>\n<p>\u00cen calitate de lider \u00een domeniul lentilelor de contact inovatoare, BQEYE se asigur\u0103 c\u0103 Stars respect\u0103 cele mai \u00eenalte standarde de siguran\u021b\u0103 ale FDA. Formula lor de ultim\u0103 genera\u021bie adaug\u0103 magie celest\u0103 f\u0103r\u0103 a compromite confortul.<\/p>\n<p>Pune-\u021bi Stars \u0219i str\u0103luce\u0219te mai mult dec\u00e2t oricine din jurul t\u0103u. Comanda\u021bi-le pe ale dvs. ast\u0103zi pentru o \u00eencercare f\u0103r\u0103 riscuri a acestor lentile de contact iluminatoare. Vede\u021bi cum transform\u0103 ochii \u00een faruri luminoase - \u0219tim c\u0103 ve\u021bi fi hipnotiza\u021bi!<\/p>\n<p>Face\u021bi distrac\u021bia de navigare distractiv\u0103 cu gama de lentile de contact sclipitoare de la BQEYE. Stelele str\u0103lucitoare \u0219i multe altele deblocheaz\u0103 noi modalit\u0103\u021bi de a v\u0103 lumina via\u021ba. Comanda\u021bi f\u0103r\u0103 riscuri pentru a g\u0103si aspectul care v\u0103 face s\u0103 str\u0103luci\u021bi.<\/p>","protected":false},"excerpt":{"rendered":"<p>Bring Out the Stars with Shining Brown Contact Lenses Add a dash of stardust to your look with BQEYE&#8217;s Shining Star Brown contact lenses. Infused with twinkling flecks of gold, these lenses make eyes shine brighter than any other contact lenses. Slip Stars on and watch as your iris glows with a radiant amber hue [&#8230;]\n","protected":false},"featured_media":1251,"comment_status":"open","ping_status":"closed","template":"","meta":[],"product_brand":[],"product_cat":[101,92,80,100,96,95],"product_tag":[],"class_list":{"0":"post-1249","1":"product","2":"type-product","3":"status-publish","4":"has-post-thumbnail","6":"product_cat-natural-contacts","7":"product_cat-14-5-mm","8":"product_cat-brown-contact-lenses","9":"product_cat-daily-disposable","10":"product_cat-non-prescription","11":"product_cat-prescription","13":"first","14":"instock","15":"sale","16":"shipping-taxable","17":"purchasable","18":"product-type-variable","19":"has-default-attributes"},"_links":{"self":[{"href":"https:\/\/bqeye.com\/ro\/wp-json\/wp\/v2\/product\/1249","targetHints":{"allow":["GET"]}}],"collection":[{"href":"https:\/\/bqeye.com\/ro\/wp-json\/wp\/v2\/product"}],"about":[{"href":"https:\/\/bqeye.com\/ro\/wp-json\/wp\/v2\/types\/product"}],"replies":[{"embeddable":true,"href":"https:\/\/bqeye.com\/ro\/wp-json\/wp\/v2\/comments?post=1249"}],"wp:featuredmedia":[{"embeddable":true,"href":"https:\/\/bqeye.com\/ro\/wp-json\/wp\/v2\/media\/1251"}],"wp:attachment":[{"href":"https:\/\/bqeye.com\/ro\/wp-json\/wp\/v2\/media?parent=1249"}],"wp:term":[{"taxonomy":"product_brand","embeddable":true,"href":"https:\/\/bqeye.com\/ro\/wp-json\/wp\/v2\/product_brand?post=1249"},{"taxonomy":"product_cat","embeddable":true,"href":"https:\/\/bqeye.com\/ro\/wp-json\/wp\/v2\/product_cat?post=1249"},{"taxonomy":"product_tag","embeddable":true,"href":"https:\/\/bqeye.com\/ro\/wp-json\/wp\/v2\/product_tag?post=1249"}],"curies":[{"name":"wp","href":"https:\/\/api.w.org\/{rel}","templated":true}]}}