{"id":1273,"date":"2023-12-12T08:10:55","date_gmt":"2023-12-12T08:10:55","guid":{"rendered":"https:\/\/bqeye.com\/?post_type=product&#038;p=1273"},"modified":"2024-04-18T02:20:17","modified_gmt":"2024-04-18T02:20:17","slug":"pixie-green-contact-lenses","status":"publish","type":"product","link":"https:\/\/bqeye.com\/ro\/pixie-green-contact-lenses\/","title":{"rendered":"Lentile de contact Pixie Green"},"content":{"rendered":"<p>Ilumina\u021bi-v\u0103 ochii cu lentilele de contact Pixie Green<\/p>\n<p>Ad\u0103uga\u021bi o not\u0103 de magie a p\u0103durii la look-ul dvs. cu lentilele de contact BQEYE's Pixie Green. Subtonuri str\u0103lucitoare str\u0103lucesc \u00een aceste lentile, f\u0103c\u00e2nd ochii s\u0103 str\u0103luceasc\u0103 mai tare dec\u00e2t orice alte lentile de contact de pe pia\u021b\u0103.<\/p>\n<p>Pune\u021bi Pixies \u0219i privi\u021bi cum irisul dumneavoastr\u0103 se lumineaz\u0103 cu o nuan\u021b\u0103 vie de smarald, punctat\u0103 cu pete de str\u0103lucire aurie. Spune\u021bi adio lentilelor de contact terne - Pixies pune \u00een valoare ochii cu un farmec capricios.<\/p>\n<p>Baza verde p\u0103dure te atrage, \u00een timp ce paietele sclipitoare scot \u00een eviden\u021b\u0103 nuan\u021bele ascunse de verde-cenu\u0219iu \u0219i maro din jurul pupilei. Verdele str\u0103luce\u0219te cu o str\u0103lucire magic\u0103, cum nu se poate vedea cu nicio alt\u0103 lentil\u0103 de contact.<\/p>\n<p>Confec\u021bionate din material Hydraclear ultra-confortabil, ve\u021bi uita c\u0103 purta\u021bi lentile de contact! Hydraclear se mi\u0219c\u0103 perfect pentru a men\u021bine ochii hidrata\u021bi toat\u0103 ziua, f\u0103r\u0103 irita\u021bii, astfel \u00eenc\u00e2t str\u0103lucirea s\u0103 fascineze p\u00e2n\u0103 la l\u0103sarea \u00eentunericului.<\/p>\n<p>Fie c\u0103 ave\u021bi nevoie de magie pentru nop\u021bile de \u00eembr\u0103cat sau pentru t\u00e2rgurile renascentiste, lentilele de contact Pixie Green v\u0103 acoper\u0103 mai bine dec\u00e2t alte op\u021biuni. \u00cembun\u0103t\u0103\u021birea subtil\u0103 face ca culorile s\u0103 str\u0103luceasc\u0103 cu adev\u0103rat \u0219i \u00een fotografii.<\/p>\n<p>\u00cen calitate de lider \u00een domeniul lentilelor de contact inovatoare, BQEYE se asigur\u0103 c\u0103 Pixies respect\u0103 cele mai \u00eenalte standarde de siguran\u021b\u0103 ale FDA. Formula lor avansat\u0103 adaug\u0103 o str\u0103lucire de culoare Pixie care pune \u00een valoare ochii f\u0103r\u0103 a compromite confortul.<\/p>\n<p>\u00cembrac\u0103 Pixies \u0219i str\u0103luce\u0219te mai verde dec\u00e2t o poian\u0103 fermecat\u0103. Comanda\u021bi-le pe ale dvs. ast\u0103zi pentru o \u00eencercare f\u0103r\u0103 riscuri a acestor lentile de contact iluminatoare. Vede\u021bi cum transform\u0103 ochii \u00een por\u021bi str\u0103lucitoare c\u0103tre un t\u0103r\u00e2m al magiei - ve\u021bi fi vr\u0103ji\u021bi!<\/p>\n<p>G\u0103se\u0219te-\u021bi nuan\u021ba preferat\u0103 din gama de lentile de contact mistice de la BQEYE. Pixie Green \u0219i multe altele deblocheaz\u0103 noi modalit\u0103\u021bi de a v\u0103 \u00eembun\u0103t\u0103\u021bi privirea. Comand\u0103 ast\u0103zi pentru a dezv\u0103lui spiritul p\u0103durii din tine!<\/p>","protected":false},"excerpt":{"rendered":"<p>Illuminate Your Eyes with Pixie Green Contact Lenses Add a touch of forest magic to your look with BQEYE&#8217;s Pixie Green contact lenses. Shimmering undertones glow within these lenses, making eyes sparkle brighter than any other contact lenses on the market. Slip Pixies on and watch as your iris lights up with a lively emerald [&#8230;]\n","protected":false},"featured_media":1278,"comment_status":"open","ping_status":"closed","template":"","meta":[],"product_brand":[],"product_cat":[205,91,77,96,95,98],"product_tag":[],"class_list":{"0":"post-1273","1":"product","2":"type-product","3":"status-publish","4":"has-post-thumbnail","6":"product_cat-pixie","7":"product_cat-14-2-mm","8":"product_cat-green-contact-lenses","9":"product_cat-non-prescription","10":"product_cat-prescription","11":"product_cat-yearly-disposable","13":"first","14":"instock","15":"sale","16":"shipping-taxable","17":"purchasable","18":"product-type-variable","19":"has-default-attributes"},"_links":{"self":[{"href":"https:\/\/bqeye.com\/ro\/wp-json\/wp\/v2\/product\/1273","targetHints":{"allow":["GET"]}}],"collection":[{"href":"https:\/\/bqeye.com\/ro\/wp-json\/wp\/v2\/product"}],"about":[{"href":"https:\/\/bqeye.com\/ro\/wp-json\/wp\/v2\/types\/product"}],"replies":[{"embeddable":true,"href":"https:\/\/bqeye.com\/ro\/wp-json\/wp\/v2\/comments?post=1273"}],"wp:featuredmedia":[{"embeddable":true,"href":"https:\/\/bqeye.com\/ro\/wp-json\/wp\/v2\/media\/1278"}],"wp:attachment":[{"href":"https:\/\/bqeye.com\/ro\/wp-json\/wp\/v2\/media?parent=1273"}],"wp:term":[{"taxonomy":"product_brand","embeddable":true,"href":"https:\/\/bqeye.com\/ro\/wp-json\/wp\/v2\/product_brand?post=1273"},{"taxonomy":"product_cat","embeddable":true,"href":"https:\/\/bqeye.com\/ro\/wp-json\/wp\/v2\/product_cat?post=1273"},{"taxonomy":"product_tag","embeddable":true,"href":"https:\/\/bqeye.com\/ro\/wp-json\/wp\/v2\/product_tag?post=1273"}],"curies":[{"name":"wp","href":"https:\/\/api.w.org\/{rel}","templated":true}]}}