{"id":1279,"date":"2023-12-12T11:07:03","date_gmt":"2023-12-12T11:07:03","guid":{"rendered":"https:\/\/bqeye.com\/?post_type=product&#038;p=1279"},"modified":"2024-04-18T02:20:14","modified_gmt":"2024-04-18T02:20:14","slug":"pixie-brown-contact-lenses","status":"publish","type":"product","link":"https:\/\/bqeye.com\/ro\/pixie-brown-contact-lenses\/","title":{"rendered":"Lentile de contact Pixie Brown"},"content":{"rendered":"<p>Scoate\u021bi-v\u0103 \u00een eviden\u021b\u0103 Pixie din interior cu lentile de contact maro<\/p>\n<p>Ad\u0103uga\u021bi o not\u0103 de magie p\u0103m\u00e2ntean\u0103 privirii dvs. cu lentilele de contact BQEYE Pixie Brown. Petele irizate se \u00eenv\u00e2rt \u00een aceste lentile, f\u0103c\u00e2nd ochii s\u0103 str\u0103luceasc\u0103 mai mult dec\u00e2t orice alte lentile de contact maro de pe pia\u021b\u0103.<\/p>\n<p>Pune\u021bi Pixies pe ochi \u0219i privi\u021bi cum irisul dvs. str\u0103luce\u0219te cu o nuan\u021b\u0103 radiant\u0103 de culoarea albastrei, pres\u0103rat\u0103 cu pete de str\u0103lucire aurie. Uita\u021bi de lentilele de contact maro plictisitoare - Pixies pune \u00een valoare ochii cu o \u00eentors\u0103tur\u0103 fermec\u0103toare.<\/p>\n<p>Baza maro ciocolatiu te atrage, \u00een timp ce petele str\u0103lucitoare sclipesc \u0219i scot \u00een eviden\u021b\u0103 verdele \u0219i auriul ascunse \u00een jurul pupilei. Maro radiaz\u0103 cu o c\u0103ldur\u0103 din alt\u0103 lume, cum nu se poate vedea cu alte lentile de contact maro.<\/p>\n<p>Confec\u021bionate din material Hydraclear ultra-confortabil, ve\u021bi uita c\u0103 purta\u021bi lentile de contact! Hydraclear se mi\u0219c\u0103 perfect pentru a men\u021bine ochii hidrata\u021bi toat\u0103 ziua, f\u0103r\u0103 irita\u021bii, astfel \u00eenc\u00e2t str\u0103lucirea s\u0103 fascineze p\u00e2n\u0103 la l\u0103sarea \u00eentunericului.<\/p>\n<p>Fie c\u0103 ave\u021bi nevoie de magie pentru nop\u021bile de \u00eembr\u0103cat sau pentru festivalurile renascentiste, lentilele de contact Pixie Brown v\u0103 acoper\u0103 mai bine dec\u00e2t alte op\u021biuni maro. \u00cembun\u0103t\u0103\u021birea subtil\u0103 face ca culorile s\u0103 str\u0103luceasc\u0103 \u0219i \u00een fotografii.<\/p>\n<p>\u00cen calitate de lider \u00een domeniul lentilelor de contact inovatoare, BQEYE se asigur\u0103 c\u0103 Pixies respect\u0103 cele mai \u00eenalte standarde de siguran\u021b\u0103 ale FDA. Formula lor avansat\u0103 adaug\u0103 o str\u0103lucire de culoare Pixie care pune \u00een valoare ochii f\u0103r\u0103 a compromite confortul.<\/p>\n<p>Pune-\u021bi Pixies \u0219i str\u0103luce\u0219te mai cald dec\u00e2t o poian\u0103 de toamn\u0103. Comanda\u021bi-le pe ale dvs. ast\u0103zi pentru o \u00eencercare f\u0103r\u0103 riscuri a acestor lentile de contact maro iluminatoare. Vede\u021bi cum transform\u0103 ochii \u00een por\u021bi str\u0103lucitoare c\u0103tre un t\u0103r\u00e2m al magiei p\u0103m\u00e2nte\u0219ti - ve\u021bi fi vr\u0103ji\u021bi!<\/p>\n<p>G\u0103se\u0219te-\u021bi nuan\u021ba preferat\u0103 din gama de lentile de contact mistice de la BQEYE. Pixie Brown \u0219i multe altele deblocheaz\u0103 noi modalit\u0103\u021bi de a v\u0103 pune \u00een valoare privirea maro. Comand\u0103 ast\u0103zi pentru a-\u021bi dezl\u0103n\u021bui duhul interior al p\u0103durii!<\/p>","protected":false},"excerpt":{"rendered":"<p>Bring Out Your Inner Pixie with Brown Contact Lenses Add an earthy touch of magic to your look with BQEYE&#8217;s Pixie Brown contact lenses. Iridescent flecks swirl within these lenses, making eyes sparkle more than any other brown contact lenses on the market. Slip Pixies on and watch as your iris glows with a radiant [&#8230;]\n","protected":false},"featured_media":1281,"comment_status":"open","ping_status":"closed","template":"","meta":[],"product_brand":[],"product_cat":[205,91,80,96,95,98],"product_tag":[354],"class_list":{"0":"post-1279","1":"product","2":"type-product","3":"status-publish","4":"has-post-thumbnail","6":"product_cat-pixie","7":"product_cat-14-2-mm","8":"product_cat-brown-contact-lenses","9":"product_cat-non-prescription","10":"product_cat-prescription","11":"product_cat-yearly-disposable","12":"product_tag-brown-contact-lenses","14":"first","15":"instock","16":"sale","17":"shipping-taxable","18":"purchasable","19":"product-type-variable","20":"has-default-attributes"},"_links":{"self":[{"href":"https:\/\/bqeye.com\/ro\/wp-json\/wp\/v2\/product\/1279","targetHints":{"allow":["GET"]}}],"collection":[{"href":"https:\/\/bqeye.com\/ro\/wp-json\/wp\/v2\/product"}],"about":[{"href":"https:\/\/bqeye.com\/ro\/wp-json\/wp\/v2\/types\/product"}],"replies":[{"embeddable":true,"href":"https:\/\/bqeye.com\/ro\/wp-json\/wp\/v2\/comments?post=1279"}],"wp:featuredmedia":[{"embeddable":true,"href":"https:\/\/bqeye.com\/ro\/wp-json\/wp\/v2\/media\/1281"}],"wp:attachment":[{"href":"https:\/\/bqeye.com\/ro\/wp-json\/wp\/v2\/media?parent=1279"}],"wp:term":[{"taxonomy":"product_brand","embeddable":true,"href":"https:\/\/bqeye.com\/ro\/wp-json\/wp\/v2\/product_brand?post=1279"},{"taxonomy":"product_cat","embeddable":true,"href":"https:\/\/bqeye.com\/ro\/wp-json\/wp\/v2\/product_cat?post=1279"},{"taxonomy":"product_tag","embeddable":true,"href":"https:\/\/bqeye.com\/ro\/wp-json\/wp\/v2\/product_tag?post=1279"}],"curies":[{"name":"wp","href":"https:\/\/api.w.org\/{rel}","templated":true}]}}