{"id":1287,"date":"2023-12-12T11:20:32","date_gmt":"2023-12-12T11:20:32","guid":{"rendered":"https:\/\/bqeye.com\/?post_type=product&#038;p=1287"},"modified":"2024-04-18T02:20:10","modified_gmt":"2024-04-18T02:20:10","slug":"pixie-grey-contact-lenses","status":"publish","type":"product","link":"https:\/\/bqeye.com\/ro\/pixie-grey-contact-lenses\/","title":{"rendered":"Lentile de contact Pixie Grey"},"content":{"rendered":"<p>Ad\u0103uga\u021bi intriga cu lentilele de contact Pixie Grey<\/p>\n<p>Ad\u0103uga\u021bi un aer de mister privirii dvs. cu lentilele de contact BQEYE Pixie Grey. Pete sclipitoare se \u00eenv\u00e2rt \u00een aceste lentile, f\u0103c\u00e2nd ochii s\u0103 str\u0103luceasc\u0103 seduc\u0103tor mai mult dec\u00e2t orice alte lentile de contact gri.<\/p>\n<p>Pune-\u021bi Pixies \u0219i prive\u0219te cum irisul t\u0103u cap\u0103t\u0103 o nuan\u021b\u0103 fumurie, punctat\u0103 cu pete de str\u0103lucire argintie. Uita\u021bi de lentilele de contact gri \u0219i plictisitoare - Pixies pune \u00een valoare ochii cu o str\u0103lucire fermec\u0103toare.<\/p>\n<p>Baza de gunmetal te atrage, \u00een timp ce petele str\u0103lucitoare sclipesc \u0219i scot \u00een eviden\u021b\u0103 verdele \u0219i verdele ascunse \u00een jurul pupilei. Griurile str\u0103lucesc cu o str\u0103lucire seduc\u0103toare, cum nu se poate vedea cu nicio alt\u0103 lentil\u0103 de contact gri.<\/p>\n<p>Confec\u021bionate din material Hydraclear ultra-confortabil, ve\u021bi uita c\u0103 purta\u021bi lentile de contact! Hydraclear se mi\u0219c\u0103 perfect pentru a men\u021bine ochii hidrata\u021bi toat\u0103 ziua, f\u0103r\u0103 irita\u021bii, astfel \u00eenc\u00e2t str\u0103lucirea s\u0103 fascineze p\u00e2n\u0103 la l\u0103sarea \u00eentunericului.<\/p>\n<p>Fie c\u0103 ave\u021bi nevoie de mister pentru nop\u021bi de \u00eembr\u0103cat sau pentru \u0219edin\u021be foto, lentilele de contact Pixie Grey v\u0103 acoper\u0103 mai bine dec\u00e2t alte op\u021biuni gri. \u00cembun\u0103t\u0103\u021birea subtil\u0103 face ca culorile s\u0103 str\u0103luceasc\u0103 \u0219i \u00een fotografii.<\/p>\n<p>\u00cen calitate de lider \u00een domeniul lentilelor de contact inovatoare, BQEYE se asigur\u0103 c\u0103 Pixies respect\u0103 cele mai \u00eenalte standarde de siguran\u021b\u0103 ale FDA. Formula lor avansat\u0103 adaug\u0103 o str\u0103lucire de culoare Pixie care pune \u00een valoare ochii f\u0103r\u0103 a compromite confortul.<\/p>\n<p>Pune-\u021bi Pixies \u0219i intrig\u0103 din cealalt\u0103 parte a camerei. Comanda\u021bi-le pe ale dvs. ast\u0103zi pentru o \u00eencercare f\u0103r\u0103 riscuri a acestor lentile de contact gri captivante. Vede\u021bi cum transform\u0103 ochii \u00een por\u021bi hipnotizante c\u0103tre o lume a magiei - ve\u021bi fi vr\u0103ji\u021bi!<\/p>\n<p>G\u0103se\u0219te nuan\u021ba ta preferat\u0103 din gama de lentile de contact fermec\u0103toare de la BQEYE. Pixie Grey \u0219i multe altele v\u0103 ajut\u0103 s\u0103 v\u0103 \u021bese\u021bi vraja. Comanda\u021bi ast\u0103zi pentru a v\u0103 arunca magia.<\/p>","protected":false},"excerpt":{"rendered":"<p>Add Intrigue with Pixie Grey Contact Lenses Add an air of mystery to your look with BQEYE&#8217;s Pixie Grey contact lenses. Glittering flecks swirl within these lenses, making eyes alluringly sparkle more than any other grey contact lenses. Slip Pixies on and watch as your iris takes on a smoky hue dotted with specks of [&#8230;]\n","protected":false},"featured_media":1293,"comment_status":"open","ping_status":"closed","template":"","meta":[],"product_brand":[],"product_cat":[205,91,81,96,95,98],"product_tag":[354],"class_list":{"0":"post-1287","1":"product","2":"type-product","3":"status-publish","4":"has-post-thumbnail","6":"product_cat-pixie","7":"product_cat-14-2-mm","8":"product_cat-grey-contact-lenses","9":"product_cat-non-prescription","10":"product_cat-prescription","11":"product_cat-yearly-disposable","12":"product_tag-brown-contact-lenses","14":"first","15":"instock","16":"sale","17":"shipping-taxable","18":"purchasable","19":"product-type-variable","20":"has-default-attributes"},"_links":{"self":[{"href":"https:\/\/bqeye.com\/ro\/wp-json\/wp\/v2\/product\/1287","targetHints":{"allow":["GET"]}}],"collection":[{"href":"https:\/\/bqeye.com\/ro\/wp-json\/wp\/v2\/product"}],"about":[{"href":"https:\/\/bqeye.com\/ro\/wp-json\/wp\/v2\/types\/product"}],"replies":[{"embeddable":true,"href":"https:\/\/bqeye.com\/ro\/wp-json\/wp\/v2\/comments?post=1287"}],"wp:featuredmedia":[{"embeddable":true,"href":"https:\/\/bqeye.com\/ro\/wp-json\/wp\/v2\/media\/1293"}],"wp:attachment":[{"href":"https:\/\/bqeye.com\/ro\/wp-json\/wp\/v2\/media?parent=1287"}],"wp:term":[{"taxonomy":"product_brand","embeddable":true,"href":"https:\/\/bqeye.com\/ro\/wp-json\/wp\/v2\/product_brand?post=1287"},{"taxonomy":"product_cat","embeddable":true,"href":"https:\/\/bqeye.com\/ro\/wp-json\/wp\/v2\/product_cat?post=1287"},{"taxonomy":"product_tag","embeddable":true,"href":"https:\/\/bqeye.com\/ro\/wp-json\/wp\/v2\/product_tag?post=1287"}],"curies":[{"name":"wp","href":"https:\/\/api.w.org\/{rel}","templated":true}]}}