{"id":1297,"date":"2023-12-22T02:02:07","date_gmt":"2023-12-22T02:02:07","guid":{"rendered":"https:\/\/bqeye.com\/?post_type=product&#038;p=1297"},"modified":"2024-04-18T02:20:06","modified_gmt":"2024-04-18T02:20:06","slug":"maria-green-contact-lenses","status":"publish","type":"product","link":"https:\/\/bqeye.com\/ro\/maria-green-contact-lenses\/","title":{"rendered":"Lentile de contact Maria Green"},"content":{"rendered":"<p>G\u0103sirea str\u0103lucirii interioare cu lentilele de contact Maria Green<\/p>\n<p>Lentilele de contact Maria Green revolu\u021bioneaz\u0103 lumea lentilelor de contact colorate, aduc\u00e2nd \u00een prim-plan un sentiment de \u00eembun\u0103t\u0103\u021bire natural\u0103 \u0219i frumuse\u021be interioar\u0103. \u00cen timp ce multe lentile colorate din trecut se bazau pe nuan\u021be dramatice, nenaturale, Maria Green se concentreaz\u0103 pe eviden\u021bierea tr\u0103s\u0103turilor naturale ale fiec\u0103ruia cu o pat\u0103 subtil\u0103 \u0219i elegant\u0103 de smarald.<\/p>\n<p>Lentilele Maria Green sunt concepute pentru a face ca ochii verzi sau albastre s\u0103 str\u0103luceasc\u0103 \u00een mod pozitiv, \u00een timp ce par complet naturale. Materialul lor ultra-sub\u021bire din hidrogel se mi\u0219c\u0103 odat\u0103 cu ochii pentru un efect confortabil, nev\u0103zut. \u00cencapsulate cu agen\u021bi hidratan\u021bi de hidratare, acestea sunt respirabile, iar culoarea dureaz\u0103 toat\u0103 ziua f\u0103r\u0103 decolorare sau irita\u021bii.<\/p>\n<p>\u00cen loc de culori care s\u0103 fac\u0103 declara\u021bii, lentilele de contact Maria Green scot \u00een eviden\u021b\u0103 lumina \u0219i c\u0103ldura interioar\u0103 a unei persoane cu un ton verde atr\u0103g\u0103tor, dar discret. Acestea accentueaz\u0103 pigmentul natural, \u00eembun\u0103t\u0103\u021bind \u00een acela\u0219i timp claritatea \u0219i vivacitatea. Ochii sunt \u00een centrul aten\u021biei \u00eentr-un mod care se simte \u00eencrez\u0103tor, dar modest.<\/p>\n<p>Lentilele Maria Green au devenit deosebit de populare \u00een r\u00e2ndul profesioni\u0219tilor care caut\u0103 un aspect \u00eengrijit. Subtilitatea lor le permite purt\u0103torilor s\u0103 se simt\u0103 aranja\u021bi f\u0103r\u0103 a se teme c\u0103 lentilele colorate pot p\u0103rea neprofesionale sau lipsite de credibilitate. Indivizii se simt \u00eemputernici\u021bi s\u0103 arate mai mult\u0103 personalitate la locul de munc\u0103, impun\u00e2nd \u00een acela\u0219i timp respect. Ochii se implic\u0103 \u00een timpul prezent\u0103rilor sau \u00eent\u00e2lnirilor f\u0103r\u0103 a-i intimida pe ceilal\u021bi.<\/p>\n<p>Pentru tipurile creative, lentilele Maria Green au g\u0103sit un public fidel. Arti\u0219ti, interpre\u021bi \u0219i influenceri se bazeaz\u0103 pe ele pentru a radia pasiune \u0219i inspira\u021bie din interior. Ele aduc o concentrare sporit\u0103 asupra personalit\u0103\u021bilor \u00eenfl\u0103c\u0103rate, f\u0103r\u0103 a cere ele \u00eensele prea mult\u0103 aten\u021bie. Ochii, ferestrele sufletului, pot exprima vise \u0219i viziuni \u00eendr\u0103zne\u021be printr-o sp\u0103lare de smarald relaxat.<\/p>\n<p>Lentilele Maria Green se potrivesc cel mai bine cu cei care caut\u0103 o \u00eembun\u0103t\u0103\u021bire natural\u0103, mai degrab\u0103 dec\u00e2t o modificare dramatic\u0103. At\u00e2t studen\u021bii, c\u00e2t \u0219i directorii apreciaz\u0103 capacitatea lor de a eviden\u021bia \u00eencrederea dintr-un loc de autenticitate \u0219i echilibru. Mai degrab\u0103 dec\u00e2t culori \u00eendr\u0103zne\u021be, ele r\u0103sp\u00e2ndesc o c\u0103ldur\u0103 \u0219i o str\u0103lucire care le ridic\u0103 caracterul \u00een orice mediu.<\/p>\n<p>Pentru femeia care dore\u0219te s\u0103 se simt\u0103 confortabil \u00een propria piele, dar \u0219i s\u0103 \u00ee\u0219i accentueze frumuse\u021bea, lentilele Maria Green sunt ideale. Ele celebreaz\u0103 feminitatea dintr-un loc al senin\u0103t\u0103\u021bii interioare, mai degrab\u0103 dec\u00e2t al valid\u0103rii externe. Verdele lor \u00eembr\u0103\u021bi\u0219\u0103tor pune \u00een valoare ochii ca tr\u0103s\u0103tur\u0103 central\u0103, f\u0103r\u0103 a obiectifica purt\u0103toarea lor sau a distrage \u00een mod nefiresc aten\u021bia de la alte daruri naturale.<\/p>\n<p>Dac\u0103 sunte\u021bi \u00een c\u0103utarea unor lentile de contact care s\u0103 v\u0103 pun\u0103 \u00een valoare cele mai bune atribute prin str\u0103lucire subtil\u0103, mai degrab\u0103 dec\u00e2t prin transformare superficial\u0103, Maria Green este pentru dumneavoastr\u0103. Descoperi\u021bi cum ochii verzi pot \u00eensemna cre\u0219tere, re\u00eennoire \u0219i lumina interioar\u0103 care str\u0103luce\u0219te de la privirea din interior spre exterior. L\u0103sa\u021bi lentilele Maria Green s\u0103 v\u0103 aduc\u0103 cel mai adev\u0103rat \u0219i mai vibrant sine s\u0103 str\u0103luceasc\u0103.<\/p>","protected":false},"excerpt":{"rendered":"<p>Finding Your Inner Glow with Maria Green Contact Lenses Maria Green contact lenses are revolutionizing the world of colored contacts by bringing a sense of natural enhancement and inner beauty to the forefront. Where many colored lenses in the past relied on dramatic, unnatural hues, Maria Green focuses on highlighting one&#8217;s natural features with a [&#8230;]\n","protected":false},"featured_media":1303,"comment_status":"open","ping_status":"closed","template":"","meta":[],"product_brand":[],"product_cat":[105,91,77,96,95,98],"product_tag":[354],"class_list":{"0":"post-1297","1":"product","2":"type-product","3":"status-publish","4":"has-post-thumbnail","6":"product_cat-maria","7":"product_cat-14-2-mm","8":"product_cat-green-contact-lenses","9":"product_cat-non-prescription","10":"product_cat-prescription","11":"product_cat-yearly-disposable","12":"product_tag-brown-contact-lenses","14":"first","15":"instock","16":"sale","17":"shipping-taxable","18":"purchasable","19":"product-type-variable","20":"has-default-attributes"},"_links":{"self":[{"href":"https:\/\/bqeye.com\/ro\/wp-json\/wp\/v2\/product\/1297","targetHints":{"allow":["GET"]}}],"collection":[{"href":"https:\/\/bqeye.com\/ro\/wp-json\/wp\/v2\/product"}],"about":[{"href":"https:\/\/bqeye.com\/ro\/wp-json\/wp\/v2\/types\/product"}],"replies":[{"embeddable":true,"href":"https:\/\/bqeye.com\/ro\/wp-json\/wp\/v2\/comments?post=1297"}],"wp:featuredmedia":[{"embeddable":true,"href":"https:\/\/bqeye.com\/ro\/wp-json\/wp\/v2\/media\/1303"}],"wp:attachment":[{"href":"https:\/\/bqeye.com\/ro\/wp-json\/wp\/v2\/media?parent=1297"}],"wp:term":[{"taxonomy":"product_brand","embeddable":true,"href":"https:\/\/bqeye.com\/ro\/wp-json\/wp\/v2\/product_brand?post=1297"},{"taxonomy":"product_cat","embeddable":true,"href":"https:\/\/bqeye.com\/ro\/wp-json\/wp\/v2\/product_cat?post=1297"},{"taxonomy":"product_tag","embeddable":true,"href":"https:\/\/bqeye.com\/ro\/wp-json\/wp\/v2\/product_tag?post=1297"}],"curies":[{"name":"wp","href":"https:\/\/api.w.org\/{rel}","templated":true}]}}