{"id":1304,"date":"2023-12-22T02:23:09","date_gmt":"2023-12-22T02:23:09","guid":{"rendered":"https:\/\/bqeye.com\/?post_type=product&#038;p=1304"},"modified":"2024-04-18T02:19:59","modified_gmt":"2024-04-18T02:19:59","slug":"maria-purple-contact-lenses","status":"publish","type":"product","link":"https:\/\/bqeye.com\/ro\/maria-purple-contact-lenses\/","title":{"rendered":"Lentile de contact Maria Purple"},"content":{"rendered":"<p>G\u0103sirea gra\u021biei interioare cu BQEYE Maria Purple Lenses<\/p>\n<p>Lentilele de contact BQEYE Maria Purple au devenit o op\u021biune pentru cei care caut\u0103 o not\u0103 de sofisticare subtil\u0103. \u00cen timp ce multe lentile colorate se bazeaz\u0103 pe un impact dramatic, Maria Purple pune \u00een valoare frumuse\u021bea prin elegan\u021b\u0103 discret\u0103.<\/p>\n<p>Realizate din formula inovatoare respirabil\u0103 a BQEYE, lentilele Maria Purple sunt concepute pentru un confort suprem \u0219i o fixare a culorii pe tot parcursul zilei. Materialul lor sub\u021bire din hidrogel de silicon se muleaz\u0103 perfect cu ochii pentru a p\u0103rea invizibil, dar intens atr\u0103g\u0103tor pentru ochi. Infuzate cu agen\u021bi de hidratare, acestea nu se vor usca \u0219i nu vor provoca disconfort.<\/p>\n<p>\u00cen loc de purpuriu str\u0103lucitor, Maria Purple reflect\u0103 o nuan\u021b\u0103 delicat\u0103 de gri-lav\u0103n\u021bic\u0103, suficient de vizibil\u0103 pentru a fi observat\u0103. Scoate \u00een eviden\u021b\u0103 ochii ca o tr\u0103s\u0103tur\u0103 captivant\u0103, f\u0103r\u0103 s\u0103 anuleze alte atribute naturale. Purt\u0103toarele se simt lustruite, dar p\u0103streaz\u0103 un farmec abordabil care eman\u0103 din interior.<\/p>\n<p>Lentilele BQEYE \u0219i-au g\u0103sit fani devota\u021bi \u00een r\u00e2ndul tinerilor creativi \u0219i profesioni\u0219ti deopotriv\u0103. Pentru arti\u0219ti \u0219i influenceri, str\u0103lucirea subtil\u0103 a lui Maria Purple transmite mesaje elocvente prin privirea constant\u0103. Ochii angajeaz\u0103 publicul \u00een mod semnificativ \u00een timpul discu\u021biilor sau spectacolelor, f\u0103r\u0103 a solicita ei \u00een\u0219i\u0219i concentrarea.<\/p>\n<p>La locul de munc\u0103, indivizii se simt \u00eemputernici\u021bi s\u0103-\u0219i pun\u0103 \u00een valoare personalitatea prin ochii plini de alur\u0103 regal\u0103. Nuan\u021ba lor flateaz\u0103 ochii, fie c\u0103 este vorba de prezent\u0103ri \u00een sala de consiliu sau de \u00eent\u00e2lniri cu clien\u021bii, f\u0103r\u0103 a denatura percep\u021bia competen\u021bei. Cu Maria Purple, purt\u0103torii eman\u0103 autoritate \u00eenr\u0103d\u0103cinat\u0103 \u00een autenticitate \u0219i gra\u021bie.<\/p>\n<p>Dac\u0103 sunte\u021bi \u00een c\u0103utarea unui accesoriu care s\u0103 v\u0103 \u00eembr\u0103\u021bi\u0219eze cele mai rafinate calit\u0103\u021bi, Maria Purple by BQEYE este f\u0103cut\u0103 pentru dumneavoastr\u0103. Formula lor hr\u0103nitoare \u0219i movul regal activeaz\u0103 o str\u0103lucire interioar\u0103, pun\u00e2nd \u00een valoare tr\u0103s\u0103turile naturale dintr-un loc de echilibru interior. Experimenta\u021bi cum lavanda v\u0103 eviden\u021biaz\u0103 calit\u0103\u021bile magnetice f\u0103r\u0103 distragere sau alterare.<\/p>\n<p>L\u0103sa\u021bi lentilele de contact Maria Purple s\u0103 v\u0103 dezv\u0103luie cea mai elegant\u0103 \u0219i multidimensional\u0103 persoan\u0103. BQEYE crede c\u0103 adev\u0103rata frumuse\u021be eman\u0103 din acceptarea \u0219i accentuarea a ceea ce e\u0219ti - iar lentilele lor dau putere iubirii de sine prin str\u0103lucirea nuan\u021bat\u0103. Descoperi\u021bi cum o sp\u0103lare subtil\u0103 de lavand\u0103 v\u0103 poate aprinde lumina interioar\u0103 \u0219i reflectarea unei \u00eencrederi radiante din interior spre exterior.<\/p>","protected":false},"excerpt":{"rendered":"<p>Finding Your Inner Grace with BQEYE Maria Purple Lenses BQEYE&#8217;s Maria Purple contact lenses have become a go-to for those seeking a touch of subtle sophistication. Where many colored lenses rely on dramatic impact, Maria Purple enhances beauty through understated elegance. Made from BQEYE&#8217;s innovative breathable formula, Maria Purple lenses are designed for supreme comfort [&#8230;]\n","protected":false},"featured_media":1310,"comment_status":"open","ping_status":"closed","template":"","meta":[],"product_brand":[],"product_cat":[105,91,96,95,82,98],"product_tag":[354],"class_list":{"0":"post-1304","1":"product","2":"type-product","3":"status-publish","4":"has-post-thumbnail","6":"product_cat-maria","7":"product_cat-14-2-mm","8":"product_cat-non-prescription","9":"product_cat-prescription","10":"product_cat-purple-contact-lenses","11":"product_cat-yearly-disposable","12":"product_tag-brown-contact-lenses","14":"first","15":"instock","16":"sale","17":"shipping-taxable","18":"purchasable","19":"product-type-variable","20":"has-default-attributes"},"_links":{"self":[{"href":"https:\/\/bqeye.com\/ro\/wp-json\/wp\/v2\/product\/1304","targetHints":{"allow":["GET"]}}],"collection":[{"href":"https:\/\/bqeye.com\/ro\/wp-json\/wp\/v2\/product"}],"about":[{"href":"https:\/\/bqeye.com\/ro\/wp-json\/wp\/v2\/types\/product"}],"replies":[{"embeddable":true,"href":"https:\/\/bqeye.com\/ro\/wp-json\/wp\/v2\/comments?post=1304"}],"wp:featuredmedia":[{"embeddable":true,"href":"https:\/\/bqeye.com\/ro\/wp-json\/wp\/v2\/media\/1310"}],"wp:attachment":[{"href":"https:\/\/bqeye.com\/ro\/wp-json\/wp\/v2\/media?parent=1304"}],"wp:term":[{"taxonomy":"product_brand","embeddable":true,"href":"https:\/\/bqeye.com\/ro\/wp-json\/wp\/v2\/product_brand?post=1304"},{"taxonomy":"product_cat","embeddable":true,"href":"https:\/\/bqeye.com\/ro\/wp-json\/wp\/v2\/product_cat?post=1304"},{"taxonomy":"product_tag","embeddable":true,"href":"https:\/\/bqeye.com\/ro\/wp-json\/wp\/v2\/product_tag?post=1304"}],"curies":[{"name":"wp","href":"https:\/\/api.w.org\/{rel}","templated":true}]}}