{"id":1327,"date":"2023-12-22T03:11:33","date_gmt":"2023-12-22T03:11:33","guid":{"rendered":"https:\/\/bqeye.com\/?post_type=product&#038;p=1327"},"modified":"2024-04-18T02:19:49","modified_gmt":"2024-04-18T02:19:49","slug":"frosty-wonderland-blue-contact-lenses","status":"publish","type":"product","link":"https:\/\/bqeye.com\/ro\/frosty-wonderland-blue-contact-lenses\/","title":{"rendered":"Lentile de contact Frosty Wonderland Blue"},"content":{"rendered":"<h3>Aprinde\u021bi-v\u0103 spiritul de iarn\u0103 cu BQEYE Frosty Wonderland Blues<\/h3>\n<p>Pe m\u0103sur\u0103 ce anotimpurile se transform\u0103 \u00een luni mai reci, BQEYE v\u0103 invit\u0103 s\u0103 v\u0103 lumina\u021bi ochii cu lentilele de contact Frosty Wonderland Blue. F\u0103c\u00e2nd parte din linia lor BZeauty care se adreseaz\u0103 celor care iubesc privirile colorate rotative, aceste lentile vii, dar capricioase, trezesc minunea iernii \u00een interior.<\/p>\n<p>Confec\u021biona\u021bi din formula inovatoare de hidrogel de silicon de la BQEYE, Frosty Wonderland Blues ofer\u0103 un confort suprem, indiferent dac\u0103 sunt purta\u021bi zilnic sau doar pentru festivit\u0103\u021bile de sezon. Materialul lor respirabil se mi\u0219c\u0103 f\u0103r\u0103 efort cu ochii pentru a p\u0103rea invizibil, dar uimitor de fermec\u0103tor la vedere. Infuzate cu agen\u021bi de hidratare, acestea nu se vor usca nici \u00een cele mai reci condi\u021bii meteorologice.<\/p>\n<p>Spre deosebire de albastrii str\u0103lucitori obi\u0219nui\u021bi, lentilele Frosty Wonderland sunt fermecate cu pete de argint str\u0103lucitor care confer\u0103 ochilor o str\u0103lucire cristalin\u0103 \u00eenghe\u021bat\u0103. Rezultatul este un azur animat care aminte\u0219te de fulgii de z\u0103pad\u0103 str\u0103lucitori, de apele glaciare \u0219i de dimine\u021bile \u00eenghe\u021bate. Purt\u0103torii se simt transporta\u021bi \u00een mijlocul magiei naturale a iernii, oriunde \u00eei vor duce aventurile.<\/p>\n<p>Cu Frosty Wonderland Blues, stilul de s\u0103rb\u0103tori nu a fost niciodat\u0103 at\u00e2t de juc\u0103u\u0219 \u0219i festiv. Efectul lor de sclipici animat arunc\u0103 ochii ca ni\u0219te ferestre spre frivolitatea \u0219i \u00eenc\u00e2ntarea din interior. Celibatarii care doresc s\u0103 fac\u0103 impresii de durat\u0103 vor g\u0103si \u00een aceste lentile un accesoriu plin de via\u021b\u0103 pentru o \u00eent\u00e2lnire de sear\u0103, aprinz\u00e2nd conexiuni prin priviri vesele \u0219i pline de spirit.<\/p>\n<p>Pentru familii, lentilele Frosty Wonderland permit \u00eemp\u0103rt\u0103\u0219irea cu cei mici a nostalgiei sezoniere \u0219i a pl\u0103cerilor de sezon. Str\u0103lucirea lor albastr\u0103 animat\u0103 inspir\u0103 imagina\u021bia \u00een mijlocul pove\u0219tilor cu \u00eengera\u0219i de z\u0103pad\u0103, fulgi de z\u0103pad\u0103 \u0219i n\u0103zdr\u0103v\u0103nii \u00een zilele de iarn\u0103. Petrecerile de s\u0103rb\u0103tori \u00eei primesc pe purt\u0103torii care radiaz\u0103 farmecul festiv \u0219i buna dispozi\u021bie prin ochii care str\u0103lucesc cu spiritul iernii.<\/p>\n<p>Dac\u0103 dori\u021bi s\u0103 v\u0103 aprinde\u021bi bucuria copil\u0103reasc\u0103 interioar\u0103 \u00een lunile mai reci, BQEYE's Frosty Wonderland Blues au fost f\u0103cute la comand\u0103 pentru colec\u021bia dumneavoastr\u0103. Tonul lor cyan sclipitor stimuleaz\u0103 viziuni ale t\u0103r\u00e2murilor minunate la \u00eendem\u00e2n\u0103 printr-o schimbare discret\u0103 a lentilelor. Experimenta\u021bi modul \u00een care albastrul sclipitor aprinde fa\u021bete expresive \u00een timpul s\u0103rb\u0103torilor cu cei dragi din apropiere.<\/p>\n<p>\u00cen acest sezon de iarn\u0103, l\u0103sa\u021bi lentilele de contact Frosty Wonderland s\u0103 v\u0103 \u00eensufle\u021beasc\u0103 zilele \u0219i nop\u021bile. BQEYE v\u0103 invit\u0103 s\u0103 descoperi\u021bi deliciile de sezon prin ochii fermec\u0103tori - ferestre c\u0103tre aventuri juc\u0103u\u0219e care a\u0219teapt\u0103 s\u0103 se desf\u0103\u0219oare cu fiecare lentil\u0103 juc\u0103u\u0219\u0103 \u00een parte.<\/p>","protected":false},"excerpt":{"rendered":"<p>Ignite Your Winter Spirit with BQEYE Frosty Wonderland Blues As the seasons turn to chillier months, BQEYE invites you to light up your eyes with their playful Frosty Wonderland Blue contact lenses. Part of their BZeauty line catering to those who love rotating colorful looks, these vivid yet whimsical lenses awaken winter wonder within. Crafted [&#8230;]\n","protected":false},"featured_media":1333,"comment_status":"open","ping_status":"closed","template":"","meta":[],"product_brand":[],"product_cat":[103,91,75,96,95,98],"product_tag":[354],"class_list":{"0":"post-1327","1":"product","2":"type-product","3":"status-publish","4":"has-post-thumbnail","6":"product_cat-love-story","7":"product_cat-14-2-mm","8":"product_cat-blue-contact-lenses","9":"product_cat-non-prescription","10":"product_cat-prescription","11":"product_cat-yearly-disposable","12":"product_tag-brown-contact-lenses","14":"first","15":"instock","16":"sale","17":"shipping-taxable","18":"purchasable","19":"product-type-variable","20":"has-default-attributes"},"_links":{"self":[{"href":"https:\/\/bqeye.com\/ro\/wp-json\/wp\/v2\/product\/1327","targetHints":{"allow":["GET"]}}],"collection":[{"href":"https:\/\/bqeye.com\/ro\/wp-json\/wp\/v2\/product"}],"about":[{"href":"https:\/\/bqeye.com\/ro\/wp-json\/wp\/v2\/types\/product"}],"replies":[{"embeddable":true,"href":"https:\/\/bqeye.com\/ro\/wp-json\/wp\/v2\/comments?post=1327"}],"wp:featuredmedia":[{"embeddable":true,"href":"https:\/\/bqeye.com\/ro\/wp-json\/wp\/v2\/media\/1333"}],"wp:attachment":[{"href":"https:\/\/bqeye.com\/ro\/wp-json\/wp\/v2\/media?parent=1327"}],"wp:term":[{"taxonomy":"product_brand","embeddable":true,"href":"https:\/\/bqeye.com\/ro\/wp-json\/wp\/v2\/product_brand?post=1327"},{"taxonomy":"product_cat","embeddable":true,"href":"https:\/\/bqeye.com\/ro\/wp-json\/wp\/v2\/product_cat?post=1327"},{"taxonomy":"product_tag","embeddable":true,"href":"https:\/\/bqeye.com\/ro\/wp-json\/wp\/v2\/product_tag?post=1327"}],"curies":[{"name":"wp","href":"https:\/\/api.w.org\/{rel}","templated":true}]}}