{"id":1335,"date":"2023-12-22T03:47:10","date_gmt":"2023-12-22T03:47:10","guid":{"rendered":"https:\/\/bqeye.com\/?post_type=product&#038;p=1335"},"modified":"2024-05-03T05:05:01","modified_gmt":"2024-05-03T05:05:01","slug":"frosty-wonderland-brown-contact-lenses","status":"publish","type":"product","link":"https:\/\/bqeye.com\/ro\/frosty-wonderland-brown-contact-lenses\/","title":{"rendered":"Lentile de contact Frosty Wonderland Brown"},"content":{"rendered":"<h3>V\u0103 prezent\u0103m lentilele de contact Frosty Wonderland Brown: Culoarea fermec\u0103toare a ochilor pentru o privire magic\u0103<\/h3>\n<div><\/div>\n<div>Experimenta\u021bi farmecul captivant al farmecului \u00eenghe\u021bat al iernii cu lentilele noastre de contact Frosty Wonderland Brown. Aceste lentile de contact uimitoare sunt concepute pentru a v\u0103 transforma ochii \u00eentr-o nuan\u021b\u0103 hipnotizant\u0103 de maro, care aminte\u0219te de nuan\u021bele calde \u0219i primitoare \u00eent\u00e2lnite \u00eentr-o caban\u0103 de iarn\u0103 confortabil\u0103. Perfecte pentru ocazii speciale, pentru cosplay sau pentru purtarea zilnic\u0103, aceste lentile vor ad\u0103uga o not\u0103 de magie aspectului t\u0103u.<\/div>\n<div><\/div>\n<div>Realizate cu materiale de \u00eenalt\u0103 calitate \u0219i tehnologie avansat\u0103, lentilele noastre de contact Frosty Wonderland Brown au ca prioritate at\u00e2t confortul, c\u00e2t \u0219i atractivitatea vizual\u0103. Lentilele sunt realizate dintr-un material moale, respirabil, care permite trecerea oxigenului, asigur\u00e2ndu-v\u0103 c\u0103 ochii dvs. r\u0103m\u00e2n s\u0103n\u0103to\u0219i \u0219i confortabili pe tot parcursul zilei. Designul ultra-sub\u021bire ofer\u0103 o potrivire natural\u0103, ceea ce le face u\u0219or de purtat \u0219i de \u00eendep\u0103rtat, chiar \u0219i pentru cei care nu au experien\u021b\u0103 \u00een utilizarea lentilelor de contact.<\/div>\n<div><\/div>\n<div>Culoarea maro fermec\u0103toare a acestor lentile este rezultatul unui design meticulos \u0219i al unei aten\u021bii deosebite la detalii. Tonurile bogate \u0219i calde sunt amestecate \u00een mod complicat pentru a crea un aspect natural care pune \u00een valoare frumuse\u021bea ochilor dumneavoastr\u0103. Petele subtile de auriu \u0219i chihlimbar din cadrul nuan\u021bei maro capteaz\u0103 lumina, ad\u0103ug\u00e2nd profunzime \u0219i dimensiune privirii dumneavoastr\u0103, la fel ca str\u0103lucirea z\u0103pezii proasp\u0103t c\u0103zute \u00een soarele de iarn\u0103.<\/div>\n<div><\/div>\n<div>Fie c\u0103 dori\u021bi s\u0103 crea\u021bi un look captivant inspirat de iarn\u0103 pentru un eveniment tematic sau pur \u0219i simplu dori\u021bi s\u0103 v\u0103 \u00eembun\u0103t\u0103\u021bi\u021bi culoarea natural\u0103 a ochilor, lentilele noastre de contact Frosty Wonderland Brown sunt alegerea perfect\u0103. Aceste lentile sunt potrivite pentru o gam\u0103 larg\u0103 de ocazii, de la petreceri costumate \u0219i spectacole de teatru p\u00e2n\u0103 la purtarea zilnic\u0103, permi\u021b\u00e2ndu-v\u0103 s\u0103 \u00eembr\u0103\u021bi\u0219a\u021bi magia iernii ori de c\u00e2te ori dori\u021bi.<\/div>\n<div><\/div>\n<div>Dar nu ne crede\u021bi doar pe cuv\u00e2nt; vede\u021bi ce au de spus clien\u021bii no\u0219tri \u00eenc\u00e2nta\u021bi despre experien\u021ba lor cu aceste lentile de contact. Sophia din New York este \u00eenc\u00e2ntat\u0103: \"Ador lentilele mele de contact Frosty Wonderland Brown! Culoarea este at\u00e2t de bogat\u0103 \u0219i cald\u0103, iar ele sunt incredibil de confortabile de purtat.\" Oliver din Londra adaug\u0103: \"Aceste lentile au devenit punctul meu de referin\u021b\u0103 pentru a crea look-uri \u00eenc\u00e2nt\u0103toare inspirate de iarn\u0103. Nuan\u021ba maro este uimitoare, iar lentilele se simt at\u00e2t de naturale pe ochii mei.\"<\/div>\n<div><\/div>\n<div>Ridica\u021bi-v\u0103 culoarea ochilor \u0219i \u00eembr\u0103\u021bi\u0219a\u021bi farmecul captivant al iernii cu lentilele de contact Frosty Wonderland Brown. Aceste lentile uimitoare combin\u0103 confortul, calitatea \u0219i culoarea hipnotizant\u0103, ceea ce le face s\u0103 fie accesoriul perfect pentru oricine dore\u0219te s\u0103 adauge o not\u0103 de magie aspectului s\u0103u. A\u0219adar, de ce s\u0103 mai a\u0219tepta\u021bi? Cufunda\u021bi-v\u0103 \u00een lumea fermec\u0103toare a nuan\u021belor de maro \u00eenghe\u021bat \u0219i descoperi\u021bi ast\u0103zi puterea de transformare a lentilelor noastre de contact Frosty Wonderland Brown Contact Lenses.<\/div>\n<div><\/div>\n<div>Experimenta\u021bi combina\u021bia perfect\u0103 de confort \u0219i stil magic cu lentilele de contact Frosty Wonderland Brown - alegerea suprem\u0103 pentru cei care doresc s\u0103 captiveze \u0219i s\u0103 \u00eenc\u00e2nte cu ochii lor. Ochii t\u0103i (\u0219i sim\u021bul t\u0103u de mirare) \u00ee\u021bi vor mul\u021bumi!<\/div>","protected":false},"excerpt":{"rendered":"<p>Introducing Frosty Wonderland Brown Contact Lenses: Enchanting Eye Color for a Magical Look Experience the captivating allure of winter&#8217;s frosty charm with our Frosty Wonderland Brown Contact Lenses. These stunning contact lenses are designed to transform your eyes into a mesmerizing shade of brown, reminiscent of the warm, inviting hues found in a cozy winter [&#8230;]\n","protected":false},"featured_media":1573,"comment_status":"open","ping_status":"closed","template":"","meta":[],"product_brand":[],"product_cat":[103,91,80,96,95,98],"product_tag":[354],"class_list":{"0":"post-1335","1":"product","2":"type-product","3":"status-publish","4":"has-post-thumbnail","6":"product_cat-love-story","7":"product_cat-14-2-mm","8":"product_cat-brown-contact-lenses","9":"product_cat-non-prescription","10":"product_cat-prescription","11":"product_cat-yearly-disposable","12":"product_tag-brown-contact-lenses","14":"first","15":"instock","16":"sale","17":"shipping-taxable","18":"purchasable","19":"product-type-variable","20":"has-default-attributes"},"_links":{"self":[{"href":"https:\/\/bqeye.com\/ro\/wp-json\/wp\/v2\/product\/1335","targetHints":{"allow":["GET"]}}],"collection":[{"href":"https:\/\/bqeye.com\/ro\/wp-json\/wp\/v2\/product"}],"about":[{"href":"https:\/\/bqeye.com\/ro\/wp-json\/wp\/v2\/types\/product"}],"replies":[{"embeddable":true,"href":"https:\/\/bqeye.com\/ro\/wp-json\/wp\/v2\/comments?post=1335"}],"wp:featuredmedia":[{"embeddable":true,"href":"https:\/\/bqeye.com\/ro\/wp-json\/wp\/v2\/media\/1573"}],"wp:attachment":[{"href":"https:\/\/bqeye.com\/ro\/wp-json\/wp\/v2\/media?parent=1335"}],"wp:term":[{"taxonomy":"product_brand","embeddable":true,"href":"https:\/\/bqeye.com\/ro\/wp-json\/wp\/v2\/product_brand?post=1335"},{"taxonomy":"product_cat","embeddable":true,"href":"https:\/\/bqeye.com\/ro\/wp-json\/wp\/v2\/product_cat?post=1335"},{"taxonomy":"product_tag","embeddable":true,"href":"https:\/\/bqeye.com\/ro\/wp-json\/wp\/v2\/product_tag?post=1335"}],"curies":[{"name":"wp","href":"https:\/\/api.w.org\/{rel}","templated":true}]}}