{"id":1578,"date":"2024-04-18T02:30:42","date_gmt":"2024-04-18T02:30:42","guid":{"rendered":"https:\/\/bqeye.com\/?post_type=product&#038;p=1578"},"modified":"2024-04-18T03:42:48","modified_gmt":"2024-04-18T03:42:48","slug":"circle-block-black-contact-lenses","status":"publish","type":"product","link":"https:\/\/bqeye.com\/ro\/circle-block-black-contact-lenses\/","title":{"rendered":"Lentile de contact Circle Block Black"},"content":{"rendered":"<h3>Redefine\u0219te-\u021bi ochii, dezv\u0103luie o alur\u0103 extraordinar\u0103 - Lentile de contact BQEYE Circle Block Black<\/h3>\n<div><\/div>\n<div>Fiecare privire, fiecare contact vizual este o conversa\u021bie \u00eentre suflete. Iar ochii t\u0103i sunt protagoni\u0219tii acestui dialog. Acum, l\u0103sa\u021bi lentilele de contact BQEYE Circle Block Black s\u0103 dezl\u0103n\u021buie o transformare revolu\u021bionar\u0103 pentru ochii dvs., interpret\u00e2nd s\u0103lb\u0103ticia \u0219i spiritul liber din dvs. prin intermediul negrului suprem.<\/div>\n<div><\/div>\n<div>Aceste lentile de contact negre au un design inovator Circle Block, cre\u00e2nd un inel negru profund \u0219i de impact \u00een jurul irisului dumneavoastr\u0103 cu modelul negru cu dungi. Privirea ta devine mai atr\u0103g\u0103toare, mai puternic\u0103, eman\u00e2nd un farmec irezistibil, greu de ignorat. Fie c\u0103 este vorba de via\u021ba de zi cu zi, de spectacolele de pe scen\u0103 sau de ocazii speciale, lentilele de contact BQEYE Circle Block Black se asigur\u0103 c\u0103 ve\u021bi deveni centrul aten\u021biei.<\/div>\n<div><\/div>\n<div>\u00cen\u021belegem c\u0103 frumuse\u021bea nu ar trebui s\u0103 vin\u0103 niciodat\u0103 cu pre\u021bul confortului. De aceea, lentilele de contact BQEYE Circle Block Black sunt fabricate cu materiale cu permeabilitate ridicat\u0103 la oxigen, asigur\u00e2nd c\u0103 ochii t\u0103i r\u0103m\u00e2n confortabili chiar \u0219i dup\u0103 o purtare prelungit\u0103. \u00cen plus, modelul nostru DTC (Direct to Consumer) elimin\u0103 intermediarii, permi\u021b\u00e2ndu-ne s\u0103 v\u0103 oferim aceste lentile de contact negre premium la un pre\u021b incredibil de accesibil.<\/div>\n<div><\/div>\n<div>\u00cembr\u0103\u021bi\u0219a\u021bi \u00eencrederea care vine cu lentilele de contact BQEYE Circle Block Black. L\u0103sa\u021bi culoarea neagr\u0103 profund\u0103 \u0219i captivant\u0103 s\u0103 v\u0103 accentueze frumuse\u021bea natural\u0103, f\u0103c\u00e2nd ca ochii s\u0103 par\u0103 mai plini, mai lumino\u0219i \u0219i mai expresivi. Aceste lentile nu sunt doar un accesoriu; ele sunt o extensie a personalit\u0103\u021bii tale unice, o declara\u021bie a atitudinii tale \u00eendr\u0103zne\u021be \u0219i ne\u00eenfricate.<\/div>\n<div><\/div>\n<div>La BQEYE, suntem dedica\u021bi s\u0103 v\u0103 oferim lentile de contact negre de cea mai bun\u0103 calitate, f\u0103r\u0103 a face compromisuri \u00een ceea ce prive\u0219te stilul sau confortul. Fiecare lentil\u0103 este supus\u0103 unor teste riguroase \u0219i unui control riguros al calit\u0103\u021bii pentru a asigura o potrivire perfect\u0103 \u0219i un aspect impecabil. Cu o \u00eengrijire \u0219i o \u00eentre\u021binere corespunz\u0103toare, v\u0103 pute\u021bi bucura de efectele uimitoare ale lentilelor de contact BQEYE Circle Block Black pentru o perioad\u0103 extins\u0103.<\/div>\n<div><\/div>\n<div>P\u0103\u0219e\u0219te \u00eentr-o lume \u00een care ochii t\u0103i vorbesc mai tare dec\u00e2t cuvintele. L\u0103sa\u021bi lentilele de contact BQEYE Circle Block Black s\u0103 fie arma dvs. secret\u0103 pentru a captiva, a \u00eenc\u00e2nta \u0219i a l\u0103sa o impresie de neuitat. \u00cembr\u0103\u021bi\u0219eaz\u0103 puterea negrului \u0219i las\u0103-\u021bi ochii s\u0103 \u00ee\u021bi spun\u0103 povestea.<\/div>\n<div><\/div>\n<div>Experimenta\u021bi ast\u0103zi diferen\u021ba BQEYE. Comanda\u021bi acum lentilele de contact Circle Block Black \u0219i dezl\u0103n\u021bui\u021bi farmecul extraordinar care se afl\u0103 \u00een dumneavoastr\u0103. Ochii dvs. nu merit\u0103 nimic mai pu\u021bin dec\u00e2t ce e mai bun, iar BQEYE este aici pentru a v\u0103 oferi exact asta.<\/div>\n<div><\/div>\n<div>#BlackContactLenses #CircleBlockDesign #EyeFashion #BoldAndFearless #UnleashYourAllure<\/div>","protected":false},"excerpt":{"rendered":"<p>Redefine Your Eyes, Unveil Extraordinary Allure &#8211; BQEYE Circle Block Black Contact Lenses Every glance, every eye contact, is a conversation between souls. And your eyes are the protagonists of this dialogue. Now, let BQEYE Circle Block Black Contact Lenses unleash a revolutionary transformation for your eyes, interpreting the wildness and free spirit within you [&#8230;]\n","protected":false},"featured_media":1585,"comment_status":"open","ping_status":"closed","template":"","meta":[],"product_brand":[],"product_cat":[223,91,73,96,95,98],"product_tag":[354],"class_list":{"0":"post-1578","1":"product","2":"type-product","3":"status-publish","4":"has-post-thumbnail","6":"product_cat-circle-block","7":"product_cat-14-2-mm","8":"product_cat-black-contact-lenses","9":"product_cat-non-prescription","10":"product_cat-prescription","11":"product_cat-yearly-disposable","12":"product_tag-brown-contact-lenses","14":"first","15":"instock","16":"sale","17":"shipping-taxable","18":"purchasable","19":"product-type-variable","20":"has-default-attributes"},"_links":{"self":[{"href":"https:\/\/bqeye.com\/ro\/wp-json\/wp\/v2\/product\/1578","targetHints":{"allow":["GET"]}}],"collection":[{"href":"https:\/\/bqeye.com\/ro\/wp-json\/wp\/v2\/product"}],"about":[{"href":"https:\/\/bqeye.com\/ro\/wp-json\/wp\/v2\/types\/product"}],"replies":[{"embeddable":true,"href":"https:\/\/bqeye.com\/ro\/wp-json\/wp\/v2\/comments?post=1578"}],"wp:featuredmedia":[{"embeddable":true,"href":"https:\/\/bqeye.com\/ro\/wp-json\/wp\/v2\/media\/1585"}],"wp:attachment":[{"href":"https:\/\/bqeye.com\/ro\/wp-json\/wp\/v2\/media?parent=1578"}],"wp:term":[{"taxonomy":"product_brand","embeddable":true,"href":"https:\/\/bqeye.com\/ro\/wp-json\/wp\/v2\/product_brand?post=1578"},{"taxonomy":"product_cat","embeddable":true,"href":"https:\/\/bqeye.com\/ro\/wp-json\/wp\/v2\/product_cat?post=1578"},{"taxonomy":"product_tag","embeddable":true,"href":"https:\/\/bqeye.com\/ro\/wp-json\/wp\/v2\/product_tag?post=1578"}],"curies":[{"name":"wp","href":"https:\/\/api.w.org\/{rel}","templated":true}]}}