{"id":1587,"date":"2024-04-18T03:09:45","date_gmt":"2024-04-18T03:09:45","guid":{"rendered":"https:\/\/bqeye.com\/?post_type=product&#038;p=1587"},"modified":"2024-04-18T03:41:22","modified_gmt":"2024-04-18T03:41:22","slug":"circle-block-white-contact-lenses","status":"publish","type":"product","link":"https:\/\/bqeye.com\/ro\/circle-block-white-contact-lenses\/","title":{"rendered":"Lentile de contact Circle Block White"},"content":{"rendered":"<h3>Ilumina\u021bi-v\u0103 privirea, \u00eembr\u0103\u021bi\u0219a\u021bi elegan\u021ba eteric\u0103 - BQEYE Lentile de contact BQEYE Circle Block White<\/h3>\n<div><\/div>\n<div>\u00centr-o lume \u00een care ochii sunt ferestrele sufletului, lentilele de contact BQEYE Circle Block White v\u0103 ofer\u0103 oportunitatea de a prezenta o privire hipnotizant\u0103 \u0219i enigmatic\u0103. Aceste lentile de contact albe sunt concepute pentru a v\u0103 transforma privirea, ad\u0103ug\u00e2nd ochilor dvs. o not\u0103 de alur\u0103 din alt\u0103 lume.<\/div>\n<div><\/div>\n<div>Designul Circle Block prezint\u0103 un inel alb captivant care v\u0103 \u00eenconjoar\u0103 irisul, cre\u00e2nd un contrast izbitor care atrage aten\u021bia asupra ochilor dumneavoastr\u0103. Rezultatul este o privire misterioas\u0103 \u0219i fermec\u0103toare, care v\u0103 face s\u0103 ie\u0219i\u021bi \u00een eviden\u021b\u0103 \u00een orice mul\u021bime. Fie c\u0103 urm\u0103re\u0219ti o declara\u021bie de mod\u0103 \u00eendr\u0103znea\u021b\u0103 sau cau\u021bi s\u0103 adaugi o not\u0103 unic\u0103 cosplay-ului sau spectacolului t\u0103u de teatru, lentilele de contact BQEYE Circle Block White sunt alegerea perfect\u0103.<\/div>\n<div><\/div>\n<div>Realizate cu o aten\u021bie meticuloas\u0103 la detalii, aceste lentile de contact albe au ca prioritate at\u00e2t stilul, c\u00e2t \u0219i confortul. Materialele de \u00eenalt\u0103 calitate folosite asigur\u0103 o permeabilitate excelent\u0103 a oxigenului, permi\u021b\u00e2nd ochilor dvs. s\u0103 respire liber \u0219i s\u0103 r\u0103m\u00e2n\u0103 confortabili pe tot parcursul zilei. Datorit\u0103 angajamentului BQEYE de a oferi lux la pre\u021buri accesibile prin modelul nostru DTC (Direct to Consumer), pute\u021bi experimenta \u00eentruchiparea modei oculare f\u0103r\u0103 a v\u0103 rupe banca.<\/div>\n<div><\/div>\n<div>C\u00e2nd purta\u021bi lentilele de contact BQEYE Circle Block White, nu doar v\u0103 accesoriza\u021bi, ci \u00eembr\u0103\u021bi\u0219a\u021bi o nou\u0103 personalitate. Nuan\u021ba alb\u0103 eteric\u0103 a acestor lentile are puterea de a-\u021bi transforma aspectul, ad\u0103ug\u00e2nd o not\u0103 de mister \u0219i intrig\u0103 aspectului t\u0103u general. Indiferent dac\u0103 ave\u021bi ochii \u00eentuneca\u021bi sau lumina\u021bi, aceste lentile vor crea un contrast captivant care necesit\u0103 aten\u021bie.<\/div>\n<div><\/div>\n<div>BQEYE \u00een\u021belege c\u0103 calitatea este de cea mai mare importan\u021b\u0103 atunci c\u00e2nd vine vorba de ochii dumneavoastr\u0103. De aceea, fiecare pereche de lentile de contact Circle Block White este supus\u0103 unor m\u0103suri stricte de control al calit\u0103\u021bii pentru a se asigura c\u0103 respect\u0103 standardele noastre \u00eenalte. Cu o \u00eengrijire \u0219i o manipulare corespunz\u0103toare, aceste lentile v\u0103 vor oferi o experien\u021b\u0103 de purtare confortabil\u0103 \u0219i uimitoare, permi\u021b\u00e2ndu-v\u0103 s\u0103 v\u0103 \u00eembr\u0103\u021bi\u0219a\u021bi stilul unic cu \u00eencredere.<\/div>\n<div><\/div>\n<div>P\u0103\u0219e\u0219te pe un t\u0103r\u00e2m al elegan\u021bei eterice cu lentilele de contact BQEYE Circle Block White. Las\u0103-\u021bi ochii s\u0103 devin\u0103 punctul central al privirii tale, captiv\u00e2ndu-i pe cei din jurul t\u0103u cu frumuse\u021bea lor hipnotizant\u0103. Fie c\u0103 merge\u021bi pe strad\u0103, participa\u021bi la un eveniment special sau c\u00e2nta\u021bi pe scen\u0103, aceste lentile de contact albe v\u0103 vor asigura c\u0103 privirea dvs. las\u0103 o impresie de durat\u0103.<\/div>\n<div><\/div>\n<div>Ridica\u021bi-v\u0103 jocul ochilor \u0219i experimenta\u021bi puterea de transformare a lentilelor de contact BQEYE Circle Block White. Comanda\u021bi-le pe ale dvs. ast\u0103zi \u0219i debloca\u021bi o lume de posibilit\u0103\u021bi infinite pentru ochii dvs. \u00cembr\u0103\u021bi\u0219a\u021bi \u00eencrederea, misterul \u0219i farmecul care vine cu o singur\u0103 privire. Las\u0103-\u021bi ochii s\u0103 vorbeasc\u0103 mult \u0219i las\u0103 BQEYE s\u0103 fie partenerul t\u0103u \u00een redefinirea privirii tale.<\/div>\n<div><\/div>\n<div>#WhiteContactLenses #CircleBlockDesign #EtherealElegance #EyeFashion #TransformYourGaze<\/div>\n<div><\/div>","protected":false},"excerpt":{"rendered":"<p>Illuminate Your Gaze, Embrace Ethereal Elegance &#8211; BQEYE Circle Block White Contact Lenses In a world where eyes are the windows to the soul, BQEYE Circle Block White Contact Lenses offer you the opportunity to showcase a mesmerizing and enigmatic gaze. These white contact lenses are designed to transform your look, adding a touch of [&#8230;]\n","protected":false},"featured_media":1590,"comment_status":"open","ping_status":"closed","template":"","meta":[],"product_brand":[],"product_cat":[223,91,96,95,76,98],"product_tag":[357],"class_list":{"0":"post-1587","1":"product","2":"type-product","3":"status-publish","4":"has-post-thumbnail","6":"product_cat-circle-block","7":"product_cat-14-2-mm","8":"product_cat-non-prescription","9":"product_cat-prescription","10":"product_cat-white-contact-lenses","11":"product_cat-yearly-disposable","12":"product_tag-white-contact-lenses","14":"first","15":"instock","16":"sale","17":"shipping-taxable","18":"purchasable","19":"product-type-variable","20":"has-default-attributes"},"_links":{"self":[{"href":"https:\/\/bqeye.com\/ro\/wp-json\/wp\/v2\/product\/1587","targetHints":{"allow":["GET"]}}],"collection":[{"href":"https:\/\/bqeye.com\/ro\/wp-json\/wp\/v2\/product"}],"about":[{"href":"https:\/\/bqeye.com\/ro\/wp-json\/wp\/v2\/types\/product"}],"replies":[{"embeddable":true,"href":"https:\/\/bqeye.com\/ro\/wp-json\/wp\/v2\/comments?post=1587"}],"wp:featuredmedia":[{"embeddable":true,"href":"https:\/\/bqeye.com\/ro\/wp-json\/wp\/v2\/media\/1590"}],"wp:attachment":[{"href":"https:\/\/bqeye.com\/ro\/wp-json\/wp\/v2\/media?parent=1587"}],"wp:term":[{"taxonomy":"product_brand","embeddable":true,"href":"https:\/\/bqeye.com\/ro\/wp-json\/wp\/v2\/product_brand?post=1587"},{"taxonomy":"product_cat","embeddable":true,"href":"https:\/\/bqeye.com\/ro\/wp-json\/wp\/v2\/product_cat?post=1587"},{"taxonomy":"product_tag","embeddable":true,"href":"https:\/\/bqeye.com\/ro\/wp-json\/wp\/v2\/product_tag?post=1587"}],"curies":[{"name":"wp","href":"https:\/\/api.w.org\/{rel}","templated":true}]}}