{"id":1607,"date":"2024-04-19T01:41:10","date_gmt":"2024-04-19T01:41:10","guid":{"rendered":"https:\/\/bqeye.com\/?post_type=product&#038;p=1607"},"modified":"2024-04-19T01:56:03","modified_gmt":"2024-04-19T01:56:03","slug":"wildness-blue-colored-contact-lenses","status":"publish","type":"product","link":"https:\/\/bqeye.com\/ro\/wildness-blue-colored-contact-lenses\/","title":{"rendered":"Lentile de contact colorate Wildness Blue"},"content":{"rendered":"<h3>Scufund\u0103-te \u00een ad\u00e2ncuri hipnotizante cu lentilele de contact colorate BQEYE Wildness Blue<\/h3>\n<div><\/div>\n<div>Preg\u0103ti\u021bi-v\u0103 s\u0103 v\u0103 scufunda\u021bi \u00eentr-o lume de nuan\u021be albastre captivante cu lentilele de contact colorate BQEYE Wildness Blue. Aceste lentile sunt concepute pentru a v\u0103 transforma ochii \u00eentr-o nuan\u021b\u0103 uimitoare de albastru, care aminte\u0219te de apele ad\u00e2nci \u0219i misterioase ale oceanului. Fie c\u0103 dori\u021bi s\u0103 face\u021bi o declara\u021bie de mod\u0103 sau pur \u0219i simplu dori\u021bi s\u0103 v\u0103 \u00eembun\u0103t\u0103\u021bi\u021bi culoarea natural\u0103 a ochilor, aceste lentile sunt alegerea perfect\u0103.<\/div>\n<div><\/div>\n<div>Lentilele de contact colorate Wildness Blue au un amestec unic de tonuri de albastru, cre\u00e2nd un efect multidimensional care imit\u0103 ad\u00e2ncimea \u0219i intensitatea m\u0103rii. Modelul complicat \u0219i pigmentarea acestor lentile asigur\u0103 un aspect uimitor de realist, f\u0103c\u00e2ndu-v\u0103 s\u0103 p\u0103re\u021bi c\u0103 v-a\u021bi n\u0103scut cu aceast\u0103 culoare hipnotizant\u0103 a ochilor.<\/div>\n<div><\/div>\n<div>La BQEYE, acord\u0103m prioritate at\u00e2t stilului, c\u00e2t \u0219i confortului. Lentilele noastre de contact colorate Wildness Blue sunt confec\u021bionate folosind materiale de \u00eenalt\u0103 calitate care permit o permeabilitate optim\u0103 a oxigenului, asigur\u00e2nd c\u0103 ochii dvs. r\u0103m\u00e2n confortabili \u0219i s\u0103n\u0103to\u0219i pe tot parcursul zilei. Cu modelul nostru DTC (Direct to Consumer), elimin\u0103m intermediarii \u0219i v\u0103 aducem aceste lentile premium direct la un pre\u021b accesibil.<\/div>\n<div><\/div>\n<div>Atunci c\u00e2nd purta\u021bi lentile de contact colorate BQEYE Wildness Blue, nu v\u0103 schimba\u021bi doar culoarea ochilor, ci \u00eembr\u0103\u021bi\u0219a\u021bi o nou\u0103 fa\u021bet\u0103 a personalit\u0103\u021bii dumneavoastr\u0103. Nuan\u021bele de albastru evoc\u0103 un sentiment de lini\u0219te, \u00eencredere \u0219i frumuse\u021be ne\u00eembl\u00e2nzit\u0103, permi\u021b\u00e2ndu-v\u0103 s\u0103 v\u0103 exprima\u021bi \u00eentr-un mod care reflect\u0103 cu adev\u0103rat s\u0103lb\u0103ticia voastr\u0103 interioar\u0103. Fie c\u0103 participa\u021bi la un eveniment special, fie c\u0103 participa\u021bi la o \u0219edin\u021b\u0103 foto sau pur \u0219i simplu dori\u021bi s\u0103 v\u0103 impune\u021bi \u00een via\u021ba de zi cu zi, aceste lentile sunt accesoriile perfecte.<\/div>\n<div><\/div>\n<div>BQEYE se angajeaz\u0103 s\u0103 v\u0103 ofere lentile de contact colorate de cea mai bun\u0103 calitate de pe pia\u021b\u0103. Fiecare pereche de lentile de contact colorate Wildness Blue este supus\u0103 unor teste riguroase \u0219i unui control riguros al calit\u0103\u021bii pentru a asigura un aspect impecabil \u0219i o potrivire confortabil\u0103. Cu o \u00eengrijire \u0219i o \u00eentre\u021binere corespunz\u0103toare, v\u0103 pute\u021bi bucura de efectele uimitoare ale acestor lentile pentru o perioad\u0103 \u00eendelungat\u0103, ceea ce le face s\u0103 fie o investi\u021bie valoroas\u0103 \u00een arsenalul dumneavoastr\u0103 de mod\u0103 pentru ochi.<\/div>\n<div><\/div>\n<div>Scufund\u0103-te \u00een ad\u00e2ncurile hipnotizante ale propriilor t\u0103i ochi cu lentilele de contact colorate BQEYE Wildness Blue. Las\u0103-\u021bi ochii s\u0103 devin\u0103 punctul central al privirii tale, captiv\u00e2ndu-i pe cei din jurul t\u0103u cu alura lor intens\u0103 \u0219i misterioas\u0103. Indiferent dac\u0103 ave\u021bi ochii lumino\u0219i sau \u00eentuneca\u021bi, aceste lentile vor crea un contrast izbitor care necesit\u0103 aten\u021bie.<\/div>\n<div><\/div>\n<div>Nu v\u0103 mul\u021bumi\u021bi cu obi\u0219nuitul c\u00e2nd pute\u021bi \u00eembr\u0103\u021bi\u0219a extraordinarul cu lentilele de contact colorate BQEYE Wildness Blue. Comanda\u021bi-le pe ale dvs. ast\u0103zi \u0219i p\u0103\u0219i\u021bi \u00eentr-o lume \u00een care ochii dvs. devin \u00eentruchiparea frumuse\u021bii \u0219i \u00eencrederii ne\u00eembl\u00e2nzite. L\u0103sa\u021bi s\u0103lb\u0103ticia interioar\u0103 s\u0103 fie liber\u0103 \u0219i l\u0103sa\u021bi BQEYE s\u0103 fie partenerul dvs. \u00een redefinirea privirii dvs.<\/div>\n<div><\/div>\n<div>#BlueContactLenses #WildnessDesign #MesmerizingDepths #EyeFashion #UntamedBeauty<\/div>\n<div><\/div>\n<div><\/div>","protected":false},"excerpt":{"rendered":"<p>Dive into Mesmerizing Depths with BQEYE Wildness Blue Colored Contact Lenses Prepare to immerse yourself in a world of captivating blue hues with BQEYE Wildness Blue Colored Contact Lenses. These lenses are designed to transform your eyes into a stunning shade of blue, reminiscent of the deep, mysterious waters of the ocean. Whether you&#8217;re looking [&#8230;]\n","protected":false},"featured_media":1612,"comment_status":"open","ping_status":"closed","template":"","meta":[],"product_brand":[],"product_cat":[358,91,75,96,95,98],"product_tag":[360],"class_list":{"0":"post-1607","1":"product","2":"type-product","3":"status-publish","4":"has-post-thumbnail","6":"product_cat-wildness","7":"product_cat-14-2-mm","8":"product_cat-blue-contact-lenses","9":"product_cat-non-prescription","10":"product_cat-prescription","11":"product_cat-yearly-disposable","12":"product_tag-blue-colored-contact-lenses","14":"first","15":"instock","16":"sale","17":"shipping-taxable","18":"purchasable","19":"product-type-variable","20":"has-default-attributes"},"_links":{"self":[{"href":"https:\/\/bqeye.com\/ro\/wp-json\/wp\/v2\/product\/1607","targetHints":{"allow":["GET"]}}],"collection":[{"href":"https:\/\/bqeye.com\/ro\/wp-json\/wp\/v2\/product"}],"about":[{"href":"https:\/\/bqeye.com\/ro\/wp-json\/wp\/v2\/types\/product"}],"replies":[{"embeddable":true,"href":"https:\/\/bqeye.com\/ro\/wp-json\/wp\/v2\/comments?post=1607"}],"wp:featuredmedia":[{"embeddable":true,"href":"https:\/\/bqeye.com\/ro\/wp-json\/wp\/v2\/media\/1612"}],"wp:attachment":[{"href":"https:\/\/bqeye.com\/ro\/wp-json\/wp\/v2\/media?parent=1607"}],"wp:term":[{"taxonomy":"product_brand","embeddable":true,"href":"https:\/\/bqeye.com\/ro\/wp-json\/wp\/v2\/product_brand?post=1607"},{"taxonomy":"product_cat","embeddable":true,"href":"https:\/\/bqeye.com\/ro\/wp-json\/wp\/v2\/product_cat?post=1607"},{"taxonomy":"product_tag","embeddable":true,"href":"https:\/\/bqeye.com\/ro\/wp-json\/wp\/v2\/product_tag?post=1607"}],"curies":[{"name":"wp","href":"https:\/\/api.w.org\/{rel}","templated":true}]}}