{"id":1633,"date":"2024-04-19T07:12:24","date_gmt":"2024-04-19T07:12:24","guid":{"rendered":"https:\/\/bqeye.com\/?post_type=product&#038;p=1633"},"modified":"2024-05-03T05:04:59","modified_gmt":"2024-05-03T05:04:59","slug":"lucent-grey-colored-contacts","status":"publish","type":"product","link":"https:\/\/bqeye.com\/ro\/lucent-grey-colored-contacts\/","title":{"rendered":"Lentile de contact colorate Lucent Grey"},"content":{"rendered":"<h3>Lumina\u021bi-v\u0103 privirea cu lentilele de contact colorate BQEYE Lucent Grey<\/h3>\n<div><\/div>\n<div>P\u0103\u0219i\u021bi \u00eentr-o lume de o frumuse\u021be fermec\u0103toare cu lentilele de contact colorate BQEYE Lucent Grey. Aceste lentile sunt concepute pentru a v\u0103 transforma ochii \u00eentr-o nuan\u021b\u0103 captivant\u0103 de gri, care aminte\u0219te de str\u0103lucirea eteric\u0103 a unui cer luminat de lun\u0103. Fie c\u0103 dori\u021bi s\u0103 face\u021bi o declara\u021bie de mod\u0103 sau pur \u0219i simplu dori\u021bi s\u0103 v\u0103 \u00eembun\u0103t\u0103\u021bi\u021bi culoarea natural\u0103 a ochilor, aceste lentile sunt alegerea perfect\u0103.<\/div>\n<div><\/div>\n<div>Lentilele de contact colorate Lucent Grey prezint\u0103 un amestec unic de nuan\u021be de gri, cre\u00e2nd un efect multidimensional care imit\u0103 profunzimea \u0219i luminozitatea unui amurg str\u0103lucitor. Modelul \u0219i pigmentarea complex\u0103 a acestor lentile asigur\u0103 un aspect uimitor de realist, f\u0103c\u00e2ndu-v\u0103 s\u0103 p\u0103re\u021bi c\u0103 v-a\u021bi n\u0103scut cu aceast\u0103 culoare \u00eenc\u00e2nt\u0103toare a ochilor.<\/div>\n<div><\/div>\n<div>La BQEYE, acord\u0103m prioritate at\u00e2t stilului, c\u00e2t \u0219i confortului. Lentilele noastre de contact colorate Lucent Grey sunt confec\u021bionate folosind materiale de \u00eenalt\u0103 calitate care permit o permeabilitate optim\u0103 a oxigenului, asigur\u00e2ndu-v\u0103 c\u0103 ochii dvs. r\u0103m\u00e2n confortabili \u0219i s\u0103n\u0103to\u0219i pe tot parcursul zilei. Cu modelul nostru DTC (Direct to Consumer), elimin\u0103m intermediarii \u0219i v\u0103 aducem aceste lentile premium direct la un pre\u021b accesibil.<\/div>\n<div><\/div>\n<div>C\u00e2nd purta\u021bi lentile de contact colorate BQEYE Lucent Grey, nu v\u0103 schimba\u021bi doar culoarea ochilor, ci \u00eembr\u0103\u021bi\u0219a\u021bi o nou\u0103 fa\u021bet\u0103 a personalit\u0103\u021bii dumneavoastr\u0103. Nuan\u021bele de gri evoc\u0103 un sentiment de mister, sofisticare \u0219i alur\u0103 luminoas\u0103, permi\u021b\u00e2ndu-v\u0103 s\u0103 v\u0103 exprima\u021bi \u00eentr-un mod care reflect\u0103 cu adev\u0103rat str\u0103lucirea dumneavoastr\u0103 interioar\u0103. Fie c\u0103 participa\u021bi la un eveniment special, fie c\u0103 participa\u021bi la o \u0219edin\u021b\u0103 foto sau pur \u0219i simplu dori\u021bi s\u0103 v\u0103 impune\u021bi \u00een via\u021ba de zi cu zi, aceste lentile sunt accesoriile perfecte.<\/div>\n<div><\/div>\n<div>BQEYE se angajeaz\u0103 s\u0103 v\u0103 ofere lentile de contact colorate de cea mai bun\u0103 calitate de pe pia\u021b\u0103. Fiecare pereche de lentile de contact colorate Lucent Grey este supus\u0103 unor teste riguroase \u0219i unui control riguros al calit\u0103\u021bii pentru a asigura un aspect impecabil \u0219i o potrivire confortabil\u0103. Cu o \u00eengrijire \u0219i o \u00eentre\u021binere corespunz\u0103toare, v\u0103 pute\u021bi bucura de efectele uimitoare ale acestor lentile pentru o perioad\u0103 \u00eendelungat\u0103, ceea ce le face s\u0103 fie o investi\u021bie valoroas\u0103 \u00een arsenalul dvs. de mod\u0103 pentru ochi.<\/div>\n<div><\/div>\n<div>Lumina\u021bi-v\u0103 privirea \u0219i captiva\u021bi-i pe cei din jurul dumneavoastr\u0103 cu lentilele de contact colorate BQEYE Lucent Grey. L\u0103sa\u021bi ochii s\u0103 devin\u0103 punctul central al privirii dvs., radiind o frumuse\u021be din alt\u0103 lume care necesit\u0103 aten\u021bie. Indiferent dac\u0103 ave\u021bi ochii deschi\u0219i sau \u00eentuneca\u021bi, aceste lentile vor crea un contrast izbitor care v\u0103 va ridica alura natural\u0103.<\/div>\n<div><\/div>\n<div>Nu v\u0103 mul\u021bumi\u021bi cu obi\u0219nuitul c\u00e2nd pute\u021bi \u00eembr\u0103\u021bi\u0219a extraordinarul cu lentilele de contact colorate BQEYE Lucent Grey. Comanda\u021bi-le pe ale dvs. ast\u0103zi \u0219i p\u0103\u0219i\u021bi \u00eentr-o lume \u00een care ochii dvs. devin \u00eentruchiparea frumuse\u021bii luminoase \u0219i a farmecului sofisticat. Las\u0103-\u021bi lumina interioar\u0103 s\u0103 str\u0103luceasc\u0103 \u0219i las\u0103 BQEYE s\u0103 fie partenerul t\u0103u \u00een redefinirea privirii tale.<\/div>\n<div><\/div>\n<div>#GreyColoredContacts #LucentDesign #IlluminateYourGaze #EyeFashion #EtherealBeauty #EtherealBeauty<\/div>","protected":false},"excerpt":{"rendered":"<p>Illuminate Your Gaze with BQEYE Lucent Grey Colored Contacts Step into a world of mesmerizing beauty with BQEYE Lucent Grey Colored Contacts. These lenses are designed to transform your eyes into a captivating shade of grey, reminiscent of the ethereal glow of a moonlit sky. Whether you&#8217;re looking to make a fashion statement or simply [&#8230;]\n","protected":false},"featured_media":1635,"comment_status":"open","ping_status":"closed","template":"","meta":[],"product_brand":[],"product_cat":[363,91,81,96,95,98],"product_tag":[362],"class_list":{"0":"post-1633","1":"product","2":"type-product","3":"status-publish","4":"has-post-thumbnail","6":"product_cat-lucent-series-colored-contact-lenses","7":"product_cat-14-2-mm","8":"product_cat-grey-contact-lenses","9":"product_cat-non-prescription","10":"product_cat-prescription","11":"product_cat-yearly-disposable","12":"product_tag-brown-colored-contact-lenses","14":"first","15":"instock","16":"sale","17":"shipping-taxable","18":"purchasable","19":"product-type-variable","20":"has-default-attributes"},"_links":{"self":[{"href":"https:\/\/bqeye.com\/ro\/wp-json\/wp\/v2\/product\/1633","targetHints":{"allow":["GET"]}}],"collection":[{"href":"https:\/\/bqeye.com\/ro\/wp-json\/wp\/v2\/product"}],"about":[{"href":"https:\/\/bqeye.com\/ro\/wp-json\/wp\/v2\/types\/product"}],"replies":[{"embeddable":true,"href":"https:\/\/bqeye.com\/ro\/wp-json\/wp\/v2\/comments?post=1633"}],"wp:featuredmedia":[{"embeddable":true,"href":"https:\/\/bqeye.com\/ro\/wp-json\/wp\/v2\/media\/1635"}],"wp:attachment":[{"href":"https:\/\/bqeye.com\/ro\/wp-json\/wp\/v2\/media?parent=1633"}],"wp:term":[{"taxonomy":"product_brand","embeddable":true,"href":"https:\/\/bqeye.com\/ro\/wp-json\/wp\/v2\/product_brand?post=1633"},{"taxonomy":"product_cat","embeddable":true,"href":"https:\/\/bqeye.com\/ro\/wp-json\/wp\/v2\/product_cat?post=1633"},{"taxonomy":"product_tag","embeddable":true,"href":"https:\/\/bqeye.com\/ro\/wp-json\/wp\/v2\/product_tag?post=1633"}],"curies":[{"name":"wp","href":"https:\/\/api.w.org\/{rel}","templated":true}]}}