{"id":1663,"date":"2024-04-19T08:07:54","date_gmt":"2024-04-19T08:07:54","guid":{"rendered":"https:\/\/bqeye.com\/?post_type=product&#038;p=1663"},"modified":"2024-04-21T09:23:43","modified_gmt":"2024-04-21T09:23:43","slug":"lucent-sky-blue-colored-contacts","status":"publish","type":"product","link":"https:\/\/bqeye.com\/ro\/lucent-sky-blue-colored-contacts\/","title":{"rendered":"Lentile de contact colorate Lucent Sky Blue"},"content":{"rendered":"<h3>\u00cembr\u0103\u021bi\u0219a\u021bi farmecul eteric al lentilelor de contact colorate BQEYE Lucent Sky Blue<\/h3>\n<div><\/div>\n<div>Ridica\u021bi-v\u0103 privirea la noi \u00een\u0103l\u021bimi cu lentilele de contact colorate BQEYE Lucent Sky Blue. Aceste lentile sunt concepute pentru a v\u0103 transforma ochii \u00eentr-o nuan\u021b\u0103 hipnotizant\u0103 de albastru cer, care aminte\u0219te de frumuse\u021bea clar\u0103 \u0219i luminoas\u0103 a unei zile f\u0103r\u0103 nori. Fie c\u0103 dori\u021bi s\u0103 face\u021bi o declara\u021bie de mod\u0103 sau pur \u0219i simplu dori\u021bi s\u0103 v\u0103 \u00eembun\u0103t\u0103\u021bi\u021bi culoarea natural\u0103 a ochilor, aceste lentile sunt alegerea perfect\u0103.<\/div>\n<div><\/div>\n<div>Lentilele de contact colorate Lucent Sky Blue au un amestec unic de tonuri de albastru, cre\u00e2nd un efect multidimensional care imit\u0103 profunzimea \u0219i vibra\u021bia unui cer senin \u0219i nesf\u00e2r\u0219it. Modelul \u0219i pigmentarea complex\u0103 a acestor lentile asigur\u0103 un aspect uimitor de realist, f\u0103c\u00e2ndu-v\u0103 s\u0103 p\u0103re\u021bi c\u0103 v-a\u021bi n\u0103scut cu aceast\u0103 culoare eteric\u0103 a ochilor.<\/div>\n<div><\/div>\n<div>La BQEYE, acord\u0103m prioritate at\u00e2t stilului, c\u00e2t \u0219i confortului. Lentilele noastre de contact colorate Lucent Sky Blue sunt confec\u021bionate folosind materiale de \u00eenalt\u0103 calitate care permit o permeabilitate optim\u0103 a oxigenului, asigur\u00e2ndu-v\u0103 c\u0103 ochii dvs. r\u0103m\u00e2n confortabili \u0219i s\u0103n\u0103to\u0219i pe tot parcursul zilei. Cu modelul nostru DTC (Direct to Consumer), elimin\u0103m intermediarii \u0219i v\u0103 aducem aceste lentile premium direct la un pre\u021b accesibil.<\/div>\n<div><\/div>\n<div>C\u00e2nd purta\u021bi lentile de contact colorate BQEYE Lucent Sky Blue, nu v\u0103 schimba\u021bi doar culoarea ochilor, ci \u00eembr\u0103\u021bi\u0219a\u021bi o nou\u0103 fa\u021bet\u0103 a personalit\u0103\u021bii dumneavoastr\u0103. Nuan\u021bele de albastru cer evoc\u0103 un sentiment de lini\u0219te, libertate \u0219i farmec luminos, permi\u021b\u00e2ndu-v\u0103 s\u0103 v\u0103 exprima\u021bi \u00eentr-un mod care reflect\u0103 cu adev\u0103rat str\u0103lucirea voastr\u0103 interioar\u0103. Fie c\u0103 participa\u021bi la un eveniment special, fie c\u0103 participa\u021bi la o \u0219edin\u021b\u0103 foto sau pur \u0219i simplu dori\u021bi s\u0103 v\u0103 impune\u021bi \u00een via\u021ba de zi cu zi, aceste lentile sunt accesoriile perfecte.<\/div>\n<div><\/div>\n<div>BQEYE se angajeaz\u0103 s\u0103 v\u0103 ofere lentile de contact colorate de cea mai bun\u0103 calitate de pe pia\u021b\u0103. Fiecare pereche de lentile de contact colorate Lucent Sky Blue este supus\u0103 unor teste riguroase \u0219i unui control riguros al calit\u0103\u021bii pentru a asigura un aspect impecabil \u0219i o potrivire confortabil\u0103. Cu o \u00eengrijire \u0219i o \u00eentre\u021binere corespunz\u0103toare, v\u0103 pute\u021bi bucura de efectele uimitoare ale acestor lentile pentru o perioad\u0103 \u00eendelungat\u0103, ceea ce le face s\u0103 fie o investi\u021bie valoroas\u0103 \u00een arsenalul dvs. de mod\u0103 pentru ochi.<\/div>\n<div><\/div>\n<div>\u00cembr\u0103\u021bi\u0219a\u021bi farmecul eteric al propriilor dvs. ochi cu lentilele de contact colorate BQEYE Lucent Sky Blue. L\u0103sa\u021bi ochii s\u0103 devin\u0103 punctul central al privirii dumneavoastr\u0103, captiv\u00e2ndu-i pe cei din jur cu alura lor luminoas\u0103 \u0219i captivant\u0103. Indiferent dac\u0103 ave\u021bi ochii clari sau \u00eentuneca\u021bi, aceste lentile vor crea un contrast izbitor care v\u0103 va \u00een\u0103l\u021ba frumuse\u021bea natural\u0103.<\/div>\n<div><\/div>\n<div>Nu v\u0103 mul\u021bumi\u021bi cu obi\u0219nuitul c\u00e2nd pute\u021bi \u00eembr\u0103\u021bi\u0219a extraordinarul cu lentilele de contact colorate BQEYE Lucent Sky Blue. Comanda\u021bi-le pe ale dvs. ast\u0103zi \u0219i p\u0103\u0219i\u021bi \u00eentr-o lume \u00een care ochii dvs. devin \u00eentruchiparea frumuse\u021bii luminoase \u0219i a farmecului eteric. Las\u0103-\u021bi str\u0103lucirea interioar\u0103 s\u0103 str\u0103luceasc\u0103 \u0219i las\u0103 BQEYE s\u0103 fie partenerul t\u0103u \u00een redefinirea privirii tale.<\/div>\n<div><\/div>\n<div>#SContacte de culoare albastru-ciel #LucentDesign #EtherealCharm #EyeFashion #LuminousBeauty<\/div>\n<div><\/div>","protected":false},"excerpt":{"rendered":"<p>Embrace the Ethereal Charm of BQEYE Lucent Sky Blue Colored Contacts Elevate your gaze to new heights with BQEYE Lucent Sky Blue Colored Contacts. These lenses are designed to transform your eyes into a mesmerizing shade of sky blue, reminiscent of the clear, luminous beauty of a cloudless day. Whether you&#8217;re looking to make a [&#8230;]\n","protected":false},"featured_media":1680,"comment_status":"open","ping_status":"closed","template":"","meta":[],"product_brand":[],"product_cat":[363,91,75,96,95,98],"product_tag":[366],"class_list":{"0":"post-1663","1":"product","2":"type-product","3":"status-publish","4":"has-post-thumbnail","6":"product_cat-lucent-series-colored-contact-lenses","7":"product_cat-14-2-mm","8":"product_cat-blue-contact-lenses","9":"product_cat-non-prescription","10":"product_cat-prescription","11":"product_cat-yearly-disposable","12":"product_tag-green-colored-contacts","14":"first","15":"instock","16":"sale","17":"shipping-taxable","18":"purchasable","19":"product-type-variable","20":"has-default-attributes"},"_links":{"self":[{"href":"https:\/\/bqeye.com\/ro\/wp-json\/wp\/v2\/product\/1663","targetHints":{"allow":["GET"]}}],"collection":[{"href":"https:\/\/bqeye.com\/ro\/wp-json\/wp\/v2\/product"}],"about":[{"href":"https:\/\/bqeye.com\/ro\/wp-json\/wp\/v2\/types\/product"}],"replies":[{"embeddable":true,"href":"https:\/\/bqeye.com\/ro\/wp-json\/wp\/v2\/comments?post=1663"}],"wp:featuredmedia":[{"embeddable":true,"href":"https:\/\/bqeye.com\/ro\/wp-json\/wp\/v2\/media\/1680"}],"wp:attachment":[{"href":"https:\/\/bqeye.com\/ro\/wp-json\/wp\/v2\/media?parent=1663"}],"wp:term":[{"taxonomy":"product_brand","embeddable":true,"href":"https:\/\/bqeye.com\/ro\/wp-json\/wp\/v2\/product_brand?post=1663"},{"taxonomy":"product_cat","embeddable":true,"href":"https:\/\/bqeye.com\/ro\/wp-json\/wp\/v2\/product_cat?post=1663"},{"taxonomy":"product_tag","embeddable":true,"href":"https:\/\/bqeye.com\/ro\/wp-json\/wp\/v2\/product_tag?post=1663"}],"curies":[{"name":"wp","href":"https:\/\/api.w.org\/{rel}","templated":true}]}}