{"id":1744,"date":"2024-10-30T21:12:36","date_gmt":"2024-10-30T13:12:36","guid":{"rendered":"https:\/\/bqeye.com\/?post_type=product&#038;p=1744"},"modified":"2024-10-30T21:31:07","modified_gmt":"2024-10-30T13:31:07","slug":"wildfire-blue-contact-lenses","status":"publish","type":"product","link":"https:\/\/bqeye.com\/ro\/wildfire-blue-contact-lenses\/","title":{"rendered":"Lentile de contact Wildfire Blue"},"content":{"rendered":"<h1 class=\"md-end-block md-heading\"><span class=\"md-plain md-expand\">Lentile de contact Wildfire Blue - Captiveaz\u0103 cu ad\u00e2ncimile oceanului<\/span><\/h1>\n<p class=\"md-end-block md-p\"><span class=\"md-plain\">Descoperi\u021bi puterea hipnotizant\u0103 a lentilelor de contact Wildfire Blue, unde nuan\u021bele ad\u00e2nci ale oceanului se \u00eent\u00e2lnesc cu tonurile eterice ale cerului pentru a crea o privire fermec\u0103toare care atrage aten\u021bia, men\u021bin\u00e2nd \u00een acela\u0219i timp frumuse\u021bea natural\u0103.<\/span><\/p>\n<h2 class=\"md-end-block md-heading\"><span class=\"md-plain\">\ud83d\udc41\ufe0f Un dans de nuan\u021be albastre<\/span><\/h2>\n<ul class=\"ul-list\" data-mark=\"-\">\n<li class=\"md-list-item\">\n<p class=\"md-end-block md-p\"><span class=\"md-pair-s\"><strong><span class=\"md-plain\">Simfonia culorilor<\/span><\/strong><\/span><span class=\"md-plain\">: <\/span><\/p>\n<ul class=\"ul-list\" data-mark=\"-\">\n<li class=\"md-list-item\">\n<p class=\"md-end-block md-p\"><span class=\"md-plain\">Centrul de safir intens care curge \u00een margini de azur mai deschise<\/span><\/p>\n<\/li>\n<li class=\"md-list-item\">\n<p class=\"md-end-block md-p\"><span class=\"md-plain\">Reflexe cerulean str\u0103lucitoare care capteaz\u0103 lumina frumos<\/span><\/p>\n<\/li>\n<li class=\"md-list-item\">\n<p class=\"md-end-block md-p\"><span class=\"md-plain\">Subtile nuan\u021be marine pentru o profunzime excep\u021bional\u0103<\/span><\/p>\n<\/li>\n<\/ul>\n<\/li>\n<li class=\"md-list-item\">\n<p class=\"md-end-block md-p\"><span class=\"md-pair-s\"><strong><span class=\"md-plain\">Artizanat natural<\/span><\/strong><\/span><span class=\"md-plain\">: <\/span><\/p>\n<ul class=\"ul-list\" data-mark=\"-\">\n<li class=\"md-list-item\">\n<p class=\"md-end-block md-p\"><span class=\"md-plain\">Modelele de culori complicate reflect\u0103 texturile naturale ale irisului<\/span><\/p>\n<\/li>\n<li class=\"md-list-item\">\n<p class=\"md-end-block md-p\"><span class=\"md-plain\">Inelul limbal delicat \u00eembun\u0103t\u0103\u021be\u0219te definirea ochilor<\/span><\/p>\n<\/li>\n<li class=\"md-list-item\">\n<p class=\"md-end-block md-p\"><span class=\"md-plain\">Uimitor at\u00e2t \u00een lumina puternic\u0103 a zilei, c\u00e2t \u0219i \u00een lumina bl\u00e2nd\u0103 de interior<\/span><\/p>\n<\/li>\n<\/ul>\n<\/li>\n<\/ul>\n<h2 class=\"md-end-block md-heading\"><span class=\"md-plain\">\ud83c\udf1f Experimenta\u021bi efectul incendiilor<\/span><\/h2>\n<p class=\"md-end-block md-p\"><span class=\"md-plain\">Aceste lentile creeaz\u0103:<\/span><\/p>\n<ul class=\"ul-list\" data-mark=\"-\">\n<li class=\"md-list-item\">\n<p class=\"md-end-block md-p\"><span class=\"md-plain\">Ochi care se mi\u0219c\u0103 ca valurile oceanului sub lumina soarelui<\/span><\/p>\n<\/li>\n<li class=\"md-list-item\">\n<p class=\"md-end-block md-p\"><span class=\"md-plain\">O profunzime fascinant\u0103 care \u00eei atrage pe ceilal\u021bi<\/span><\/p>\n<\/li>\n<li class=\"md-list-item\">\n<p class=\"md-end-block md-p\"><span class=\"md-plain\">O privire care pare deopotriv\u0103 izbitoare \u0219i natural \u00eembun\u0103t\u0103\u021bit\u0103<\/span><\/p>\n<\/li>\n<li class=\"md-list-item\">\n<p class=\"md-end-block md-p\"><span class=\"md-plain\">Culoare dinamic\u0103 care se adapteaz\u0103 la diferite condi\u021bii de iluminare<\/span><\/p>\n<\/li>\n<li class=\"md-list-item\">\n<p class=\"md-end-block md-p\"><span class=\"md-plain\">Accesoriu versatil care func\u021bioneaz\u0103 de la zi la noapte<\/span><\/p>\n<\/li>\n<\/ul>\n<h2 class=\"md-end-block md-heading\"><span class=\"md-plain\">\ud83d\udcab Perfect pentru orice ocazie<\/span><\/h2>\n<ul class=\"ul-list\" data-mark=\"-\">\n<li class=\"md-list-item\">\n<p class=\"md-end-block md-p\"><span class=\"md-pair-s\"><strong><span class=\"md-plain\">Elegan\u021b\u0103 zilnic\u0103<\/span><\/strong><\/span><span class=\"md-plain\">: Un accesoriu sofisticat pentru purtarea zilnic\u0103<\/span><\/p>\n<\/li>\n<li class=\"md-list-item\">\n<p class=\"md-end-block md-p\"><span class=\"md-pair-s\"><strong><span class=\"md-plain\">Momente speciale<\/span><\/strong><\/span><span class=\"md-plain\">: Crea\u021bi impresii de neuitat<\/span><\/p>\n<\/li>\n<li class=\"md-list-item\">\n<p class=\"md-end-block md-p\"><span class=\"md-pair-s\"><strong><span class=\"md-plain\">Fotografie<\/span><\/strong><\/span><span class=\"md-plain\">: Fotografii uimitoare at\u00e2t color, c\u00e2t \u0219i alb-negru<\/span><\/p>\n<\/li>\n<li class=\"md-list-item\">\n<p class=\"md-end-block md-p\"><span class=\"md-pair-s\"><strong><span class=\"md-plain\">Set\u0103ri profesionale<\/span><\/strong><\/span><span class=\"md-plain\">: \u00cembun\u0103t\u0103\u021bire \u00eencrez\u0103toare, dar adecvat\u0103<\/span><\/p>\n<\/li>\n<li class=\"md-list-item\">\n<p class=\"md-end-block md-p\"><span class=\"md-pair-s\"><strong><span class=\"md-plain\">Evenimente de sear\u0103<\/span><\/strong><\/span><span class=\"md-plain\">: Misterios \u0219i atr\u0103g\u0103tor sub lumin\u0103 slab\u0103<\/span><\/p>\n<\/li>\n<\/ul>\n<h2 class=\"md-end-block md-heading\"><span class=\"md-plain\">\ud83d\udc40 Sfaturi de stil \u0219i frumuse\u021be<\/span><\/h2>\n<ol class=\"ol-list\" start=\"\">\n<li class=\"md-list-item\">\n<p class=\"md-end-block md-p\"><span class=\"md-pair-s\"><strong><span class=\"md-plain\">Machiaj complementar<\/span><\/strong><\/span><span class=\"md-plain\">:<\/span><\/p>\n<ul class=\"ul-list\" data-mark=\"-\">\n<li class=\"md-list-item\">\n<p class=\"md-end-block md-p\"><span class=\"md-plain\">Farduri de ochi argintii \u0219i marine<\/span><\/p>\n<\/li>\n<li class=\"md-list-item\">\n<p class=\"md-end-block md-p\"><span class=\"md-plain\">Eyeliner c\u0103rbune sau albastru \u00eenchis<\/span><\/p>\n<\/li>\n<li class=\"md-list-item\">\n<p class=\"md-end-block md-p\"><span class=\"md-plain\">Eviden\u021biator perlat sau argintiu<\/span><\/p>\n<\/li>\n<li class=\"md-list-item\">\n<p class=\"md-end-block md-p\"><span class=\"md-plain\">Palete de machiaj \u00een tonuri reci<\/span><\/p>\n<\/li>\n<li class=\"md-list-item\">\n<p class=\"md-end-block md-p\"><span class=\"md-plain\">Rimel albastru sau negru<\/span><\/p>\n<\/li>\n<\/ul>\n<\/li>\n<li class=\"md-list-item\">\n<p class=\"md-end-block md-p\"><span class=\"md-pair-s\"><strong><span class=\"md-plain\">Cele mai bune efecte de iluminare<\/span><\/strong><\/span><span class=\"md-plain\">:<\/span><\/p>\n<ul class=\"ul-list\" data-mark=\"-\">\n<li class=\"md-list-item\">\n<p class=\"md-end-block md-p\"><span class=\"md-plain\">Str\u0103luce\u0219te str\u0103lucitor \u00een lumina natural\u0103 a zilei<\/span><\/p>\n<\/li>\n<li class=\"md-list-item\">\n<p class=\"md-end-block md-p\"><span class=\"md-plain\">Creeaz\u0103 o profunzime misterioas\u0103 \u00een decorurile de sear\u0103<\/span><\/p>\n<\/li>\n<li class=\"md-list-item\">\n<p class=\"md-end-block md-p\"><span class=\"md-plain\">Capteaz\u0103 frumos lumina \u00een fotografii<\/span><\/p>\n<\/li>\n<\/ul>\n<\/li>\n<li class=\"md-list-item\">\n<p class=\"md-end-block md-p\"><span class=\"md-pair-s\"><strong><span class=\"md-plain\">Asocieri de stil<\/span><\/strong><\/span><span class=\"md-plain\">:<\/span><\/p>\n<ul class=\"ul-list\" data-mark=\"-\">\n<li class=\"md-list-item\">\n<p class=\"md-end-block md-p\"><span class=\"md-plain\">Str\u0103lucitoare cu haine \u00een tonuri reci<\/span><\/p>\n<\/li>\n<li class=\"md-list-item\">\n<p class=\"md-end-block md-p\"><span class=\"md-plain\">Perfect cu bijuterii din argint<\/span><\/p>\n<\/li>\n<li class=\"md-list-item\">\n<p class=\"md-end-block md-p\"><span class=\"md-plain\">Completeaz\u0103 toate culorile p\u0103rului<\/span><\/p>\n<\/li>\n<li class=\"md-list-item\">\n<p class=\"md-end-block md-p\"><span class=\"md-plain\">Este deosebit de izbitoare cu \u021binutele negre, albe sau marine<\/span><\/p>\n<\/li>\n<\/ul>\n<\/li>\n<li class=\"md-list-item\">\n<p class=\"md-end-block md-p\"><span class=\"md-pair-s\"><strong><span class=\"md-plain\">Aspecte de machiaj<\/span><\/strong><\/span><span class=\"md-plain\">:<\/span><\/p>\n<ul class=\"ul-list\" data-mark=\"-\">\n<li class=\"md-list-item\">\n<p class=\"md-end-block md-p\"><span class=\"md-pair-s\"><strong><span class=\"md-plain\">Ziua natural\u0103<\/span><\/strong><\/span><span class=\"md-plain\">: Umbre u\u0219or str\u0103lucitoare \u0219i contur subtil<\/span><\/p>\n<\/li>\n<li class=\"md-list-item\">\n<p class=\"md-end-block md-p\"><span class=\"md-pair-s\"><strong><span class=\"md-plain\">Dram\u0103 de sear\u0103<\/span><\/strong><\/span><span class=\"md-plain\">: Smokey eye cu accente marine<\/span><\/p>\n<\/li>\n<li class=\"md-list-item\">\n<p class=\"md-end-block md-p\"><span class=\"md-pair-s\"><strong><span class=\"md-plain\">Profesionale<\/span><\/strong><\/span><span class=\"md-plain\">: Liner curat \u0219i fard neutru<\/span><\/p>\n<\/li>\n<li class=\"md-list-item\">\n<p class=\"md-end-block md-p\"><span class=\"md-pair-s\"><strong><span class=\"md-plain\">Glamour<\/span><\/strong><\/span><span class=\"md-plain\">: Umbre metalice \u0219i contur alungit<\/span><\/p>\n<\/li>\n<\/ul>\n<\/li>\n<\/ol>\n<p class=\"md-end-block md-p\"><span class=\"md-plain\">Transforma\u021bi-v\u0103 privirea cu Wildfire Blue - unde puterea ad\u00e2ncurilor oceanului \u00eent\u00e2lne\u0219te str\u0103lucirea cerului senin. Aceste lentile nu v\u0103 schimb\u0103 doar culoarea ochilor; ele creeaz\u0103 o nou\u0103 dimensiune captivant\u0103 a frumuse\u021bii dumneavoastr\u0103 naturale.<\/span><\/p>\n<p class=\"md-end-block md-p md-focus\"><span class=\"md-plain md-expand\">Dori\u021bi sugestii pentru crearea unor look-uri specifice sau sfaturi pentru a profita la maximum de lentilele Wildfire Blue?<\/span><\/p>","protected":false},"excerpt":{"rendered":"<p>Wildfire Blue Contact Lenses &#8211; Captivate with Ocean Depths Discover the mesmerizing power of Wildfire Blue contact lenses, where deep ocean hues meet ethereal sky tones to create an enchanting gaze that commands attention while maintaining natural beauty. \ud83d\udc41\ufe0f A Dance of Blue Hues Color Symphony: Intense sapphire center that flows into lighter azure edges [&#8230;]\n","protected":false},"featured_media":1747,"comment_status":"open","ping_status":"closed","template":"","meta":[],"product_brand":[],"product_cat":[371,90,75,96,95,98],"product_tag":[],"class_list":{"0":"post-1744","1":"product","2":"type-product","3":"status-publish","4":"has-post-thumbnail","6":"product_cat-wildfire","7":"product_cat-14-0-mm","8":"product_cat-blue-contact-lenses","9":"product_cat-non-prescription","10":"product_cat-prescription","11":"product_cat-yearly-disposable","13":"first","14":"instock","15":"sale","16":"shipping-taxable","17":"purchasable","18":"product-type-variable","19":"has-default-attributes"},"_links":{"self":[{"href":"https:\/\/bqeye.com\/ro\/wp-json\/wp\/v2\/product\/1744","targetHints":{"allow":["GET"]}}],"collection":[{"href":"https:\/\/bqeye.com\/ro\/wp-json\/wp\/v2\/product"}],"about":[{"href":"https:\/\/bqeye.com\/ro\/wp-json\/wp\/v2\/types\/product"}],"replies":[{"embeddable":true,"href":"https:\/\/bqeye.com\/ro\/wp-json\/wp\/v2\/comments?post=1744"}],"wp:featuredmedia":[{"embeddable":true,"href":"https:\/\/bqeye.com\/ro\/wp-json\/wp\/v2\/media\/1747"}],"wp:attachment":[{"href":"https:\/\/bqeye.com\/ro\/wp-json\/wp\/v2\/media?parent=1744"}],"wp:term":[{"taxonomy":"product_brand","embeddable":true,"href":"https:\/\/bqeye.com\/ro\/wp-json\/wp\/v2\/product_brand?post=1744"},{"taxonomy":"product_cat","embeddable":true,"href":"https:\/\/bqeye.com\/ro\/wp-json\/wp\/v2\/product_cat?post=1744"},{"taxonomy":"product_tag","embeddable":true,"href":"https:\/\/bqeye.com\/ro\/wp-json\/wp\/v2\/product_tag?post=1744"}],"curies":[{"name":"wp","href":"https:\/\/api.w.org\/{rel}","templated":true}]}}