{"id":1840,"date":"2025-01-02T22:18:23","date_gmt":"2025-01-02T14:18:23","guid":{"rendered":"https:\/\/bqeye.com\/?post_type=product&#038;p=1840"},"modified":"2025-01-02T22:19:48","modified_gmt":"2025-01-02T14:19:48","slug":"queen-of-night-purple-contact-lenses","status":"publish","type":"product","link":"https:\/\/bqeye.com\/ro\/queen-of-night-purple-contact-lenses\/","title":{"rendered":"Queen of Night Lentile de contact violet"},"content":{"rendered":"<h1 class=\"md-end-block md-heading\"><span class=\"md-plain md-expand\">Regina nop\u021bii Lentile de contact violet - Nocturnal Enchantment<\/span><\/h1>\n<p class=\"md-end-block md-p\"><span class=\"md-pair-s\"><em><span class=\"md-plain\">Experimenta\u021bi magia lentilelor violet de noapte - unde \u00eentunericul \u00eent\u00e2lne\u0219te splendoarea regal\u0103<\/span><\/em><\/span><\/p>\n<h2 class=\"md-end-block md-heading\"><span class=\"md-plain\">\ud83d\udc9c Nuan\u021be de noapte<\/span><\/h2>\n<p class=\"md-end-block md-p\"><span class=\"md-pair-s\"><strong><span class=\"md-plain\">Paleta Nocturn\u0103<\/span><\/strong><\/span><span class=\"md-plain\">:<\/span><\/p>\n<ul class=\"ul-list\" data-mark=\"-\">\n<li class=\"md-list-item\">\n<p class=\"md-end-block md-p\"><span class=\"md-plain\">Violet de noapte intens<\/span><\/p>\n<\/li>\n<li class=\"md-list-item\">\n<p class=\"md-end-block md-p\"><span class=\"md-plain\">Reflec\u021bii \u00een lumina stelelor<\/span><\/p>\n<\/li>\n<li class=\"md-list-item\">\n<p class=\"md-end-block md-p\"><span class=\"md-plain\">Tranzi\u021bii mistice<\/span><\/p>\n<\/li>\n<li class=\"md-list-item\">\n<p class=\"md-end-block md-p\"><span class=\"md-plain\">Str\u0103lucire \u00een lumina lunii<\/span><\/p>\n<\/li>\n<li class=\"md-list-item\">\n<p class=\"md-end-block md-p\"><span class=\"md-plain\">Modele celeste<\/span><\/p>\n<\/li>\n<li class=\"md-list-item\">\n<p class=\"md-end-block md-p\"><span class=\"md-plain\">Inel violet de noapte<\/span><\/p>\n<\/li>\n<\/ul>\n<h2 class=\"md-end-block md-heading\"><span class=\"md-plain\">\u2728 Efecte fermecate<\/span><\/h2>\n<p class=\"md-end-block md-p\"><span class=\"md-plain\">Aceste lentile creeaz\u0103:<\/span><\/p>\n<ol class=\"ol-list\" start=\"\">\n<li class=\"md-list-item\">\n<p class=\"md-end-block md-p\"><span class=\"md-pair-s\"><strong><span class=\"md-plain\">Ad\u00e2ncime nocturn\u0103<\/span><\/strong><\/span><\/p>\n<ul class=\"ul-list\" data-mark=\"-\">\n<li class=\"md-list-item\">\n<p class=\"md-end-block md-p\"><span class=\"md-plain\">Str\u0103lucirea luminii stelelor<\/span><\/p>\n<\/li>\n<li class=\"md-list-item\">\n<p class=\"md-end-block md-p\"><span class=\"md-plain\">Str\u0103lucire de lun\u0103<\/span><\/p>\n<\/li>\n<li class=\"md-list-item\">\n<p class=\"md-end-block md-p\"><span class=\"md-plain\">Mister de noapte<\/span><\/p>\n<\/li>\n<li class=\"md-list-item\">\n<p class=\"md-end-block md-p\"><span class=\"md-plain\">Privire \u00eenc\u00e2nt\u0103toare<\/span><\/p>\n<\/li>\n<\/ul>\n<\/li>\n<li class=\"md-list-item\">\n<p class=\"md-end-block md-p\"><span class=\"md-pair-s\"><strong><span class=\"md-plain\">Magia nop\u021bii<\/span><\/strong><\/span><\/p>\n<ul class=\"ul-list\" data-mark=\"-\">\n<li class=\"md-list-item\">\n<p class=\"md-end-block md-p\"><span class=\"md-plain\">Str\u0103lucire celest\u0103<\/span><\/p>\n<\/li>\n<li class=\"md-list-item\">\n<p class=\"md-end-block md-p\"><span class=\"md-plain\">Ad\u00e2ncime mistic\u0103<\/span><\/p>\n<\/li>\n<li class=\"md-list-item\">\n<p class=\"md-end-block md-p\"><span class=\"md-plain\">Aur\u0103 regal\u0103<\/span><\/p>\n<\/li>\n<li class=\"md-list-item\">\n<p class=\"md-end-block md-p\"><span class=\"md-plain\">Farmec nocturn<\/span><\/p>\n<\/li>\n<\/ul>\n<\/li>\n<\/ol>\n<h2 class=\"md-end-block md-heading\"><span class=\"md-plain\">\ud83c\udfa8 Ghid de frumuse\u021be<\/span><\/h2>\n<p class=\"md-end-block md-p\"><span class=\"md-pair-s\"><strong><span class=\"md-plain\">Machiaj Twilight<\/span><\/strong><\/span><span class=\"md-plain\">:<\/span><\/p>\n<ul class=\"ul-list\" data-mark=\"-\">\n<li class=\"md-list-item\">\n<p class=\"md-end-block md-p\"><span class=\"md-plain\">Fard de ochi Starlit<\/span><\/p>\n<\/li>\n<li class=\"md-list-item\">\n<p class=\"md-end-block md-p\"><span class=\"md-plain\">Iluminator lunar<\/span><\/p>\n<\/li>\n<li class=\"md-list-item\">\n<p class=\"md-end-block md-p\"><span class=\"md-plain\">Accente de noapte<\/span><\/p>\n<\/li>\n<li class=\"md-list-item\">\n<p class=\"md-end-block md-p\"><span class=\"md-plain\">Buze mistice<\/span><\/p>\n<\/li>\n<\/ul>\n<p class=\"md-end-block md-p\"><span class=\"md-pair-s\"><strong><span class=\"md-plain\">Styling de noapte<\/span><\/strong><\/span><span class=\"md-plain\">:<\/span><\/p>\n<ul class=\"ul-list\" data-mark=\"-\">\n<li class=\"md-list-item\">\n<p class=\"md-end-block md-p\"><span class=\"md-plain\">Celestial smokey<\/span><\/p>\n<\/li>\n<li class=\"md-list-item\">\n<p class=\"md-end-block md-p\"><span class=\"md-plain\">Sclipici stelar<\/span><\/p>\n<\/li>\n<li class=\"md-list-item\">\n<p class=\"md-end-block md-p\"><span class=\"md-plain\">C\u0103ptu\u0219eal\u0103 ad\u00e2nc\u0103<\/span><\/p>\n<\/li>\n<li class=\"md-list-item\">\n<p class=\"md-end-block md-p\"><span class=\"md-plain\">Luciu de noapte<\/span><\/p>\n<\/li>\n<\/ul>\n<h2 class=\"md-end-block md-heading\"><span class=\"md-plain\">\ud83d\udc57 Stil nocturn<\/span><\/h2>\n<p class=\"md-end-block md-p\"><span class=\"md-pair-s\"><strong><span class=\"md-plain\">Armonii perfecte<\/span><\/strong><\/span><span class=\"md-plain\">:<\/span><\/p>\n<ul class=\"ul-list\" data-mark=\"-\">\n<li class=\"md-list-item\">\n<p class=\"md-end-block md-p\"><span class=\"md-plain\">Violet de noapte<\/span><\/p>\n<\/li>\n<li class=\"md-list-item\">\n<p class=\"md-end-block md-p\"><span class=\"md-plain\">Steaua de argint<\/span><\/p>\n<\/li>\n<li class=\"md-list-item\">\n<p class=\"md-end-block md-p\"><span class=\"md-plain\">Negru intens<\/span><\/p>\n<\/li>\n<li class=\"md-list-item\">\n<p class=\"md-end-block md-p\"><span class=\"md-plain\">Albastru miezul nop\u021bii<\/span><\/p>\n<\/li>\n<\/ul>\n<p class=\"md-end-block md-p\"><span class=\"md-pair-s\"><strong><span class=\"md-plain\">Texturi regale<\/span><\/strong><\/span><span class=\"md-plain\">:<\/span><\/p>\n<ul class=\"ul-list\" data-mark=\"-\">\n<li class=\"md-list-item\">\n<p class=\"md-end-block md-p\"><span class=\"md-plain\">Catifea de noapte<\/span><\/p>\n<\/li>\n<li class=\"md-list-item\">\n<p class=\"md-end-block md-p\"><span class=\"md-plain\">M\u0103tase stea<\/span><\/p>\n<\/li>\n<li class=\"md-list-item\">\n<p class=\"md-end-block md-p\"><span class=\"md-plain\">Dantel\u0103 mistic\u0103<\/span><\/p>\n<\/li>\n<li class=\"md-list-item\">\n<p class=\"md-end-block md-p\"><span class=\"md-plain\">Lun\u0103 satinat\u0103<\/span><\/p>\n<\/li>\n<\/ul>\n<h2 class=\"md-end-block md-heading\"><span class=\"md-plain\">\ud83c\udf1f Ocazii mistice<\/span><\/h2>\n<p class=\"md-end-block md-p\"><span class=\"md-pair-s\"><strong><span class=\"md-plain\">Momente magice<\/span><\/strong><\/span><span class=\"md-plain\">:<\/span><\/p>\n<ul class=\"ul-list\" data-mark=\"-\">\n<li class=\"md-list-item\">\n<p class=\"md-end-block md-p\"><span class=\"md-plain\">Nop\u021bi \u00eenstelate<\/span><\/p>\n<\/li>\n<li class=\"md-list-item\">\n<p class=\"md-end-block md-p\"><span class=\"md-plain\">Bile de noapte<\/span><\/p>\n<\/li>\n<li class=\"md-list-item\">\n<p class=\"md-end-block md-p\"><span class=\"md-plain\">Festivaluri mistice<\/span><\/p>\n<\/li>\n<li class=\"md-list-item\">\n<p class=\"md-end-block md-p\"><span class=\"md-plain\">Ceremonii lunare<\/span><\/p>\n<\/li>\n<\/ul>\n<p class=\"md-end-block md-p\"><span class=\"md-pair-s\"><strong><span class=\"md-plain\">Timpuri pre\u021bioase<\/span><\/strong><\/span><span class=\"md-plain\">:<\/span><\/p>\n<ul class=\"ul-list\" data-mark=\"-\">\n<li class=\"md-list-item\">\n<p class=\"md-end-block md-p\"><span class=\"md-plain\">Nop\u021bi fermecate<\/span><\/p>\n<\/li>\n<li class=\"md-list-item\">\n<p class=\"md-end-block md-p\"><span class=\"md-plain\">Gale celeste<\/span><\/p>\n<\/li>\n<li class=\"md-list-item\">\n<p class=\"md-end-block md-p\"><span class=\"md-plain\">S\u0103rb\u0103tori de noapte<\/span><\/p>\n<\/li>\n<li class=\"md-list-item\">\n<p class=\"md-end-block md-p\"><span class=\"md-plain\">Momente magice<\/span><\/p>\n<\/li>\n<\/ul>\n<h2 class=\"md-end-block md-heading\"><span class=\"md-plain\">\ud83c\udf80 Perechi perfecte<\/span><\/h2>\n<ol class=\"ol-list\" start=\"\">\n<li class=\"md-list-item\">\n<p class=\"md-end-block md-p\"><span class=\"md-pair-s\"><strong><span class=\"md-plain\">Elegan\u021b\u0103 de noapte<\/span><\/strong><\/span><span class=\"md-plain\">:<\/span><\/p>\n<ul class=\"ul-list\" data-mark=\"-\">\n<li class=\"md-list-item\">\n<p class=\"md-end-block md-p\"><span class=\"md-plain\">Rochii stea<\/span><\/p>\n<\/li>\n<li class=\"md-list-item\">\n<p class=\"md-end-block md-p\"><span class=\"md-plain\">Topuri mistice<\/span><\/p>\n<\/li>\n<li class=\"md-list-item\">\n<p class=\"md-end-block md-p\"><span class=\"md-plain\">Fuste lunare<\/span><\/p>\n<\/li>\n<li class=\"md-list-item\">\n<p class=\"md-end-block md-p\"><span class=\"md-plain\">Accesorii celestiale<\/span><\/p>\n<\/li>\n<\/ul>\n<\/li>\n<li class=\"md-list-item\">\n<p class=\"md-end-block md-p\"><span class=\"md-pair-s\"><strong><span class=\"md-plain\">Splendoarea nop\u021bii<\/span><\/strong><\/span><span class=\"md-plain\">:<\/span><\/p>\n<ul class=\"ul-list\" data-mark=\"-\">\n<li class=\"md-list-item\">\n<p class=\"md-end-block md-p\"><span class=\"md-plain\">\u021ainute de noapte<\/span><\/p>\n<\/li>\n<li class=\"md-list-item\">\n<p class=\"md-end-block md-p\"><span class=\"md-plain\">Dantel\u0103 stea<\/span><\/p>\n<\/li>\n<li class=\"md-list-item\">\n<p class=\"md-end-block md-p\"><span class=\"md-plain\">Modele mistice<\/span><\/p>\n<\/li>\n<li class=\"md-list-item\">\n<p class=\"md-end-block md-p\"><span class=\"md-plain\">Detalii argint<\/span><\/p>\n<\/li>\n<\/ul>\n<\/li>\n<\/ol>\n<h2 class=\"md-end-block md-heading\"><span class=\"md-plain\">\ud83d\udc8e Accesorii nocturne<\/span><\/h2>\n<p class=\"md-end-block md-p\"><span class=\"md-pair-s\"><strong><span class=\"md-plain\">Ghid de bijuterii<\/span><\/strong><\/span><span class=\"md-plain\">:<\/span><\/p>\n<ul class=\"ul-list\" data-mark=\"-\">\n<li class=\"md-list-item\">\n<p class=\"md-end-block md-p\"><span class=\"md-plain\">Cristale de noapte<\/span><\/p>\n<\/li>\n<li class=\"md-list-item\">\n<p class=\"md-end-block md-p\"><span class=\"md-plain\">Luna de argint<\/span><\/p>\n<\/li>\n<li class=\"md-list-item\">\n<p class=\"md-end-block md-p\"><span class=\"md-plain\">Lan\u021buri de stele<\/span><\/p>\n<\/li>\n<li class=\"md-list-item\">\n<p class=\"md-end-block md-p\"><span class=\"md-plain\">Pandantive mistice<\/span><\/p>\n<\/li>\n<\/ul>\n<p class=\"md-end-block md-p\"><span class=\"md-pair-s\"><strong><span class=\"md-plain\">P\u0103r regal<\/span><\/strong><\/span><span class=\"md-plain\">:<\/span><\/p>\n<ul class=\"ul-list\" data-mark=\"-\">\n<li class=\"md-list-item\">\n<p class=\"md-end-block md-p\"><span class=\"md-plain\">Bucle de noapte<\/span><\/p>\n<\/li>\n<li class=\"md-list-item\">\n<p class=\"md-end-block md-p\"><span class=\"md-plain\">Coafuri de stele<\/span><\/p>\n<\/li>\n<li class=\"md-list-item\">\n<p class=\"md-end-block md-p\"><span class=\"md-plain\">\u00cempletituri mistice<\/span><\/p>\n<\/li>\n<li class=\"md-list-item\">\n<p class=\"md-end-block md-p\"><span class=\"md-plain\">Accesorii pentru lun\u0103<\/span><\/p>\n<\/li>\n<\/ul>\n<h2 class=\"md-end-block md-heading\"><span class=\"md-plain\">\u2b50 Beneficii mistice<\/span><\/h2>\n<p class=\"md-end-block md-p\"><span class=\"md-pair-s\"><strong><span class=\"md-plain\">Efecte vizuale<\/span><\/strong><\/span><span class=\"md-plain\">:<\/span><\/p>\n<ul class=\"ul-list\" data-mark=\"-\">\n<li class=\"md-list-item\">\n<p class=\"md-end-block md-p\"><span class=\"md-plain\">Privirea de noapte<\/span><\/p>\n<\/li>\n<li class=\"md-list-item\">\n<p class=\"md-end-block md-p\"><span class=\"md-plain\">Expresie mistic\u0103<\/span><\/p>\n<\/li>\n<li class=\"md-list-item\">\n<p class=\"md-end-block md-p\"><span class=\"md-plain\">Ad\u00e2ncime celest\u0103<\/span><\/p>\n<\/li>\n<li class=\"md-list-item\">\n<p class=\"md-end-block md-p\"><span class=\"md-plain\">Farmecul lunii<\/span><\/p>\n<\/li>\n<\/ul>\n<p class=\"md-end-block md-p\"><span class=\"md-pair-s\"><strong><span class=\"md-plain\">Confort regal<\/span><\/strong><\/span><span class=\"md-plain\">:<\/span><\/p>\n<ul class=\"ul-list\" data-mark=\"-\">\n<li class=\"md-list-item\">\n<p class=\"md-end-block md-p\"><span class=\"md-plain\">Senza\u021bie de catifea<\/span><\/p>\n<\/li>\n<li class=\"md-list-item\">\n<p class=\"md-end-block md-p\"><span class=\"md-plain\">Uzur\u0103 u\u0219oar\u0103<\/span><\/p>\n<\/li>\n<li class=\"md-list-item\">\n<p class=\"md-end-block md-p\"><span class=\"md-plain\">Potrivire perfect\u0103<\/span><\/p>\n<\/li>\n<li class=\"md-list-item\">\n<p class=\"md-end-block md-p\"><span class=\"md-plain\">Moliciune durabil\u0103<\/span><\/p>\n<\/li>\n<\/ul>\n<h2 class=\"md-end-block md-heading\"><span class=\"md-plain\">\ud83d\udd2e \u00cengrijire de noapte<\/span><\/h2>\n<p class=\"md-end-block md-p\"><span class=\"md-pair-s\"><strong><span class=\"md-plain\">\u00cengrijire mistic\u0103<\/span><\/strong><\/span><span class=\"md-plain\">:<\/span><\/p>\n<ul class=\"ul-list\" data-mark=\"-\">\n<li class=\"md-list-item\">\n<p class=\"md-end-block md-p\"><span class=\"md-plain\">Cur\u0103\u021bare delicat\u0103<\/span><\/p>\n<\/li>\n<li class=\"md-list-item\">\n<p class=\"md-end-block md-p\"><span class=\"md-plain\">Depozitare \u00een siguran\u021b\u0103<\/span><\/p>\n<\/li>\n<li class=\"md-list-item\">\n<p class=\"md-end-block md-p\"><span class=\"md-plain\">Manipulare delicat\u0103<\/span><\/p>\n<\/li>\n<li class=\"md-list-item\">\n<p class=\"md-end-block md-p\"><span class=\"md-plain\">Protec\u021bie de noapte<\/span><\/p>\n<\/li>\n<\/ul>\n<p class=\"md-end-block md-p\"><span class=\"md-plain\">Dori\u021bi informa\u021bii detaliate despre:<\/span><\/p>\n<ul class=\"ul-list\" data-mark=\"-\">\n<li class=\"md-list-item\">\n<p class=\"md-end-block md-p\"><span class=\"md-plain\">Machiaj de noapte?<\/span><\/p>\n<\/li>\n<li class=\"md-list-item\">\n<p class=\"md-end-block md-p\"><span class=\"md-plain\">Stiluri mistice?<\/span><\/p>\n<\/li>\n<li class=\"md-list-item\">\n<p class=\"md-end-block md-p\"><span class=\"md-plain\">\u00cengrijire delicat\u0103?<\/span><\/p>\n<\/li>\n<li class=\"md-list-item\">\n<p class=\"md-end-block md-p\"><span class=\"md-plain\">Ocazii celestiale?<\/span><\/p>\n<\/li>\n<\/ul>\n<p class=\"md-end-block md-p md-focus\"><span class=\"md-pair-s md-expand\"><em><span class=\"md-plain\">Cuvinte cheie: lentile de noapte, lentile de noapte mov, lentile mistice, ochi cere\u0219ti, lentile regale, lentile lunare, lentile de contact de culoare mov, lentile de contact de noapte, ochi de culoare mistic\u0103, lentile de noapte mov<\/span><\/em><\/span><\/p>","protected":false},"excerpt":{"rendered":"<p>Queen of Night Purple Contact Lenses &#8211; Nocturnal Enchantment Experience the magic of night purple lenses &#8211; where darkness meets royal splendor \ud83d\udc9c Night Nuances Nocturnal Palette: Deep night purple Starlit reflections Mystical transitions Moonlight shimmer Celestial patterns Night violet ring \u2728 Enchanted Effects These lenses create: Nocturnal Depth Starlight radiance Moon shimmer Night mystery [&#8230;]\n","protected":false},"featured_media":1842,"comment_status":"open","ping_status":"closed","template":"","meta":[],"product_brand":[],"product_cat":[82,90,188,98],"product_tag":[378],"class_list":{"0":"post-1840","1":"product","2":"type-product","3":"status-publish","4":"has-post-thumbnail","6":"product_cat-purple-contact-lenses","7":"product_cat-14-0-mm","8":"product_cat-dream-contacts","9":"product_cat-yearly-disposable","10":"product_tag-pink-contact-lenses","12":"first","13":"instock","14":"sale","15":"shipping-taxable","16":"purchasable","17":"product-type-variable","18":"has-default-attributes"},"_links":{"self":[{"href":"https:\/\/bqeye.com\/ro\/wp-json\/wp\/v2\/product\/1840","targetHints":{"allow":["GET"]}}],"collection":[{"href":"https:\/\/bqeye.com\/ro\/wp-json\/wp\/v2\/product"}],"about":[{"href":"https:\/\/bqeye.com\/ro\/wp-json\/wp\/v2\/types\/product"}],"replies":[{"embeddable":true,"href":"https:\/\/bqeye.com\/ro\/wp-json\/wp\/v2\/comments?post=1840"}],"wp:featuredmedia":[{"embeddable":true,"href":"https:\/\/bqeye.com\/ro\/wp-json\/wp\/v2\/media\/1842"}],"wp:attachment":[{"href":"https:\/\/bqeye.com\/ro\/wp-json\/wp\/v2\/media?parent=1840"}],"wp:term":[{"taxonomy":"product_brand","embeddable":true,"href":"https:\/\/bqeye.com\/ro\/wp-json\/wp\/v2\/product_brand?post=1840"},{"taxonomy":"product_cat","embeddable":true,"href":"https:\/\/bqeye.com\/ro\/wp-json\/wp\/v2\/product_cat?post=1840"},{"taxonomy":"product_tag","embeddable":true,"href":"https:\/\/bqeye.com\/ro\/wp-json\/wp\/v2\/product_tag?post=1840"}],"curies":[{"name":"wp","href":"https:\/\/api.w.org\/{rel}","templated":true}]}}