{"id":1909,"date":"2025-01-04T17:06:36","date_gmt":"2025-01-04T09:06:36","guid":{"rendered":"https:\/\/bqeye.com\/?post_type=product&#038;p=1909"},"modified":"2025-01-04T17:07:55","modified_gmt":"2025-01-04T09:07:55","slug":"dover-crystal-light-blue-contact-lenses","status":"publish","type":"product","link":"https:\/\/bqeye.com\/ro\/dover-crystal-light-blue-contact-lenses\/","title":{"rendered":"Lentile de contact Dover Crystal albastru deschis"},"content":{"rendered":"<h1 class=\"md-end-block md-heading\"><span class=\"md-plain md-expand\">Lentile de contact Dover Crystal Light Blue | Elegan\u021b\u0103 \u00eenc\u00e2nt\u0103toare White Cliffs \ud83c\udf0a<\/span><\/h1>\n<h2 class=\"md-end-block md-heading\"><span class=\"md-plain\">Inspira\u021bia Dover<\/span><\/h2>\n<p class=\"md-end-block md-p\"><span class=\"md-plain\">Lentilele noastre de contact albastru deschis capteaz\u0103 esen\u021ba hipnotizant\u0103 a splendorii de coast\u0103 a Doverului. Fiecare pereche de lentile albastru deschis reflect\u0103 nuan\u021bele eterice unde Canalul M\u00e2necii \u00eent\u00e2lne\u0219te st\u00e2ncile albe iconice. Aceste lentile de contact albastru deschis de cristal \u00eentruchipeaz\u0103 culorile mereu schimb\u0103toare ale apelor din Dover - de la azurul pal al dimine\u021bii la cyanul str\u0103lucitor al dup\u0103-amiezii. Inspir\u00e2ndu-se din cea mai faimoas\u0103 linie de coast\u0103 a Marii Britanii, aceste lentile de contact albastru deschis reflect\u0103 jocul magic al luminii soarelui pe m\u0103rile din Dover, unde apele cristaline danseaz\u0103 sub st\u00e2ncile albe ca creta, cre\u00e2nd o palet\u0103 \u00eenc\u00e2nt\u0103toare de tonuri de albastru deschis care se schimb\u0103 cu fiecare privire.<\/span><\/p>\n<h2 class=\"md-end-block md-heading\"><span class=\"md-plain\">Recenzii Influencer \u2b50\ufe0f<\/span><\/h2>\n<p class=\"md-end-block md-p\"><span class=\"md-plain\">@BritishBeauty (1,7 milioane de urm\u0103ritori)<\/span> <span class=\"md-plain\">\"Aceste contacte albastru deschis surprind perfect magia de coast\u0103 a ora\u0219ului Dover! #BritishCoast\"<\/span><\/p>\n<p class=\"md-end-block md-p\"><span class=\"md-plain\">@StyleQueen (1.3M urm\u0103ritori)<\/span> <span class=\"md-plain\">\"Cele mai naturale lentile albastru deschis pe care le-am purtat vreodat\u0103. Farmec pur englezesc! \ud83d\udc99\"<\/span><\/p>\n<p class=\"md-end-block md-p\"><span class=\"md-plain\">@BeautyEditor (950K urm\u0103ritori)<\/span> <span class=\"md-plain\">\"Aceste lentile de contact albastru cristal sunt pur \u0219i simplu uimitoare - la fel ca apele din Dover!\"<\/span><\/p>\n<h2 class=\"md-end-block md-heading\"><span class=\"md-plain\">Recenzii ale clien\u021bilor \ud83d\udc9d<\/span><\/h2>\n<p class=\"md-end-block md-p\"><span class=\"md-plain\">Elizabeth M. \u2b50\ufe0f\u2b50\ufe0f\u2b50\ufe0f\u2b50\ufe0f\u2b50\ufe0f<\/span> <span class=\"md-plain\">\"Aceste lentile albastru deschis \u00eemi transform\u0103 ochii \u00een pietre pre\u021bioase de coast\u0103.\"<\/span><\/p>\n<p class=\"md-end-block md-p\"><span class=\"md-plain\">James L. \u2b50\ufe0f\u2b50\ufe0f\u2b50\ufe0f\u2b50\ufe0f\u2b50\ufe0f<\/span> <span class=\"md-plain\">\"Incredibil de confortabil, cu nuan\u021ba perfect\u0103 de albastru deschis.\"<\/span><\/p>\n<p class=\"md-end-block md-p\"><span class=\"md-plain\">Sarah B. \u2b50\ufe0f\u2b50\ufe0f\u2b50\ufe0f\u2b50\ufe0f\u2b50\ufe0f<\/span> <span class=\"md-plain\">\"\u00cemi place cum aceste lentile de contact din cristal \u00eemi \u00eembun\u0103t\u0103\u021besc culoarea natural\u0103 a ochilor.\"<\/span><\/p>\n<h2 class=\"md-end-block md-heading\"><span class=\"md-plain\">Ocazii perfecte \u0219i machiaj \ud83d\udc84<\/span><\/h2>\n<h3 class=\"md-end-block md-heading\"><span class=\"md-plain\">Ideal pentru<\/span><\/h3>\n<ul class=\"ul-list\" data-mark=\"-\">\n<li class=\"md-list-item\">\n<p class=\"md-end-block md-p\"><span class=\"md-plain\">Nun\u021bi de coast\u0103<\/span><\/p>\n<\/li>\n<li class=\"md-list-item\">\n<p class=\"md-end-block md-p\"><span class=\"md-plain\">Petreceri \u00een gr\u0103din\u0103<\/span><\/p>\n<\/li>\n<li class=\"md-list-item\">\n<p class=\"md-end-block md-p\"><span class=\"md-plain\">Fotografii profesionale<\/span><\/p>\n<\/li>\n<li class=\"md-list-item\">\n<p class=\"md-end-block md-p\"><span class=\"md-plain\">Ocazii speciale<\/span><\/p>\n<\/li>\n<li class=\"md-list-item\">\n<p class=\"md-end-block md-p\"><span class=\"md-plain\">Uzur\u0103 zilnic\u0103<\/span><\/p>\n<\/li>\n<\/ul>\n<h3 class=\"md-end-block md-heading\"><span class=\"md-plain\">Machiaj complementar<\/span><\/h3>\n<ul class=\"ul-list\" data-mark=\"-\">\n<li class=\"md-list-item\">\n<p class=\"md-end-block md-p\"><span class=\"md-plain\">Farduri de ochi perlate<\/span><\/p>\n<\/li>\n<li class=\"md-list-item\">\n<p class=\"md-end-block md-p\"><span class=\"md-plain\">Eviden\u021bator \u0219ampanie<\/span><\/p>\n<\/li>\n<li class=\"md-list-item\">\n<p class=\"md-end-block md-p\"><span class=\"md-plain\">Rimel marin<\/span><\/p>\n<\/li>\n<li class=\"md-list-item\">\n<p class=\"md-end-block md-p\"><span class=\"md-plain\">Liner maro moale<\/span><\/p>\n<\/li>\n<li class=\"md-list-item\">\n<p class=\"md-end-block md-p\"><span class=\"md-plain\">Luciu natural<\/span><\/p>\n<\/li>\n<\/ul>\n<h2 class=\"md-end-block md-heading\"><span class=\"md-plain\">Ghid de stil \ud83d\udc57<\/span><\/h2>\n<h3 class=\"md-end-block md-heading\"><span class=\"md-plain\">Perechi perfecte<\/span><\/h3>\n<ul class=\"ul-list\" data-mark=\"-\">\n<li class=\"md-list-item\">\n<p class=\"md-end-block md-p\"><span class=\"md-plain\">Alb de coast\u0103<\/span><\/p>\n<\/li>\n<li class=\"md-list-item\">\n<p class=\"md-end-block md-p\"><span class=\"md-plain\">Albastru marin<\/span><\/p>\n<\/li>\n<li class=\"md-list-item\">\n<p class=\"md-end-block md-p\"><span class=\"md-plain\">Bej nisip<\/span><\/p>\n<\/li>\n<li class=\"md-list-item\">\n<p class=\"md-end-block md-p\"><span class=\"md-plain\">Cliff gri<\/span><\/p>\n<\/li>\n<li class=\"md-list-item\">\n<p class=\"md-end-block md-p\"><span class=\"md-plain\">Verde spum\u0103 de mare<\/span><\/p>\n<\/li>\n<\/ul>\n<h3 class=\"md-end-block md-heading\"><span class=\"md-plain\">Accesorii<\/span><\/h3>\n<ul class=\"ul-list\" data-mark=\"-\">\n<li class=\"md-list-item\">\n<p class=\"md-end-block md-p\"><span class=\"md-plain\">Bijuterii cu perle<\/span><\/p>\n<\/li>\n<li class=\"md-list-item\">\n<p class=\"md-end-block md-p\"><span class=\"md-plain\">Accente argintii<\/span><\/p>\n<\/li>\n<li class=\"md-list-item\">\n<p class=\"md-end-block md-p\"><span class=\"md-plain\">E\u0219arfe de m\u0103tase<\/span><\/p>\n<\/li>\n<li class=\"md-list-item\">\n<p class=\"md-end-block md-p\"><span class=\"md-plain\">Pietre naturale<\/span><\/p>\n<\/li>\n<li class=\"md-list-item\">\n<p class=\"md-end-block md-p\"><span class=\"md-plain\">Detalii maritime<\/span><\/p>\n<\/li>\n<\/ul>\n<h2 class=\"md-end-block md-heading\"><span class=\"md-plain\">Siguran\u021b\u0103 \u0219i confort<\/span><\/h2>\n<p class=\"md-end-block md-p\"><span class=\"md-plain\">Lentilele noastre de contact albastru deschis sunt certificate CE \u0219i FDA, asigur\u00e2nd o experien\u021b\u0103 de purtare confortabil\u0103 pe tot parcursul zilei.<\/span><\/p>\n<h2 class=\"md-end-block md-heading\"><span class=\"md-plain\">Experimenta\u021bi frumuse\u021bea litoralului din Dover! \ud83c\udf0a<\/span><\/h2>\n<p class=\"md-end-block md-p\"><span class=\"md-plain\">Transforma\u021bi-v\u0103 look-ul cu frumuse\u021bea senin\u0103 a apelor cristaline din Dover. Aceste lentile de contact albastru deschis a\u0219teapt\u0103 s\u0103 v\u0103 pun\u0103 \u00een valoare farmecul natural.<\/span><\/p>\n<p class=\"md-end-block md-p\"><span class=\"md-plain\">\ud83d\udc49 COMAND\u0102 ACUM pentru a surprinde esen\u021ba celei mai uimitoare linii de coast\u0103 a Marii Britanii!<\/span><\/p>\n<p class=\"md-end-block md-p md-focus\"><span class=\"md-plain md-expand\">#LightBlueContacts #DoverStyle #BritishBeauty #CrystalBlueEyes #CoastalStyle #EnglishElegance #LightBlueEyes<\/span><\/p>","protected":false},"excerpt":{"rendered":"<p>Dover Crystal Light Blue Contact Lenses | Enchanting White Cliffs Elegance \ud83c\udf0a The Dover Inspiration Our light blue contact lenses capture the mesmerizing essence of Dover&#8217;s coastal splendor. Each pair of light blue lenses reflects the ethereal hues where the English Channel meets the iconic white cliffs. These crystal light blue contacts embody the ever-changing [&#8230;]\n","protected":false},"featured_media":1912,"comment_status":"open","ping_status":"closed","template":"","meta":[],"product_brand":[],"product_cat":[75,91,188,98],"product_tag":[],"class_list":{"0":"post-1909","1":"product","2":"type-product","3":"status-publish","4":"has-post-thumbnail","6":"product_cat-blue-contact-lenses","7":"product_cat-14-2-mm","8":"product_cat-dream-contacts","9":"product_cat-yearly-disposable","11":"first","12":"instock","13":"sale","14":"shipping-taxable","15":"purchasable","16":"product-type-variable","17":"has-default-attributes"},"_links":{"self":[{"href":"https:\/\/bqeye.com\/ro\/wp-json\/wp\/v2\/product\/1909","targetHints":{"allow":["GET"]}}],"collection":[{"href":"https:\/\/bqeye.com\/ro\/wp-json\/wp\/v2\/product"}],"about":[{"href":"https:\/\/bqeye.com\/ro\/wp-json\/wp\/v2\/types\/product"}],"replies":[{"embeddable":true,"href":"https:\/\/bqeye.com\/ro\/wp-json\/wp\/v2\/comments?post=1909"}],"wp:featuredmedia":[{"embeddable":true,"href":"https:\/\/bqeye.com\/ro\/wp-json\/wp\/v2\/media\/1912"}],"wp:attachment":[{"href":"https:\/\/bqeye.com\/ro\/wp-json\/wp\/v2\/media?parent=1909"}],"wp:term":[{"taxonomy":"product_brand","embeddable":true,"href":"https:\/\/bqeye.com\/ro\/wp-json\/wp\/v2\/product_brand?post=1909"},{"taxonomy":"product_cat","embeddable":true,"href":"https:\/\/bqeye.com\/ro\/wp-json\/wp\/v2\/product_cat?post=1909"},{"taxonomy":"product_tag","embeddable":true,"href":"https:\/\/bqeye.com\/ro\/wp-json\/wp\/v2\/product_tag?post=1909"}],"curies":[{"name":"wp","href":"https:\/\/api.w.org\/{rel}","templated":true}]}}