{"id":1945,"date":"2025-01-06T16:18:48","date_gmt":"2025-01-06T08:18:48","guid":{"rendered":"https:\/\/bqeye.com\/?post_type=product&#038;p=1945"},"modified":"2025-01-06T16:20:17","modified_gmt":"2025-01-06T08:20:17","slug":"dreamy-windsor-hazel-contact-lenses","status":"publish","type":"product","link":"https:\/\/bqeye.com\/ro\/dreamy-windsor-hazel-contact-lenses\/","title":{"rendered":"Lentile de contact Dreamy Windsor Hazel"},"content":{"rendered":"<h1 class=\"md-end-block md-heading\"><span class=\"md-plain md-expand\">Lentile de contact Dreamy Windsor Hazel | \u00cembun\u0103t\u0103\u021birea ochilor cu inspira\u021bie regal\u0103 \ud83d\udc51<\/span><\/h1>\n<h2 class=\"md-end-block md-heading\"><span class=\"md-plain\">Inspira\u021bie de design regal<\/span><\/h2>\n<p class=\"md-end-block md-p\"><span class=\"md-plain\">Lentilele noastre de contact Dreamy Windsor Hazel surprind elegan\u021ba atemporal\u0103 a regalit\u0103\u021bii britanice. Inspirate de terenurile fermec\u0103toare ale Castelului Windsor \u0219i de stejarii s\u0103i istorici, aceste lentile \u00eembin\u0103 tonuri bogate de alune care amintesc de toamna \u00een gr\u0103dinile regale. Fiecare lentil\u0103 prezint\u0103 un model sofisticat care reflect\u0103 frumuse\u021bea natural\u0103 a peisajului rural englez - de la lumina aurie a soarelui care se filtreaz\u0103 prin ferestrele vechi ale castelului p\u00e2n\u0103 la tonurile calde ale copacilor maiestuo\u0219i din Windsor Great Park. Nuan\u021bele de alune multidimensionale creeaz\u0103 o privire aristocratic\u0103 care este at\u00e2t nobil\u0103, c\u00e2t \u0219i atr\u0103g\u0103toare \u00een mod natural.<\/span><\/p>\n<h2 class=\"md-end-block md-heading\"><span class=\"md-plain\">Celebrity Beauty Expert Reviews<\/span><\/h2>\n<p class=\"md-end-block md-p\"><span class=\"md-plain\">@RoyalBeautyInsider (2,4 milioane de urm\u0103ritori)<\/span> <span class=\"md-plain\">\"Aceste lentile hazel \u00ee\u021bi ofer\u0103 acea privire perfect\u0103 de inspira\u021bie regal\u0103! Absolut uimitoare! \ud83d\udc51\"<\/span><\/p>\n<p class=\"md-end-block md-p\"><span class=\"md-plain\">@BritishGlamour (2,1 milioane de urm\u0103ritori)<\/span> <span class=\"md-plain\">\"Cele mai elegante lentile de contact hazel pe care le-am purtat vreodat\u0103. Sofisticare pur\u0103! \u2728\"<\/span><\/p>\n<p class=\"md-end-block md-p\"><span class=\"md-plain\">@LondonBeautyQueen (1,8 milioane de urm\u0103ritori)<\/span> <span class=\"md-plain\">\"Aceste lentile capteaz\u0103 perfect esen\u021ba elegan\u021bei britanice!\"<\/span><\/p>\n<h2 class=\"md-end-block md-heading\"><span class=\"md-plain\">Recenzii ale clien\u021bilor<\/span><\/h2>\n<p class=\"md-end-block md-p\"><span class=\"md-plain\">Elizabeth W. \u2b50\ufe0f\u2b50\ufe0f\u2b50\ufe0f\u2b50\ufe0f\u2b50\ufe0f<\/span> <span class=\"md-plain\">\"\u00cen sf\u00e2r\u0219it mi-am g\u0103sit culoarea perfect\u0103 de ochi de inspira\u021bie regal\u0103!\"<\/span><\/p>\n<p class=\"md-end-block md-p\"><span class=\"md-plain\">Victoria S. \u2b50\ufe0f\u2b50\ufe0f\u2b50\ufe0f\u2b50\ufe0f\u2b50\ufe0f<\/span> <span class=\"md-plain\">\"Arat\u0103 at\u00e2t de natural, ca \u0219i cum m-a\u0219 fi n\u0103scut cu ochi c\u0103prui.\"<\/span><\/p>\n<p class=\"md-end-block md-p\"><span class=\"md-plain\">Catherine M. \u2b50\ufe0f\u2b50\ufe0f\u2b50\ufe0f\u2b50\ufe0f\u2b50\ufe0f<\/span> <span class=\"md-plain\">\"Cele mai confortabile lentile pentru petrecerile mele \u00een gr\u0103din\u0103!\"<\/span><\/p>\n<h2 class=\"md-end-block md-heading\"><span class=\"md-plain\">Ocazii perfecte \u0219i machiaj<\/span><\/h2>\n<h3 class=\"md-end-block md-heading\"><span class=\"md-plain\">Evenimente<\/span><\/h3>\n<ul class=\"ul-list\" data-mark=\"-\">\n<li class=\"md-list-item\">\n<p class=\"md-end-block md-p\"><span class=\"md-plain\">Petreceri \u00een gr\u0103din\u0103<\/span><\/p>\n<\/li>\n<li class=\"md-list-item\">\n<p class=\"md-end-block md-p\"><span class=\"md-plain\">Ceai dup\u0103-amiaz\u0103<\/span><\/p>\n<\/li>\n<li class=\"md-list-item\">\n<p class=\"md-end-block md-p\"><span class=\"md-plain\">S\u0103rb\u0103tori de nunt\u0103<\/span><\/p>\n<\/li>\n<li class=\"md-list-item\">\n<p class=\"md-end-block md-p\"><span class=\"md-plain\">Deschiderea galeriilor<\/span><\/p>\n<\/li>\n<li class=\"md-list-item\">\n<p class=\"md-end-block md-p\"><span class=\"md-plain\">Evenimente ecvestre<\/span><\/p>\n<\/li>\n<li class=\"md-list-item\">\n<p class=\"md-end-block md-p\"><span class=\"md-plain\">Expozi\u021bii regale<\/span><\/p>\n<\/li>\n<li class=\"md-list-item\">\n<p class=\"md-end-block md-p\"><span class=\"md-plain\">Reuniuni la clubul de \u021bar\u0103<\/span><\/p>\n<\/li>\n<li class=\"md-list-item\">\n<p class=\"md-end-block md-p\"><span class=\"md-plain\">Cina fin\u0103<\/span><\/p>\n<\/li>\n<\/ul>\n<h3 class=\"md-end-block md-heading\"><span class=\"md-plain\">Recomand\u0103ri de machiaj<\/span><\/h3>\n<ul class=\"ul-list\" data-mark=\"-\">\n<li class=\"md-list-item\">\n<p class=\"md-end-block md-p\"><span class=\"md-plain\">Soft Brown Smokey Eye<\/span><\/p>\n<\/li>\n<li class=\"md-list-item\">\n<p class=\"md-end-block md-p\"><span class=\"md-plain\">Pearl Highlighter<\/span><\/p>\n<\/li>\n<li class=\"md-list-item\">\n<p class=\"md-end-block md-p\"><span class=\"md-plain\">Fard de obraz roz<\/span><\/p>\n<\/li>\n<li class=\"md-list-item\">\n<p class=\"md-end-block md-p\"><span class=\"md-plain\">Definirea natural\u0103 a spr\u00e2ncenelor<\/span><\/p>\n<\/li>\n<li class=\"md-list-item\">\n<p class=\"md-end-block md-p\"><span class=\"md-plain\">Buze de trandafir englezesc<\/span><\/p>\n<\/li>\n<li class=\"md-list-item\">\n<p class=\"md-end-block md-p\"><span class=\"md-plain\">Contur bronz auriu<\/span><\/p>\n<\/li>\n<li class=\"md-list-item\">\n<p class=\"md-end-block md-p\"><span class=\"md-plain\">Funda\u021bia Dewy<\/span><\/p>\n<\/li>\n<\/ul>\n<h2 class=\"md-end-block md-heading\"><span class=\"md-plain\">Ghid de stil<\/span><\/h2>\n<h3 class=\"md-end-block md-heading\"><span class=\"md-plain\">Culori complementare<\/span><\/h3>\n<ul class=\"ul-list\" data-mark=\"-\">\n<li class=\"md-list-item\">\n<p class=\"md-end-block md-p\"><span class=\"md-plain\">Marina Regal\u0103<\/span><\/p>\n<\/li>\n<li class=\"md-list-item\">\n<p class=\"md-end-block md-p\"><span class=\"md-plain\">Verde smarald<\/span><\/p>\n<\/li>\n<li class=\"md-list-item\">\n<p class=\"md-end-block md-p\"><span class=\"md-plain\">Burgundy<\/span><\/p>\n<\/li>\n<li class=\"md-list-item\">\n<p class=\"md-end-block md-p\"><span class=\"md-plain\">Sm\u00e2nt\u00e2n\u0103<\/span><\/p>\n<\/li>\n<li class=\"md-list-item\">\n<p class=\"md-end-block md-p\"><span class=\"md-plain\">Aur moale<\/span><\/p>\n<\/li>\n<li class=\"md-list-item\">\n<p class=\"md-end-block md-p\"><span class=\"md-plain\">Verde v\u00e2n\u0103tor<\/span><\/p>\n<\/li>\n<li class=\"md-list-item\">\n<p class=\"md-end-block md-p\"><span class=\"md-plain\">Bej clasic<\/span><\/p>\n<\/li>\n<li class=\"md-list-item\">\n<p class=\"md-end-block md-p\"><span class=\"md-plain\">Bronz britanic<\/span><\/p>\n<\/li>\n<\/ul>\n<h3 class=\"md-end-block md-heading\"><span class=\"md-plain\">Accesorii perfecte<\/span><\/h3>\n<ul class=\"ul-list\" data-mark=\"-\">\n<li class=\"md-list-item\">\n<p class=\"md-end-block md-p\"><span class=\"md-plain\">Coliere cu perle<\/span><\/p>\n<\/li>\n<li class=\"md-list-item\">\n<p class=\"md-end-block md-p\"><span class=\"md-plain\">Ceasuri Gold Heritage<\/span><\/p>\n<\/li>\n<li class=\"md-list-item\">\n<p class=\"md-end-block md-p\"><span class=\"md-plain\">E\u0219arfe de m\u0103tase<\/span><\/p>\n<\/li>\n<li class=\"md-list-item\">\n<p class=\"md-end-block md-p\"><span class=\"md-plain\">Gen\u021bi de m\u00e2n\u0103 din piele<\/span><\/p>\n<\/li>\n<li class=\"md-list-item\">\n<p class=\"md-end-block md-p\"><span class=\"md-plain\">Cercei cu diamant<\/span><\/p>\n<\/li>\n<li class=\"md-list-item\">\n<p class=\"md-end-block md-p\"><span class=\"md-plain\">Bro\u0219e clasice<\/span><\/p>\n<\/li>\n<li class=\"md-list-item\">\n<p class=\"md-end-block md-p\"><span class=\"md-plain\">Br\u0103\u021b\u0103ri din aur fin<\/span><\/p>\n<\/li>\n<\/ul>\n<h2 class=\"md-end-block md-heading\"><span class=\"md-plain\">Certificare<\/span><\/h2>\n<p class=\"md-end-block md-p\"><span class=\"md-plain\">Certificat CE \u0219i FDA pentru lini\u0219tea dumneavoastr\u0103<\/span><\/p>\n<h2 class=\"md-end-block md-heading\"><span class=\"md-plain\">Confort<\/span><\/h2>\n<p class=\"md-end-block md-p\"><span class=\"md-plain\">Conceput pentru confort pe tot parcursul zilei \u00een timpul aventurilor tale de inspira\u021bie regal\u0103<\/span><\/p>\n<h2 class=\"md-end-block md-heading\"><span class=\"md-plain\">Experimenta\u021bi elegan\u021ba regal\u0103! \u2728<\/span><\/h2>\n<p class=\"md-end-block md-p\"><span class=\"md-plain\">Transforma\u021bi-v\u0103 look-ul cu lentilele de contact Dreamy Windsor Hazel. Las\u0103-\u021bi ochii s\u0103 spun\u0103 o poveste de sofisticare britanic\u0103 atemporal\u0103.<\/span><\/p>\n<p class=\"md-end-block md-p md-focus\"><span class=\"md-plain md-expand\">#WindsorHazelContactLenses #RoyalBeauty #BritishElegance #HazelEyes #LuxuryLenses #RoyalStyle #BritishGlam #EyeEnhancement #WindsorStyle #BritishBeauty<\/span><\/p>","protected":false},"excerpt":{"rendered":"<p>Dreamy Windsor Hazel Contact Lenses | Royal-Inspired Eye Enhancement \ud83d\udc51 Royal Design Inspiration Our Dreamy Windsor Hazel Contact Lenses capture the timeless elegance of British royalty. Inspired by the enchanting grounds of Windsor Castle and its historic oak trees, these lenses blend rich hazel tones reminiscent of autumn in the Royal Gardens. Each lens features [&#8230;]\n","protected":false},"featured_media":1947,"comment_status":"open","ping_status":"closed","template":"","meta":[],"product_brand":[],"product_cat":[84,92,188,98],"product_tag":[],"class_list":{"0":"post-1945","1":"product","2":"type-product","3":"status-publish","4":"has-post-thumbnail","6":"product_cat-hazel-contact-lenses","7":"product_cat-14-5-mm","8":"product_cat-dream-contacts","9":"product_cat-yearly-disposable","11":"first","12":"instock","13":"sale","14":"shipping-taxable","15":"purchasable","16":"product-type-variable","17":"has-default-attributes"},"_links":{"self":[{"href":"https:\/\/bqeye.com\/ro\/wp-json\/wp\/v2\/product\/1945","targetHints":{"allow":["GET"]}}],"collection":[{"href":"https:\/\/bqeye.com\/ro\/wp-json\/wp\/v2\/product"}],"about":[{"href":"https:\/\/bqeye.com\/ro\/wp-json\/wp\/v2\/types\/product"}],"replies":[{"embeddable":true,"href":"https:\/\/bqeye.com\/ro\/wp-json\/wp\/v2\/comments?post=1945"}],"wp:featuredmedia":[{"embeddable":true,"href":"https:\/\/bqeye.com\/ro\/wp-json\/wp\/v2\/media\/1947"}],"wp:attachment":[{"href":"https:\/\/bqeye.com\/ro\/wp-json\/wp\/v2\/media?parent=1945"}],"wp:term":[{"taxonomy":"product_brand","embeddable":true,"href":"https:\/\/bqeye.com\/ro\/wp-json\/wp\/v2\/product_brand?post=1945"},{"taxonomy":"product_cat","embeddable":true,"href":"https:\/\/bqeye.com\/ro\/wp-json\/wp\/v2\/product_cat?post=1945"},{"taxonomy":"product_tag","embeddable":true,"href":"https:\/\/bqeye.com\/ro\/wp-json\/wp\/v2\/product_tag?post=1945"}],"curies":[{"name":"wp","href":"https:\/\/api.w.org\/{rel}","templated":true}]}}