{"id":1948,"date":"2025-01-06T19:47:43","date_gmt":"2025-01-06T11:47:43","guid":{"rendered":"https:\/\/bqeye.com\/?post_type=product&#038;p=1948"},"modified":"2025-01-06T19:48:49","modified_gmt":"2025-01-06T11:48:49","slug":"dreamy-westminster-burgundy-contact-lenses","status":"publish","type":"product","link":"https:\/\/bqeye.com\/ro\/dreamy-westminster-burgundy-contact-lenses\/","title":{"rendered":"Lentile de contact Dreamy Westminster Burgundy"},"content":{"rendered":"<h1 class=\"md-end-block md-heading\"><span class=\"md-plain md-expand\">Lentile de contact Dreamy Westminster Burgundy | Elegan\u021b\u0103 parlamentar\u0103 \ud83c\udfdb\ufe0f<\/span><\/h1>\n<h2 class=\"md-end-block md-heading\"><span class=\"md-plain\">Design britanic nobil<\/span><\/h2>\n<p class=\"md-end-block md-p\"><span class=\"md-plain\">Lentilele noastre de contact Dreamy Westminster Burgundy \u00eentruchipeaz\u0103 m\u0103re\u021bia maiestuoas\u0103 a sediului istoric al puterii din Marea Britanie. Inspirate de pielea bogat\u0103 de burgundia a b\u0103ncilor Camerei Lorzilor \u0219i de tonurile purpurii profunde ale tradi\u021biilor parlamentare, aceste lentile \u00eembin\u0103 nuan\u021be sofisticate de vin \u00eenchis cu accente subtile de rubin. Fiecare lentil\u0103 surprinde esen\u021ba secolelor de democra\u021bie britanic\u0103 - de la str\u0103lucirea cald\u0103 a corpurilor de iluminat vechi din alam\u0103 la tonurile ro\u0219ii profunde ale ve\u0219mintelor ceremoniale. Burgundia multidimensional\u0103 creeaz\u0103 o privire la fel de impun\u0103toare ca un discurs parlamentar.<\/span><\/p>\n<h2 class=\"md-end-block md-heading\"><span class=\"md-plain\">Stil politic Recenzii<\/span><\/h2>\n<p class=\"md-end-block md-p\"><span class=\"md-plain\">@WestminsterGlam (2,2 milioane de urm\u0103ritori)<\/span> <span class=\"md-plain\">\"Aceste lentile surprind perfect demnitatea Parlamentului! Absolut regal! \u269c\ufe0f\"<\/span><\/p>\n<p class=\"md-end-block md-p\"><span class=\"md-plain\">@BritishHeritage (2,0 milioane de urm\u0103ritori)<\/span> <span class=\"md-plain\">\"Ca apusul de soare care se reflect\u0103 \u00een Westminster Hall - uimitor! \ud83c\udf05\"<\/span><\/p>\n<p class=\"md-end-block md-p\"><span class=\"md-plain\">@LondonElegance (1,9 milioane de urm\u0103ritori)<\/span> <span class=\"md-plain\">\"Cel mai sofisticat burgundy pe care l-am v\u0103zut vreodat\u0103 \u00een lentile de contact!\"<\/span><\/p>\n<h2 class=\"md-end-block md-heading\"><span class=\"md-plain\">Recenzii ale clien\u021bilor<\/span><\/h2>\n<p class=\"md-end-block md-p\"><span class=\"md-plain\">Victoria P. \u2b50\ufe0f\u2b50\ufe0f\u2b50\ufe0f\u2b50\ufe0f\u2b50\ufe0f<\/span> <span class=\"md-plain\">\"Perfect pentru recep\u021bii diplomatice \u0219i ocazii de stat!\"<\/span><\/p>\n<p class=\"md-end-block md-p\"><span class=\"md-plain\">Margaret H. \u2b50\ufe0f\u2b50\ufe0f\u2b50\ufe0f\u2b50\ufe0f\u2b50\ufe0f<\/span> <span class=\"md-plain\">\"Aceste lentile atrag aten\u021bia ca un discurs al unui prim-ministru.\"<\/span><\/p>\n<p class=\"md-end-block md-p\"><span class=\"md-plain\">Elizabeth R. \u2b50\ufe0f\u2b50\ufe0f\u2b50\ufe0f\u2b50\ufe0f\u2b50\ufe0f<\/span> <span class=\"md-plain\">\"Tonul burgundy este profund, bogat \u0219i absolut distins!\"<\/span><\/p>\n<h2 class=\"md-end-block md-heading\"><span class=\"md-plain\">Ocazii perfecte \u0219i machiaj<\/span><\/h2>\n<h3 class=\"md-end-block md-heading\"><span class=\"md-plain\">Evenimente<\/span><\/h3>\n<ul class=\"ul-list\" data-mark=\"-\">\n<li class=\"md-list-item\">\n<p class=\"md-end-block md-p\"><span class=\"md-plain\">Recep\u021bii parlamentare<\/span><\/p>\n<\/li>\n<li class=\"md-list-item\">\n<p class=\"md-end-block md-p\"><span class=\"md-plain\">Reuniuni diplomatice<\/span><\/p>\n<\/li>\n<li class=\"md-list-item\">\n<p class=\"md-end-block md-p\"><span class=\"md-plain\">Ceremonii de stat<\/span><\/p>\n<\/li>\n<li class=\"md-list-item\">\n<p class=\"md-end-block md-p\"><span class=\"md-plain\">Func\u021bii politice<\/span><\/p>\n<\/li>\n<li class=\"md-list-item\">\n<p class=\"md-end-block md-p\"><span class=\"md-plain\">Tururi de patrimoniu<\/span><\/p>\n<\/li>\n<li class=\"md-list-item\">\n<p class=\"md-end-block md-p\"><span class=\"md-plain\">Ceremonii legale<\/span><\/p>\n<\/li>\n<li class=\"md-list-item\">\n<p class=\"md-end-block md-p\"><span class=\"md-plain\">Comemor\u0103ri istorice<\/span><\/p>\n<\/li>\n<li class=\"md-list-item\">\n<p class=\"md-end-block md-p\"><span class=\"md-plain\">Gale guvernamentale<\/span><\/p>\n<\/li>\n<\/ul>\n<h3 class=\"md-end-block md-heading\"><span class=\"md-plain\">Recomand\u0103ri de machiaj<\/span><\/h3>\n<ul class=\"ul-list\" data-mark=\"-\">\n<li class=\"md-list-item\">\n<p class=\"md-end-block md-p\"><span class=\"md-plain\">Ochi de bronz parlamentar<\/span><\/p>\n<\/li>\n<li class=\"md-list-item\">\n<p class=\"md-end-block md-p\"><span class=\"md-plain\">Fard de obraz Diplomatic Rose<\/span><\/p>\n<\/li>\n<li class=\"md-list-item\">\n<p class=\"md-end-block md-p\"><span class=\"md-plain\">Buze ro\u0219ii nobile<\/span><\/p>\n<\/li>\n<li class=\"md-list-item\">\n<p class=\"md-end-block md-p\"><span class=\"md-plain\">Str\u0103lucirea Westminster<\/span><\/p>\n<\/li>\n<li class=\"md-list-item\">\n<p class=\"md-end-block md-p\"><span class=\"md-plain\">Contur impun\u0103tor<\/span><\/p>\n<\/li>\n<li class=\"md-list-item\">\n<p class=\"md-end-block md-p\"><span class=\"md-plain\">Spr\u00e2ncene demne<\/span><\/p>\n<\/li>\n<li class=\"md-list-item\">\n<p class=\"md-end-block md-p\"><span class=\"md-plain\">Funda\u021bia Heritage<\/span><\/p>\n<\/li>\n<\/ul>\n<h2 class=\"md-end-block md-heading\"><span class=\"md-plain\">Ghid de stil<\/span><\/h2>\n<h3 class=\"md-end-block md-heading\"><span class=\"md-plain\">Culori complementare<\/span><\/h3>\n<ul class=\"ul-list\" data-mark=\"-\">\n<li class=\"md-list-item\">\n<p class=\"md-end-block md-p\"><span class=\"md-plain\">Piatra Westminster<\/span><\/p>\n<\/li>\n<li class=\"md-list-item\">\n<p class=\"md-end-block md-p\"><span class=\"md-plain\">Ro\u0219u parlamentar<\/span><\/p>\n<\/li>\n<li class=\"md-list-item\">\n<p class=\"md-end-block md-p\"><span class=\"md-plain\">Marina diplomatic\u0103<\/span><\/p>\n<\/li>\n<li class=\"md-list-item\">\n<p class=\"md-end-block md-p\"><span class=\"md-plain\">British Racing Green<\/span><\/p>\n<\/li>\n<li class=\"md-list-item\">\n<p class=\"md-end-block md-p\"><span class=\"md-plain\">Royal Purple<\/span><\/p>\n<\/li>\n<li class=\"md-list-item\">\n<p class=\"md-end-block md-p\"><span class=\"md-plain\">Heritage Gold<\/span><\/p>\n<\/li>\n<li class=\"md-list-item\">\n<p class=\"md-end-block md-p\"><span class=\"md-plain\">Negru politic<\/span><\/p>\n<\/li>\n<li class=\"md-list-item\">\n<p class=\"md-end-block md-p\"><span class=\"md-plain\">Gri constitu\u021bional<\/span><\/p>\n<\/li>\n<\/ul>\n<h3 class=\"md-end-block md-heading\"><span class=\"md-plain\">Accesorii perfecte<\/span><\/h3>\n<ul class=\"ul-list\" data-mark=\"-\">\n<li class=\"md-list-item\">\n<p class=\"md-end-block md-p\"><span class=\"md-plain\">\u0218iruri de perle<\/span><\/p>\n<\/li>\n<li class=\"md-list-item\">\n<p class=\"md-end-block md-p\"><span class=\"md-plain\">Inele de aur cu sigiliu<\/span><\/p>\n<\/li>\n<li class=\"md-list-item\">\n<p class=\"md-end-block md-p\"><span class=\"md-plain\">Pia\u021bete de buzunar din m\u0103tase<\/span><\/p>\n<\/li>\n<li class=\"md-list-item\">\n<p class=\"md-end-block md-p\"><span class=\"md-plain\">Ceasuri Heritage<\/span><\/p>\n<\/li>\n<li class=\"md-list-item\">\n<p class=\"md-end-block md-p\"><span class=\"md-plain\">Bro\u0219e tradi\u021bionale<\/span><\/p>\n<\/li>\n<li class=\"md-list-item\">\n<p class=\"md-end-block md-p\"><span class=\"md-plain\">Serviete din piele<\/span><\/p>\n<\/li>\n<li class=\"md-list-item\">\n<p class=\"md-end-block md-p\"><span class=\"md-plain\">Butoni de man\u0219et\u0103 clasici<\/span><\/p>\n<\/li>\n<\/ul>\n<h2 class=\"md-end-block md-heading\"><span class=\"md-plain\">Certificare<\/span><\/h2>\n<p class=\"md-end-block md-p\"><span class=\"md-plain\">Certificat CE \u0219i FDA pentru excelen\u021b\u0103 parlamentar\u0103<\/span><\/p>\n<h2 class=\"md-end-block md-heading\"><span class=\"md-plain\">Confort<\/span><\/h2>\n<p class=\"md-end-block md-p\"><span class=\"md-plain\">Conceput pentru dezbateri lungi \u0219i ocazii ceremoniale<\/span><\/p>\n<h2 class=\"md-end-block md-heading\"><span class=\"md-plain\">Experimenteaz\u0103 elegan\u021ba parlamentar\u0103! \u2728<\/span><\/h2>\n<p class=\"md-end-block md-p\"><span class=\"md-plain\">Transforma\u021bi-v\u0103 aspectul cu lentilele noastre de contact Dreamy Westminster Burgundy. Las\u0103-\u021bi ochii s\u0103 reflecte secole de tradi\u021bie democratic\u0103 britanic\u0103.<\/span><\/p>\n<p class=\"md-end-block md-p md-focus\"><span class=\"md-plain md-expand\">#WestminsterBurgundy #BritishElegance #ParliamentaryStyle #BurgundyEyes #WestminsterStyle #BritishHeritage #ContactLenses #PoliticalGlam #LondonElegance #HeritageBeauty<\/span><\/p>","protected":false},"excerpt":{"rendered":"<p>Dreamy Westminster Burgundy Contact Lenses | Parliamentary Elegance \ud83c\udfdb\ufe0f Noble British Design Our Dreamy Westminster Burgundy Contact Lenses embody the majestic grandeur of Britain&#8217;s historic seat of power. Inspired by the rich burgundy leather of the House of Lords benches and the deep crimson tones of parliamentary traditions, these lenses blend sophisticated wine-dark hues with [&#8230;]\n","protected":false},"featured_media":1950,"comment_status":"open","ping_status":"closed","template":"","meta":[],"product_brand":[],"product_cat":[78,92,188,98],"product_tag":[],"class_list":{"0":"post-1948","1":"product","2":"type-product","3":"status-publish","4":"has-post-thumbnail","6":"product_cat-red-contact-lenses","7":"product_cat-14-5-mm","8":"product_cat-dream-contacts","9":"product_cat-yearly-disposable","11":"first","12":"instock","13":"sale","14":"shipping-taxable","15":"purchasable","16":"product-type-variable","17":"has-default-attributes"},"_links":{"self":[{"href":"https:\/\/bqeye.com\/ro\/wp-json\/wp\/v2\/product\/1948","targetHints":{"allow":["GET"]}}],"collection":[{"href":"https:\/\/bqeye.com\/ro\/wp-json\/wp\/v2\/product"}],"about":[{"href":"https:\/\/bqeye.com\/ro\/wp-json\/wp\/v2\/types\/product"}],"replies":[{"embeddable":true,"href":"https:\/\/bqeye.com\/ro\/wp-json\/wp\/v2\/comments?post=1948"}],"wp:featuredmedia":[{"embeddable":true,"href":"https:\/\/bqeye.com\/ro\/wp-json\/wp\/v2\/media\/1950"}],"wp:attachment":[{"href":"https:\/\/bqeye.com\/ro\/wp-json\/wp\/v2\/media?parent=1948"}],"wp:term":[{"taxonomy":"product_brand","embeddable":true,"href":"https:\/\/bqeye.com\/ro\/wp-json\/wp\/v2\/product_brand?post=1948"},{"taxonomy":"product_cat","embeddable":true,"href":"https:\/\/bqeye.com\/ro\/wp-json\/wp\/v2\/product_cat?post=1948"},{"taxonomy":"product_tag","embeddable":true,"href":"https:\/\/bqeye.com\/ro\/wp-json\/wp\/v2\/product_tag?post=1948"}],"curies":[{"name":"wp","href":"https:\/\/api.w.org\/{rel}","templated":true}]}}