{"id":1978,"date":"2025-01-07T19:57:19","date_gmt":"2025-01-07T11:57:19","guid":{"rendered":"https:\/\/bqeye.com\/?post_type=product&#038;p=1978"},"modified":"2025-01-07T20:05:05","modified_gmt":"2025-01-07T12:05:05","slug":"sandy-twilight-brown-contact-lenses","status":"publish","type":"product","link":"https:\/\/bqeye.com\/ro\/sandy-twilight-brown-contact-lenses\/","title":{"rendered":"Sandy Twilight Brown Lentile de contact"},"content":{"rendered":"<h1 class=\"md-end-block md-heading\"><span class=\"md-plain md-expand\">\u2728 Sandy Twilight Brown Lentile de contact: Desert Enchantment<\/span><\/h1>\n<h2 class=\"md-end-block md-heading\"><span class=\"md-plain\">\ud83d\udcab Inspira\u021bie de design<\/span><\/h2>\n<p class=\"md-end-block md-p\"><span class=\"md-plain\">Aceste lentile Sandy Twilight surprind atmosfera fascinant\u0103 a apusurilor de soare din de\u0219ert. Designul \u00eembin\u0103 tonurile calde de nisip cu str\u0103lucirea mistic\u0103 a amurgului, prezent\u00e2nd tranzi\u021bii delicate de la scor\u021bi\u0219oar\u0103 la caramel care reflect\u0103 ora de aur din de\u0219ert. Modelele cristaline subtile creeaz\u0103 profunzime, men\u021bin\u00e2nd \u00een acela\u0219i timp frumuse\u021bea natural\u0103, \u00een timp ce elementele micro-reflective evoc\u0103 str\u0103lucirea cristalelor de nisip care capteaz\u0103 ultimele raze de soare.<\/span><\/p>\n<h2 class=\"md-end-block md-heading\"><span class=\"md-plain\">\ud83c\udf1f Recenzii ale influen\u021batorilor<\/span><\/h2>\n<p class=\"md-end-block md-p\"><span class=\"md-plain\">@DesertGlow (2,9 milioane de urm\u0103ritori):<\/span> <span class=\"md-plain\">\"Aceste lentile transform\u0103 fiecare privire \u00een magia de\u0219ertului! Perfect pentru fotografiile din ora de aur! \ud83c\udf05\"<\/span><\/p>\n<p class=\"md-end-block md-p\"><span class=\"md-plain\">@TwilightBeauty (2,6 milioane de urm\u0103ritori):<\/span> <span class=\"md-plain\">\"De la lumina dimine\u021bii la str\u0103lucirea apusului de soare, acestea sunt lentilele mele de vis inspirate de de\u0219ert! \u2728\"<\/span><\/p>\n<p class=\"md-end-block md-p\"><span class=\"md-plain\">@SandyStyle (2,4 milioane de urm\u0103ritori):<\/span> <span class=\"md-plain\">\"Amestecul perfect de c\u0103ldur\u0103 \u0219i mister - ca \u0219i cum ai capta apusul de soare \u00een ochii t\u0103i! \ud83c\udf1f\"<\/span><\/p>\n<h2 class=\"md-end-block md-heading\"><span class=\"md-plain\">\ud83d\udc40 Experien\u021bele utilizatorilor<\/span><\/h2>\n<p class=\"md-end-block md-p\"><span class=\"md-plain\">Olivia T. \u2b50\ufe0f\u2b50\ufe0f\u2b50\ufe0f\u2b50\ufe0f\u2b50\ufe0f<\/span> <span class=\"md-plain\">\"Confortul este uimitor, iar tonurile maro nisipoase arat\u0103 incredibil de natural!\"<\/span><\/p>\n<p class=\"md-end-block md-p\"><span class=\"md-plain\">Maya H. \u2b50\ufe0f\u2b50\ufe0f\u2b50\ufe0f\u2b50\ufe0f\u2b50\ufe0f<\/span> <span class=\"md-plain\">\"Aceste lentile adaug\u0103 acea atingere perfect\u0103 de magie a de\u0219ertului ochilor mei! \ud83d\udcab\"<\/span><\/p>\n<p class=\"md-end-block md-p\"><span class=\"md-plain\">Sophia R. \u2b50\ufe0f\u2b50\ufe0f\u2b50\ufe0f\u2b50\ufe0f\u2b50\ufe0f<\/span> <span class=\"md-plain\">\"Natural, dar fermec\u0103tor - perfect at\u00e2t pentru purtarea de zi, c\u00e2t \u0219i de sear\u0103! \ud83c\udf19\"<\/span><\/p>\n<h2 class=\"md-end-block md-heading\"><span class=\"md-plain\">\ud83c\udfad Ocazii perfecte<\/span><\/h2>\n<h3 class=\"md-end-block md-heading\"><span class=\"md-plain\">Magie zilnic\u0103<\/span><\/h3>\n<ul class=\"ul-list\" data-mark=\"-\">\n<li class=\"md-list-item\">\n<p class=\"md-end-block md-p\"><span class=\"md-plain\">Brunch-uri \u00eensorite<\/span><\/p>\n<\/li>\n<li class=\"md-list-item\">\n<p class=\"md-end-block md-p\"><span class=\"md-plain\">Aventuri urbane<\/span><\/p>\n<\/li>\n<li class=\"md-list-item\">\n<p class=\"md-end-block md-p\"><span class=\"md-plain\">\u00cent\u00e2lniri la cafea<\/span><\/p>\n<\/li>\n<li class=\"md-list-item\">\n<p class=\"md-end-block md-p\"><span class=\"md-plain\">\u00cent\u00e2lniri de sear\u0103<\/span><\/p>\n<\/li>\n<\/ul>\n<h3 class=\"md-end-block md-heading\"><span class=\"md-plain\">Momente speciale<\/span><\/h3>\n<ul class=\"ul-list\" data-mark=\"-\">\n<li class=\"md-list-item\">\n<p class=\"md-end-block md-p\"><span class=\"md-plain\">Dineuri la apus de soare<\/span><\/p>\n<\/li>\n<li class=\"md-list-item\">\n<p class=\"md-end-block md-p\"><span class=\"md-plain\">Festivaluri de var\u0103<\/span><\/p>\n<\/li>\n<li class=\"md-list-item\">\n<p class=\"md-end-block md-p\"><span class=\"md-plain\">Sesiuni foto<\/span><\/p>\n<\/li>\n<li class=\"md-list-item\">\n<p class=\"md-end-block md-p\"><span class=\"md-plain\">S\u0103rb\u0103tori de nunt\u0103<\/span><\/p>\n<\/li>\n<\/ul>\n<h3 class=\"md-end-block md-heading\"><span class=\"md-plain\">Perechi de frumuse\u021be<\/span><\/h3>\n<ul class=\"ul-list\" data-mark=\"-\">\n<li class=\"md-list-item\">\n<p class=\"md-end-block md-p\"><span class=\"md-plain\">Str\u0103lucire aurie<\/span><\/p>\n<\/li>\n<li class=\"md-list-item\">\n<p class=\"md-end-block md-p\"><span class=\"md-plain\">Fard de ochi cupru<\/span><\/p>\n<\/li>\n<li class=\"md-list-item\">\n<p class=\"md-end-block md-p\"><span class=\"md-plain\">Sandy eviden\u021biaz\u0103<\/span><\/p>\n<\/li>\n<li class=\"md-list-item\">\n<p class=\"md-end-block md-p\"><span class=\"md-plain\">Finisaje din bronz<\/span><\/p>\n<\/li>\n<\/ul>\n<h2 class=\"md-end-block md-heading\"><span class=\"md-plain\">\ud83d\udc57 Ghid de stil<\/span><\/h2>\n<h3 class=\"md-end-block md-heading\"><span class=\"md-plain\">\"The Desert Look\"<\/span><\/h3>\n<ul class=\"ul-list\" data-mark=\"-\">\n<li class=\"md-list-item\">\n<p class=\"md-end-block md-p\"><span class=\"md-plain\">Sandy maro<\/span><\/p>\n<\/li>\n<li class=\"md-list-item\">\n<p class=\"md-end-block md-p\"><span class=\"md-plain\">Ambra crepuscular\u0103<\/span><\/p>\n<\/li>\n<li class=\"md-list-item\">\n<p class=\"md-end-block md-p\"><span class=\"md-plain\">Str\u0103lucire de scor\u021bi\u0219oar\u0103<\/span><\/p>\n<\/li>\n<li class=\"md-list-item\">\n<p class=\"md-end-block md-p\"><span class=\"md-plain\">Str\u0103lucire aurie<\/span><\/p>\n<\/li>\n<\/ul>\n<h3 class=\"md-end-block md-heading\"><span class=\"md-plain\">Perechi perfecte<\/span><\/h3>\n<ul class=\"ul-list\" data-mark=\"-\">\n<li class=\"md-list-item\">\n<p class=\"md-end-block md-p\"><span class=\"md-plain\">Bijuterii din aur<\/span><\/p>\n<\/li>\n<li class=\"md-list-item\">\n<p class=\"md-end-block md-p\"><span class=\"md-plain\">Pietre naturale<\/span><\/p>\n<\/li>\n<li class=\"md-list-item\">\n<p class=\"md-end-block md-p\"><span class=\"md-plain\">Accesorii din m\u0103tase<\/span><\/p>\n<\/li>\n<li class=\"md-list-item\">\n<p class=\"md-end-block md-p\"><span class=\"md-plain\">Imprimeuri inspirate din de\u0219ert<\/span><\/p>\n<\/li>\n<\/ul>\n<h3 class=\"md-end-block md-heading\"><span class=\"md-plain\">Magie sezonier\u0103<\/span><\/h3>\n<ul class=\"ul-list\" data-mark=\"-\">\n<li class=\"md-list-item\">\n<p class=\"md-end-block md-p\"><span class=\"md-plain\">Vara: Radia\u021bia solar\u0103<\/span><\/p>\n<\/li>\n<li class=\"md-list-item\">\n<p class=\"md-end-block md-p\"><span class=\"md-plain\">Toamna: Str\u0103lucire cald\u0103<\/span><\/p>\n<\/li>\n<li class=\"md-list-item\">\n<p class=\"md-end-block md-p\"><span class=\"md-plain\">Prim\u0103var\u0103: Str\u0103lucire bl\u00e2nd\u0103<\/span><\/p>\n<\/li>\n<li class=\"md-list-item\">\n<p class=\"md-end-block md-p\"><span class=\"md-plain\">Iarna: C\u0103ldur\u0103 aurie<\/span><\/p>\n<\/li>\n<\/ul>\n<h2 class=\"md-end-block md-heading\"><span class=\"md-plain\">\u2728 Siguran\u021b\u0103 \u0219i confort<\/span><\/h2>\n<p class=\"md-end-block md-p\"><span class=\"md-plain\">Certificat CE \u0219i FDA pentru confortul de\u0219ertului pe tot parcursul zilei.<\/span><\/p>\n<h2 class=\"md-end-block md-heading\"><span class=\"md-plain\">\ud83d\udcab Experimenta\u021bi magia!<\/span><\/h2>\n<p class=\"md-end-block md-p\"><span class=\"md-plain\">Transform\u0103-\u021bi privirea cu farmecul amurgului de\u0219ertului!<\/span><\/p>\n<p class=\"md-end-block md-p md-focus\"><span class=\"md-plain md-expand\">#SandyTwilight #BrownLenses #DesertStyle #EyeMagic #TwilightGlow<\/span><\/p>","protected":false},"excerpt":{"rendered":"<p>\u2728 Sandy Twilight Brown Contact Lenses: Desert Enchantment \ud83d\udcab Design Inspiration These Sandy Twilight lenses capture the mesmerizing atmosphere of desert sunsets. The design blends warm sand tones with the mystical glow of dusk, featuring delicate transitions from cinnamon to caramel that mirror the golden hour in the desert. Subtle crystalline patterns create depth while [&#8230;]\n","protected":false},"featured_media":1980,"comment_status":"open","ping_status":"closed","template":"","meta":[],"product_brand":[],"product_cat":[80,92,188,98],"product_tag":[],"class_list":{"0":"post-1978","1":"product","2":"type-product","3":"status-publish","4":"has-post-thumbnail","6":"product_cat-brown-contact-lenses","7":"product_cat-14-5-mm","8":"product_cat-dream-contacts","9":"product_cat-yearly-disposable","11":"first","12":"instock","13":"sale","14":"shipping-taxable","15":"purchasable","16":"product-type-variable","17":"has-default-attributes"},"_links":{"self":[{"href":"https:\/\/bqeye.com\/ro\/wp-json\/wp\/v2\/product\/1978","targetHints":{"allow":["GET"]}}],"collection":[{"href":"https:\/\/bqeye.com\/ro\/wp-json\/wp\/v2\/product"}],"about":[{"href":"https:\/\/bqeye.com\/ro\/wp-json\/wp\/v2\/types\/product"}],"replies":[{"embeddable":true,"href":"https:\/\/bqeye.com\/ro\/wp-json\/wp\/v2\/comments?post=1978"}],"wp:featuredmedia":[{"embeddable":true,"href":"https:\/\/bqeye.com\/ro\/wp-json\/wp\/v2\/media\/1980"}],"wp:attachment":[{"href":"https:\/\/bqeye.com\/ro\/wp-json\/wp\/v2\/media?parent=1978"}],"wp:term":[{"taxonomy":"product_brand","embeddable":true,"href":"https:\/\/bqeye.com\/ro\/wp-json\/wp\/v2\/product_brand?post=1978"},{"taxonomy":"product_cat","embeddable":true,"href":"https:\/\/bqeye.com\/ro\/wp-json\/wp\/v2\/product_cat?post=1978"},{"taxonomy":"product_tag","embeddable":true,"href":"https:\/\/bqeye.com\/ro\/wp-json\/wp\/v2\/product_tag?post=1978"}],"curies":[{"name":"wp","href":"https:\/\/api.w.org\/{rel}","templated":true}]}}