{"id":1999,"date":"2025-01-08T11:38:05","date_gmt":"2025-01-08T03:38:05","guid":{"rendered":"https:\/\/bqeye.com\/?post_type=product&#038;p=1999"},"modified":"2025-01-08T11:55:51","modified_gmt":"2025-01-08T03:55:51","slug":"crystal-frost-blue-contact-lenses","status":"publish","type":"product","link":"https:\/\/bqeye.com\/ro\/crystal-frost-blue-contact-lenses\/","title":{"rendered":"Lentile de contact Crystal Frost Blue"},"content":{"rendered":"<h1 class=\"md-end-block md-heading\"><span class=\"md-plain md-expand\">\u2728 Lentile de contact Crystal Frost Blue: Str\u0103lucire pur\u0103 de iarn\u0103<\/span><\/h1>\n<h2 class=\"md-end-block md-heading\"><span class=\"md-plain\">\ud83d\udcab Viziune asupra designului<\/span><\/h2>\n<p class=\"md-end-block md-p\"><span class=\"md-plain\">Aceste lentile \u00eentruchipeaz\u0103 frumuse\u021bea cristalin\u0103 pur\u0103 a iernii. Designul \u00eembin\u0103 modelele de cristale de ghea\u021b\u0103 cu tonuri de albastru eteric, cre\u00e2nd un efect asem\u0103n\u0103tor luminii de diminea\u021b\u0103 prin \u00eenghe\u021bul iernii. Modelele precise de cristale traseaz\u0103 prin lentile ca forma\u021biunile naturale de \u00eenghe\u021b, \u00een timp ce reflexiile luminoase reflect\u0103 str\u0103lucirea cristalelor de ghea\u021b\u0103.<\/span><\/p>\n<p class=\"md-end-block md-p\"><span class=\"md-plain\">Elemente de design:<\/span><\/p>\n<ul class=\"ul-list\" data-mark=\"-\">\n<li class=\"md-list-item\">\n<p class=\"md-end-block md-p\"><span class=\"md-plain\">Modele de \u00eenghe\u021b<\/span><\/p>\n<\/li>\n<li class=\"md-list-item\">\n<p class=\"md-end-block md-p\"><span class=\"md-plain\">Claritate cristalin\u0103<\/span><\/p>\n<\/li>\n<li class=\"md-list-item\">\n<p class=\"md-end-block md-p\"><span class=\"md-plain\">Efecte de lumin\u0103 de iarn\u0103<\/span><\/p>\n<\/li>\n<li class=\"md-list-item\">\n<p class=\"md-end-block md-p\"><span class=\"md-plain\">Forma\u021biuni de ghea\u021b\u0103<\/span><\/p>\n<\/li>\n<li class=\"md-list-item\">\n<p class=\"md-end-block md-p\"><span class=\"md-plain\">Tranzi\u021bii atinse de ger<\/span><\/p>\n<\/li>\n<li class=\"md-list-item\">\n<p class=\"md-end-block md-p\"><span class=\"md-plain\">Detalii din cristale de z\u0103pad\u0103<\/span><\/p>\n<\/li>\n<li class=\"md-list-item\">\n<p class=\"md-end-block md-p\"><span class=\"md-plain\">Puncte forte imaculate<\/span><\/p>\n<\/li>\n<li class=\"md-list-item\">\n<p class=\"md-end-block md-p\"><span class=\"md-plain\">Straturi de ad\u00e2ncime arctice<\/span><\/p>\n<\/li>\n<\/ul>\n<h2 class=\"md-end-block md-heading\"><span class=\"md-plain\">\ud83c\udf1f Frost Recenzii<\/span><\/h2>\n<p class=\"md-end-block md-p\"><span class=\"md-plain\">@CrystalGaze (3,5 milioane de urm\u0103ritori):<\/span> <span class=\"md-plain\">\"Magie pur\u0103 de iarn\u0103 \u00een fiecare privire! \u2744\ufe0f\"<\/span><\/p>\n<p class=\"md-end-block md-p\"><span class=\"md-plain\">@FrostLook (3,2 milioane de urm\u0103ritori):<\/span> <span class=\"md-plain\">\"Acestea capteaz\u0103 perfec\u021biunea real\u0103 a \u00eenghe\u021bului de cristal! \u2728\"<\/span><\/p>\n<p class=\"md-end-block md-p\"><span class=\"md-plain\">@WinterEyes (2,9 milioane de urm\u0103ritori):<\/span> <span class=\"md-plain\">\"Cel mai natural efect de \u00eenghe\u021b de p\u00e2n\u0103 acum! \ud83d\udc8e\"<\/span><\/p>\n<p class=\"md-end-block md-p\"><span class=\"md-plain\">@CrystalFrost (2,7 milioane de urm\u0103ritori):<\/span> <span class=\"md-plain\">\"Ca \u0219i cum ai purta lumina pur\u0103 a dimine\u021bii de iarn\u0103! \u2744\ufe0f\"<\/span><\/p>\n<p class=\"md-end-block md-p\"><span class=\"md-plain\">@IceGlow (2,5 milioane de urm\u0103ritori):<\/span> <span class=\"md-plain\">\"Combina\u021bie perfect\u0103 de \u00eenghe\u021b \u0219i claritate cristalin\u0103! \ud83d\udcab\"<\/span><\/p>\n<h2 class=\"md-end-block md-heading\"><span class=\"md-plain\">\ud83d\udc40 Experien\u021be de cristal<\/span><\/h2>\n<p class=\"md-end-block md-p\"><span class=\"md-plain\">Iarna F. \u2b50\ufe0f\u2b50\ufe0f\u2b50\ufe0f\u2b50\ufe0f\u2b50\ufe0f<\/span> <span class=\"md-plain\">\"Ca \u0219i cum ai avea cristale de ghea\u021b\u0103 \u00een ochi!\"<\/span><\/p>\n<p class=\"md-end-block md-p\"><span class=\"md-plain\">Crystal M. \u2b50\ufe0f\u2b50\ufe0f\u2b50\ufe0f\u2b50\ufe0f\u2b50\ufe0f<\/span> <span class=\"md-plain\">\"Aceste lentile sunt perfec\u021biunea iernii pure! \u2744\ufe0f\"<\/span><\/p>\n<p class=\"md-end-block md-p\"><span class=\"md-plain\">Frost K. \u2b50\ufe0f\u2b50\ufe0f\u2b50\ufe0f\u2b50\ufe0f\u2b50\ufe0f<\/span> <span class=\"md-plain\">\"Claritatea cristalului este absolut uimitoare! \u2728\"<\/span><\/p>\n<p class=\"md-end-block md-p\"><span class=\"md-plain\">Ice L. \u2b50\ufe0f\u2b50\ufe0f\u2b50\ufe0f\u2b50\ufe0f\u2b50\ufe0f<\/span> <span class=\"md-plain\">\"Perfect pentru a surprinde magia \u00eenghe\u021bului de iarn\u0103!\"<\/span><\/p>\n<p class=\"md-end-block md-p\"><span class=\"md-plain\">Snow R. \u2b50\ufe0f\u2b50\ufe0f\u2b50\ufe0f\u2b50\ufe0f\u2b50\ufe0f<\/span> <span class=\"md-plain\">\"Cele mai confortabile lentile de cristal de p\u00e2n\u0103 acum!\"<\/span><\/p>\n<h2 class=\"md-end-block md-heading\"><span class=\"md-plain\">\ud83c\udfad Momente perfecte<\/span><\/h2>\n<h3 class=\"md-end-block md-heading\"><span class=\"md-plain\">Zile de cristal<\/span><\/h3>\n<ul class=\"ul-list\" data-mark=\"-\">\n<li class=\"md-list-item\">\n<p class=\"md-end-block md-p\"><span class=\"md-plain\">Dimine\u021bi de iarn\u0103<\/span><\/p>\n<\/li>\n<li class=\"md-list-item\">\n<p class=\"md-end-block md-p\"><span class=\"md-plain\">Frost merge<\/span><\/p>\n<\/li>\n<li class=\"md-list-item\">\n<p class=\"md-end-block md-p\"><span class=\"md-plain\">Festivaluri de ghea\u021b\u0103<\/span><\/p>\n<\/li>\n<li class=\"md-list-item\">\n<p class=\"md-end-block md-p\"><span class=\"md-plain\">Fenomene de z\u0103pad\u0103<\/span><\/p>\n<\/li>\n<li class=\"md-list-item\">\n<p class=\"md-end-block md-p\"><span class=\"md-plain\">Gale de cristal<\/span><\/p>\n<\/li>\n<li class=\"md-list-item\">\n<p class=\"md-end-block md-p\"><span class=\"md-plain\">Formale de iarn\u0103<\/span><\/p>\n<\/li>\n<li class=\"md-list-item\">\n<p class=\"md-end-block md-p\"><span class=\"md-plain\">\u0218edin\u021be foto Frost<\/span><\/p>\n<\/li>\n<li class=\"md-list-item\">\n<p class=\"md-end-block md-p\"><span class=\"md-plain\">Ceremonii de ghea\u021b\u0103<\/span><\/p>\n<\/li>\n<\/ul>\n<h3 class=\"md-end-block md-heading\"><span class=\"md-plain\">Frost Evenimente<\/span><\/h3>\n<ul class=\"ul-list\" data-mark=\"-\">\n<li class=\"md-list-item\">\n<p class=\"md-end-block md-p\"><span class=\"md-plain\">Nun\u021bi de iarn\u0103<\/span><\/p>\n<\/li>\n<li class=\"md-list-item\">\n<p class=\"md-end-block md-p\"><span class=\"md-plain\">Bile de cristal<\/span><\/p>\n<\/li>\n<li class=\"md-list-item\">\n<p class=\"md-end-block md-p\"><span class=\"md-plain\">Spectacole pe ghea\u021b\u0103<\/span><\/p>\n<\/li>\n<li class=\"md-list-item\">\n<p class=\"md-end-block md-p\"><span class=\"md-plain\">S\u0103rb\u0103torile z\u0103pezii<\/span><\/p>\n<\/li>\n<li class=\"md-list-item\">\n<p class=\"md-end-block md-p\"><span class=\"md-plain\">Partide de \u00eenghe\u021b<\/span><\/p>\n<\/li>\n<li class=\"md-list-item\">\n<p class=\"md-end-block md-p\"><span class=\"md-plain\">Gale de iarn\u0103<\/span><\/p>\n<\/li>\n<li class=\"md-list-item\">\n<p class=\"md-end-block md-p\"><span class=\"md-plain\">Serate de cristal<\/span><\/p>\n<\/li>\n<li class=\"md-list-item\">\n<p class=\"md-end-block md-p\"><span class=\"md-plain\">Festivaluri de ghea\u021b\u0103<\/span><\/p>\n<\/li>\n<\/ul>\n<h3 class=\"md-end-block md-heading\"><span class=\"md-plain\">Frumuse\u021bea cristalului<\/span><\/h3>\n<ul class=\"ul-list\" data-mark=\"-\">\n<li class=\"md-list-item\">\n<p class=\"md-end-block md-p\"><span class=\"md-plain\">Str\u0103lucire de ghea\u021b\u0103<\/span><\/p>\n<\/li>\n<li class=\"md-list-item\">\n<p class=\"md-end-block md-p\"><span class=\"md-plain\">Eviden\u021bierea ghe\u021bii<\/span><\/p>\n<\/li>\n<li class=\"md-list-item\">\n<p class=\"md-end-block md-p\"><span class=\"md-plain\">Cristale str\u0103lucitoare<\/span><\/p>\n<\/li>\n<li class=\"md-list-item\">\n<p class=\"md-end-block md-p\"><span class=\"md-plain\">Str\u0103lucirea iernii<\/span><\/p>\n<\/li>\n<li class=\"md-list-item\">\n<p class=\"md-end-block md-p\"><span class=\"md-plain\">Finisaj Frost<\/span><\/p>\n<\/li>\n<li class=\"md-list-item\">\n<p class=\"md-end-block md-p\"><span class=\"md-plain\">Privirea s\u0103rutat\u0103 de z\u0103pad\u0103<\/span><\/p>\n<\/li>\n<li class=\"md-list-item\">\n<p class=\"md-end-block md-p\"><span class=\"md-plain\">Str\u0103lucire de cristal<\/span><\/p>\n<\/li>\n<li class=\"md-list-item\">\n<p class=\"md-end-block md-p\"><span class=\"md-plain\">Sc\u00e2nteie de ghea\u021b\u0103<\/span><\/p>\n<\/li>\n<\/ul>\n<h2 class=\"md-end-block md-heading\"><span class=\"md-plain\">\ud83d\udc57 Ghid de stil Frost<\/span><\/h2>\n<h3 class=\"md-end-block md-heading\"><span class=\"md-plain\">\"The Crystal Look\"<\/span><\/h3>\n<ul class=\"ul-list\" data-mark=\"-\">\n<li class=\"md-list-item\">\n<p class=\"md-end-block md-p\"><span class=\"md-plain\">Ad\u00e2ncime albastru \u00eenghe\u021bat<\/span><\/p>\n<\/li>\n<li class=\"md-list-item\">\n<p class=\"md-end-block md-p\"><span class=\"md-plain\">Claritate cristalin\u0103<\/span><\/p>\n<\/li>\n<li class=\"md-list-item\">\n<p class=\"md-end-block md-p\"><span class=\"md-plain\">Forma\u021biuni de ghea\u021b\u0103<\/span><\/p>\n<\/li>\n<li class=\"md-list-item\">\n<p class=\"md-end-block md-p\"><span class=\"md-plain\">Str\u0103lucire de iarn\u0103<\/span><\/p>\n<\/li>\n<li class=\"md-list-item\">\n<p class=\"md-end-block md-p\"><span class=\"md-plain\">Sc\u00e2nteie de z\u0103pad\u0103<\/span><\/p>\n<\/li>\n<li class=\"md-list-item\">\n<p class=\"md-end-block md-p\"><span class=\"md-plain\">Modele de \u00eenghe\u021b<\/span><\/p>\n<\/li>\n<li class=\"md-list-item\">\n<p class=\"md-end-block md-p\"><span class=\"md-plain\">Str\u0103lucire de cristal<\/span><\/p>\n<\/li>\n<li class=\"md-list-item\">\n<p class=\"md-end-block md-p\"><span class=\"md-plain\">Str\u0103lucirea ghe\u021bii<\/span><\/p>\n<\/li>\n<\/ul>\n<h3 class=\"md-end-block md-heading\"><span class=\"md-plain\">Perechi de iarn\u0103<\/span><\/h3>\n<ul class=\"ul-list\" data-mark=\"-\">\n<li class=\"md-list-item\">\n<p class=\"md-end-block md-p\"><span class=\"md-plain\">Bijuterii din cristal<\/span><\/p>\n<\/li>\n<li class=\"md-list-item\">\n<p class=\"md-end-block md-p\"><span class=\"md-plain\">Accesorii pentru ghea\u021b\u0103<\/span><\/p>\n<\/li>\n<li class=\"md-list-item\">\n<p class=\"md-end-block md-p\"><span class=\"md-plain\">Detalii Frost<\/span><\/p>\n<\/li>\n<li class=\"md-list-item\">\n<p class=\"md-end-block md-p\"><span class=\"md-plain\">Accente albe ca z\u0103pada<\/span><\/p>\n<\/li>\n<li class=\"md-list-item\">\n<p class=\"md-end-block md-p\"><span class=\"md-plain\">Metale de iarn\u0103<\/span><\/p>\n<\/li>\n<li class=\"md-list-item\">\n<p class=\"md-end-block md-p\"><span class=\"md-plain\">Pietre de cristal<\/span><\/p>\n<\/li>\n<li class=\"md-list-item\">\n<p class=\"md-end-block md-p\"><span class=\"md-plain\">Frost \u021bes\u0103turi<\/span><\/p>\n<\/li>\n<li class=\"md-list-item\">\n<p class=\"md-end-block md-p\"><span class=\"md-plain\">Elemente de ghea\u021b\u0103<\/span><\/p>\n<\/li>\n<\/ul>\n<h3 class=\"md-end-block md-heading\"><span class=\"md-plain\">Sezoane de cristal<\/span><\/h3>\n<ul class=\"ul-list\" data-mark=\"-\">\n<li class=\"md-list-item\">\n<p class=\"md-end-block md-p\"><span class=\"md-plain\">Iarna: \u00cenghe\u021b pur<\/span><\/p>\n<\/li>\n<li class=\"md-list-item\">\n<p class=\"md-end-block md-p\"><span class=\"md-plain\">Prim\u0103vara: Cristale de diminea\u021b\u0103<\/span><\/p>\n<\/li>\n<li class=\"md-list-item\">\n<p class=\"md-end-block md-p\"><span class=\"md-plain\">Vara: Claritatea ghe\u021bii<\/span><\/p>\n<\/li>\n<li class=\"md-list-item\">\n<p class=\"md-end-block md-p\"><span class=\"md-plain\">Toamna: Frost touch<\/span><\/p>\n<\/li>\n<li class=\"md-list-item\">\n<p class=\"md-end-block md-p\"><span class=\"md-plain\">Zori: Lumin\u0103 cristalin\u0103<\/span><\/p>\n<\/li>\n<li class=\"md-list-item\">\n<p class=\"md-end-block md-p\"><span class=\"md-plain\">Ziua: Ghea\u021b\u0103 str\u0103lucitoare<\/span><\/p>\n<\/li>\n<li class=\"md-list-item\">\n<p class=\"md-end-block md-p\"><span class=\"md-plain\">Amurg: Str\u0103lucire de ghea\u021b\u0103<\/span><\/p>\n<\/li>\n<li class=\"md-list-item\">\n<p class=\"md-end-block md-p\"><span class=\"md-plain\">Noapte bun\u0103: Str\u0103lucire de cristal<\/span><\/p>\n<\/li>\n<\/ul>\n<h2 class=\"md-end-block md-heading\"><span class=\"md-plain\">\ud83d\udcab \u00cengrijirea cristalului<\/span><\/h2>\n<h3 class=\"md-end-block md-heading\"><span class=\"md-plain\">\u00cengrijire Frost<\/span><\/h3>\n<ul class=\"ul-list\" data-mark=\"-\">\n<li class=\"md-list-item\">\n<p class=\"md-end-block md-p\"><span class=\"md-plain\">Cur\u0103\u021barea cristalului<\/span><\/p>\n<\/li>\n<li class=\"md-list-item\">\n<p class=\"md-end-block md-p\"><span class=\"md-plain\">Depozit de ghea\u021b\u0103 pur\u0103<\/span><\/p>\n<\/li>\n<li class=\"md-list-item\">\n<p class=\"md-end-block md-p\"><span class=\"md-plain\">Solu\u021bie Frost-fresh<\/span><\/p>\n<\/li>\n<li class=\"md-list-item\">\n<p class=\"md-end-block md-p\"><span class=\"md-plain\">Protec\u021bie de iarn\u0103<\/span><\/p>\n<\/li>\n<li class=\"md-list-item\">\n<p class=\"md-end-block md-p\"><span class=\"md-plain\">Claritate cristalin\u0103<\/span><\/p>\n<\/li>\n<li class=\"md-list-item\">\n<p class=\"md-end-block md-p\"><span class=\"md-plain\">P\u0103strarea ghe\u021bii<\/span><\/p>\n<\/li>\n<li class=\"md-list-item\">\n<p class=\"md-end-block md-p\"><span class=\"md-plain\">Manevrabilitate pe z\u0103pad\u0103 pur\u0103<\/span><\/p>\n<\/li>\n<li class=\"md-list-item\">\n<p class=\"md-end-block md-p\"><span class=\"md-plain\">\u00centre\u021binerea la \u00eenghe\u021b<\/span><\/p>\n<\/li>\n<\/ul>\n<h3 class=\"md-end-block md-heading\"><span class=\"md-plain\">Aplica\u021bie pentru ghea\u021b\u0103<\/span><\/h3>\n<ul class=\"ul-list\" data-mark=\"-\">\n<li class=\"md-list-item\">\n<p class=\"md-end-block md-p\"><span class=\"md-plain\">M\u00e2ini curate ca cristalul<\/span><\/p>\n<\/li>\n<li class=\"md-list-item\">\n<p class=\"md-end-block md-p\"><span class=\"md-plain\">Tehnic\u0103 pur\u0103<\/span><\/p>\n<\/li>\n<li class=\"md-list-item\">\n<p class=\"md-end-block md-p\"><span class=\"md-plain\">Atingere delicat\u0103<\/span><\/p>\n<\/li>\n<li class=\"md-list-item\">\n<p class=\"md-end-block md-p\"><span class=\"md-plain\">Eliminare clar\u0103<\/span><\/p>\n<\/li>\n<li class=\"md-list-item\">\n<p class=\"md-end-block md-p\"><span class=\"md-plain\">Confortul \u00eenghe\u021bului<\/span><\/p>\n<\/li>\n<li class=\"md-list-item\">\n<p class=\"md-end-block md-p\"><span class=\"md-plain\">\u00cengrijire regulat\u0103<\/span><\/p>\n<\/li>\n<li class=\"md-list-item\">\n<p class=\"md-end-block md-p\"><span class=\"md-plain\">Viziune pe ghea\u021b\u0103<\/span><\/p>\n<\/li>\n<li class=\"md-list-item\">\n<p class=\"md-end-block md-p\"><span class=\"md-plain\">Manipulare \u00een condi\u021bii de siguran\u021b\u0103<\/span><\/p>\n<\/li>\n<\/ul>\n<h2 class=\"md-end-block md-heading\"><span class=\"md-plain\">\u2744\ufe0f Efecte de cristal<\/span><\/h2>\n<h3 class=\"md-end-block md-heading\"><span class=\"md-plain\">Impactul \u00eenghe\u021bului<\/span><\/h3>\n<ul class=\"ul-list\" data-mark=\"-\">\n<li class=\"md-list-item\">\n<p class=\"md-end-block md-p\"><span class=\"md-plain\">Ad\u00e2ncimea de iarn\u0103<\/span><\/p>\n<\/li>\n<li class=\"md-list-item\">\n<p class=\"md-end-block md-p\"><span class=\"md-plain\">Prezen\u021ba cristalului<\/span><\/p>\n<\/li>\n<li class=\"md-list-item\">\n<p class=\"md-end-block md-p\"><span class=\"md-plain\">Alura de ghea\u021b\u0103<\/span><\/p>\n<\/li>\n<li class=\"md-list-item\">\n<p class=\"md-end-block md-p\"><span class=\"md-plain\">Farmec de \u00eenghe\u021b<\/span><\/p>\n<\/li>\n<li class=\"md-list-item\">\n<p class=\"md-end-block md-p\"><span class=\"md-plain\">Sc\u00e2nteie de z\u0103pad\u0103<\/span><\/p>\n<\/li>\n<li class=\"md-list-item\">\n<p class=\"md-end-block md-p\"><span class=\"md-plain\">Claritate cristalin\u0103<\/span><\/p>\n<\/li>\n<li class=\"md-list-item\">\n<p class=\"md-end-block md-p\"><span class=\"md-plain\">Str\u0103lucirea ghe\u021bii<\/span><\/p>\n<\/li>\n<li class=\"md-list-item\">\n<p class=\"md-end-block md-p\"><span class=\"md-plain\">Frost elegan\u021b\u0103<\/span><\/p>\n<\/li>\n<\/ul>\n<h3 class=\"md-end-block md-heading\"><span class=\"md-plain\">Beneficiile cristalului<\/span><\/h3>\n<ul class=\"ul-list\" data-mark=\"-\">\n<li class=\"md-list-item\">\n<p class=\"md-end-block md-p\"><span class=\"md-plain\">Confort pe tot parcursul zilei<\/span><\/p>\n<\/li>\n<li class=\"md-list-item\">\n<p class=\"md-end-block md-p\"><span class=\"md-plain\">Viziune clar\u0103<\/span><\/p>\n<\/li>\n<li class=\"md-list-item\">\n<p class=\"md-end-block md-p\"><span class=\"md-plain\">Senza\u021bie natural\u0103<\/span><\/p>\n<\/li>\n<li class=\"md-list-item\">\n<p class=\"md-end-block md-p\"><span class=\"md-plain\">U\u0219or de purtat<\/span><\/p>\n<\/li>\n<li class=\"md-list-item\">\n<p class=\"md-end-block md-p\"><span class=\"md-plain\">De lung\u0103 durat\u0103<\/span><\/p>\n<\/li>\n<li class=\"md-list-item\">\n<p class=\"md-end-block md-p\"><span class=\"md-plain\">\u00cengrijire simpl\u0103<\/span><\/p>\n<\/li>\n<li class=\"md-list-item\">\n<p class=\"md-end-block md-p\"><span class=\"md-plain\">Potrivire perfect\u0103<\/span><\/p>\n<\/li>\n<li class=\"md-list-item\">\n<p class=\"md-end-block md-p\"><span class=\"md-plain\">Calitate pur\u0103<\/span><\/p>\n<\/li>\n<\/ul>\n<h2 class=\"md-end-block md-heading\"><span class=\"md-plain\">\u2728 Siguran\u021b\u0103 \u0219i confort de cristal<\/span><\/h2>\n<p class=\"md-end-block md-p\"><span class=\"md-plain\">Certificat CE \u0219i FDA pentru confortul iernii.<\/span><\/p>\n<ul class=\"ul-list\" data-mark=\"-\">\n<li class=\"md-list-item\">\n<p class=\"md-end-block md-p\"><span class=\"md-plain\">Materiale pure<\/span><\/p>\n<\/li>\n<li class=\"md-list-item\">\n<p class=\"md-end-block md-p\"><span class=\"md-plain\">Protec\u021bie UV<\/span><\/p>\n<\/li>\n<li class=\"md-list-item\">\n<p class=\"md-end-block md-p\"><span class=\"md-plain\">Umiditatea ghe\u021bii<\/span><\/p>\n<\/li>\n<li class=\"md-list-item\">\n<p class=\"md-end-block md-p\"><span class=\"md-plain\">Suprafa\u021ba cristalului<\/span><\/p>\n<\/li>\n<li class=\"md-list-item\">\n<p class=\"md-end-block md-p\"><span class=\"md-plain\">Margini de \u00eenghe\u021b<\/span><\/p>\n<\/li>\n<li class=\"md-list-item\">\n<p class=\"md-end-block md-p\"><span class=\"md-plain\">Respira\u021bie u\u0219oar\u0103<\/span><\/p>\n<\/li>\n<li class=\"md-list-item\">\n<p class=\"md-end-block md-p\"><span class=\"md-plain\">Senza\u021bie natural\u0103<\/span><\/p>\n<\/li>\n<li class=\"md-list-item\">\n<p class=\"md-end-block md-p\"><span class=\"md-plain\">Uzur\u0103 \u00eendelungat\u0103<\/span><\/p>\n<\/li>\n<\/ul>\n<h2 class=\"md-end-block md-heading\"><span class=\"md-plain\">\ud83d\udcab Experimenta\u021bi magia cristalului!<\/span><\/h2>\n<p class=\"md-end-block md-p\"><span class=\"md-plain\">Transform\u0103-\u021bi privirea \u00een ferestre ale minunilor de iarn\u0103!<\/span><\/p>\n<h3 class=\"md-end-block md-heading\"><span class=\"md-plain\">De ce s\u0103 alege\u021bi Crystal Frost?<\/span><\/h3>\n<ul class=\"ul-list\" data-mark=\"-\">\n<li class=\"md-list-item\">\n<p class=\"md-end-block md-p\"><span class=\"md-plain\">Calitatea iernii<\/span><\/p>\n<\/li>\n<li class=\"md-list-item\">\n<p class=\"md-end-block md-p\"><span class=\"md-plain\">Confort de cristal<\/span><\/p>\n<\/li>\n<li class=\"md-list-item\">\n<p class=\"md-end-block md-p\"><span class=\"md-plain\">Aspectul natural<\/span><\/p>\n<\/li>\n<li class=\"md-list-item\">\n<p class=\"md-end-block md-p\"><span class=\"md-plain\">Design Frost<\/span><\/p>\n<\/li>\n<li class=\"md-list-item\">\n<p class=\"md-end-block md-p\"><span class=\"md-plain\">\u00cengrijire u\u0219oar\u0103<\/span><\/p>\n<\/li>\n<li class=\"md-list-item\">\n<p class=\"md-end-block md-p\"><span class=\"md-plain\">Magia ghe\u021bii<\/span><\/p>\n<\/li>\n<li class=\"md-list-item\">\n<p class=\"md-end-block md-p\"><span class=\"md-plain\">Durabilitatea cristalului<\/span><\/p>\n<\/li>\n<li class=\"md-list-item\">\n<p class=\"md-end-block md-p\"><span class=\"md-plain\">Farmec de \u00eenghe\u021b<\/span><\/p>\n<\/li>\n<\/ul>\n<p class=\"md-end-block md-p md-focus\"><span class=\"md-plain md-expand\">#CrystalFrost #BlueContact #WinterLook #FrostEyes #CrystalStyle #IceBeauty #FrostLook #WinterStyle #IceCharm #CrystalMagic #FrostLook #WinterGlow #IceStyle #FrostCharm #CrystalSparkle<\/span><\/p>","protected":false},"excerpt":{"rendered":"<p>\u2728 Crystal Frost Blue Contact Lenses: Pristine Winter Radiance \ud83d\udcab Design Vision These lenses embody pure winter crystalline beauty. The design fuses frost-crystal patterns with ethereal blue tones, creating an effect like morning light through winter frost. Precise crystal patterns trace through the lens like natural frost formations, while bright highlights mirror the sparkle of [&#8230;]\n","protected":false},"featured_media":2002,"comment_status":"open","ping_status":"closed","template":"","meta":[],"product_brand":[],"product_cat":[75,90,188,98],"product_tag":[],"class_list":{"0":"post-1999","1":"product","2":"type-product","3":"status-publish","4":"has-post-thumbnail","6":"product_cat-blue-contact-lenses","7":"product_cat-14-0-mm","8":"product_cat-dream-contacts","9":"product_cat-yearly-disposable","11":"first","12":"instock","13":"sale","14":"shipping-taxable","15":"purchasable","16":"product-type-variable","17":"has-default-attributes"},"_links":{"self":[{"href":"https:\/\/bqeye.com\/ro\/wp-json\/wp\/v2\/product\/1999","targetHints":{"allow":["GET"]}}],"collection":[{"href":"https:\/\/bqeye.com\/ro\/wp-json\/wp\/v2\/product"}],"about":[{"href":"https:\/\/bqeye.com\/ro\/wp-json\/wp\/v2\/types\/product"}],"replies":[{"embeddable":true,"href":"https:\/\/bqeye.com\/ro\/wp-json\/wp\/v2\/comments?post=1999"}],"wp:featuredmedia":[{"embeddable":true,"href":"https:\/\/bqeye.com\/ro\/wp-json\/wp\/v2\/media\/2002"}],"wp:attachment":[{"href":"https:\/\/bqeye.com\/ro\/wp-json\/wp\/v2\/media?parent=1999"}],"wp:term":[{"taxonomy":"product_brand","embeddable":true,"href":"https:\/\/bqeye.com\/ro\/wp-json\/wp\/v2\/product_brand?post=1999"},{"taxonomy":"product_cat","embeddable":true,"href":"https:\/\/bqeye.com\/ro\/wp-json\/wp\/v2\/product_cat?post=1999"},{"taxonomy":"product_tag","embeddable":true,"href":"https:\/\/bqeye.com\/ro\/wp-json\/wp\/v2\/product_tag?post=1999"}],"curies":[{"name":"wp","href":"https:\/\/api.w.org\/{rel}","templated":true}]}}