{"id":2016,"date":"2025-01-08T16:27:58","date_gmt":"2025-01-08T08:27:58","guid":{"rendered":"https:\/\/bqeye.com\/?post_type=product&#038;p=2016"},"modified":"2025-01-08T16:33:16","modified_gmt":"2025-01-08T08:33:16","slug":"light-matcha-green-contact-lenses","status":"publish","type":"product","link":"https:\/\/bqeye.com\/ro\/light-matcha-green-contact-lenses\/","title":{"rendered":"Lentile de contact Light Matcha Green"},"content":{"rendered":"<h1 class=\"md-end-block md-heading\"><span class=\"md-plain md-expand\">\u2728 Lentile de contact Light Matcha Green: Frumuse\u021be inspirat\u0103 de Zen<\/span><\/h1>\n<h2 class=\"md-end-block md-heading\"><span class=\"md-plain\">\ud83d\udcab Inspira\u021bie de design<\/span><\/h2>\n<p class=\"md-end-block md-p\"><span class=\"md-plain\">Inspirate din estetica senin\u0103 a ceremoniilor tradi\u021bionale japoneze de ceai, aceste lentile de contact Light Matcha Green surprind frumuse\u021bea eteric\u0103 a pudrei matcha fin m\u0103cinate. Designul \u00eencorporeaz\u0103 nuan\u021be delicate de salvie cu reflexii aurii subtile, imit\u00e2nd modul \u00een care lumina soarelui danseaz\u0103 pe ceaiul matcha b\u0103tut. Fiecare lentil\u0103 prezint\u0103 un gradient sofisticat care creeaz\u0103 profunzime, men\u021bin\u00e2nd \u00een acela\u0219i timp un aspect natural \u00eenc\u00e2nt\u0103tor.<\/span><\/p>\n<h2 class=\"md-end-block md-heading\"><span class=\"md-plain\">\ud83c\udf1f Recenzii ale influen\u021batorilor<\/span><\/h2>\n<p class=\"md-end-block md-p\"><span class=\"md-plain\">@ZenBeauty (1,5 milioane de urm\u0103ritori):<\/span> <span class=\"md-plain\">\"Aceste lentile inspirate de matcha ofer\u0103 un aspect at\u00e2t de lini\u0219tit, dar izbitor! Perfect pentru con\u021binutul meu de mindfulness \u0219i pentru uzura de zi cu zi \u2728\"<\/span><\/p>\n<p class=\"md-end-block md-p\"><span class=\"md-plain\">@StyleSerenity (920K urm\u0103ritori):<\/span> <span class=\"md-plain\">\"Obsedat de modul \u00een care acestea \u00eembun\u0103t\u0103\u021besc culoarea natural\u0103 a ochilor mei. Ei sunt go-to mea pentru ambele \u00eent\u00e2lniri casual cafea \u0219i fotografii profesionale \ud83c\udf75 \"<\/span><\/p>\n<p class=\"md-end-block md-p\"><span class=\"md-plain\">@BeautyHarmony (2,4 milioane de urm\u0103ritori):<\/span> <span class=\"md-plain\">\"Cele mai elegante lentile colorate pe care le-am purtat vreodat\u0103 - \u00eemi dau acel aspect calm \u0219i lini\u0219tit pentru videoclipurile mele despre wellness \ud83d\udc9a\"<\/span><\/p>\n<h2 class=\"md-end-block md-heading\"><span class=\"md-plain\">\ud83d\udc40 Experien\u021bele utilizatorilor<\/span><\/h2>\n<p class=\"md-end-block md-p\"><span class=\"md-plain\">\"Aceste lentile \u00eemi fac ochii s\u0103 arate ca ni\u0219te b\u0103l\u021bi de matcha proasp\u0103t b\u0103tut\u0103 - at\u00e2t de unice, dar naturale! Perfect pentru sesiunile mele de predare yoga \ud83c\udf3f\"<\/span><\/p>\n<p class=\"md-end-block md-p\"><span class=\"md-plain\">\"Purtarea acestora \u00een timpul retragerilor mele de wellness adaug\u0103 atingerea perfect\u0103 de zen la aspectul meu. Confortul este de neegalat!\"<\/span><\/p>\n<p class=\"md-end-block md-p\"><span class=\"md-plain\">\"\u00cemi place cum acestea completeaz\u0103 estetica mea minimalist\u0103. Sunt suficient de subtile pentru uzura zilnic\u0103, dar \u00eenc\u0103 fac o declara\u021bie \ud83d\udcab\"<\/span><\/p>\n<h2 class=\"md-end-block md-heading\"><span class=\"md-plain\">\ud83c\udfad Ocazii perfecte<\/span><\/h2>\n<h3 class=\"md-end-block md-heading\"><span class=\"md-plain\">Uzur\u0103 zilnic\u0103<\/span><\/h3>\n<ul class=\"ul-list\" data-mark=\"*\">\n<li class=\"md-list-item\">\n<p class=\"md-end-block md-p\"><span class=\"md-plain\">Ateliere de wellness<\/span><\/p>\n<\/li>\n<li class=\"md-list-item\">\n<p class=\"md-end-block md-p\"><span class=\"md-plain\">\u00cent\u00e2lniri creative<\/span><\/p>\n<\/li>\n<li class=\"md-list-item\">\n<p class=\"md-end-block md-p\"><span class=\"md-plain\">Sesiuni de mindfulness<\/span><\/p>\n<\/li>\n<li class=\"md-list-item\">\n<p class=\"md-end-block md-p\"><span class=\"md-plain\">Crearea de con\u021binut<\/span><\/p>\n<\/li>\n<\/ul>\n<h3 class=\"md-end-block md-heading\"><span class=\"md-plain\">Evenimente speciale<\/span><\/h3>\n<ul class=\"ul-list\" data-mark=\"*\">\n<li class=\"md-list-item\">\n<p class=\"md-end-block md-p\"><span class=\"md-plain\">Ceremonii \u00een gr\u0103din\u0103<\/span><\/p>\n<\/li>\n<li class=\"md-list-item\">\n<p class=\"md-end-block md-p\"><span class=\"md-plain\">Ceremonii de ceai<\/span><\/p>\n<\/li>\n<li class=\"md-list-item\">\n<p class=\"md-end-block md-p\"><span class=\"md-plain\">\u0218edin\u021be foto stil de via\u021b\u0103<\/span><\/p>\n<\/li>\n<li class=\"md-list-item\">\n<p class=\"md-end-block md-p\"><span class=\"md-plain\">Retrageri Zen<\/span><\/p>\n<\/li>\n<\/ul>\n<h2 class=\"md-end-block md-heading\"><span class=\"md-plain\">\ud83d\udcab Ghid de stil<\/span><\/h2>\n<h3 class=\"md-end-block md-heading\"><span class=\"md-plain\">Machiaj Harmony<\/span><\/h3>\n<ul class=\"ul-list\" data-mark=\"*\">\n<li class=\"md-list-item\">\n<p class=\"md-end-block md-p\"><span class=\"md-plain\">Cele mai importante perle<\/span><\/p>\n<\/li>\n<li class=\"md-list-item\">\n<p class=\"md-end-block md-p\"><span class=\"md-plain\">Umbre moi de salvie<\/span><\/p>\n<\/li>\n<li class=\"md-list-item\">\n<p class=\"md-end-block md-p\"><span class=\"md-plain\">Spr\u00e2ncene naturale<\/span><\/p>\n<\/li>\n<li class=\"md-list-item\">\n<p class=\"md-end-block md-p\"><span class=\"md-plain\">Piele de rou\u0103<\/span><\/p>\n<\/li>\n<\/ul>\n<h3 class=\"md-end-block md-heading\"><span class=\"md-plain\">\u00cemperecherea garderobei<\/span><\/h3>\n<ul class=\"ul-list\" data-mark=\"*\">\n<li class=\"md-list-item\">\n<p class=\"md-end-block md-p\"><span class=\"md-plain\">Alb filde\u0219<\/span><\/p>\n<\/li>\n<li class=\"md-list-item\">\n<p class=\"md-end-block md-p\"><span class=\"md-plain\">Verde moale<\/span><\/p>\n<\/li>\n<li class=\"md-list-item\">\n<p class=\"md-end-block md-p\"><span class=\"md-plain\">Bej natural<\/span><\/p>\n<\/li>\n<li class=\"md-list-item\">\n<p class=\"md-end-block md-p\"><span class=\"md-plain\">Accente de perle<\/span><\/p>\n<\/li>\n<\/ul>\n<h3 class=\"md-end-block md-heading\"><span class=\"md-plain\">Styling de sezon<\/span><\/h3>\n<ul class=\"ul-list\" data-mark=\"*\">\n<li class=\"md-list-item\">\n<p class=\"md-end-block md-p\"><span class=\"md-plain\">Prim\u0103var\u0103: Lenjerie u\u0219oar\u0103<\/span><\/p>\n<\/li>\n<li class=\"md-list-item\">\n<p class=\"md-end-block md-p\"><span class=\"md-plain\">Vara: Alb eteric<\/span><\/p>\n<\/li>\n<li class=\"md-list-item\">\n<p class=\"md-end-block md-p\"><span class=\"md-plain\">Toamna: Salvie cald\u0103<\/span><\/p>\n<\/li>\n<li class=\"md-list-item\">\n<p class=\"md-end-block md-p\"><span class=\"md-plain\">Iarna: Neutrul moale<\/span><\/p>\n<\/li>\n<\/ul>\n<p class=\"md-end-block md-p\"><span class=\"md-plain\">#LightMatchaGreen #ContactLenses #ZenBeauty #NaturalStyle<\/span><\/p>","protected":false},"excerpt":{"rendered":"<p>\u2728 Light Matcha Green Contact Lenses: Zen-Inspired Beauty \ud83d\udcab Design Inspiration Drawing from the serene aesthetics of traditional Japanese tea ceremonies, these Light Matcha Green Contact Lenses capture the ethereal beauty of finely milled matcha powder. The design incorporates delicate sage undertones with subtle golden highlights, mimicking the way sunlight dances on whisked matcha tea. [&#8230;]\n","protected":false},"featured_media":2018,"comment_status":"open","ping_status":"closed","template":"","meta":[],"product_brand":[],"product_cat":[77,91,188,98],"product_tag":[],"class_list":{"0":"post-2016","1":"product","2":"type-product","3":"status-publish","4":"has-post-thumbnail","6":"product_cat-green-contact-lenses","7":"product_cat-14-2-mm","8":"product_cat-dream-contacts","9":"product_cat-yearly-disposable","11":"first","12":"instock","13":"sale","14":"shipping-taxable","15":"purchasable","16":"product-type-variable","17":"has-default-attributes"},"_links":{"self":[{"href":"https:\/\/bqeye.com\/ro\/wp-json\/wp\/v2\/product\/2016","targetHints":{"allow":["GET"]}}],"collection":[{"href":"https:\/\/bqeye.com\/ro\/wp-json\/wp\/v2\/product"}],"about":[{"href":"https:\/\/bqeye.com\/ro\/wp-json\/wp\/v2\/types\/product"}],"replies":[{"embeddable":true,"href":"https:\/\/bqeye.com\/ro\/wp-json\/wp\/v2\/comments?post=2016"}],"wp:featuredmedia":[{"embeddable":true,"href":"https:\/\/bqeye.com\/ro\/wp-json\/wp\/v2\/media\/2018"}],"wp:attachment":[{"href":"https:\/\/bqeye.com\/ro\/wp-json\/wp\/v2\/media?parent=2016"}],"wp:term":[{"taxonomy":"product_brand","embeddable":true,"href":"https:\/\/bqeye.com\/ro\/wp-json\/wp\/v2\/product_brand?post=2016"},{"taxonomy":"product_cat","embeddable":true,"href":"https:\/\/bqeye.com\/ro\/wp-json\/wp\/v2\/product_cat?post=2016"},{"taxonomy":"product_tag","embeddable":true,"href":"https:\/\/bqeye.com\/ro\/wp-json\/wp\/v2\/product_tag?post=2016"}],"curies":[{"name":"wp","href":"https:\/\/api.w.org\/{rel}","templated":true}]}}