{"id":2026,"date":"2025-01-08T20:28:47","date_gmt":"2025-01-08T12:28:47","guid":{"rendered":"https:\/\/bqeye.com\/?post_type=product&#038;p=2026"},"modified":"2025-01-08T20:29:43","modified_gmt":"2025-01-08T12:29:43","slug":"camden-jade-contact-lenses","status":"publish","type":"product","link":"https:\/\/bqeye.com\/ro\/camden-jade-contact-lenses\/","title":{"rendered":"Lentile de contact Camden Jade"},"content":{"rendered":"<h1 class=\"md-end-block md-heading\"><span class=\"md-plain md-expand\">Lentile de contact Camden Jade: Urban Chic \u00eent\u00e2lne\u0219te frumuse\u021bea natural\u0103 \ud83c\udf3f<\/span><\/h1>\n<h2 class=\"md-end-block md-heading\"><span class=\"md-plain\">Inspira\u021bia designului \u0219i povestea culorilor<\/span><\/h2>\n<p class=\"md-end-block md-p\"><span class=\"md-plain\">Acestea <\/span><span class=\"md-pair-s\"><strong><span class=\"md-plain\">Lentile de contact Camden Jade<\/span><\/strong><\/span><span class=\"md-plain\"> \u00eembin\u0103 sofisticarea urban\u0103 a Londrei cu alura atemporal\u0103 a pietrei jad. Dispun\u00e2nd de un model unic inspirat de spiritul eclectic al pie\u021bei Camden, fiecare lentil\u0103 combin\u0103 tonuri profunde de jad cu nuan\u021be subtile de smarald. Designul creeaz\u0103 un echilibru perfect \u00eentre frapant \u0219i sofisticat, ideal pentru trendsetterii moderni.<\/span><\/p>\n<h2 class=\"md-end-block md-heading\"><span class=\"md-plain\">Recenzii Influencer<\/span><\/h2>\n<p class=\"md-end-block md-p\"><span class=\"md-plain\">@LondonStyle (1,9 milioane de urm\u0103ritori): \"Aceste <\/span><span class=\"md-pair-s\"><strong><span class=\"md-plain\">Lentilele de contact Camden Jade sunt perfecte pentru \u0219edin\u021bele foto de street style<\/span><\/strong><\/span><span class=\"md-plain\"> - ele capteaz\u0103 acea margine iconic\u0103 a Londrei! \ud83d\udc9a\"<\/span><\/p>\n<p class=\"md-end-block md-p\"><span class=\"md-plain\">@UrbanGlow (1,3 milioane de urm\u0103ritori): \"The <\/span><span class=\"md-pair-s\"><strong><span class=\"md-plain\">Lentilele de contact Camden Jade adaug\u0103 at\u00e2t de mult caracter look-urilor mele editoriale<\/span><\/strong><\/span><span class=\"md-plain\"> - absolut uimitoare! \u2728\"<\/span><\/p>\n<p class=\"md-end-block md-p\"><span class=\"md-plain\">@CityChic (880K urm\u0103ritori): \"\u00cen timpul s\u0103pt\u0103m\u00e2nii modei, aceste <\/span><span class=\"md-pair-s\"><strong><span class=\"md-plain\">Lentilele Camden Jade \u00eentorc privirile<\/span><\/strong><\/span><span class=\"md-plain\"> - atitudine pur londonez\u0103! \ud83c\udf1f\"<\/span><\/p>\n<h2 class=\"md-end-block md-heading\"><span class=\"md-plain\">Experien\u021be reale ale clien\u021bilor<\/span><\/h2>\n<p class=\"md-end-block md-p\"><span class=\"md-plain\">\"Acestea <\/span><span class=\"md-pair-s\"><strong><span class=\"md-plain\">Lentilele de contact Camden Jade se simt uimitor \u00een timpul \u00eent\u00e2lnirilor creative<\/span><\/strong><\/span><span class=\"md-plain\">, perfect pentru evenimentele mele din galeria de art\u0103! \ud83c\udfa8\"<\/span><\/p>\n<p class=\"md-end-block md-p\"><span class=\"md-plain\">\"The <\/span><span class=\"md-pair-s\"><strong><span class=\"md-plain\">Lentilele de contact Camden Jade aduc o astfel de margine fotografiei mele de strad\u0103<\/span><\/strong><\/span><span class=\"md-plain\"> - total transformatoare! \ud83d\udcf8\"<\/span><\/p>\n<p class=\"md-end-block md-p\"><span class=\"md-plain\">\"\u00cemi place cum aceste <\/span><span class=\"md-pair-s\"><strong><span class=\"md-plain\">Lentilele Camden Jade fac o declara\u021bie la locurile de muzic\u0103<\/span><\/strong><\/span><span class=\"md-plain\"> - at\u00e2t de unic \u00een Londra! \ud83c\udfb8\"<\/span><\/p>\n<h2 class=\"md-end-block md-heading\"><span class=\"md-plain\">Ocazii perfecte<\/span><\/h2>\n<h3 class=\"md-end-block md-heading\"><span class=\"md-plain\">Aventuri urbane<\/span><\/h3>\n<ul class=\"ul-list\" data-mark=\"-\">\n<li class=\"md-list-item\">\n<p class=\"md-end-block md-p\"><span class=\"md-plain\">Deschiderea galeriilor<\/span><\/p>\n<\/li>\n<li class=\"md-list-item\">\n<p class=\"md-end-block md-p\"><span class=\"md-plain\">Festivaluri de muzic\u0103<\/span><\/p>\n<\/li>\n<li class=\"md-list-item\">\n<p class=\"md-end-block md-p\"><span class=\"md-plain\">Pie\u021be stradale<\/span><\/p>\n<\/li>\n<\/ul>\n<h3 class=\"md-end-block md-heading\"><span class=\"md-plain\">Set\u0103ri profesionale<\/span><\/h3>\n<ul class=\"ul-list\" data-mark=\"-\">\n<li class=\"md-list-item\">\n<p class=\"md-end-block md-p\"><span class=\"md-plain\">\u00cent\u00e2lniri creative<\/span><\/p>\n<\/li>\n<li class=\"md-list-item\">\n<p class=\"md-end-block md-p\"><span class=\"md-plain\">Evenimente de mod\u0103<\/span><\/p>\n<\/li>\n<li class=\"md-list-item\">\n<p class=\"md-end-block md-p\"><span class=\"md-plain\">Apari\u021bii \u00een mass-media<\/span><\/p>\n<\/li>\n<\/ul>\n<h2 class=\"md-end-block md-heading\"><span class=\"md-plain\">Ghid de \u00eemperechere a machiajului<\/span><\/h2>\n<h3 class=\"md-end-block md-heading\"><span class=\"md-plain\">Look urban de zi<\/span><\/h3>\n<ul class=\"ul-list\" data-mark=\"-\">\n<li class=\"md-list-item\">\n<p class=\"md-end-block md-p\"><span class=\"md-plain\">Piele de rou\u0103<\/span><\/p>\n<\/li>\n<li class=\"md-list-item\">\n<p class=\"md-end-block md-p\"><span class=\"md-plain\">Accente metalice<\/span><\/p>\n<\/li>\n<li class=\"md-list-item\">\n<p class=\"md-end-block md-p\"><span class=\"md-plain\">Spr\u00e2ncene \u00eendr\u0103zne\u021be<\/span><\/p>\n<\/li>\n<\/ul>\n<h3 class=\"md-end-block md-heading\"><span class=\"md-plain\">Scena de noapte<\/span><\/h3>\n<ul class=\"ul-list\" data-mark=\"-\">\n<li class=\"md-list-item\">\n<p class=\"md-end-block md-p\"><span class=\"md-plain\">C\u0103ptu\u0219eal\u0103 grafic\u0103<\/span><\/p>\n<\/li>\n<li class=\"md-list-item\">\n<p class=\"md-end-block md-p\"><span class=\"md-plain\">Lumini str\u0103lucitoare<\/span><\/p>\n<\/li>\n<li class=\"md-list-item\">\n<p class=\"md-end-block md-p\"><span class=\"md-plain\">Buze \u00eendr\u0103zne\u021be<\/span><\/p>\n<\/li>\n<\/ul>\n<h2 class=\"md-end-block md-heading\"><span class=\"md-plain\">Coordonarea stilului<\/span><\/h2>\n<h3 class=\"md-end-block md-heading\"><span class=\"md-plain\">Culori de \u00eembr\u0103c\u0103minte<\/span><\/h3>\n<ul class=\"ul-list\" data-mark=\"-\">\n<li class=\"md-list-item\">\n<p class=\"md-end-block md-p\"><span class=\"md-plain\">Vintage negru<\/span><\/p>\n<\/li>\n<li class=\"md-list-item\">\n<p class=\"md-end-block md-p\"><span class=\"md-plain\">Gri industrial<\/span><\/p>\n<\/li>\n<li class=\"md-list-item\">\n<p class=\"md-end-block md-p\"><span class=\"md-plain\">Jad ad\u00e2nc<\/span><\/p>\n<\/li>\n<li class=\"md-list-item\">\n<p class=\"md-end-block md-p\"><span class=\"md-plain\">Argint metalic<\/span><\/p>\n<\/li>\n<\/ul>\n<h3 class=\"md-end-block md-heading\"><span class=\"md-plain\">Accesorii<\/span><\/h3>\n<ul class=\"ul-list\" data-mark=\"-\">\n<li class=\"md-list-item\">\n<p class=\"md-end-block md-p\"><span class=\"md-plain\">Metale mixte<\/span><\/p>\n<\/li>\n<li class=\"md-list-item\">\n<p class=\"md-end-block md-p\"><span class=\"md-plain\">Cristale brute<\/span><\/p>\n<\/li>\n<li class=\"md-list-item\">\n<p class=\"md-end-block md-p\"><span class=\"md-plain\">Detalii din piele<\/span><\/p>\n<\/li>\n<\/ul>\n<h3 class=\"md-end-block md-heading\"><span class=\"md-plain\">Sfaturi de stil de sezon<\/span><\/h3>\n<ul class=\"ul-list\" data-mark=\"-\">\n<li class=\"md-list-item\">\n<p class=\"md-end-block md-p\"><span class=\"md-plain\">Prim\u0103var\u0103\/var\u0103: \u00cemperecheaz\u0103 cu \u00eembr\u0103c\u0103minte de strad\u0103 elegant\u0103<\/span><\/p>\n<\/li>\n<li class=\"md-list-item\">\n<p class=\"md-end-block md-p\"><span class=\"md-plain\">Toamna\/iarna: Layer cu piese vintage<\/span><\/p>\n<\/li>\n<\/ul>\n<h2 class=\"md-end-block md-heading\"><span class=\"md-plain\">Confort \u0219i siguran\u021b\u0103<\/span><\/h2>\n<p class=\"md-end-block md-p\"><span class=\"md-plain\">The <\/span><span class=\"md-pair-s\"><strong><span class=\"md-plain\">Lentile de contact Camden Jade<\/span><\/strong><\/span><span class=\"md-plain\"> prezint\u0103 materiale certificate CE \u0219i FDA, concepute pentru confort \u00een timpul aventurilor lungi \u00een ora\u0219. Tehnologia avansat\u0103 de umiditate asigur\u0103 o prospe\u021bime de durat\u0103 \u00een timpul explor\u0103rilor dvs. urbane.<\/span><\/p>\n<p class=\"md-end-block md-p md-focus\"><span class=\"md-plain\">\u2728 Exprim\u0103-\u021bi stilul unic cu <\/span><span class=\"md-pair-s\"><strong><span class=\"md-plain\">Lentile de contact Camden Jade<\/span><\/strong><\/span><span class=\"md-plain md-expand\"> - Acolo unde avantajul londonez \u00eent\u00e2lne\u0219te alura natural\u0103!<\/span><\/p>","protected":false},"excerpt":{"rendered":"<p>Camden Jade Contact Lenses: Urban Chic Meets Natural Beauty \ud83c\udf3f Design Inspiration &amp; Color Story These Camden Jade Contact Lenses blend London&#8217;s urban sophistication with the timeless allure of jade stone. Featuring a unique pattern inspired by the eclectic spirit of Camden Market, each lens combines deep jade tones with subtle emerald undertones. The design [&#8230;]\n","protected":false},"featured_media":2028,"comment_status":"open","ping_status":"closed","template":"","meta":[],"product_brand":[],"product_cat":[77,91,188,98],"product_tag":[],"class_list":{"0":"post-2026","1":"product","2":"type-product","3":"status-publish","4":"has-post-thumbnail","6":"product_cat-green-contact-lenses","7":"product_cat-14-2-mm","8":"product_cat-dream-contacts","9":"product_cat-yearly-disposable","11":"first","12":"instock","13":"sale","14":"shipping-taxable","15":"purchasable","16":"product-type-variable","17":"has-default-attributes"},"_links":{"self":[{"href":"https:\/\/bqeye.com\/ro\/wp-json\/wp\/v2\/product\/2026","targetHints":{"allow":["GET"]}}],"collection":[{"href":"https:\/\/bqeye.com\/ro\/wp-json\/wp\/v2\/product"}],"about":[{"href":"https:\/\/bqeye.com\/ro\/wp-json\/wp\/v2\/types\/product"}],"replies":[{"embeddable":true,"href":"https:\/\/bqeye.com\/ro\/wp-json\/wp\/v2\/comments?post=2026"}],"wp:featuredmedia":[{"embeddable":true,"href":"https:\/\/bqeye.com\/ro\/wp-json\/wp\/v2\/media\/2028"}],"wp:attachment":[{"href":"https:\/\/bqeye.com\/ro\/wp-json\/wp\/v2\/media?parent=2026"}],"wp:term":[{"taxonomy":"product_brand","embeddable":true,"href":"https:\/\/bqeye.com\/ro\/wp-json\/wp\/v2\/product_brand?post=2026"},{"taxonomy":"product_cat","embeddable":true,"href":"https:\/\/bqeye.com\/ro\/wp-json\/wp\/v2\/product_cat?post=2026"},{"taxonomy":"product_tag","embeddable":true,"href":"https:\/\/bqeye.com\/ro\/wp-json\/wp\/v2\/product_tag?post=2026"}],"curies":[{"name":"wp","href":"https:\/\/api.w.org\/{rel}","templated":true}]}}