{"id":2038,"date":"2025-01-08T21:20:25","date_gmt":"2025-01-08T13:20:25","guid":{"rendered":"https:\/\/bqeye.com\/?post_type=product&#038;p=2038"},"modified":"2025-01-08T21:21:39","modified_gmt":"2025-01-08T13:21:39","slug":"milky-coffee-amber-contact-lenses","status":"publish","type":"product","link":"https:\/\/bqeye.com\/ro\/milky-coffee-amber-contact-lenses\/","title":{"rendered":"Lentile de contact Milky Coffee Amber"},"content":{"rendered":"<h1 class=\"md-end-block md-heading\"><span class=\"md-plain md-expand\">Lentile de contact Milky Coffee Amber: \u00cembun\u0103t\u0103\u021birea privirii \u00eenc\u00e2nt\u0103toare \u2727<\/span><\/h1>\n<h2 class=\"md-end-block md-heading\"><span class=\"md-plain\">Inspira\u021bia designului \u0219i simbolismul culorilor<\/span><\/h2>\n<p class=\"md-end-block md-p\"><span class=\"md-plain\">The <\/span><span class=\"md-pair-s\"><strong><span class=\"md-plain\">Lentile de contact Milky Coffee Amber<\/span><\/strong><\/span><span class=\"md-plain\"> se inspir\u0103 din m\u0103iestria culturii cafelei high-end \u0219i din c\u0103ldura apusurilor de soare de culoarea chihlimbarului. Designul surprinde momentul hipnotizant \u00een care espresso-ul bogat \u00eent\u00e2lne\u0219te laptele cremos, cre\u00e2nd v\u00e2rtejuri perfecte de art\u0103 a cafelei. Acest amestec sofisticat reprezint\u0103 armonia dintre putere \u0219i delicate\u021be.<\/span><\/p>\n<p class=\"md-end-block md-p\"><span class=\"md-plain\">Inelul exterior maro intens evoc\u0103 intensitatea boabelor de cafea proasp\u0103t pr\u0103jite, \u00een timp ce tonurile interioare de chihlimbar reflect\u0103 \u00eembr\u0103\u021bi\u0219area cald\u0103 a orei de aur. Aceast\u0103 dualitate creeaz\u0103 o ad\u00e2ncime captivant\u0103 care m\u0103re\u0219te ochii \u00een mod natural. Tranzi\u021biile complexe de culoare reflect\u0103 straturile g\u0103site \u00een arta latte perfect realizat\u0103, unde fiecare inel \u00ee\u0219i spune propria poveste.<\/span><\/p>\n<p class=\"md-end-block md-p\"><span class=\"md-plain\">Aceste lentile \u00eentruchipeaz\u0103 echilibrul perfect \u00eentre impactul dramatic \u0219i frumuse\u021bea natural\u0103. Inelul exterior inspirat de cafea nu numai c\u0103 creeaz\u0103 un efect de m\u0103rire, dar adaug\u0103 \u0219i o ad\u00e2ncime misterioas\u0103 privirii. \u00centre timp, subtonurile de chihlimbar aduc c\u0103ldur\u0103 \u0219i dimensiune, f\u0103c\u00e2nd ochii s\u0103 par\u0103 mai vii \u0219i mai expresivi.<\/span><\/p>\n<p class=\"md-end-block md-p\"><span class=\"md-plain\">Filozofia designului celebreaz\u0103 puterea transformatoare a culturii cafelei - cum ceva la fel de simplu ca cafeaua \u0219i laptele poate crea o frumuse\u021be extraordinar\u0103. Acest concept se traduce \u00een \u00eembun\u0103t\u0103\u021birea ochilor, care se simte at\u00e2t de luxoas\u0103, c\u00e2t \u0219i natural\u0103, f\u0103r\u0103 efort.<\/span><\/p>\n<h2 class=\"md-end-block md-heading\"><span class=\"md-plain\">Recenzii Influencer<\/span><\/h2>\n<p class=\"md-end-block md-p\"><span class=\"md-plain\">@CoffeeBeautyQueen (1,2 milioane de urm\u0103ritori): \"Aceste lentile sunt arma mea secret\u0103 pentru crearea de con\u021binut! Efectul de m\u0103rire este at\u00e2t de natural, iar tonurile de cafea-ambr\u0103 \u00eemi fac ochii s\u0103 ias\u0103 \u00een eviden\u021b\u0103 \u00een orice lumin\u0103. Perfect pentru videoclipurile mele de recenzie a cafenelelor! \u2615\ufe0f\u2728\"<\/span><\/p>\n<p class=\"md-end-block md-p\"><span class=\"md-plain\">@StyleSiren (890K urm\u0103ritori): \"Inelul exterior \u00eenchis \u00eemi ofer\u0103 efectul perfect de m\u0103rire a ochilor pe care mi l-am dorit \u00eentotdeauna. Am purtat astea la S\u0103pt\u0103m\u00e2na Modei \u0219i toat\u0103 lumea \u00eentreba despre ochii mei hipnotizan\u021bi! \ud83d\udc40\"<\/span><\/p>\n<p class=\"md-end-block md-p\"><span class=\"md-plain\">@BeautyInsider (750K urm\u0103ritori): \"\u00cen sf\u00e2r\u0219it mi-am g\u0103sit lentilele holy grail! Tonurile de cafea l\u0103ptoas\u0103 se potrivesc perfect cu culoarea mea natural\u0103 a ochilor, \u00een timp ce inelul exterior \u00eemi face ochii s\u0103 par\u0103 mult mai mari. Go-to meu pentru toate tutorialele mele de frumuse\u021be acum! \ud83d\udcab\"<\/span><\/p>\n<h2 class=\"md-end-block md-heading\"><span class=\"md-plain\">Experien\u021bele utilizatorilor<\/span><\/h2>\n<p class=\"md-end-block md-p\"><span class=\"md-plain\">\"Efectul m\u0103rit este uimitor, dar natural. Colegii mei continu\u0103 s\u0103-mi complimenteze ochii \u00een timpul \u00eent\u00e2lnirilor, f\u0103r\u0103 s\u0103 realizeze c\u0103 port lentile de contact! \ud83d\ude0a\"<\/span><\/p>\n<p class=\"md-end-block md-p\"><span class=\"md-plain\">\"Absolut \u00eemi place cum acestea \u00eemi fac ochii s\u0103 par\u0103 mult mai mari f\u0103r\u0103 a fi eviden\u021bi. Perfect pentru uzura de zi cu zi, mai ales \u00een timpul turelor mele de barista c\u00e2nd trebuie s\u0103 ar\u0103t proasp\u0103t \u0219i natural! \u2728\"<\/span><\/p>\n<p class=\"md-end-block md-p\"><span class=\"md-plain\">\"Aceste lentile mi-au transformat complet look-ul! Inelul exterior \u00eentunecat \u00eemi face \u00eentr-adev\u0103r ochii s\u0103 ias\u0103 \u00een eviden\u021b\u0103, \u00een timp ce tonurile de chihlimbar adaug\u0103 o c\u0103ldur\u0103 at\u00e2t de frumoas\u0103. Esen\u021bial pentru \u0219edin\u021bele mele foto! \ud83d\udc95\"<\/span><\/p>\n<h2 class=\"md-end-block md-heading\"><span class=\"md-plain\">Ocazii perfecte<\/span><\/h2>\n<h3 class=\"md-end-block md-heading\"><span class=\"md-plain\">Uzur\u0103 zilnic\u0103<\/span><\/h3>\n<ul class=\"ul-list\" data-mark=\"-\">\n<li class=\"md-list-item\">\n<p class=\"md-end-block md-p\"><span class=\"md-plain\">\u00cent\u00e2lniri la cafenea<\/span><\/p>\n<\/li>\n<li class=\"md-list-item\">\n<p class=\"md-end-block md-p\"><span class=\"md-plain\">\u00cent\u00e2lniri de afaceri<\/span><\/p>\n<\/li>\n<li class=\"md-list-item\">\n<p class=\"md-end-block md-p\"><span class=\"md-plain\">C\u0103l\u0103torii la cump\u0103r\u0103turi<\/span><\/p>\n<\/li>\n<li class=\"md-list-item\">\n<p class=\"md-end-block md-p\"><span class=\"md-plain\">Ie\u0219iri ocazionale<\/span><\/p>\n<\/li>\n<\/ul>\n<h3 class=\"md-end-block md-heading\"><span class=\"md-plain\">Evenimente speciale<\/span><\/h3>\n<ul class=\"ul-list\" data-mark=\"-\">\n<li class=\"md-list-item\">\n<p class=\"md-end-block md-p\"><span class=\"md-plain\">Sesiuni foto<\/span><\/p>\n<\/li>\n<li class=\"md-list-item\">\n<p class=\"md-end-block md-p\"><span class=\"md-plain\">\u00cent\u00e2lniri sociale<\/span><\/p>\n<\/li>\n<li class=\"md-list-item\">\n<p class=\"md-end-block md-p\"><span class=\"md-plain\">Prezent\u0103ri profesionale<\/span><\/p>\n<\/li>\n<li class=\"md-list-item\">\n<p class=\"md-end-block md-p\"><span class=\"md-plain\">Evenimente de sear\u0103<\/span><\/p>\n<\/li>\n<\/ul>\n<h2 class=\"md-end-block md-heading\"><span class=\"md-plain\">Ghid de styling<\/span><\/h2>\n<h3 class=\"md-end-block md-heading\"><span class=\"md-plain\">Asocierea machiajului<\/span><\/h3>\n<ul class=\"ul-list\" data-mark=\"-\">\n<li class=\"md-list-item\">\n<p class=\"md-end-block md-p\"><span class=\"md-plain\">Look natural: Farduri de ochi maro deschis<\/span><\/p>\n<\/li>\n<li class=\"md-list-item\">\n<p class=\"md-end-block md-p\"><span class=\"md-plain\">Stil dramatic: Smokey eye auriu<\/span><\/p>\n<\/li>\n<li class=\"md-list-item\">\n<p class=\"md-end-block md-p\"><span class=\"md-plain\">\u0218ic casual: Tonuri neutre calde<\/span><\/p>\n<\/li>\n<\/ul>\n<h3 class=\"md-end-block md-heading\"><span class=\"md-plain\">Coordonarea modei<\/span><\/h3>\n<ul class=\"ul-list\" data-mark=\"-\">\n<li class=\"md-list-item\">\n<p class=\"md-end-block md-p\"><span class=\"md-plain\">Tonuri de p\u0103m\u00e2nt<\/span><\/p>\n<\/li>\n<li class=\"md-list-item\">\n<p class=\"md-end-block md-p\"><span class=\"md-plain\">Materiale neutre calde<\/span><\/p>\n<\/li>\n<li class=\"md-list-item\">\n<p class=\"md-end-block md-p\"><span class=\"md-plain\">Culori inspirate de cafea<\/span><\/p>\n<\/li>\n<li class=\"md-list-item\">\n<p class=\"md-end-block md-p\"><span class=\"md-plain\">Ambra \u0219i accente aurii<\/span><\/p>\n<\/li>\n<\/ul>\n<h3 class=\"md-end-block md-heading\"><span class=\"md-plain\">Sfaturi de stil de sezon<\/span><\/h3>\n<ul class=\"ul-list\" data-mark=\"-\">\n<li class=\"md-list-item\">\n<p class=\"md-end-block md-p\"><span class=\"md-plain\">Prim\u0103var\u0103\/var\u0103: \u021aes\u0103turi u\u0219oare, aerisite<\/span><\/p>\n<\/li>\n<li class=\"md-list-item\">\n<p class=\"md-end-block md-p\"><span class=\"md-plain\">Toamna\/iarna: Texturi bogate, calde<\/span><\/p>\n<\/li>\n<\/ul>\n<p class=\"md-end-block md-p md-focus\"><span class=\"md-plain\">\u2727 Transform\u0103-\u021bi privirea cu <\/span><span class=\"md-pair-s\"><strong><span class=\"md-plain\">Lentile de contact Milky Coffee Amber<\/span><\/strong><\/span><span class=\"md-plain md-expand\"> - Unde elegan\u021ba inspirat\u0103 de cafea se \u00eent\u00e2lne\u0219te cu intensificarea natural\u0103 a ochilor! \u2727<\/span><\/p>","protected":false},"excerpt":{"rendered":"<p>Milky Coffee Amber Contact Lenses: Enchanting Gaze Enhancement \u2727 Design Inspiration &amp; Color Symbolism The Milky Coffee Amber Contact Lenses draw their inspiration from the artistry of high-end coffee culture and the warmth of amber sunsets. The design captures the mesmerizing moment when rich espresso meets creamy milk, creating perfect coffee art swirls. This sophisticated [&#8230;]\n","protected":false},"featured_media":2040,"comment_status":"open","ping_status":"closed","template":"","meta":[],"product_brand":[],"product_cat":[80,92,188,158,98],"product_tag":[],"class_list":{"0":"post-2038","1":"product","2":"type-product","3":"status-publish","4":"has-post-thumbnail","6":"product_cat-brown-contact-lenses","7":"product_cat-14-5-mm","8":"product_cat-dream-contacts","9":"product_cat-enlarge-contacts","10":"product_cat-yearly-disposable","12":"first","13":"instock","14":"sale","15":"shipping-taxable","16":"purchasable","17":"product-type-variable","18":"has-default-attributes"},"_links":{"self":[{"href":"https:\/\/bqeye.com\/ro\/wp-json\/wp\/v2\/product\/2038","targetHints":{"allow":["GET"]}}],"collection":[{"href":"https:\/\/bqeye.com\/ro\/wp-json\/wp\/v2\/product"}],"about":[{"href":"https:\/\/bqeye.com\/ro\/wp-json\/wp\/v2\/types\/product"}],"replies":[{"embeddable":true,"href":"https:\/\/bqeye.com\/ro\/wp-json\/wp\/v2\/comments?post=2038"}],"wp:featuredmedia":[{"embeddable":true,"href":"https:\/\/bqeye.com\/ro\/wp-json\/wp\/v2\/media\/2040"}],"wp:attachment":[{"href":"https:\/\/bqeye.com\/ro\/wp-json\/wp\/v2\/media?parent=2038"}],"wp:term":[{"taxonomy":"product_brand","embeddable":true,"href":"https:\/\/bqeye.com\/ro\/wp-json\/wp\/v2\/product_brand?post=2038"},{"taxonomy":"product_cat","embeddable":true,"href":"https:\/\/bqeye.com\/ro\/wp-json\/wp\/v2\/product_cat?post=2038"},{"taxonomy":"product_tag","embeddable":true,"href":"https:\/\/bqeye.com\/ro\/wp-json\/wp\/v2\/product_tag?post=2038"}],"curies":[{"name":"wp","href":"https:\/\/api.w.org\/{rel}","templated":true}]}}