{"id":2098,"date":"2025-01-09T22:16:47","date_gmt":"2025-01-09T14:16:47","guid":{"rendered":"https:\/\/bqeye.com\/?post_type=product&#038;p=2098"},"modified":"2025-01-09T22:19:47","modified_gmt":"2025-01-09T14:19:47","slug":"fiji-glacier-blue-contact-lenses","status":"publish","type":"product","link":"https:\/\/bqeye.com\/ro\/fiji-glacier-blue-contact-lenses\/","title":{"rendered":"Lentile de contact Fiji Glacier Blue"},"content":{"rendered":"<h1 class=\"md-end-block md-heading\"><span class=\"md-plain md-expand\">Lentile de contact Fiji Glacier Blue: Ocean Depths Fusion<\/span><\/h1>\n<h2 class=\"md-end-block md-heading\"><span class=\"md-plain\">Inspira\u021bia designului \u0219i povestea culorilor<\/span><\/h2>\n<p class=\"md-end-block md-p\"><span class=\"md-plain\">Aceste lentile de contact Fiji Glacier Blue se inspir\u0103 din cele mai uimitoare fenomene ale naturii. Designul surprinde fuziunea fascinant\u0103 dintre lagunele cristaline din Fiji \u0219i ghe\u021barii arctici virgini. Tehnologia unic\u0103 de gradient \u00een trei straturi combin\u0103 c\u0103ldura tropical\u0103 cu claritatea arctic\u0103, cre\u00e2nd o ad\u00e2ncime de culoare f\u0103r\u0103 precedent. Albastrul ad\u00e2nc de lagun\u0103 al inelului exterior \u00eembun\u0103t\u0103\u021be\u0219te definirea ochilor, \u00een timp ce zona cristalin\u0103 de ghe\u021bar din mijloc creeaz\u0103 transparen\u021b\u0103 pur\u0103, iar miezul interior turcoaz adaug\u0103 o dimensiune vibrant\u0103. Acest design inovator nu numai c\u0103 face ca ochii s\u0103 par\u0103 mai mari \u0219i mai captivan\u021bi, dar creeaz\u0103, de asemenea, schimb\u0103ri de culoare fascinante \u00een diferite condi\u021bii de iluminare, ca \u0219i cum a\u021bi capta cele mai frumoase miracole albastre ale naturii \u00een privirea dumneavoastr\u0103.<\/span><\/p>\n<h2 class=\"md-end-block md-heading\"><span class=\"md-plain\">Note de influen\u021b\u0103<\/span><\/h2>\n<ul class=\"ul-list\" data-mark=\"*\">\n<li class=\"md-list-item\">\n<p class=\"md-end-block md-p\"><span class=\"md-plain\">@OceanQueen (890K urm\u0103ritori): \"Aceste Fiji Glacier Blues sunt absolut uluitoare! \u00cen timpul \u0219edin\u021belor foto \u00een aer liber, ochii mei capteaz\u0103 \u00eentregul ocean - fotografiile sunt incredibile \u0219i par complet naturale! \ud83d\udc40\"<\/span><\/p>\n<\/li>\n<li class=\"md-list-item\">\n<p class=\"md-end-block md-p\"><span class=\"md-plain\">@TropicalGlow (925K urm\u0103ritori): \"Ca beauty influencer, am \u00eencercat nenum\u0103rate lentile, dar Fiji Glacier Blue este preferata mea absolut\u0103! Sunt perfecte at\u00e2t pentru evenimente majore, c\u00e2t \u0219i pentru crearea de con\u021binut zilnic. Aceste lentile au fost arma mea secret\u0103 la gala de var\u0103! \ud83c\udf1f\"<\/span><\/p>\n<\/li>\n<li class=\"md-list-item\">\n<p class=\"md-end-block md-p\"><span class=\"md-plain\">@ArcticBeauty (885K urm\u0103ritori): \"Purt\u00e2nd Fiji Glacier Blues la Universal Studios, toat\u0103 lumea a crezut c\u0103 ochii mei erau \u00een mod natural at\u00e2t de uimitori! Se fotografiaz\u0103 minunat \u00een orice cadru - un must-have pentru creatorii de con\u021binut! \ud83d\udc95\"<\/span><\/p>\n<\/li>\n<\/ul>\n<h2 class=\"md-end-block md-heading\"><span class=\"md-plain\">Experien\u021bele utilizatorilor<\/span><\/h2>\n<ul class=\"ul-list\" data-mark=\"*\">\n<li class=\"md-list-item\">\n<p class=\"md-end-block md-p\"><span class=\"md-plain\">\"\u00cen momentul \u00een care mi-am pus Fiji Glacier Blue, am fost uimit\u0103! Func\u021bioneaz\u0103 perfect at\u00e2t pentru \u00eent\u00e2lniri de afaceri, c\u00e2t \u0219i pentru \u00eent\u00e2lniri ocazionale, ad\u0103ug\u00e2nd rafinament f\u0103r\u0103 a fi cople\u0219itoare.\"<\/span><\/p>\n<\/li>\n<li class=\"md-list-item\">\n<p class=\"md-end-block md-p\"><span class=\"md-plain\">\"Am purtat Fiji Glacier Blue timp de trei luni la r\u00e2nd - la cump\u0103r\u0103turi sau \u00eent\u00e2lniri cu prietenii, oamenii cred \u00eentotdeauna c\u0103 este culoarea mea natural\u0103 a ochilor! \ud83d\ude04\"<\/span><\/p>\n<\/li>\n<li class=\"md-list-item\">\n<p class=\"md-end-block md-p\"><span class=\"md-plain\">\"Aceste lentile sunt perfecte pentru uzura zilnic\u0103! Confortabile prin ore lungi de birou \u0219i m\u0103 fac s\u0103 par mai energic \u00een timpul apelurilor video. \ud83d\udc4d\"<\/span><\/p>\n<\/li>\n<\/ul>\n<h2 class=\"md-end-block md-heading\"><span class=\"md-plain\">Perfect pentru<\/span><\/h2>\n<h3 class=\"md-end-block md-heading\"><span class=\"md-plain\">Ocazii zilnice<\/span><\/h3>\n<ul class=\"ul-list\" data-mark=\"*\">\n<li class=\"md-list-item\">\n<p class=\"md-end-block md-p\"><span class=\"md-plain\">Munc\u0103 de birou<\/span><\/p>\n<\/li>\n<li class=\"md-list-item\">\n<p class=\"md-end-block md-p\"><span class=\"md-plain\">Via\u021ba \u00een campus<\/span><\/p>\n<\/li>\n<li class=\"md-list-item\">\n<p class=\"md-end-block md-p\"><span class=\"md-plain\">\u00cent\u00e2lniri ocazionale<\/span><\/p>\n<\/li>\n<li class=\"md-list-item\">\n<p class=\"md-end-block md-p\"><span class=\"md-plain\">Activit\u0103\u021bi \u00een aer liber<\/span><\/p>\n<\/li>\n<\/ul>\n<h3 class=\"md-end-block md-heading\"><span class=\"md-plain\">Evenimente speciale<\/span><\/h3>\n<ul class=\"ul-list\" data-mark=\"*\">\n<li class=\"md-list-item\">\n<p class=\"md-end-block md-p\"><span class=\"md-plain\">Nun\u021bi<\/span><\/p>\n<\/li>\n<li class=\"md-list-item\">\n<p class=\"md-end-block md-p\"><span class=\"md-plain\">Sesiuni foto<\/span><\/p>\n<\/li>\n<li class=\"md-list-item\">\n<p class=\"md-end-block md-p\"><span class=\"md-plain\">Prezent\u0103ri<\/span><\/p>\n<\/li>\n<li class=\"md-list-item\">\n<p class=\"md-end-block md-p\"><span class=\"md-plain\">\u00cent\u00e2lniri sociale<\/span><\/p>\n<\/li>\n<\/ul>\n<h3 class=\"md-end-block md-heading\"><span class=\"md-plain\">Sfaturi de machiaj<\/span><\/h3>\n<ul class=\"ul-list\" data-mark=\"*\">\n<li class=\"md-list-item\">\n<p class=\"md-end-block md-p\"><span class=\"md-plain\">Funda\u021bie de rou\u0103<\/span><\/p>\n<\/li>\n<li class=\"md-list-item\">\n<p class=\"md-end-block md-p\"><span class=\"md-plain\">Fard de ochi perlat<\/span><\/p>\n<\/li>\n<li class=\"md-list-item\">\n<p class=\"md-end-block md-p\"><span class=\"md-plain\">Aspecte nude naturale<\/span><\/p>\n<\/li>\n<li class=\"md-list-item\">\n<p class=\"md-end-block md-p\"><span class=\"md-plain\">Fard de ochi moale \u00een tonuri de albastru<\/span><\/p>\n<\/li>\n<\/ul>\n<h2 class=\"md-end-block md-heading\"><span class=\"md-plain\">Ghid de stil<\/span><\/h2>\n<h3 class=\"md-end-block md-heading\"><span class=\"md-plain\">Culorile \u021binutei<\/span><\/h3>\n<ul class=\"ul-list\" data-mark=\"*\">\n<li class=\"md-list-item\">\n<p class=\"md-end-block md-p\"><span class=\"md-plain\">Albastru oceanic<\/span><\/p>\n<\/li>\n<li class=\"md-list-item\">\n<p class=\"md-end-block md-p\"><span class=\"md-plain\">Glacier alb<\/span><\/p>\n<\/li>\n<li class=\"md-list-item\">\n<p class=\"md-end-block md-p\"><span class=\"md-plain\">Verde ment\u0103<\/span><\/p>\n<\/li>\n<li class=\"md-list-item\">\n<p class=\"md-end-block md-p\"><span class=\"md-plain\">Gri perlat<\/span><\/p>\n<\/li>\n<li class=\"md-list-item\">\n<p class=\"md-end-block md-p\"><span class=\"md-plain\">Filde\u0219<\/span><\/p>\n<\/li>\n<\/ul>\n<h3 class=\"md-end-block md-heading\"><span class=\"md-plain\">Accesorii<\/span><\/h3>\n<ul class=\"ul-list\" data-mark=\"*\">\n<li class=\"md-list-item\">\n<p class=\"md-end-block md-p\"><span class=\"md-plain\">Bijuterii din cristal<\/span><\/p>\n<\/li>\n<li class=\"md-list-item\">\n<p class=\"md-end-block md-p\"><span class=\"md-plain\">Piese de argint<\/span><\/p>\n<\/li>\n<li class=\"md-list-item\">\n<p class=\"md-end-block md-p\"><span class=\"md-plain\">Accente de perle<\/span><\/p>\n<\/li>\n<li class=\"md-list-item\">\n<p class=\"md-end-block md-p\"><span class=\"md-plain\">Accesorii transparente<\/span><\/p>\n<\/li>\n<\/ul>\n<h3 class=\"md-end-block md-heading\"><span class=\"md-plain\">Styling de sezon<\/span><\/h3>\n<ul class=\"ul-list\" data-mark=\"*\">\n<li class=\"md-list-item\">\n<p class=\"md-end-block md-p\"><span class=\"md-plain\">Prim\u0103vara: Pasteluri deschise<\/span><\/p>\n<\/li>\n<li class=\"md-list-item\">\n<p class=\"md-end-block md-p\"><span class=\"md-plain\">Vara: Uzura de sta\u021biune<\/span><\/p>\n<\/li>\n<li class=\"md-list-item\">\n<p class=\"md-end-block md-p\"><span class=\"md-plain\">Toamna: Neutru cald<\/span><\/p>\n<\/li>\n<li class=\"md-list-item\">\n<p class=\"md-end-block md-p\"><span class=\"md-plain\">Iarna: Piese inspirate de ghea\u021b\u0103<\/span><\/p>\n<\/li>\n<\/ul>\n<h2 class=\"md-end-block md-heading\"><span class=\"md-plain\">Siguran\u021b\u0103 \u0219i confort<\/span><\/h2>\n<p class=\"md-end-block md-p\"><span class=\"md-plain\">Certificat pentru s\u0103n\u0103tatea \u0219i siguran\u021ba ochilor. Tehnologia avansat\u0103 de hidratare asigur\u0103 confortul \u00een timpul purt\u0103rii prelungite.<\/span><\/p>\n<p class=\"md-end-block md-p md-focus\"><span class=\"md-plain md-expand\">\u2727 Transforma\u021bi-v\u0103 look-ul cu lentilele de contact Fiji Glacier Blue - Unde c\u0103ldura tropical\u0103 \u00eent\u00e2lne\u0219te str\u0103lucirea arctic\u0103 \u2727<\/span><\/p>","protected":false},"excerpt":{"rendered":"<p>Fiji Glacier Blue Contact Lenses: Ocean Depths Fusion Design Inspiration &amp; Color Story These Fiji Glacier Blue Contact Lenses draw inspiration from nature&#8217;s most stunning phenomena. The design captures the mesmerizing fusion of Fiji&#8217;s crystalline lagoons and pristine arctic glaciers. The unique three-layer gradient technology combines tropical warmth with arctic clarity, creating an unprecedented depth [&#8230;]\n","protected":false},"featured_media":2100,"comment_status":"open","ping_status":"closed","template":"","meta":[],"product_brand":[],"product_cat":[75,92,188,158,98],"product_tag":[],"class_list":{"0":"post-2098","1":"product","2":"type-product","3":"status-publish","4":"has-post-thumbnail","6":"product_cat-blue-contact-lenses","7":"product_cat-14-5-mm","8":"product_cat-dream-contacts","9":"product_cat-enlarge-contacts","10":"product_cat-yearly-disposable","12":"first","13":"instock","14":"sale","15":"shipping-taxable","16":"purchasable","17":"product-type-variable","18":"has-default-attributes"},"_links":{"self":[{"href":"https:\/\/bqeye.com\/ro\/wp-json\/wp\/v2\/product\/2098","targetHints":{"allow":["GET"]}}],"collection":[{"href":"https:\/\/bqeye.com\/ro\/wp-json\/wp\/v2\/product"}],"about":[{"href":"https:\/\/bqeye.com\/ro\/wp-json\/wp\/v2\/types\/product"}],"replies":[{"embeddable":true,"href":"https:\/\/bqeye.com\/ro\/wp-json\/wp\/v2\/comments?post=2098"}],"wp:featuredmedia":[{"embeddable":true,"href":"https:\/\/bqeye.com\/ro\/wp-json\/wp\/v2\/media\/2100"}],"wp:attachment":[{"href":"https:\/\/bqeye.com\/ro\/wp-json\/wp\/v2\/media?parent=2098"}],"wp:term":[{"taxonomy":"product_brand","embeddable":true,"href":"https:\/\/bqeye.com\/ro\/wp-json\/wp\/v2\/product_brand?post=2098"},{"taxonomy":"product_cat","embeddable":true,"href":"https:\/\/bqeye.com\/ro\/wp-json\/wp\/v2\/product_cat?post=2098"},{"taxonomy":"product_tag","embeddable":true,"href":"https:\/\/bqeye.com\/ro\/wp-json\/wp\/v2\/product_tag?post=2098"}],"curies":[{"name":"wp","href":"https:\/\/api.w.org\/{rel}","templated":true}]}}