{"id":2107,"date":"2025-01-09T22:55:44","date_gmt":"2025-01-09T14:55:44","guid":{"rendered":"https:\/\/bqeye.com\/?post_type=product&#038;p=2107"},"modified":"2025-01-09T22:59:37","modified_gmt":"2025-01-09T14:59:37","slug":"deep-denim-contact-lenses","status":"publish","type":"product","link":"https:\/\/bqeye.com\/ro\/deep-denim-contact-lenses\/","title":{"rendered":"Lentile de contact Deep Denim"},"content":{"rendered":"<h1 class=\"md-end-block md-heading\"><span class=\"md-plain md-expand\">\u2728 Lentile de contact Deep Denim - \u00eembr\u0103\u021bi\u0219eaz\u0103-\u021bi frumuse\u021bea inspirat\u0103 de ocean<\/span><\/h1>\n<h2 class=\"md-end-block md-heading\"><span class=\"md-plain\">\ud83d\udcab Inspira\u021bie de design<\/span><\/h2>\n<p class=\"md-end-block md-p\"><span class=\"md-plain\">Inspirate din ad\u00e2ncurile senine ale oceanului, aceste lentile de contact Deep Denim capteaz\u0103 esen\u021ba apelor crepusculare. Designul reflect\u0103 interac\u021biunea sofisticat\u0103 a nuan\u021belor de albastru ad\u00e2nc g\u0103site \u00een denimul premium, cre\u00e2nd un efect hipnotizant care \u00ee\u021bi \u00eembun\u0103t\u0103\u021be\u0219te culoarea natural\u0103 a ochilor, ad\u0103ug\u00e2nd \u00een acela\u0219i timp profunzime \u0219i dimensiune privirii tale. Aceste lentile nu numai c\u0103 v\u0103 fac ochii s\u0103 par\u0103 mai mari \u0219i mai defini\u021bi, dar creeaz\u0103 \u0219i o mistic\u0103 irezistibil\u0103, perfect\u0103 pentru orice ocazie.<\/span><\/p>\n<h2 class=\"md-end-block md-heading\"><span class=\"md-plain\">\ud83d\udc41\ufe0f Recenzii Influencer<\/span><\/h2>\n<ul class=\"ul-list\" data-mark=\"*\">\n<li class=\"md-list-item\">\n<p class=\"md-end-block md-p\"><span class=\"md-plain\">@StyleQueen (2,3 milioane de urm\u0103ritori): \"Aceste lentile Deep Denim sunt preferatele mele absolute pentru \u0219edin\u021bele foto! Ele dau ochilor mei aceast\u0103 ad\u00e2ncime incredibil\u0103 care arat\u0103 uimitor at\u00e2t \u00een lumina natural\u0103 a zilei, c\u00e2t \u0219i \u00een lumina de studio. \ud83d\udc99\"<\/span><\/p>\n<\/li>\n<li class=\"md-list-item\">\n<p class=\"md-end-block md-p\"><span class=\"md-plain\">@BeautyInsider (897K urm\u0103ritori): \"Mi-am g\u0103sit perechea perfect\u0103! C\u00e2nd le port la \u00eent\u00e2lniri de afaceri, toat\u0103 lumea m\u0103 complimenteaz\u0103 pentru c\u00e2t de profesioniste, dar izbitoare arat\u0103. Tonul albastru \u00eenchis este pur \u0219i simplu superb!\"<\/span><\/p>\n<\/li>\n<li class=\"md-list-item\">\n<p class=\"md-end-block md-p\"><span class=\"md-plain\">@FashionFable (1,2 milioane de urm\u0103ritori): \"OMG! Aceste lentile sunt totul! Ei fac ochii mei pop \u00een timpul meu Instagram Lives, \u0219i sunt at\u00e2t de confortabile \u00eenc\u00e2t uit c\u0103 le port \u00een timpul evenimentelor mele de mod\u0103 de 12 ore! \ud83c\udf0a\"<\/span><\/p>\n<\/li>\n<\/ul>\n<h2 class=\"md-end-block md-heading\"><span class=\"md-plain\">\ud83d\udc8e Experien\u021bele utilizatorilor<\/span><\/h2>\n<ul class=\"ul-list\" data-mark=\"*\">\n<li class=\"md-list-item\">\n<p class=\"md-end-block md-p\"><span class=\"md-plain\">\"Lentilele Deep Denim se simt incredibil de naturale. Le port \u00een timpul \u00eent\u00e2lnirilor mele corporative \u0219i \u00eemi dau \u00eencredere f\u0103r\u0103 a fi prea dramatice.\"<\/span><\/p>\n<\/li>\n<li class=\"md-list-item\">\n<p class=\"md-end-block md-p\"><span class=\"md-plain\">\"Aceste lentile sunt perfecte pentru brunch-urile mele de weekend! Prietenilor mei nu le vine s\u0103 cread\u0103 c\u00e2t de natural se \u00eembin\u0103 cu culoarea mea original\u0103 a ochilor. \ud83d\udc40\"<\/span><\/p>\n<\/li>\n<li class=\"md-list-item\">\n<p class=\"md-end-block md-p\"><span class=\"md-plain\">\"Purtarea acestora la nunta surorii mele a fost cea mai bun\u0103 decizie - au fotografiat frumos \u0219i au r\u0103mas confortabile pe tot parcursul s\u0103rb\u0103torii!\"<\/span><\/p>\n<\/li>\n<\/ul>\n<h2 class=\"md-end-block md-heading\"><span class=\"md-plain\">\ud83c\udfaf Ocazii perfecte<\/span><\/h2>\n<ul class=\"ul-list\" data-mark=\"*\">\n<li class=\"md-list-item\">\n<p class=\"md-end-block md-p\"><span class=\"md-plain\">Purtare zilnic\u0103: \u00cent\u00e2lniri la birou, ie\u0219iri ocazionale, excursii la cump\u0103r\u0103turi<\/span><\/p>\n<\/li>\n<li class=\"md-list-item\">\n<p class=\"md-end-block md-p\"><span class=\"md-plain\">Evenimente speciale: Nun\u021bi, \u0219edin\u021be foto, \u00eent\u00e2lniri formale<\/span><\/p>\n<\/li>\n<li class=\"md-list-item\">\n<p class=\"md-end-block md-p\"><span class=\"md-plain\">Asociere machiaj: Se potrive\u0219te de minune cu smokey eyes neutri, look bronzat sau machiaj natural<\/span><\/p>\n<\/li>\n<\/ul>\n<h2 class=\"md-end-block md-heading\"><span class=\"md-plain\">\ud83d\udc54 Ghid de stil<\/span><\/h2>\n<h3 class=\"md-end-block md-heading\"><span class=\"md-plain\">Combina\u021bii de culori pentru \u00eembr\u0103c\u0103minte<\/span><\/h3>\n<ul class=\"ul-list\" data-mark=\"*\">\n<li class=\"md-list-item\">\n<p class=\"md-end-block md-p\"><span class=\"md-plain\">Neutru: Alb, crem, bej, gri<\/span><\/p>\n<\/li>\n<li class=\"md-list-item\">\n<p class=\"md-end-block md-p\"><span class=\"md-plain\">Complementar: Marine, burgundy, verde p\u0103dure<\/span><\/p>\n<\/li>\n<li class=\"md-list-item\">\n<p class=\"md-end-block md-p\"><span class=\"md-plain\">Accente: Aur, argint, cupru<\/span><\/p>\n<\/li>\n<\/ul>\n<h3 class=\"md-end-block md-heading\"><span class=\"md-plain\">Recomand\u0103ri privind accesoriile<\/span><\/h3>\n<ul class=\"ul-list\" data-mark=\"*\">\n<li class=\"md-list-item\">\n<p class=\"md-end-block md-p\"><span class=\"md-plain\">Bijuterii din aur pentru un rafinament cald<\/span><\/p>\n<\/li>\n<li class=\"md-list-item\">\n<p class=\"md-end-block md-p\"><span class=\"md-plain\">Piese argintii pentru elegan\u021b\u0103 rece<\/span><\/p>\n<\/li>\n<li class=\"md-list-item\">\n<p class=\"md-end-block md-p\"><span class=\"md-plain\">Accesorii cu perle pentru un farmec atemporal<\/span><\/p>\n<\/li>\n<\/ul>\n<h3 class=\"md-end-block md-heading\"><span class=\"md-plain\">Styling de sezon<\/span><\/h3>\n<ul class=\"ul-list\" data-mark=\"*\">\n<li class=\"md-list-item\">\n<p class=\"md-end-block md-p\"><span class=\"md-plain\">Prim\u0103var\u0103\/var\u0103: \u00cemperecheaz\u0103 cu lenjerie u\u0219oar\u0103 \u0219i pasteluri<\/span><\/p>\n<\/li>\n<li class=\"md-list-item\">\n<p class=\"md-end-block md-p\"><span class=\"md-plain\">Toamna\/iarna: Perfect cu \u021bes\u0103turi bogate \u0219i tonuri profunde<\/span><\/p>\n<\/li>\n<\/ul>\n<p class=\"md-end-block md-p md-focus\"><span class=\"md-plain md-expand\">Transform\u0103-\u021bi look-ul ast\u0103zi cu lentilele de contact Deep Denim - unde frumuse\u021bea de inspira\u021bie oceanic\u0103 \u00eent\u00e2lne\u0219te elegan\u021ba de zi cu zi! \ud83c\udf0a<\/span><\/p>","protected":false},"excerpt":{"rendered":"<p>\u2728 Deep Denim Contact Lenses &#8211; Embrace Your Ocean-Inspired Beauty \ud83d\udcab Design Inspiration Drawing inspiration from the serene depths of the ocean, these Deep Denim Contact Lenses capture the essence of twilight waters. The design reflects the sophisticated interplay of deep blue hues found in premium denim, creating a mesmerizing effect that enhances your natural [&#8230;]\n","protected":false},"featured_media":2109,"comment_status":"open","ping_status":"closed","template":"","meta":[],"product_brand":[],"product_cat":[75,92,188,158,98],"product_tag":[],"class_list":{"0":"post-2107","1":"product","2":"type-product","3":"status-publish","4":"has-post-thumbnail","6":"product_cat-blue-contact-lenses","7":"product_cat-14-5-mm","8":"product_cat-dream-contacts","9":"product_cat-enlarge-contacts","10":"product_cat-yearly-disposable","12":"first","13":"instock","14":"sale","15":"shipping-taxable","16":"purchasable","17":"product-type-variable","18":"has-default-attributes"},"_links":{"self":[{"href":"https:\/\/bqeye.com\/ro\/wp-json\/wp\/v2\/product\/2107","targetHints":{"allow":["GET"]}}],"collection":[{"href":"https:\/\/bqeye.com\/ro\/wp-json\/wp\/v2\/product"}],"about":[{"href":"https:\/\/bqeye.com\/ro\/wp-json\/wp\/v2\/types\/product"}],"replies":[{"embeddable":true,"href":"https:\/\/bqeye.com\/ro\/wp-json\/wp\/v2\/comments?post=2107"}],"wp:featuredmedia":[{"embeddable":true,"href":"https:\/\/bqeye.com\/ro\/wp-json\/wp\/v2\/media\/2109"}],"wp:attachment":[{"href":"https:\/\/bqeye.com\/ro\/wp-json\/wp\/v2\/media?parent=2107"}],"wp:term":[{"taxonomy":"product_brand","embeddable":true,"href":"https:\/\/bqeye.com\/ro\/wp-json\/wp\/v2\/product_brand?post=2107"},{"taxonomy":"product_cat","embeddable":true,"href":"https:\/\/bqeye.com\/ro\/wp-json\/wp\/v2\/product_cat?post=2107"},{"taxonomy":"product_tag","embeddable":true,"href":"https:\/\/bqeye.com\/ro\/wp-json\/wp\/v2\/product_tag?post=2107"}],"curies":[{"name":"wp","href":"https:\/\/api.w.org\/{rel}","templated":true}]}}