{"id":2231,"date":"2025-01-15T22:02:58","date_gmt":"2025-01-15T14:02:58","guid":{"rendered":"https:\/\/bqeye.com\/?post_type=product&#038;p=2231"},"modified":"2025-01-15T22:04:20","modified_gmt":"2025-01-15T14:04:20","slug":"angeles-blue-contact-lenses","status":"publish","type":"product","link":"https:\/\/bqeye.com\/ro\/angeles-blue-contact-lenses\/","title":{"rendered":"Lentile de contact Angeles Blue"},"content":{"rendered":"<h1 class=\"md-end-block md-heading\"><span class=\"md-plain md-expand\">Lentile de contact Angeles Blue - Biletul t\u0103u c\u0103tre frumuse\u021bea celest\u0103 \ud83c\udf0a<\/span><\/h1>\n<h2 class=\"md-end-block md-heading\"><span class=\"md-plain\">\u2728 Inspira\u021bie de design ceresc<\/span><\/h2>\n<p class=\"md-end-block md-p\"><span class=\"md-plain\">Scufunda\u021bi-v\u0103 \u00een lumea eteric\u0103 a Angeles Blue - unde ad\u00e2ncurile Pacificului \u00eent\u00e2lnesc claritatea cerului de var\u0103. Aceste lentile surprind acel moment magic \u00een care lumina soarelui s\u0103rut\u0103 valurile oceanului, cre\u00e2nd un amestec hipnotizant de tonuri de azur \u0219i safir, care \u00eei va face pe to\u021bi s\u0103 se \u00eentrebe dac\u0103 nu cumva e\u0219ti siren\u0103.<\/span><\/p>\n<h2 class=\"md-end-block md-heading\"><span class=\"md-plain\">\ud83c\udf1f Creator Buzz<\/span><\/h2>\n<p class=\"md-end-block md-p\"><span class=\"md-plain\">@BeautyOracle (2,8 milioane de urm\u0103ritori)<\/span> <span class=\"md-plain\">\"Aceste albastru sunt TOTUL! \u00cemi fac literalmente ochii s\u0103 arate ca ni\u0219te pietre oceanice! Complimentele sunt nesf\u00e2r\u0219ite \ud83c\udf0a \"<\/span><\/p>\n<p class=\"md-end-block md-p\"><span class=\"md-plain\">@GlamGuide (1,7 milioane de urm\u0103ritori)<\/span> <span class=\"md-plain\">\"Nu mai derula\u021bi! Aceste lentile de contact dau energie personajului principal! DM-urile mele explodeaz\u0103 de fiecare dat\u0103 c\u00e2nd le port \u2728\"<\/span><\/p>\n<p class=\"md-end-block md-p\"><span class=\"md-plain\">@StyleSiren (940K urm\u0103ritori)<\/span> <span class=\"md-plain\">\"Cele mai naturale contacte albastre cu aspect natural pe care le-am \u00eencercat vreodat\u0103! Magie pur\u0103 \u00een ochii t\u0103i \ud83d\udc99\"<\/span><\/p>\n<h2 class=\"md-end-block md-heading\"><span class=\"md-plain\">\ud83d\udcab Recenzii reale de la regine reale<\/span><\/h2>\n<p class=\"md-end-block md-p\"><span class=\"md-plain\">\"M-am sim\u021bit ca o zei\u021b\u0103 \u00een timpul \u0219edin\u021bei mele foto pe plaj\u0103!\" - Sophia, 26 de ani<\/span> <span class=\"md-plain\">\"Aceste bluze sunt suficient de subtile pentru munc\u0103, dar sunt foarte populare \u00een timpul happy hour-ului\" - Alex, 29 de ani<\/span> <span class=\"md-plain\">\"\u00cencrederea mea a crescut vertiginos \u00een momentul \u00een care mi-am pus astea pe mine\" - Madison, 24 de ani<\/span><\/p>\n<h2 class=\"md-end-block md-heading\"><span class=\"md-plain\">\ud83c\udfaf Slay Aceste ocazii<\/span><\/h2>\n<ul class=\"ul-list\" data-mark=\"*\">\n<li class=\"md-list-item\">\n<p class=\"md-end-block md-p\"><span class=\"md-plain\">Petreceri pe plaj\u0103<\/span><\/p>\n<\/li>\n<li class=\"md-list-item\">\n<p class=\"md-end-block md-p\"><span class=\"md-plain\">Nun\u021bi de var\u0103<\/span><\/p>\n<\/li>\n<li class=\"md-list-item\">\n<p class=\"md-end-block md-p\"><span class=\"md-plain\">Serate pe acoperi\u0219<\/span><\/p>\n<\/li>\n<li class=\"md-list-item\">\n<p class=\"md-end-block md-p\"><span class=\"md-plain\">Aventuri pe iaht<\/span><\/p>\n<\/li>\n<li class=\"md-list-item\">\n<p class=\"md-end-block md-p\"><span class=\"md-plain\">Sezonul festivalurilor<\/span><\/p>\n<\/li>\n<li class=\"md-list-item\">\n<p class=\"md-end-block md-p\"><span class=\"md-plain\">\u0218edin\u021be foto la apus de soare<\/span><\/p>\n<\/li>\n<li class=\"md-list-item\">\n<p class=\"md-end-block md-p\"><span class=\"md-plain\">Brunch-uri pe marginea piscinei<\/span><\/p>\n<\/li>\n<\/ul>\n<h2 class=\"md-end-block md-heading\"><span class=\"md-plain\">\ud83d\udc57 Ghid de stil pentru a servi look-uri<\/span><\/h2>\n<p class=\"md-end-block md-p\"><span class=\"md-pair-s\"><strong><span class=\"md-plain\">Magia garderobei:<\/span><\/strong><\/span><\/p>\n<ul class=\"ul-list\" data-mark=\"*\">\n<li class=\"md-list-item\">\n<p class=\"md-end-block md-p\"><span class=\"md-plain\">Albu\u0219uri crocante<\/span><\/p>\n<\/li>\n<li class=\"md-list-item\">\n<p class=\"md-end-block md-p\"><span class=\"md-plain\">Sandy neutru<\/span><\/p>\n<\/li>\n<li class=\"md-list-item\">\n<p class=\"md-end-block md-p\"><span class=\"md-plain\">Denim sp\u0103lat oceanic<\/span><\/p>\n<\/li>\n<li class=\"md-list-item\">\n<p class=\"md-end-block md-p\"><span class=\"md-plain\">Argint metalic<\/span><\/p>\n<\/li>\n<li class=\"md-list-item\">\n<p class=\"md-end-block md-p\"><span class=\"md-plain\">Imprimeuri de coast\u0103<\/span><\/p>\n<\/li>\n<li class=\"md-list-item\">\n<p class=\"md-end-block md-p\"><span class=\"md-plain\">Zei\u021be grece\u0219ti albe<\/span><\/p>\n<\/li>\n<li class=\"md-list-item\">\n<p class=\"md-end-block md-p\"><span class=\"md-plain\">Accesorii pentru perle<\/span><\/p>\n<\/li>\n<\/ul>\n<p class=\"md-end-block md-p\"><span class=\"md-pair-s\"><strong><span class=\"md-plain\">Makeup Must-Dos:<\/span><\/strong><\/span><\/p>\n<ul class=\"ul-list\" data-mark=\"*\">\n<li class=\"md-list-item\">\n<p class=\"md-end-block md-p\"><span class=\"md-plain\">Piele de rou\u0103<\/span><\/p>\n<\/li>\n<li class=\"md-list-item\">\n<p class=\"md-end-block md-p\"><span class=\"md-plain\">Pleoape str\u0103lucitoare<\/span><\/p>\n<\/li>\n<li class=\"md-list-item\">\n<p class=\"md-end-block md-p\"><span class=\"md-plain\">Col\u021buri interioare eviden\u021biate<\/span><\/p>\n<\/li>\n<li class=\"md-list-item\">\n<p class=\"md-end-block md-p\"><span class=\"md-plain\">Gene pufoase<\/span><\/p>\n<\/li>\n<li class=\"md-list-item\">\n<p class=\"md-end-block md-p\"><span class=\"md-plain\">Buze lucioase<\/span><\/p>\n<\/li>\n<\/ul>\n<h2 class=\"md-end-block md-heading\"><span class=\"md-plain\">\ud83c\udf0a De ce sunt totul<\/span><\/h2>\n<ul class=\"ul-list\" data-mark=\"*\">\n<li class=\"md-list-item\">\n<p class=\"md-end-block md-p\"><span class=\"md-plain\">Vedere clar\u0103 ca cristalul<\/span><\/p>\n<\/li>\n<li class=\"md-list-item\">\n<p class=\"md-end-block md-p\"><span class=\"md-plain\">Blocare a umidit\u0103\u021bii pe tot parcursul zilei<\/span><\/p>\n<\/li>\n<li class=\"md-list-item\">\n<p class=\"md-end-block md-p\"><span class=\"md-plain\">Sensibil ochi prietenos<\/span><\/p>\n<\/li>\n<li class=\"md-list-item\">\n<p class=\"md-end-block md-p\"><span class=\"md-plain\">Ultra-transpirabil<\/span><\/p>\n<\/li>\n<li class=\"md-list-item\">\n<p class=\"md-end-block md-p\"><span class=\"md-plain\">Str\u0103lucire preg\u0103tit\u0103 pentru camer\u0103<\/span><\/p>\n<\/li>\n<\/ul>\n<h2 class=\"md-end-block md-heading\"><span class=\"md-plain\">\u2728 Momentul este al t\u0103u<\/span><\/h2>\n<p class=\"md-end-block md-p\"><span class=\"md-plain\">Gata s\u0103 te transformi \u00een zei\u021ba eteric\u0103 care \u021bi-a fost menit\u0103 s\u0103 fii? Lentilele de contact Angeles Blue nu sunt doar lentile de contact - sunt pa\u0219aportul t\u0103u c\u0103tre energia personajului principal. Fie c\u0103 serve\u0219ti look-uri pe plaj\u0103 sau te dai \u00een spectacol la nunta de var\u0103, aceste lentile sunt pe cale s\u0103 fac\u0103 din ochii t\u0103i subiect de discu\u021bie \u00een ora\u0219.<\/span><\/p>\n<p class=\"md-end-block md-p\"><span class=\"md-plain\">E timpul s\u0103 faci valuri, iubito! Ochii t\u0103i oceanici te a\u0219teapt\u0103. \ud83c\udf0a<\/span><\/p>\n<p class=\"md-end-block md-p\"><span class=\"md-plain\">#AngelesBlue #ContactLenses #OceanVibes #BeautyGoals<\/span><\/p>\n<p class=\"md-end-block md-p md-focus\"><span class=\"md-pair-s md-expand\"><em><span class=\"md-plain\">Not\u0103 de siguran\u021b\u0103: Aprobat pentru ochi sensibili \u0219i testat dermatologic. Pentru c\u0103 \u0219i sirenele au nevoie de somnul lor de frumuse\u021be!<\/span><\/em><\/span><\/p>","protected":false},"excerpt":{"rendered":"<p>Angeles Blue Contact Lenses &#8211; Your Ticket to Celestial Beauty \ud83c\udf0a \u2728 Heavenly Design Inspiration Dive into the ethereal world of Angeles Blue &#8211; where the depths of the Pacific meet the clarity of summer skies. These lenses capture that magical moment when sunlight kisses ocean waves, creating a mesmerizing blend of azure and sapphire [&#8230;]\n","protected":false},"featured_media":2235,"comment_status":"open","ping_status":"closed","template":"","meta":[],"product_brand":[],"product_cat":[75,91,188,158,98],"product_tag":[],"class_list":{"0":"post-2231","1":"product","2":"type-product","3":"status-publish","4":"has-post-thumbnail","6":"product_cat-blue-contact-lenses","7":"product_cat-14-2-mm","8":"product_cat-dream-contacts","9":"product_cat-enlarge-contacts","10":"product_cat-yearly-disposable","12":"first","13":"instock","14":"sale","15":"shipping-taxable","16":"purchasable","17":"product-type-variable","18":"has-default-attributes"},"_links":{"self":[{"href":"https:\/\/bqeye.com\/ro\/wp-json\/wp\/v2\/product\/2231","targetHints":{"allow":["GET"]}}],"collection":[{"href":"https:\/\/bqeye.com\/ro\/wp-json\/wp\/v2\/product"}],"about":[{"href":"https:\/\/bqeye.com\/ro\/wp-json\/wp\/v2\/types\/product"}],"replies":[{"embeddable":true,"href":"https:\/\/bqeye.com\/ro\/wp-json\/wp\/v2\/comments?post=2231"}],"wp:featuredmedia":[{"embeddable":true,"href":"https:\/\/bqeye.com\/ro\/wp-json\/wp\/v2\/media\/2235"}],"wp:attachment":[{"href":"https:\/\/bqeye.com\/ro\/wp-json\/wp\/v2\/media?parent=2231"}],"wp:term":[{"taxonomy":"product_brand","embeddable":true,"href":"https:\/\/bqeye.com\/ro\/wp-json\/wp\/v2\/product_brand?post=2231"},{"taxonomy":"product_cat","embeddable":true,"href":"https:\/\/bqeye.com\/ro\/wp-json\/wp\/v2\/product_cat?post=2231"},{"taxonomy":"product_tag","embeddable":true,"href":"https:\/\/bqeye.com\/ro\/wp-json\/wp\/v2\/product_tag?post=2231"}],"curies":[{"name":"wp","href":"https:\/\/api.w.org\/{rel}","templated":true}]}}