{"id":2264,"date":"2025-01-17T10:45:13","date_gmt":"2025-01-17T02:45:13","guid":{"rendered":"https:\/\/bqeye.com\/?post_type=product&#038;p=2264"},"modified":"2025-01-17T10:47:36","modified_gmt":"2025-01-17T02:47:36","slug":"seattle-blue-contact-lenses","status":"publish","type":"product","link":"https:\/\/bqeye.com\/ro\/seattle-blue-contact-lenses\/","title":{"rendered":"Lentile de contact Seattle Blue"},"content":{"rendered":"<h1 class=\"md-end-block md-heading\"><span class=\"md-plain md-expand\">Lentile de contact Seattle Blue: Colec\u021bia Pacific Northwest \ud83c\udf0a<\/span><\/h1>\n<h2 class=\"md-end-block md-heading\"><span class=\"md-plain\">Inspira\u021bie pentru design \u2614<\/span><\/h2>\n<p class=\"md-end-block md-p\"><span class=\"md-plain\">Captur\u00e2nd esen\u021ba cerului mohor\u00e2t \u0219i a apelor de coast\u0103 din Seattle, aceste lentile \u00eembin\u0103 tonurile gri-albastru ce\u021boase cu reflexii argintii subtile. Modelul unic reflect\u0103 atmosfera \u00eennorat\u0103 caracteristic\u0103 a ora\u0219ului, cre\u00e2nd o privire sofisticat\u0103 \u0219i misterios de captivant\u0103.<\/span><\/p>\n<p class=\"md-end-block md-p\"><span class=\"md-plain\">Fiecare lentil\u0103 are un design multidimensional care trece de la un centru furtunos la margini cu cea\u021b\u0103, cu accente cristaline care amintesc de pic\u0103turile de ploaie de pe Puget Sound.<\/span><\/p>\n<h2 class=\"md-end-block md-heading\"><span class=\"md-plain\">Recenzii ale creatorilor \ud83d\udcab<\/span><\/h2>\n<p class=\"md-end-block md-p\"><span class=\"md-plain\">@PNWBeauty (890K)<\/span> <span class=\"md-plain\">\"Aceste lentile surprind perfect cerul iconic din Seattle!\" <\/span><\/p>\n<p class=\"md-end-block md-p\"><span class=\"md-plain\">@RainyDayStyle (750K)<\/span> <span class=\"md-plain\">\"Cele mai autentice lentile gri-albastru pe care le-am g\u0103sit. Vibra\u021bii pur Pacific Northwest!\" <\/span><\/p>\n<p class=\"md-end-block md-p\"><span class=\"md-plain\">@UrbanStyle (820K)<\/span> <span class=\"md-plain\">\"Dau un aspect at\u00e2t de cool, contemporan. Adep\u021bii mei nu se pot s\u0103tura!\"<\/span><\/p>\n<h2 class=\"md-end-block md-heading\"><span class=\"md-plain\">Perfect pentru \ud83c\udfaf<\/span><\/h2>\n<ul class=\"ul-list\" data-mark=\"*\">\n<li class=\"md-list-item\">\n<p class=\"md-end-block md-p\"><span class=\"md-plain\">Fotografie urban\u0103<\/span><\/p>\n<\/li>\n<li class=\"md-list-item\">\n<p class=\"md-end-block md-p\"><span class=\"md-plain\">Estetic\u0103 minimalist\u0103<\/span><\/p>\n<\/li>\n<li class=\"md-list-item\">\n<p class=\"md-end-block md-p\"><span class=\"md-plain\">Aspecte moderne<\/span><\/p>\n<\/li>\n<li class=\"md-list-item\">\n<p class=\"md-end-block md-p\"><span class=\"md-plain\">Uzur\u0103 zilnic\u0103<\/span><\/p>\n<\/li>\n<li class=\"md-list-item\">\n<p class=\"md-end-block md-p\"><span class=\"md-plain\">Fotografii artistice<\/span><\/p>\n<\/li>\n<li class=\"md-list-item\">\n<p class=\"md-end-block md-p\"><span class=\"md-plain\">Vibra\u021bii de cafenea<\/span><\/p>\n<\/li>\n<\/ul>\n<h2 class=\"md-end-block md-heading\"><span class=\"md-plain\">Ghid de stil \ud83d\udc57<\/span><\/h2>\n<p class=\"md-end-block md-p\"><span class=\"md-plain\">Se potrive\u0219te perfect cu:<\/span><\/p>\n<ul class=\"ul-list\" data-mark=\"*\">\n<li class=\"md-list-item\">\n<p class=\"md-end-block md-p\"><span class=\"md-plain\">\u00cembr\u0103c\u0103minte urban\u0103 de strad\u0103<\/span><\/p>\n<\/li>\n<li class=\"md-list-item\">\n<p class=\"md-end-block md-p\"><span class=\"md-plain\">\u021ainute monocrome<\/span><\/p>\n<\/li>\n<li class=\"md-list-item\">\n<p class=\"md-end-block md-p\"><span class=\"md-plain\">Accesorii industriale<\/span><\/p>\n<\/li>\n<li class=\"md-list-item\">\n<p class=\"md-end-block md-p\"><span class=\"md-plain\">Moda contemporan\u0103<\/span><\/p>\n<\/li>\n<li class=\"md-list-item\">\n<p class=\"md-end-block md-p\"><span class=\"md-plain\">Machiaj natural<\/span><\/p>\n<\/li>\n<li class=\"md-list-item\">\n<p class=\"md-end-block md-p\"><span class=\"md-plain\">Coafuri moderne<\/span><\/p>\n<\/li>\n<\/ul>\n<h2 class=\"md-end-block md-heading\"><span class=\"md-plain\">Caracteristici de confort \u2705<\/span><\/h2>\n<ul class=\"ul-list\" data-mark=\"*\">\n<li class=\"md-list-item\">\n<p class=\"md-end-block md-p\"><span class=\"md-plain\">Reten\u021bie ridicat\u0103 a umidit\u0103\u021bii<\/span><\/p>\n<\/li>\n<li class=\"md-list-item\">\n<p class=\"md-end-block md-p\"><span class=\"md-plain\">Material respirabil<\/span><\/p>\n<\/li>\n<li class=\"md-list-item\">\n<p class=\"md-end-block md-p\"><span class=\"md-plain\">Margini netede<\/span><\/p>\n<\/li>\n<li class=\"md-list-item\">\n<p class=\"md-end-block md-p\"><span class=\"md-plain\">Mi\u0219carea natural\u0103<\/span><\/p>\n<\/li>\n<li class=\"md-list-item md-focus-container\">\n<p class=\"md-end-block md-p md-focus\"><span class=\"md-plain md-expand\">Viziune foarte clar\u0103<\/span><\/p>\n<\/li>\n<li class=\"md-list-item\">\n<p class=\"md-end-block md-p\"><span class=\"md-plain\">Confort pe tot parcursul zilei<\/span><\/p>\n<\/li>\n<\/ul>\n<h2 class=\"md-end-block md-heading\"><span class=\"md-plain\">Experien\u021bele utilizatorilor \ud83d\udde3\ufe0f<\/span><\/h2>\n<p class=\"md-end-block md-p\"><span class=\"md-plain\">\"Ca \u0219i cum ai purta linia orizontului din Seattle - at\u00e2t de misterios \u00een mod natural!\"<\/span><\/p>\n<p class=\"md-end-block md-p\"><span class=\"md-plain\">\"Perfect pentru ochii sensibili, \u00een special pe vreme ploioas\u0103.\"<\/span><\/p>\n<p class=\"md-end-block md-p\"><span class=\"md-plain\">\"Ele capteaz\u0103 perfect estetica modern\u0103 PNW!\"<\/span><\/p>\n<h2 class=\"md-end-block md-heading\"><span class=\"md-plain\">Siguran\u021ba \u00eenainte de toate \ud83d\udee1\ufe0f<\/span><\/h2>\n<ul class=\"ul-list\" data-mark=\"*\">\n<li class=\"md-list-item\">\n<p class=\"md-end-block md-p\"><span class=\"md-plain\">Certificat ISO<\/span><\/p>\n<\/li>\n<li class=\"md-list-item\">\n<p class=\"md-end-block md-p\"><span class=\"md-plain\">Aprobat de FDA<\/span><\/p>\n<\/li>\n<li class=\"md-list-item\">\n<p class=\"md-end-block md-p\"><span class=\"md-plain\">Materiale premium<\/span><\/p>\n<\/li>\n<li class=\"md-list-item\">\n<p class=\"md-end-block md-p\"><span class=\"md-plain\">Este necesar\u0103 montarea profesional\u0103<\/span><\/p>\n<\/li>\n<li class=\"md-list-item\">\n<p class=\"md-end-block md-p\"><span class=\"md-plain\">\u00cengrijire regulat\u0103 recomandat\u0103<\/span><\/p>\n<\/li>\n<li class=\"md-list-item\">\n<p class=\"md-end-block md-p\"><span class=\"md-plain\">Ambalaje sterile<\/span><\/p>\n<\/li>\n<\/ul>\n<p class=\"md-end-block md-p\"><span class=\"md-plain\">Experimenta\u021bi estetica Pacific Northwest cu lentilele de contact Seattle Blue! \u00cembr\u0103\u021bi\u0219a\u021bi combina\u021bia perfect\u0103 de sofisticare urban\u0103 \u0219i frumuse\u021be natural\u0103, aduc\u00e2nd misterul cerului din Seattle \u00een ochii dumneavoastr\u0103.<\/span><\/p>\n<p class=\"md-end-block md-p\"><span class=\"md-pair-s\"><em><span class=\"md-plain\">Se recomand\u0103 montarea profesional\u0103 pentru rezultate optime.<\/span><\/em><\/span><\/p>\n<p class=\"md-end-block md-p\"><span class=\"md-plain md-expand\">#SeattleBlue #PNWBeauty #ContactLenses<\/span><\/p>","protected":false},"excerpt":{"rendered":"<p>Seattle Blue Contact Lenses: Pacific Northwest Collection \ud83c\udf0a Design Inspiration \u2614 Capturing the essence of Seattle&#8217;s moody skies and coastal waters, these lenses blend misty grey-blue tones with subtle silver highlights. The unique pattern mirrors the city&#8217;s signature overcast atmosphere, creating a gaze that&#8217;s both sophisticated and mysteriously captivating. Each lens features a multidimensional design [&#8230;]\n","protected":false},"featured_media":2266,"comment_status":"open","ping_status":"closed","template":"","meta":[],"product_brand":[],"product_cat":[75,91,188,158,98],"product_tag":[],"class_list":{"0":"post-2264","1":"product","2":"type-product","3":"status-publish","4":"has-post-thumbnail","6":"product_cat-blue-contact-lenses","7":"product_cat-14-2-mm","8":"product_cat-dream-contacts","9":"product_cat-enlarge-contacts","10":"product_cat-yearly-disposable","12":"first","13":"instock","14":"sale","15":"shipping-taxable","16":"purchasable","17":"product-type-variable","18":"has-default-attributes"},"_links":{"self":[{"href":"https:\/\/bqeye.com\/ro\/wp-json\/wp\/v2\/product\/2264","targetHints":{"allow":["GET"]}}],"collection":[{"href":"https:\/\/bqeye.com\/ro\/wp-json\/wp\/v2\/product"}],"about":[{"href":"https:\/\/bqeye.com\/ro\/wp-json\/wp\/v2\/types\/product"}],"replies":[{"embeddable":true,"href":"https:\/\/bqeye.com\/ro\/wp-json\/wp\/v2\/comments?post=2264"}],"wp:featuredmedia":[{"embeddable":true,"href":"https:\/\/bqeye.com\/ro\/wp-json\/wp\/v2\/media\/2266"}],"wp:attachment":[{"href":"https:\/\/bqeye.com\/ro\/wp-json\/wp\/v2\/media?parent=2264"}],"wp:term":[{"taxonomy":"product_brand","embeddable":true,"href":"https:\/\/bqeye.com\/ro\/wp-json\/wp\/v2\/product_brand?post=2264"},{"taxonomy":"product_cat","embeddable":true,"href":"https:\/\/bqeye.com\/ro\/wp-json\/wp\/v2\/product_cat?post=2264"},{"taxonomy":"product_tag","embeddable":true,"href":"https:\/\/bqeye.com\/ro\/wp-json\/wp\/v2\/product_tag?post=2264"}],"curies":[{"name":"wp","href":"https:\/\/api.w.org\/{rel}","templated":true}]}}