{"id":2274,"date":"2025-01-17T14:08:38","date_gmt":"2025-01-17T06:08:38","guid":{"rendered":"https:\/\/bqeye.com\/?post_type=product&#038;p=2274"},"modified":"2025-01-17T14:11:10","modified_gmt":"2025-01-17T06:11:10","slug":"rome-time-blue-contact-lenses","status":"publish","type":"product","link":"https:\/\/bqeye.com\/ro\/rome-time-blue-contact-lenses\/","title":{"rendered":"Rome Time Lentile de contact albastre"},"content":{"rendered":"<h1 class=\"md-end-block md-heading\"><span class=\"md-plain md-expand\">Rome Time Lentile de contact albastre: Colec\u021bia Mediterranean Azure \ud83c\udf0a<\/span><\/h1>\n<h2 class=\"md-end-block md-heading\"><span class=\"md-plain\">Design Inspiration \u2728<\/span><\/h2>\n<p class=\"md-end-block md-p\"><span class=\"md-plain\">Inspirate de cerul albastru fermec\u0103tor de deasupra monumentelor antice ale Romei \u0219i de apele str\u0103lucitoare ale Mediteranei, aceste lentile surprind frumuse\u021bea atemporal\u0103 a ora\u0219ului etern din Italia. Designul prezint\u0103 un model complicat care trece de la centrul de safir ad\u00e2nc la marginile de azur mai deschise, amintind de apele \u00eensorite din f\u00e2nt\u00e2nile romane.<\/span><\/p>\n<p class=\"md-end-block md-p\"><span class=\"md-plain\">Fiecare lentil\u0103 \u00eencorporeaz\u0103 un model unic de explozie stelar\u0103 care oglinde\u0219te modul \u00een care lumina soarelui joac\u0103 pe F\u00e2nt\u00e2na Trevi, combin\u00e2nd elegan\u021ba roman\u0103 clasic\u0103 cu farmecul contemporan. Tonurile albastre multistratificate evoc\u0103 at\u00e2t profunzimea istoric\u0103 a frescelor romane, c\u00e2t \u0219i energia vibrant\u0103 a stilului italian modern.<\/span><\/p>\n<h2 class=\"md-end-block md-heading\"><span class=\"md-plain\">Recenzii ale influen\u021batorilor \ud83d\udcab<\/span><\/h2>\n<p class=\"md-end-block md-p\"><span class=\"md-plain\">@RomanBeauty (920K)<\/span> <span class=\"md-plain\">\"Aceste lentile surprind perfect magia dup\u0103-amiezelor romane!\" <\/span><\/p>\n<p class=\"md-end-block md-p\"><span class=\"md-plain\">@StyleItalia (785K)<\/span> <span class=\"md-plain\">\"Cele mai elegante lentile de contact albastre pe care le-am purtat vreodat\u0103 - sofisticare italian\u0103 pur\u0103!\" <\/span><\/p>\n<p class=\"md-end-block md-p\"><span class=\"md-plain\">@EternalGlam (850K)<\/span> <span class=\"md-plain\">\"Ca \u0219i cum ai purta o bucat\u0103 de cer mediteranean \u00een ochi!\"<\/span><\/p>\n<h2 class=\"md-end-block md-heading\"><span class=\"md-plain\">Perfect pentru \ud83c\udfaf<\/span><\/h2>\n<ul class=\"ul-list\" data-mark=\"*\">\n<li class=\"md-list-item\">\n<p class=\"md-end-block md-p\"><span class=\"md-plain\">Serile romantice<\/span><\/p>\n<\/li>\n<li class=\"md-list-item\">\n<p class=\"md-end-block md-p\"><span class=\"md-plain\">\u00cent\u00e2lniri de var\u0103<\/span><\/p>\n<\/li>\n<li class=\"md-list-item\">\n<p class=\"md-end-block md-p\"><span class=\"md-plain\">Nun\u021bi de destina\u021bie<\/span><\/p>\n<\/li>\n<li class=\"md-list-item\">\n<p class=\"md-end-block md-p\"><span class=\"md-plain\">Expozi\u021bii de art\u0103<\/span><\/p>\n<\/li>\n<li class=\"md-list-item\">\n<p class=\"md-end-block md-p\"><span class=\"md-plain\">Serate elegante<\/span><\/p>\n<\/li>\n<li class=\"md-list-item\">\n<p class=\"md-end-block md-p\"><span class=\"md-plain\">Sofisticare zilnic\u0103<\/span><\/p>\n<\/li>\n<\/ul>\n<h2 class=\"md-end-block md-heading\"><span class=\"md-plain\">Ghid de stil \ud83d\udc57<\/span><\/h2>\n<p class=\"md-end-block md-p\"><span class=\"md-plain\">Se \u00eemperecheaz\u0103 frumos cu:<\/span><\/p>\n<ul class=\"ul-list\" data-mark=\"*\">\n<li class=\"md-list-item\">\n<p class=\"md-end-block md-p\"><span class=\"md-plain\">\u021ainute albe clasice<\/span><\/p>\n<\/li>\n<li class=\"md-list-item\">\n<p class=\"md-end-block md-p\"><span class=\"md-plain\">Accesorii de aur<\/span><\/p>\n<\/li>\n<li class=\"md-list-item\">\n<p class=\"md-end-block md-p\"><span class=\"md-plain\">Imprimeuri mediteraneene<\/span><\/p>\n<\/li>\n<li class=\"md-list-item\">\n<p class=\"md-end-block md-p\"><span class=\"md-plain\">Rochii de inspira\u021bie roman\u0103<\/span><\/p>\n<\/li>\n<li class=\"md-list-item\">\n<p class=\"md-end-block md-p\"><span class=\"md-plain\">Lenjerie neutr\u0103<\/span><\/p>\n<\/li>\n<li class=\"md-list-item\">\n<p class=\"md-end-block md-p\"><span class=\"md-plain\">Piese \u00een stil vintage<\/span><\/p>\n<\/li>\n<\/ul>\n<h2 class=\"md-end-block md-heading\"><span class=\"md-plain\">Caracteristici de confort \u2705<\/span><\/h2>\n<ul class=\"ul-list\" data-mark=\"*\">\n<li class=\"md-list-item\">\n<p class=\"md-end-block md-p\"><span class=\"md-plain\">Etan\u0219are la umiditate mediteranean\u0103<\/span><\/p>\n<\/li>\n<li class=\"md-list-item\">\n<p class=\"md-end-block md-p\"><span class=\"md-plain\">Material m\u0103t\u0103sos \u0219i neted<\/span><\/p>\n<\/li>\n<li class=\"md-list-item\">\n<p class=\"md-end-block md-p\"><span class=\"md-plain\">Design rafinat al marginilor<\/span><\/p>\n<\/li>\n<li class=\"md-list-item\">\n<p class=\"md-end-block md-p\"><span class=\"md-plain\">Mi\u0219carea natural\u0103 a ochilor<\/span><\/p>\n<\/li>\n<li class=\"md-list-item\">\n<p class=\"md-end-block md-p\"><span class=\"md-plain\">Viziune foarte clar\u0103<\/span><\/p>\n<\/li>\n<li class=\"md-list-item\">\n<p class=\"md-end-block md-p\"><span class=\"md-plain\">Confort prelungit la purtare<\/span><\/p>\n<\/li>\n<\/ul>\n<h2 class=\"md-end-block md-heading\"><span class=\"md-plain\">Experien\u021bele utilizatorilor \ud83d\udde3\ufe0f<\/span><\/h2>\n<p class=\"md-end-block md-p\"><span class=\"md-plain\">\"M\u0103 fac s\u0103 m\u0103 simt ca o zei\u021b\u0103 italian\u0103!\"<\/span><\/p>\n<p class=\"md-end-block md-p\"><span class=\"md-plain\">\"Combina\u021bie perfect\u0103 de albastru clasic \u0219i contemporan.\"<\/span><\/p>\n<p class=\"md-end-block md-p\"><span class=\"md-plain\">\"Aceste lentile aduc complimente nesf\u00e2r\u0219ite.\"<\/span><\/p>\n<h2 class=\"md-end-block md-heading\"><span class=\"md-plain\">Standarde de siguran\u021b\u0103 \ud83d\udee1\ufe0f<\/span><\/h2>\n<ul class=\"ul-list\" data-mark=\"*\">\n<li class=\"md-list-item\">\n<p class=\"md-end-block md-p\"><span class=\"md-plain\">Certificat ISO<\/span><\/p>\n<\/li>\n<li class=\"md-list-item\">\n<p class=\"md-end-block md-p\"><span class=\"md-plain\">Aprobat de FDA<\/span><\/p>\n<\/li>\n<li class=\"md-list-item\">\n<p class=\"md-end-block md-p\"><span class=\"md-plain\">Materiale premium<\/span><\/p>\n<\/li>\n<li class=\"md-list-item\">\n<p class=\"md-end-block md-p\"><span class=\"md-plain\">Montaj profesional<\/span><\/p>\n<\/li>\n<li class=\"md-list-item\">\n<p class=\"md-end-block md-p\"><span class=\"md-plain\">Controale periodice recomandate<\/span><\/p>\n<\/li>\n<li class=\"md-list-item\">\n<p class=\"md-end-block md-p\"><span class=\"md-plain\">Ambalaje sterile<\/span><\/p>\n<\/li>\n<\/ul>\n<p class=\"md-end-block md-p\"><span class=\"md-plain\">Transforma\u021bi-v\u0103 look-ul cu lentilele de contact Rome Time Blue! Experimenta\u021bi alura atemporal\u0103 a frumuse\u021bii mediteraneene \u0219i capta\u021bi esen\u021ba elegan\u021bei romane \u00een privirea dvs.<\/span><\/p>\n<p class=\"md-end-block md-p\"><span class=\"md-pair-s\"><em><span class=\"md-plain\">Se recomand\u0103 montarea profesional\u0103 pentru rezultate optime.<\/span><\/em><\/span><\/p>\n<p class=\"md-end-block md-p md-focus\"><span class=\"md-plain md-expand\">#RomeTimeBlue #ItalianBeauty #ContactLenses<\/span><\/p>","protected":false},"excerpt":{"rendered":"<p>Rome Time Blue Contact Lenses: Mediterranean Azure Collection \ud83c\udf0a Design Inspiration \u2728 Inspired by the enchanting blue skies over Rome&#8217;s ancient monuments and the sparkling Mediterranean waters, these lenses capture the timeless beauty of Italy&#8217;s eternal city. The design features an intricate pattern that transitions from deep sapphire centers to lighter azure edges, reminiscent of [&#8230;]\n","protected":false},"featured_media":2277,"comment_status":"open","ping_status":"closed","template":"","meta":[],"product_brand":[],"product_cat":[90,75,188,158,98],"product_tag":[],"class_list":{"0":"post-2274","1":"product","2":"type-product","3":"status-publish","4":"has-post-thumbnail","6":"product_cat-14-0-mm","7":"product_cat-blue-contact-lenses","8":"product_cat-dream-contacts","9":"product_cat-enlarge-contacts","10":"product_cat-yearly-disposable","12":"first","13":"instock","14":"sale","15":"shipping-taxable","16":"purchasable","17":"product-type-variable","18":"has-default-attributes"},"_links":{"self":[{"href":"https:\/\/bqeye.com\/ro\/wp-json\/wp\/v2\/product\/2274","targetHints":{"allow":["GET"]}}],"collection":[{"href":"https:\/\/bqeye.com\/ro\/wp-json\/wp\/v2\/product"}],"about":[{"href":"https:\/\/bqeye.com\/ro\/wp-json\/wp\/v2\/types\/product"}],"replies":[{"embeddable":true,"href":"https:\/\/bqeye.com\/ro\/wp-json\/wp\/v2\/comments?post=2274"}],"wp:featuredmedia":[{"embeddable":true,"href":"https:\/\/bqeye.com\/ro\/wp-json\/wp\/v2\/media\/2277"}],"wp:attachment":[{"href":"https:\/\/bqeye.com\/ro\/wp-json\/wp\/v2\/media?parent=2274"}],"wp:term":[{"taxonomy":"product_brand","embeddable":true,"href":"https:\/\/bqeye.com\/ro\/wp-json\/wp\/v2\/product_brand?post=2274"},{"taxonomy":"product_cat","embeddable":true,"href":"https:\/\/bqeye.com\/ro\/wp-json\/wp\/v2\/product_cat?post=2274"},{"taxonomy":"product_tag","embeddable":true,"href":"https:\/\/bqeye.com\/ro\/wp-json\/wp\/v2\/product_tag?post=2274"}],"curies":[{"name":"wp","href":"https:\/\/api.w.org\/{rel}","templated":true}]}}