{"id":2282,"date":"2025-01-18T10:47:50","date_gmt":"2025-01-18T02:47:50","guid":{"rendered":"https:\/\/bqeye.com\/?post_type=product&#038;p=2282"},"modified":"2025-01-18T10:53:09","modified_gmt":"2025-01-18T02:53:09","slug":"hidrocor-hazel-colored-contacts","status":"publish","type":"product","link":"https:\/\/bqeye.com\/ro\/hidrocor-hazel-colored-contacts\/","title":{"rendered":"Hidrocor Hazel Contacte Colorate"},"content":{"rendered":"<h1 class=\"md-end-block md-heading\"><span class=\"md-plain md-expand\">Hidrocor Hazel lentile de contact colorate: Colec\u021bia Autumnal Allure \ud83c\udf42<\/span><\/h1>\n<h2 class=\"md-end-block md-heading\"><span class=\"md-plain\">Inspira\u021bie pentru design \u0219i semnifica\u021bia culorilor \u2728<\/span><\/h2>\n<p class=\"md-end-block md-p\"><span class=\"md-plain\">Inspirate de cea mai fermec\u0103toare palet\u0103 a naturii, lentilele de contact colorate Hidrocor Hazel surprind c\u0103ldura hipnotizant\u0103 a luminii soarelui de toamn\u0103 care filtreaz\u0103 prin frunzele de chihlimbar. Aceste lentile au un design complex cu mai multe straturi, care reflect\u0103 modelele complexe g\u0103site \u00een ochii naturali de culoare hazel - o fuziune uimitoare de miere aurie, chihlimbar bogat \u0219i tonuri subtile de p\u0103m\u00e2nt care creeaz\u0103 o profunzime de culoare de neegalat.<\/span><\/p>\n<p class=\"md-end-block md-p\"><span class=\"md-plain\">Fiecare lentil\u0103 este creat\u0103 artistic cu un model tridimensional brevetat care reproduce detaliile complexe ale modelelor naturale ale irisului. Designul \u00eencorporeaz\u0103 pete aurii delicate \u00eempr\u0103\u0219tiate pe \u00eentreaga lentil\u0103, imit\u00e2nd modul \u00een care lumina soarelui capteaz\u0103 ochii naturali de culoare alune. Aceast\u0103 aten\u021bie deosebit\u0103 acordat\u0103 detaliilor creeaz\u0103 un efect luminos, multi-fa\u021betat, care pare remarcabil de autentic \u00een diferite condi\u021bii de iluminare.<\/span><\/p>\n<p class=\"md-end-block md-p\"><span class=\"md-plain\">Culoarea hazel are o semnifica\u021bie special\u0103 \u00een lumea esteticii ochilor, reprezent\u00e2nd adaptabilitatea \u0219i armonia cu natura. Este o nuan\u021b\u0103 care \u00eentruchipeaz\u0103 at\u00e2t c\u0103ldura, c\u00e2t \u0219i misterul, f\u0103c\u00e2nd aceste lentile perfecte pentru cei care doresc s\u0103 \u00ee\u0219i pun\u0103 \u00een valoare frumuse\u021bea natural\u0103, men\u021bin\u00e2nd \u00een acela\u0219i timp un aer de sofisticare subtil\u0103.<\/span><\/p>\n<h2 class=\"md-end-block md-heading\"><span class=\"md-plain\">Recenzii ale influen\u021batorilor \ud83d\udcab<\/span><\/h2>\n<p class=\"md-end-block md-p\"><span class=\"md-plain\">@BeautyGuru (940K urm\u0103ritori)<\/span> <span class=\"md-plain\">\"Aceste lentile Hidrocor Hazel sunt absolut magice! Arat\u0103 at\u00e2t de natural, \u00eenc\u00e2t urm\u0103ritorii mei nu pot spune c\u0103 sunt lentile de contact! \ud83d\ude0d\"<\/span><\/p>\n<p class=\"md-end-block md-p\"><span class=\"md-plain\">@EyeStyle (875K urm\u0103ritori)<\/span> <span class=\"md-plain\">\"\u00cen cele din urm\u0103 mi-am g\u0103sit nuan\u021ba perfect\u0103 de hazel! Dimensiunea \u0219i profunzimea sunt ireale \u2728\"<\/span><\/p>\n<p class=\"md-end-block md-p\"><span class=\"md-plain\">@GlamLife (820K urm\u0103ritori)<\/span> <span class=\"md-plain\">\"Aceste lentile de contact \u00eemi dau acel aspect perfect de zei\u021b\u0103 a toamnei. Obsedat! \ud83c\udf42\"<\/span><\/p>\n<h2 class=\"md-end-block md-heading\"><span class=\"md-plain\">Experien\u021bele utilizatorilor \ud83d\udde3\ufe0f<\/span><\/h2>\n<p class=\"md-end-block md-p\"><span class=\"md-plain\">\"Oamenii m\u0103 opresc pe strad\u0103 s\u0103 m\u0103 \u00eentrebe dac\u0103 ochii mei sunt reali - cele mai bune lentile de contact cu aspect natural!\"<\/span><\/p>\n<p class=\"md-end-block md-p\"><span class=\"md-plain\">\"Am purtat astea pentru nunta mea \u0219i au fotografiat minunat. Tranzi\u021bia culorilor este at\u00e2t de subtil\u0103 \u0219i elegant\u0103.\"<\/span><\/p>\n<p class=\"md-end-block md-p\"><span class=\"md-plain\">\"Perfect pentru uzura zilnic\u0103 - \u00eemi sporesc culoarea natural\u0103 a ochilor f\u0103r\u0103 a p\u0103rea false.\"<\/span><\/p>\n<h2 class=\"md-end-block md-heading\"><span class=\"md-plain\">Perfect pentru aceste ocazii \ud83c\udfaf<\/span><\/h2>\n<ul class=\"ul-list\" data-mark=\"*\">\n<li class=\"md-list-item\">\n<p class=\"md-end-block md-p\"><span class=\"md-plain\">Set\u0103ri profesionale<\/span><\/p>\n<\/li>\n<li class=\"md-list-item\">\n<p class=\"md-end-block md-p\"><span class=\"md-plain\">Fotografie de nunt\u0103<\/span><\/p>\n<\/li>\n<li class=\"md-list-item\">\n<p class=\"md-end-block md-p\"><span class=\"md-plain\">S\u0103rb\u0103tori de toamn\u0103<\/span><\/p>\n<\/li>\n<li class=\"md-list-item\">\n<p class=\"md-end-block md-p\"><span class=\"md-plain\">\u00cent\u00e2lniri sociale<\/span><\/p>\n<\/li>\n<li class=\"md-list-item\">\n<p class=\"md-end-block md-p\"><span class=\"md-plain\">Nop\u021bi de \u00eent\u00e2lnire<\/span><\/p>\n<\/li>\n<li class=\"md-list-item\">\n<p class=\"md-end-block md-p\"><span class=\"md-plain\">\u0218edin\u021be foto de mod\u0103<\/span><\/p>\n<\/li>\n<li class=\"md-list-item\">\n<p class=\"md-end-block md-p\"><span class=\"md-plain\">\u00cembun\u0103t\u0103\u021birea zilnic\u0103<\/span><\/p>\n<\/li>\n<li class=\"md-list-item\">\n<p class=\"md-end-block md-p\"><span class=\"md-plain\">Evenimente speciale<\/span><\/p>\n<\/li>\n<\/ul>\n<h2 class=\"md-end-block md-heading\"><span class=\"md-plain\">Ghid de stil \ud83d\udc57<\/span><\/h2>\n<p class=\"md-end-block md-p\"><span class=\"md-plain\">Completeaz\u0103-\u021bi lentilele de contact albastre cu:<\/span><\/p>\n<ul class=\"ul-list\" data-mark=\"*\">\n<li class=\"md-list-item\">\n<p class=\"md-end-block md-p\"><span class=\"md-plain\">Tonuri calde de p\u0103m\u00e2nt<\/span><\/p>\n<\/li>\n<li class=\"md-list-item\">\n<p class=\"md-end-block md-p\"><span class=\"md-plain\">Burgunzii bogate<\/span><\/p>\n<\/li>\n<li class=\"md-list-item\">\n<p class=\"md-end-block md-p\"><span class=\"md-plain\">Verde de p\u0103dure<\/span><\/p>\n<\/li>\n<li class=\"md-list-item\">\n<p class=\"md-end-block md-p\"><span class=\"md-plain\">Accesorii de aur<\/span><\/p>\n<\/li>\n<li class=\"md-list-item\">\n<p class=\"md-end-block md-p\"><span class=\"md-plain\">Machiaj bronz<\/span><\/p>\n<\/li>\n<li class=\"md-list-item\">\n<p class=\"md-end-block md-p\"><span class=\"md-plain\">\u021aes\u0103turi de culoare crem<\/span><\/p>\n<\/li>\n<li class=\"md-list-item\">\n<p class=\"md-end-block md-p\"><span class=\"md-plain\">Modele rustice<\/span><\/p>\n<\/li>\n<li class=\"md-list-item\">\n<p class=\"md-end-block md-p\"><span class=\"md-plain\">Texturi naturale<\/span><\/p>\n<\/li>\n<\/ul>\n<h2 class=\"md-end-block md-heading\"><span class=\"md-plain\">Caracteristici de confort \u0219i siguran\u021b\u0103 \u2705<\/span><\/h2>\n<ul class=\"ul-list\" data-mark=\"*\">\n<li class=\"md-list-item\">\n<p class=\"md-end-block md-p\"><span class=\"md-plain\">Reten\u021bie avansat\u0103 a umidit\u0103\u021bii<\/span><\/p>\n<\/li>\n<li class=\"md-list-item\">\n<p class=\"md-end-block md-p\"><span class=\"md-plain\">Suprafa\u021b\u0103 ultra-u\u0219oar\u0103<\/span><\/p>\n<\/li>\n<li class=\"md-list-item\">\n<p class=\"md-end-block md-p\"><span class=\"md-plain\">Design de precizie al marginilor<\/span><\/p>\n<\/li>\n<li class=\"md-list-item\">\n<p class=\"md-end-block md-p\"><span class=\"md-plain\">Tehnologie de mi\u0219care natural\u0103<\/span><\/p>\n<\/li>\n<li class=\"md-list-item\">\n<p class=\"md-end-block md-p\"><span class=\"md-plain\">Optic\u0103 de \u00eenalt\u0103 defini\u021bie<\/span><\/p>\n<\/li>\n<li class=\"md-list-item\">\n<p class=\"md-end-block md-p\"><span class=\"md-plain\">Confort prelungit la purtare<\/span><\/p>\n<\/li>\n<\/ul>\n<h2 class=\"md-end-block md-heading\"><span class=\"md-plain\">Standarde de siguran\u021b\u0103 \ud83d\udee1\ufe0f<\/span><\/h2>\n<ul class=\"ul-list\" data-mark=\"*\">\n<li class=\"md-list-item\">\n<p class=\"md-end-block md-p\"><span class=\"md-plain\">Aprobat de FDA<\/span><\/p>\n<\/li>\n<li class=\"md-list-item\">\n<p class=\"md-end-block md-p\"><span class=\"md-plain\">Certificat ISO<\/span><\/p>\n<\/li>\n<li class=\"md-list-item\">\n<p class=\"md-end-block md-p\"><span class=\"md-plain\">Materiale premium<\/span><\/p>\n<\/li>\n<li class=\"md-list-item\">\n<p class=\"md-end-block md-p\"><span class=\"md-plain\">Este necesar\u0103 montarea profesional\u0103<\/span><\/p>\n<\/li>\n<li class=\"md-list-item\">\n<p class=\"md-end-block md-p\"><span class=\"md-plain\">Controale periodice recomandate<\/span><\/p>\n<\/li>\n<li class=\"md-list-item\">\n<p class=\"md-end-block md-p\"><span class=\"md-plain\">Ambalaje sterile<\/span><\/p>\n<\/li>\n<\/ul>\n<h2 class=\"md-end-block md-heading\"><span class=\"md-plain\">Sfaturi de styling profesionale \ud83d\udc85<\/span><\/h2>\n<ul class=\"ul-list\" data-mark=\"*\">\n<li class=\"md-list-item\">\n<p class=\"md-end-block md-p\"><span class=\"md-plain\">Intensifica\u021bi cu fard de ochi cupru<\/span><\/p>\n<\/li>\n<li class=\"md-list-item\">\n<p class=\"md-end-block md-p\"><span class=\"md-plain\">Perfect cu paletele de machiaj de toamn\u0103<\/span><\/p>\n<\/li>\n<li class=\"md-list-item\">\n<p class=\"md-end-block md-p\"><span class=\"md-plain\">Frumos cu iluminatoare aurii<\/span><\/p>\n<\/li>\n<li class=\"md-list-item\">\n<p class=\"md-end-block md-p\"><span class=\"md-plain\">Uimitor at\u00e2t cu tonurile calde, c\u00e2t \u0219i cu cele reci ale pielii<\/span><\/p>\n<\/li>\n<li class=\"md-list-item\">\n<p class=\"md-end-block md-p\"><span class=\"md-plain\">\u00cembun\u0103t\u0103\u021bit de iluminatul exterior natural<\/span><\/p>\n<\/li>\n<li class=\"md-list-item\">\n<p class=\"md-end-block md-p\"><span class=\"md-plain\">Completeaz\u0103 dulapurile neutre \u0219i \u00een tonuri de p\u0103m\u00e2nt<\/span><\/p>\n<\/li>\n<\/ul>\n<p class=\"md-end-block md-p\"><span class=\"md-plain\">Experimenta\u021bi puterea transformatoare a lentilelor de contact colorate Hidrocor Hazel - unde frumuse\u021bea natural\u0103 \u00eent\u00e2lne\u0219te inova\u021bia artistic\u0103. Aceste lentile ofer\u0103 echilibrul perfect de \u00eembun\u0103t\u0103\u021bire \u0219i autenticitate, cre\u00e2nd un aspect care este at\u00e2t izbitor, c\u00e2t \u0219i natural. Fie c\u0103 participa\u021bi la o ocazie special\u0103 sau pur \u0219i simplu dori\u021bi s\u0103 v\u0103 ridica\u021bi aspectul de zi cu zi, aceste lentile ofer\u0103 acea atingere perfect\u0103 de c\u0103ldur\u0103 \u0219i rafinament privirii dumneavoastr\u0103.<\/span><\/p>\n<p class=\"md-end-block md-p\"><span class=\"md-plain\">Las\u0103-\u021bi ochii s\u0103 spun\u0103 o poveste de elegan\u021b\u0103 natural\u0103 cu lentilele de contact colorate Hidrocor Hazel - unde fiecare privire captiveaz\u0103 cu frumuse\u021be autentic\u0103!<\/span><\/p>\n<p class=\"md-end-block md-p\"><span class=\"md-pair-s\"><em><span class=\"md-plain\">Se recomand\u0103 ajustarea profesional\u0103 pentru confort \u0219i rezultate optime.<\/span><\/em><\/span><\/p>\n<p class=\"md-end-block md-p md-focus\"><span class=\"md-plain md-expand\">#HidrocorHazel #ColoredContacts #NaturalBeauty #EyeEnhancement<\/span><\/p>","protected":false},"excerpt":{"rendered":"<p>Hidrocor Hazel Colored Contacts: Autumnal Allure Collection \ud83c\udf42 Design Inspiration &amp; Color Significance \u2728 Inspired by nature&#8217;s most enchanting palette, Hidrocor Hazel colored contacts capture the mesmerizing warmth of autumn sunlight filtering through amber leaves. These lenses feature an intricate multi-layered design that mirrors the complex patterns found in natural hazel eyes \u2013 a stunning [&#8230;]\n","protected":false},"featured_media":2285,"comment_status":"open","ping_status":"closed","template":"","meta":[],"product_brand":[],"product_cat":[84,91,188,158,98],"product_tag":[],"class_list":{"0":"post-2282","1":"product","2":"type-product","3":"status-publish","4":"has-post-thumbnail","6":"product_cat-hazel-contact-lenses","7":"product_cat-14-2-mm","8":"product_cat-dream-contacts","9":"product_cat-enlarge-contacts","10":"product_cat-yearly-disposable","12":"first","13":"instock","14":"sale","15":"shipping-taxable","16":"purchasable","17":"product-type-variable","18":"has-default-attributes"},"_links":{"self":[{"href":"https:\/\/bqeye.com\/ro\/wp-json\/wp\/v2\/product\/2282","targetHints":{"allow":["GET"]}}],"collection":[{"href":"https:\/\/bqeye.com\/ro\/wp-json\/wp\/v2\/product"}],"about":[{"href":"https:\/\/bqeye.com\/ro\/wp-json\/wp\/v2\/types\/product"}],"replies":[{"embeddable":true,"href":"https:\/\/bqeye.com\/ro\/wp-json\/wp\/v2\/comments?post=2282"}],"wp:featuredmedia":[{"embeddable":true,"href":"https:\/\/bqeye.com\/ro\/wp-json\/wp\/v2\/media\/2285"}],"wp:attachment":[{"href":"https:\/\/bqeye.com\/ro\/wp-json\/wp\/v2\/media?parent=2282"}],"wp:term":[{"taxonomy":"product_brand","embeddable":true,"href":"https:\/\/bqeye.com\/ro\/wp-json\/wp\/v2\/product_brand?post=2282"},{"taxonomy":"product_cat","embeddable":true,"href":"https:\/\/bqeye.com\/ro\/wp-json\/wp\/v2\/product_cat?post=2282"},{"taxonomy":"product_tag","embeddable":true,"href":"https:\/\/bqeye.com\/ro\/wp-json\/wp\/v2\/product_tag?post=2282"}],"curies":[{"name":"wp","href":"https:\/\/api.w.org\/{rel}","templated":true}]}}