{"id":2307,"date":"2025-02-08T15:24:19","date_gmt":"2025-02-08T07:24:19","guid":{"rendered":"https:\/\/bqeye.com\/?post_type=product&#038;p=2307"},"modified":"2025-02-08T15:38:02","modified_gmt":"2025-02-08T07:38:02","slug":"punk-red-colored-contacts","status":"publish","type":"product","link":"https:\/\/bqeye.com\/ro\/punk-red-colored-contacts\/","title":{"rendered":"Punk contacte colorate ro\u0219ii"},"content":{"rendered":"<h1 class=\"md-end-block md-heading\"><span class=\"md-plain md-expand\">Lentile de contact Punk colorate \u00een ro\u0219u: Aprinde-\u021bi rebeliunea! \ud83d\udd25\u2728<\/span><\/h1>\n<p class=\"md-end-block md-p\"><span class=\"md-pair-s\"><em><span class=\"md-plain\">Transform\u0103-\u021bi privirea cu aceste lentile ro\u0219u aprins care strig\u0103 sfidare punk pur\u0103 \u0219i intensitate brut\u0103!<\/span><\/em><\/span><\/p>\n<h2 class=\"md-end-block md-heading\"><span class=\"md-plain\">\ud83d\udd34 Intensitatea designului \u0219i puterea culorii<\/span><\/h2>\n<p class=\"md-end-block md-p\"><span class=\"md-plain\">Aceste lentile au un miez ro\u0219u s\u00e2ngeriu izbitor care se transform\u0103 \u00een margini purpurii profunde, cre\u00e2nd un aspect intens care necesit\u0103 aten\u021bie. Designul revolu\u021bionar multistrat produce o profunzime hipnotizant\u0103 care trece de la stacojiu feroce la rubin profund, captur\u00e2nd energia agresiv\u0103 a culturii punk.<\/span><\/p>\n<p class=\"md-end-block md-p\"><span class=\"md-plain\">La lumin\u0103 normal\u0103, radiaz\u0103 un ro\u0219u \u00eendr\u0103zne\u021b, provocator, care impune respect. Intra\u021bi pe scena underground \u0219i privi\u021bi-i cum se transform\u0103 sub luminile UV - se aprind ca ni\u0219te c\u0103rbuni aprin\u0219i, perfec\u021bi pentru a domina mosh pit-ul sau pentru a st\u0103p\u00e2ni scena.<\/span><\/p>\n<h2 class=\"md-end-block md-heading\"><span class=\"md-plain\">\ud83c\udf1f M\u0103rturii ale scenei<\/span><\/h2>\n<p class=\"md-end-block md-p\"><span class=\"md-pair-s\"><strong><span class=\"md-plain\">@PunkRiot_King<\/span><\/strong><\/span><span class=\"md-plain\"> (198K urm\u0103ritori)<\/span> <span class=\"md-plain\"> \"Aceste contacte sunt INCENDIARE! Perfect pentru ultima noastr\u0103 filmare videoclip. Ro\u0219ul arde absolut pe camer\u0103! \ud83d\udd25\"<\/span><\/p>\n<p class=\"md-end-block md-p\"><span class=\"md-pair-s\"><strong><span class=\"md-plain\">@UndergroundQueen<\/span><\/strong><\/span><span class=\"md-plain\"> (167K urm\u0103ritori)<\/span> <span class=\"md-plain\"> \"\u00cen cele din urm\u0103 am g\u0103sit contacte care se potrivesc stilului meu agresiv. Acestea dureaz\u0103 toat\u0103 noaptea \u0219i arat\u0103 s\u0103lbatic! \u2764\ufe0f\u200d\ud83d\udd25\"<\/span><\/p>\n<h2 class=\"md-end-block md-heading\"><span class=\"md-plain\">\ud83d\udcab Caracteristici<\/span><\/h2>\n<ul class=\"ul-list\" data-mark=\"-\">\n<li class=\"md-list-item\">\n<p class=\"md-end-block md-p\"><span class=\"md-plain\">Intensitatea miezului ro\u0219u s\u00e2nge<\/span><\/p>\n<\/li>\n<li class=\"md-list-item\">\n<p class=\"md-end-block md-p\"><span class=\"md-plain\">Amestec de margini ro\u0219u \u00eenchis<\/span><\/p>\n<\/li>\n<li class=\"md-list-item\">\n<p class=\"md-end-block md-p\"><span class=\"md-plain\">Efect de str\u0103lucire UV-reactiv<\/span><\/p>\n<\/li>\n<li class=\"md-list-item\">\n<p class=\"md-end-block md-p\"><span class=\"md-plain\">Detalii de \u00eenalt\u0103 defini\u021bie<\/span><\/p>\n<\/li>\n<li class=\"md-list-item\">\n<p class=\"md-end-block md-p\"><span class=\"md-plain\">Adaptarea la lumina natural\u0103<\/span><\/p>\n<\/li>\n<li class=\"md-list-item\">\n<p class=\"md-end-block md-p\"><span class=\"md-plain\">Performan\u021b\u0103 preg\u0103tit\u0103 pentru scen\u0103<\/span><\/p>\n<\/li>\n<li class=\"md-list-item\">\n<p class=\"md-end-block md-p\"><span class=\"md-plain\">Lumin\u0103 neagr\u0103 reactiv\u0103<\/span><\/p>\n<\/li>\n<\/ul>\n<h2 class=\"md-end-block md-heading\"><span class=\"md-plain\">\ud83d\udd12 Siguran\u021b\u0103 \u0219i confort<\/span><\/h2>\n<ul class=\"ul-list\" data-mark=\"-\">\n<li class=\"md-list-item\">\n<p class=\"md-end-block md-p\"><span class=\"md-plain\">Aprobat de FDA<\/span><\/p>\n<\/li>\n<li class=\"md-list-item\">\n<p class=\"md-end-block md-p\"><span class=\"md-plain\">Certificat CE<\/span><\/p>\n<\/li>\n<li class=\"md-list-item\">\n<p class=\"md-end-block md-p\"><span class=\"md-plain\">Timp de purtare de 8 ore<\/span><\/p>\n<\/li>\n<li class=\"md-list-item\">\n<p class=\"md-end-block md-p\"><span class=\"md-plain\">Reten\u021bia umidit\u0103\u021bii<\/span><\/p>\n<\/li>\n<li class=\"md-list-item\">\n<p class=\"md-end-block md-p\"><span class=\"md-plain\">Material respirabil<\/span><\/p>\n<\/li>\n<li class=\"md-list-item\">\n<p class=\"md-end-block md-p\"><span class=\"md-plain\">Design hipoalergenic<\/span><\/p>\n<\/li>\n<li class=\"md-list-item\">\n<p class=\"md-end-block md-p\"><span class=\"md-plain\">Grad profesional<\/span><\/p>\n<\/li>\n<\/ul>\n<h2 class=\"md-end-block md-heading\"><span class=\"md-plain\">\u26a1 Perfect pentru<\/span><\/h2>\n<ul class=\"ul-list\" data-mark=\"-\">\n<li class=\"md-list-item\">\n<p class=\"md-end-block md-p\"><span class=\"md-plain\">Spectacole Punk<\/span><\/p>\n<\/li>\n<li class=\"md-list-item\">\n<p class=\"md-end-block md-p\"><span class=\"md-plain\">Aspecte punk de groaz\u0103<\/span><\/p>\n<\/li>\n<li class=\"md-list-item\">\n<p class=\"md-end-block md-p\"><span class=\"md-plain\">Evenimente alternative<\/span><\/p>\n<\/li>\n<li class=\"md-list-item\">\n<p class=\"md-end-block md-p\"><span class=\"md-plain\">Videoclipuri<\/span><\/p>\n<\/li>\n<li class=\"md-list-item\">\n<p class=\"md-end-block md-p\"><span class=\"md-plain\">Spectacole de scen\u0103<\/span><\/p>\n<\/li>\n<li class=\"md-list-item\">\n<p class=\"md-end-block md-p\"><span class=\"md-plain\">\u00cent\u00e2lniri gotice<\/span><\/p>\n<\/li>\n<li class=\"md-list-item\">\n<p class=\"md-end-block md-p\"><span class=\"md-plain\">Cluburi subterane<\/span><\/p>\n<\/li>\n<li class=\"md-list-item\">\n<p class=\"md-end-block md-p\"><span class=\"md-plain\">\u0218edin\u021be foto rebele<\/span><\/p>\n<\/li>\n<\/ul>\n<h2 class=\"md-end-block md-heading\"><span class=\"md-plain\">\ud83c\udfaf Perechi de stil<\/span><\/h2>\n<p class=\"md-end-block md-p\"><span class=\"md-plain\">Uciga\u0219 cu:<\/span><\/p>\n<ul class=\"ul-list\" data-mark=\"-\">\n<li class=\"md-list-item\">\n<p class=\"md-end-block md-p\"><span class=\"md-plain\">Piele neagr\u0103<\/span><\/p>\n<\/li>\n<li class=\"md-list-item\">\n<p class=\"md-end-block md-p\"><span class=\"md-plain\">Accesorii cu v\u00e2rfuri<\/span><\/p>\n<\/li>\n<li class=\"md-list-item\">\n<p class=\"md-end-block md-p\"><span class=\"md-plain\">Cizme de lupt\u0103<\/span><\/p>\n<\/li>\n<li class=\"md-list-item\">\n<p class=\"md-end-block md-p\"><span class=\"md-plain\">Machiaj \u00eenchis la culoare<\/span><\/p>\n<\/li>\n<li class=\"md-list-item\">\n<p class=\"md-end-block md-p\"><span class=\"md-plain\">Plas\u0103 rupt\u0103<\/span><\/p>\n<\/li>\n<li class=\"md-list-item\">\n<p class=\"md-end-block md-p\"><span class=\"md-plain\">Detalii lan\u021b<\/span><\/p>\n<\/li>\n<li class=\"md-list-item\">\n<p class=\"md-end-block md-p\"><span class=\"md-plain\">P\u0103r dramatic<\/span><\/p>\n<\/li>\n<li class=\"md-list-item\">\n<p class=\"md-end-block md-p\"><span class=\"md-plain\">Piercinguri faciale<\/span><\/p>\n<\/li>\n<\/ul>\n<h2 class=\"md-end-block md-heading\"><span class=\"md-plain\">\ud83c\udf08 Gata de furie<\/span><\/h2>\n<p class=\"md-end-block md-p\"><span class=\"md-plain\">Transform\u0103-\u021bi look-ul cu aceste frumuse\u021bi ro\u0219ii ca s\u00e2ngele. Fie c\u0103 lua\u021bi cu asalt scena sau conduce\u021bi scena underground, aceste lentile v\u0103 vor aprinde rebeliunea! \ud83e\udd18<\/span><\/p>\n<p class=\"md-end-block md-p\"><span class=\"md-pair-s\"><em><span class=\"md-plain\">Not\u0103: Consulta\u021bi \u00eentotdeauna un specialist \u00een \u00eengrijirea ochilor \u00eenainte de prima utilizare.<\/span><\/em><\/span><\/p>\n<p class=\"md-end-block md-p md-focus\">#<span class=\"md-plain md-expand\">PunkStyle #RedContacte #AlternativeFashion #RebelStyle #PunkLife<\/span><\/p>","protected":false},"excerpt":{"rendered":"<p>Punk Red Colored Contacts: Ignite Your Rebellion! \ud83d\udd25\u2728 Transform your gaze with these blazing red lenses that scream pure punk defiance and raw intensity! \ud83d\udd34 Design Intensity &amp; Color Power These lenses feature a striking blood-red core that bleeds into deep crimson edges, creating an intense look that demands attention. The revolutionary multi-layer design produces [&#8230;]\n","protected":false},"featured_media":2310,"comment_status":"open","ping_status":"closed","template":"","meta":[],"product_brand":[],"product_cat":[381,92,78,98],"product_tag":[],"class_list":{"0":"post-2307","1":"product","2":"type-product","3":"status-publish","4":"has-post-thumbnail","6":"product_cat-punk-series-colored-contacts","7":"product_cat-14-5-mm","8":"product_cat-red-contact-lenses","9":"product_cat-yearly-disposable","11":"first","12":"instock","13":"sale","14":"shipping-taxable","15":"purchasable","16":"product-type-variable","17":"has-default-attributes"},"_links":{"self":[{"href":"https:\/\/bqeye.com\/ro\/wp-json\/wp\/v2\/product\/2307","targetHints":{"allow":["GET"]}}],"collection":[{"href":"https:\/\/bqeye.com\/ro\/wp-json\/wp\/v2\/product"}],"about":[{"href":"https:\/\/bqeye.com\/ro\/wp-json\/wp\/v2\/types\/product"}],"replies":[{"embeddable":true,"href":"https:\/\/bqeye.com\/ro\/wp-json\/wp\/v2\/comments?post=2307"}],"wp:featuredmedia":[{"embeddable":true,"href":"https:\/\/bqeye.com\/ro\/wp-json\/wp\/v2\/media\/2310"}],"wp:attachment":[{"href":"https:\/\/bqeye.com\/ro\/wp-json\/wp\/v2\/media?parent=2307"}],"wp:term":[{"taxonomy":"product_brand","embeddable":true,"href":"https:\/\/bqeye.com\/ro\/wp-json\/wp\/v2\/product_brand?post=2307"},{"taxonomy":"product_cat","embeddable":true,"href":"https:\/\/bqeye.com\/ro\/wp-json\/wp\/v2\/product_cat?post=2307"},{"taxonomy":"product_tag","embeddable":true,"href":"https:\/\/bqeye.com\/ro\/wp-json\/wp\/v2\/product_tag?post=2307"}],"curies":[{"name":"wp","href":"https:\/\/api.w.org\/{rel}","templated":true}]}}